{"id":2752,"date":"2024-03-28T18:53:11","date_gmt":"2024-03-28T18:53:11","guid":{"rendered":"https:\/\/www.tpa-group.hu\/disclaimer\/"},"modified":"2024-09-23T08:26:08","modified_gmt":"2024-09-23T08:26:08","slug":"disclaimer","status":"publish","type":"page","link":"https:\/\/www.tpa-group.hu\/de\/disclaimer\/","title":{"rendered":"Disclaimer"},"content":{"rendered":"\t\t<div data-elementor-type=\"wp-page\" data-elementor-id=\"2752\" class=\"elementor elementor-2752 elementor-1310\" data-elementor-post-type=\"page\">\n\t\t\t\t\t\t<section class=\"elementor-section elementor-top-section elementor-element elementor-element-1dc572b hero-banner elementor-section-boxed elementor-section-height-default elementor-section-height-default\" data-id=\"1dc572b\" data-element_type=\"section\">\n\t\t\t\t\t\t<div class=\"elementor-container elementor-column-gap-default\">\n\t\t\t\t\t<div class=\"elementor-column elementor-col-50 elementor-top-column elementor-element elementor-element-b62577f\" data-id=\"b62577f\" data-element_type=\"column\">\n\t\t\t<div class=\"elementor-widget-wrap elementor-element-populated\">\n\t\t\t\t\t\t<section class=\"elementor-section elementor-inner-section elementor-element elementor-element-a056b21 hero-banner-breadcrumbs-container elementor-section-boxed elementor-section-height-default elementor-section-height-default\" data-id=\"a056b21\" data-element_type=\"section\">\n\t\t\t\t\t\t<div class=\"elementor-container elementor-column-gap-default\">\n\t\t\t\t\t<div class=\"elementor-column elementor-col-100 elementor-inner-column elementor-element elementor-element-6178eae\" data-id=\"6178eae\" data-element_type=\"column\">\n\t\t\t<div class=\"elementor-widget-wrap elementor-element-populated\">\n\t\t\t\t\t\t<div class=\"elementor-element elementor-element-00a3732 elementor-widget elementor-widget-heading\" data-id=\"00a3732\" data-element_type=\"widget\" data-widget_type=\"heading.default\">\n\t\t\t\t<div class=\"elementor-widget-container\">\n\t\t\t\t\t<p class=\"elementor-heading-title elementor-size-default\"><a href=\"\/\">Home |&nbsp;<\/a><\/p>\t\t\t\t<\/div>\n\t\t\t\t<\/div>\n\t\t\t\t<div class=\"elementor-element elementor-element-c028425 elementor-widget elementor-widget-heading\" data-id=\"c028425\" data-element_type=\"widget\" data-widget_type=\"heading.default\">\n\t\t\t\t<div class=\"elementor-widget-container\">\n\t\t\t\t\t<p class=\"elementor-heading-title elementor-size-default\">Disclaimer<\/p>\t\t\t\t<\/div>\n\t\t\t\t<\/div>\n\t\t\t\t\t<\/div>\n\t\t<\/div>\n\t\t\t\t\t<\/div>\n\t\t<\/section>\n\t\t\t\t<div class=\"elementor-element elementor-element-930ed6a elementor-widget elementor-widget-heading\" data-id=\"930ed6a\" data-element_type=\"widget\" data-widget_type=\"heading.default\">\n\t\t\t\t<div class=\"elementor-widget-container\">\n\t\t\t\t\t<h1 class=\"elementor-heading-title elementor-size-default\">Disclaimer<\/h1>\t\t\t\t<\/div>\n\t\t\t\t<\/div>\n\t\t\t\t\t<\/div>\n\t\t<\/div>\n\t\t\t\t<div class=\"elementor-column elementor-col-50 elementor-top-column elementor-element elementor-element-750690b\" data-id=\"750690b\" data-element_type=\"column\">\n\t\t\t<div class=\"elementor-widget-wrap\">\n\t\t\t\t\t\t\t<\/div>\n\t\t<\/div>\n\t\t\t\t\t<\/div>\n\t\t<\/section>\n\t\t<div class=\"elementor-element elementor-element-ceb1620 page-content-container e-flex e-con-boxed e-con e-parent\" data-id=\"ceb1620\" data-element_type=\"container\">\n\t\t\t\t\t<div class=\"e-con-inner\">\n\t\t\t\t<div class=\"elementor-element elementor-element-85e9de9 elementor-widget elementor-widget-heading\" data-id=\"85e9de9\" data-element_type=\"widget\" data-widget_type=\"heading.default\">\n\t\t\t\t<div class=\"elementor-widget-container\">\n\t\t\t\t\t<h3 class=\"elementor-heading-title elementor-size-default\">Website<\/h3>\t\t\t\t<\/div>\n\t\t\t\t<\/div>\n\t\t\t\t<div class=\"elementor-element elementor-element-48fdcf0 elementor-widget elementor-widget-text-editor\" data-id=\"48fdcf0\" data-element_type=\"widget\" data-widget_type=\"text-editor.default\">\n\t\t\t\t<div class=\"elementor-widget-container\">\n\t\t\t\t\t\t\t\t\t<div class=\"entry-content clearfix\">\n<p class=\"flowtextblack\">Die Informationen, Standpunkte und Rechtsauffassungen auf dieser Website dienen lediglich der allgemeinen Information. Die Anwendung und Wirkung des Rechts kann je nach dem zu betrachtenden Sachverhalt sehr unterschiedlich sein. In Anbetracht der sich st\u00e4ndig \u00e4ndernden amtlichen Stellungnahmen, F\u00e4lle und Vorschriften sowie der Risiken der elektronischen Kommunikation kann es auf dieser Website zu Verz\u00f6gerungen, Auslassungen und Ungenauigkeiten kommen. Die auf dieser Website enthaltenen Informationen k\u00f6nnen und sollten daher niemals als Ersatz f\u00fcr eine Beratung durch einen professionellen Berater verstanden werden. Bevor Sie eine Entscheidung treffen, sollten Sie einen TPA-Berater konsultieren.    <\/p>\n<p class=\"flowtextblack\">Obwohl alle Anstrengungen unternommen werden, um sicherzustellen, dass die Informationen auf dieser Website aus zuverl\u00e4ssigen Quellen stammen, haften weder TPA noch die Autoren f\u00fcr etwaige Fehler, Auslassungen oder Ergebnisse, die sich aus der Verwendung der Informationen auf dieser Website ergeben. Alle Informationen auf dieser Website werden ohne jegliche Zusicherung oder Gew\u00e4hrleistung hinsichtlich ihrer Vollst\u00e4ndigkeit, Genauigkeit, Aktualit\u00e4t oder Eignung f\u00fcr einen bestimmten Zweck zur Verf\u00fcgung gestellt. <\/p>\n<p class=\"flowtextblack\">Die Texte, Bilder, Grafiken, Videos und sonstigen Materialien auf dieser Website sind durch das Urheberrecht und andere geistige Eigentumsrechte gesch\u00fctzt: Kein Teil dieser Materialien darf ohne ausdr\u00fcckliche, schriftliche Genehmigung von TPA an Dritte weitergegeben, vervielf\u00e4ltigt oder anderweitig verarbeitet werden.<\/p>\n<p class=\"flowtextblack\">TPA \u00fcbernimmt keine Gew\u00e4hr daf\u00fcr, dass die Dienstleistungen ununterbrochen oder wie geplant funktionieren.<\/p>\n<p class=\"flowtextblack\">TPA ist berechtigt, jederzeit und ohne Vorank\u00fcndigung einzelne Dienste oder die Gesamtheit der \u00fcber diese Website erbrachten Leistungen dauerhaft auszusetzen oder einzustellen.<\/p>\n<\/div>\t\t\t\t\t\t\t\t<\/div>\n\t\t\t\t<\/div>\n\t\t\t\t\t<\/div>\n\t\t\t\t<\/div>\n\t\t<div class=\"elementor-element elementor-element-5f2a657 e-flex e-con-boxed e-con e-parent\" data-id=\"5f2a657\" data-element_type=\"container\">\n\t\t\t\t\t<div class=\"e-con-inner\">\n\t\t\t\t<div class=\"elementor-element elementor-element-b4ff769 elementor-widget elementor-widget-spacer\" data-id=\"b4ff769\" data-element_type=\"widget\" data-widget_type=\"spacer.default\">\n\t\t\t\t<div class=\"elementor-widget-container\">\n\t\t\t\t\t\t\t<div class=\"elementor-spacer\">\n\t\t\t<div class=\"elementor-spacer-inner\"><\/div>\n\t\t<\/div>\n\t\t\t\t\t\t<\/div>\n\t\t\t\t<\/div>\n\t\t\t\t\t<\/div>\n\t\t\t\t<\/div>\n\t\t\t\t<\/div>\n\t\t","protected":false},"excerpt":{"rendered":"<p>Home |&nbsp; Disclaimer Disclaimer Website Die Informationen, Standpunkte und Rechtsauffassungen auf dieser Website dienen lediglich der allgemeinen Information. Die Anwendung und Wirkung des Rechts kann je nach dem zu betrachtenden Sachverhalt sehr unterschiedlich sein. In Anbetracht der sich st\u00e4ndig \u00e4ndernden amtlichen Stellungnahmen, F\u00e4lle und Vorschriften sowie der Risiken der elektronischen Kommunikation kann es auf dieser [&hellip;]<\/p>\n","protected":false},"author":21,"featured_media":0,"parent":0,"menu_order":0,"comment_status":"closed","ping_status":"closed","template":"elementor_header_footer","meta":{"_acf_changed":false,"footnotes":""},"class_list":["post-2752","page","type-page","status-publish","hentry"],"acf":[],"yoast_head":"<!-- This site is optimized with the Yoast SEO plugin v26.0 - https:\/\/yoast.com\/wordpress\/plugins\/seo\/ -->\n<title>Disclaimer - www.tpa-group.hu<\/title>\n<meta name=\"robots\" content=\"index, follow, max-snippet:-1, max-image-preview:large, max-video-preview:-1\" \/>\n<link rel=\"canonical\" href=\"https:\/\/www.tpa-group.hu\/de\/disclaimer\/\" \/>\n<meta property=\"og:locale\" content=\"de_DE\" \/>\n<meta property=\"og:type\" content=\"article\" \/>\n<meta property=\"og:title\" content=\"Disclaimer - www.tpa-group.hu\" \/>\n<meta property=\"og:description\" content=\"Home |&nbsp; Disclaimer Disclaimer Website Die Informationen, Standpunkte und Rechtsauffassungen auf dieser Website dienen lediglich der allgemeinen Information. Die Anwendung und Wirkung des Rechts kann je nach dem zu betrachtenden Sachverhalt sehr unterschiedlich sein. In Anbetracht der sich st\u00e4ndig \u00e4ndernden amtlichen Stellungnahmen, F\u00e4lle und Vorschriften sowie der Risiken der elektronischen Kommunikation kann es auf dieser [&hellip;]\" \/>\n<meta property=\"og:url\" content=\"https:\/\/www.tpa-group.hu\/de\/disclaimer\/\" \/>\n<meta property=\"og:site_name\" content=\"www.tpa-group.hu\" \/>\n<meta property=\"article:modified_time\" content=\"2024-09-23T08:26:08+00:00\" \/>\n<meta property=\"og:image\" content=\"https:\/\/www.tpa-group.hu\/app\/uploads\/sites\/6\/2024\/10\/TPA-Logo.jpg\" \/>\n\t<meta property=\"og:image:width\" content=\"256\" \/>\n\t<meta property=\"og:image:height\" content=\"172\" \/>\n\t<meta property=\"og:image:type\" content=\"image\/jpeg\" \/>\n<meta name=\"twitter:card\" content=\"summary_large_image\" \/>\n<meta name=\"twitter:label1\" content=\"Est. reading time\" \/>\n\t<meta name=\"twitter:data1\" content=\"2 Minuten\" \/>\n<script type=\"application\/ld+json\" class=\"yoast-schema-graph\">{\"@context\":\"https:\/\/schema.org\",\"@graph\":[{\"@type\":\"WebPage\",\"@id\":\"https:\/\/www.tpa-group.hu\/de\/disclaimer\/\",\"url\":\"https:\/\/www.tpa-group.hu\/de\/disclaimer\/\",\"name\":\"Disclaimer - www.tpa-group.hu\",\"isPartOf\":{\"@id\":\"https:\/\/www.tpa-group.hu\/de\/#website\"},\"datePublished\":\"2024-03-28T18:53:11+00:00\",\"dateModified\":\"2024-09-23T08:26:08+00:00\",\"breadcrumb\":{\"@id\":\"https:\/\/www.tpa-group.hu\/de\/disclaimer\/#breadcrumb\"},\"inLanguage\":\"de-DE\",\"potentialAction\":[{\"@type\":\"ReadAction\",\"target\":[\"https:\/\/www.tpa-group.hu\/de\/disclaimer\/\"]}]},{\"@type\":\"BreadcrumbList\",\"@id\":\"https:\/\/www.tpa-group.hu\/de\/disclaimer\/#breadcrumb\",\"itemListElement\":[{\"@type\":\"ListItem\",\"position\":1,\"name\":\"Home\",\"item\":\"https:\/\/www.tpa-group.hu\/de\/\"},{\"@type\":\"ListItem\",\"position\":2,\"name\":\"Disclaimer\"}]},{\"@type\":\"WebSite\",\"@id\":\"https:\/\/www.tpa-group.hu\/de\/#website\",\"url\":\"https:\/\/www.tpa-group.hu\/de\/\",\"name\":\"www.tpa-group.hu\",\"description\":\"\",\"publisher\":{\"@id\":\"https:\/\/www.tpa-group.hu\/de\/#organization\"},\"potentialAction\":[{\"@type\":\"SearchAction\",\"target\":{\"@type\":\"EntryPoint\",\"urlTemplate\":\"https:\/\/www.tpa-group.hu\/de\/?s={search_term_string}\"},\"query-input\":{\"@type\":\"PropertyValueSpecification\",\"valueRequired\":true,\"valueName\":\"search_term_string\"}}],\"inLanguage\":\"de-DE\"},{\"@type\":\"Organization\",\"@id\":\"https:\/\/www.tpa-group.hu\/de\/#organization\",\"name\":\"www.tpa-group.hu\",\"url\":\"https:\/\/www.tpa-group.hu\/de\/\",\"logo\":{\"@type\":\"ImageObject\",\"inLanguage\":\"de-DE\",\"@id\":\"https:\/\/www.tpa-group.hu\/de\/#\/schema\/logo\/image\/\",\"url\":\"https:\/\/www.tpa-group.hu\/app\/uploads\/sites\/6\/2024\/10\/tpa-logo-favicon.svg\",\"contentUrl\":\"https:\/\/www.tpa-group.hu\/app\/uploads\/sites\/6\/2024\/10\/tpa-logo-favicon.svg\",\"width\":110,\"height\":93,\"caption\":\"www.tpa-group.hu\"},\"image\":{\"@id\":\"https:\/\/www.tpa-group.hu\/de\/#\/schema\/logo\/image\/\"}}]}<\/script>\n<!-- \/ Yoast SEO plugin. -->","yoast_head_json":{"title":"Disclaimer - www.tpa-group.hu","robots":{"index":"index","follow":"follow","max-snippet":"max-snippet:-1","max-image-preview":"max-image-preview:large","max-video-preview":"max-video-preview:-1"},"canonical":"https:\/\/www.tpa-group.hu\/de\/disclaimer\/","og_locale":"de_DE","og_type":"article","og_title":"Disclaimer - www.tpa-group.hu","og_description":"Home |&nbsp; Disclaimer Disclaimer Website Die Informationen, Standpunkte und Rechtsauffassungen auf dieser Website dienen lediglich der allgemeinen Information. Die Anwendung und Wirkung des Rechts kann je nach dem zu betrachtenden Sachverhalt sehr unterschiedlich sein. In Anbetracht der sich st\u00e4ndig \u00e4ndernden amtlichen Stellungnahmen, F\u00e4lle und Vorschriften sowie der Risiken der elektronischen Kommunikation kann es auf dieser [&hellip;]","og_url":"https:\/\/www.tpa-group.hu\/de\/disclaimer\/","og_site_name":"www.tpa-group.hu","article_modified_time":"2024-09-23T08:26:08+00:00","og_image":[{"width":256,"height":172,"url":"https:\/\/www.tpa-group.hu\/app\/uploads\/sites\/6\/2024\/10\/TPA-Logo.jpg","type":"image\/jpeg"}],"twitter_card":"summary_large_image","twitter_misc":{"Est. reading time":"2 Minuten"},"schema":{"@context":"https:\/\/schema.org","@graph":[{"@type":"WebPage","@id":"https:\/\/www.tpa-group.hu\/de\/disclaimer\/","url":"https:\/\/www.tpa-group.hu\/de\/disclaimer\/","name":"Disclaimer - www.tpa-group.hu","isPartOf":{"@id":"https:\/\/www.tpa-group.hu\/de\/#website"},"datePublished":"2024-03-28T18:53:11+00:00","dateModified":"2024-09-23T08:26:08+00:00","breadcrumb":{"@id":"https:\/\/www.tpa-group.hu\/de\/disclaimer\/#breadcrumb"},"inLanguage":"de-DE","potentialAction":[{"@type":"ReadAction","target":["https:\/\/www.tpa-group.hu\/de\/disclaimer\/"]}]},{"@type":"BreadcrumbList","@id":"https:\/\/www.tpa-group.hu\/de\/disclaimer\/#breadcrumb","itemListElement":[{"@type":"ListItem","position":1,"name":"Home","item":"https:\/\/www.tpa-group.hu\/de\/"},{"@type":"ListItem","position":2,"name":"Disclaimer"}]},{"@type":"WebSite","@id":"https:\/\/www.tpa-group.hu\/de\/#website","url":"https:\/\/www.tpa-group.hu\/de\/","name":"www.tpa-group.hu","description":"","publisher":{"@id":"https:\/\/www.tpa-group.hu\/de\/#organization"},"potentialAction":[{"@type":"SearchAction","target":{"@type":"EntryPoint","urlTemplate":"https:\/\/www.tpa-group.hu\/de\/?s={search_term_string}"},"query-input":{"@type":"PropertyValueSpecification","valueRequired":true,"valueName":"search_term_string"}}],"inLanguage":"de-DE"},{"@type":"Organization","@id":"https:\/\/www.tpa-group.hu\/de\/#organization","name":"www.tpa-group.hu","url":"https:\/\/www.tpa-group.hu\/de\/","logo":{"@type":"ImageObject","inLanguage":"de-DE","@id":"https:\/\/www.tpa-group.hu\/de\/#\/schema\/logo\/image\/","url":"https:\/\/www.tpa-group.hu\/app\/uploads\/sites\/6\/2024\/10\/tpa-logo-favicon.svg","contentUrl":"https:\/\/www.tpa-group.hu\/app\/uploads\/sites\/6\/2024\/10\/tpa-logo-favicon.svg","width":110,"height":93,"caption":"www.tpa-group.hu"},"image":{"@id":"https:\/\/www.tpa-group.hu\/de\/#\/schema\/logo\/image\/"}}]}},"_links":{"self":[{"href":"https:\/\/www.tpa-group.hu\/de\/wp-json\/wp\/v2\/pages\/2752","targetHints":{"allow":["GET"]}}],"collection":[{"href":"https:\/\/www.tpa-group.hu\/de\/wp-json\/wp\/v2\/pages"}],"about":[{"href":"https:\/\/www.tpa-group.hu\/de\/wp-json\/wp\/v2\/types\/page"}],"author":[{"embeddable":true,"href":"https:\/\/www.tpa-group.hu\/de\/wp-json\/wp\/v2\/users\/21"}],"replies":[{"embeddable":true,"href":"https:\/\/www.tpa-group.hu\/de\/wp-json\/wp\/v2\/comments?post=2752"}],"version-history":[{"count":5,"href":"https:\/\/www.tpa-group.hu\/de\/wp-json\/wp\/v2\/pages\/2752\/revisions"}],"predecessor-version":[{"id":3405,"href":"https:\/\/www.tpa-group.hu\/de\/wp-json\/wp\/v2\/pages\/2752\/revisions\/3405"}],"wp:attachment":[{"href":"https:\/\/www.tpa-group.hu\/de\/wp-json\/wp\/v2\/media?parent=2752"}],"curies":[{"name":"wp","href":"https:\/\/api.w.org\/{rel}","templated":true}]}}