{"id":2754,"date":"2024-07-08T12:53:29","date_gmt":"2024-07-08T12:53:29","guid":{"rendered":"https:\/\/www.tpa-group.hu\/german-and-english-desks-in-cee-see\/"},"modified":"2024-09-19T12:08:27","modified_gmt":"2024-09-19T12:08:27","slug":"german-and-english-desks-in-cee-see","status":"publish","type":"page","link":"https:\/\/www.tpa-group.hu\/de\/german-and-english-desks-in-cee-see\/","title":{"rendered":"German and English Desks in CEE\/SEE"},"content":{"rendered":"\t\t<div data-elementor-type=\"wp-page\" data-elementor-id=\"2754\" class=\"elementor elementor-2754 elementor-2183\" data-elementor-post-type=\"page\">\n\t\t\t\t\t\t<section class=\"elementor-section elementor-top-section elementor-element elementor-element-64a4d807 hero-banner elementor-section-boxed elementor-section-height-default elementor-section-height-default\" data-id=\"64a4d807\" data-element_type=\"section\" data-settings=\"{&quot;background_background&quot;:&quot;classic&quot;}\">\n\t\t\t\t\t\t\t<div class=\"elementor-background-overlay\"><\/div>\n\t\t\t\t\t\t\t<div class=\"elementor-container elementor-column-gap-default\">\n\t\t\t\t\t<div class=\"elementor-column elementor-col-50 elementor-top-column elementor-element elementor-element-18711776\" data-id=\"18711776\" data-element_type=\"column\">\n\t\t\t<div class=\"elementor-widget-wrap elementor-element-populated\">\n\t\t\t\t\t\t<section class=\"elementor-section elementor-inner-section elementor-element elementor-element-52eeaa2f hero-banner-breadcrumbs-container elementor-section-boxed elementor-section-height-default elementor-section-height-default\" data-id=\"52eeaa2f\" data-element_type=\"section\">\n\t\t\t\t\t\t<div class=\"elementor-container elementor-column-gap-default\">\n\t\t\t\t\t<div class=\"elementor-column elementor-col-100 elementor-inner-column elementor-element elementor-element-4165c8b2\" data-id=\"4165c8b2\" data-element_type=\"column\">\n\t\t\t<div class=\"elementor-widget-wrap elementor-element-populated\">\n\t\t\t\t\t\t<div class=\"elementor-element elementor-element-4df3461c elementor-widget elementor-widget-heading\" data-id=\"4df3461c\" data-element_type=\"widget\" data-widget_type=\"heading.default\">\n\t\t\t\t<div class=\"elementor-widget-container\">\n\t\t\t\t\t<p class=\"elementor-heading-title elementor-size-default\"><a href=\"\/\">Home |&nbsp;<\/a><\/p>\t\t\t\t<\/div>\n\t\t\t\t<\/div>\n\t\t\t\t<div class=\"elementor-element elementor-element-1326a35f elementor-widget elementor-widget-heading\" data-id=\"1326a35f\" data-element_type=\"widget\" data-widget_type=\"heading.default\">\n\t\t\t\t<div class=\"elementor-widget-container\">\n\t\t\t\t\t<p class=\"elementor-heading-title elementor-size-default\">German and English Desks in CEE\/SEE<\/p>\t\t\t\t<\/div>\n\t\t\t\t<\/div>\n\t\t\t\t\t<\/div>\n\t\t<\/div>\n\t\t\t\t\t<\/div>\n\t\t<\/section>\n\t\t\t\t<div class=\"elementor-element elementor-element-657a0623 elementor-widget elementor-widget-heading\" data-id=\"657a0623\" data-element_type=\"widget\" data-widget_type=\"heading.default\">\n\t\t\t\t<div class=\"elementor-widget-container\">\n\t\t\t\t\t<h1 class=\"elementor-heading-title elementor-size-default\">German and English Desks in CEE\/SEE<\/h1>\t\t\t\t<\/div>\n\t\t\t\t<\/div>\n\t\t\t\t<div class=\"elementor-element elementor-element-668c79f0 elementor-widget elementor-widget-text-editor\" data-id=\"668c79f0\" data-element_type=\"widget\" data-widget_type=\"text-editor.default\">\n\t\t\t\t<div class=\"elementor-widget-container\">\n\t\t\t\t\t\t\t\t\t<p>Erfolgreiche Steuerberatung sehen wir als klassisches Face to Face Business. Die pers\u00f6nliche Kommunikation zwischen Ihnen und der\/dem jeweiligen Berater:in ist aus au\u00dferordentlich wichtig f\u00fcr den Beratungserfolg. <\/p>\n\t\t\t\t\t\t\t\t<\/div>\n\t\t\t\t<\/div>\n\t\t\t\t\t<\/div>\n\t\t<\/div>\n\t\t\t\t<div class=\"elementor-column elementor-col-50 elementor-top-column elementor-element elementor-element-5fb7725\" data-id=\"5fb7725\" data-element_type=\"column\">\n\t\t\t<div class=\"elementor-widget-wrap\">\n\t\t\t\t\t\t\t<\/div>\n\t\t<\/div>\n\t\t\t\t\t<\/div>\n\t\t<\/section>\n\t\t<div class=\"elementor-element elementor-element-652ce886 page-content-container e-flex e-con-boxed e-con e-parent\" data-id=\"652ce886\" data-element_type=\"container\" data-settings=\"{&quot;background_background&quot;:&quot;classic&quot;}\">\n\t\t\t\t\t<div class=\"e-con-inner\">\n\t\t\t\t<div class=\"elementor-element elementor-element-365c52cc elementor-widget elementor-widget-heading\" data-id=\"365c52cc\" data-element_type=\"widget\" data-widget_type=\"heading.default\">\n\t\t\t\t<div class=\"elementor-widget-container\">\n\t\t\t\t\t<h1 class=\"elementor-heading-title elementor-size-default\">\u201cGerman  English Desk\u201d in jedem B\u00fcro in Mittel- und S\u00fcdosteuropa<\/h1>\t\t\t\t<\/div>\n\t\t\t\t<\/div>\n\t\t\t\t<div class=\"elementor-element elementor-element-6bd1f345 elementor-widget elementor-widget-text-editor\" data-id=\"6bd1f345\" data-element_type=\"widget\" data-widget_type=\"text-editor.default\">\n\t\t\t\t<div class=\"elementor-widget-container\">\n\t\t\t\t\t\t\t\t\t<p>So k\u00f6nnen Partner und Mitarbeiter an jedem Standort in Mittel- und Osteuropa Sie nicht nur in der jeweiligen Landessprache, sondern zus\u00e4tzlich auch in Deutsch und\/oder Englisch beraten. So k\u00f6nnen wir ausschlie\u00dfen, dass es im jeweiligen Fachgebiet zu Verst\u00e4ndnisschwierigkeiten und Fehlerquellen kommt. <\/p>\n\t\t\t\t\t\t\t\t<\/div>\n\t\t\t\t<\/div>\n\t\t\t\t<div class=\"elementor-element elementor-element-0949661 elementor-widget elementor-widget-spacer\" data-id=\"0949661\" data-element_type=\"widget\" data-widget_type=\"spacer.default\">\n\t\t\t\t<div class=\"elementor-widget-container\">\n\t\t\t\t\t\t\t<div class=\"elementor-spacer\">\n\t\t\t<div class=\"elementor-spacer-inner\"><\/div>\n\t\t<\/div>\n\t\t\t\t\t\t<\/div>\n\t\t\t\t<\/div>\n\t\t\t\t<div class=\"elementor-element elementor-element-6ceb9a6 elementor-widget elementor-widget-heading\" data-id=\"6ceb9a6\" data-element_type=\"widget\" data-widget_type=\"heading.default\">\n\t\t\t\t<div class=\"elementor-widget-container\">\n\t\t\t\t\t<h2 class=\"elementor-heading-title elementor-size-default\">Profitieren Sie von unserer Kompetenz in CEE\/SEE:<\/h2>\t\t\t\t<\/div>\n\t\t\t\t<\/div>\n\t\t<div class=\"elementor-element elementor-element-2cfe3de e-flex e-con-boxed e-con e-child\" data-id=\"2cfe3de\" data-element_type=\"container\">\n\t\t\t\t\t<div class=\"e-con-inner\">\n\t\t\t\t<div class=\"elementor-element elementor-element-76bc353e elementor-widget elementor-widget-text-editor\" data-id=\"76bc353e\" data-element_type=\"widget\" data-widget_type=\"text-editor.default\">\n\t\t\t\t<div class=\"elementor-widget-container\">\n\t\t\t\t\t\t\t\t\t<\/p>\n<ul>\n<li>Wir sind in all diesen L\u00e4ndern seit vielen Jahren pr\u00e4sent.<\/li>\n<li>Unser kulturelles Verst\u00e4ndnis erleichtert viele Schritte.<\/li>\n<li>Wir kennen die M\u00e4rkte und ihre Spezifika.<\/li>\n<li>Wir bieten Ihnen die Vorteile eines Unternehmens<\/li>\n<\/ul>\n\t\t\t\t\t\t\t\t<\/div>\n\t\t\t\t<\/div>\n\t\t\t\t<div class=\"elementor-element elementor-element-c81dbf1 elementor-widget elementor-widget-image\" data-id=\"c81dbf1\" data-element_type=\"widget\" data-widget_type=\"image.default\">\n\t\t\t\t<div class=\"elementor-widget-container\">\n\t\t\t\t\t\t\t\t\t\t\t\t\t\t\t<img fetchpriority=\"high\" decoding=\"async\" width=\"300\" height=\"253\" src=\"https:\/\/www.tpa-group.hu\/app\/uploads\/sites\/6\/2024\/08\/GE_Desk_Logo-300x253-1.png\" class=\"attachment-medium_large size-medium_large wp-image-2185\" alt=\"\" \/>\t\t\t\t\t\t\t\t\t\t\t\t\t\t\t<\/div>\n\t\t\t\t<\/div>\n\t\t\t\t\t<\/div>\n\t\t\t\t<\/div>\n\t\t\t\t<div class=\"elementor-element elementor-element-6b3e45e elementor-widget elementor-widget-spacer\" data-id=\"6b3e45e\" data-element_type=\"widget\" data-widget_type=\"spacer.default\">\n\t\t\t\t<div class=\"elementor-widget-container\">\n\t\t\t\t\t\t\t<div class=\"elementor-spacer\">\n\t\t\t<div class=\"elementor-spacer-inner\"><\/div>\n\t\t<\/div>\n\t\t\t\t\t\t<\/div>\n\t\t\t\t<\/div>\n\t\t\t\t<div class=\"elementor-element elementor-element-7f6a35f elementor-widget elementor-widget-heading\" data-id=\"7f6a35f\" data-element_type=\"widget\" data-widget_type=\"heading.default\">\n\t\t\t\t<div class=\"elementor-widget-container\">\n\t\t\t\t\t<h2 class=\"elementor-heading-title elementor-size-default\">Wir sprechen Ihre Sprache<\/h2>\t\t\t\t<\/div>\n\t\t\t\t<\/div>\n\t\t<div class=\"elementor-element elementor-element-fbce680 e-flex e-con-boxed e-con e-child\" data-id=\"fbce680\" data-element_type=\"container\">\n\t\t\t\t\t<div class=\"e-con-inner\">\n\t\t\t\t<div class=\"elementor-element elementor-element-e94ad77 elementor-widget elementor-widget-text-editor\" data-id=\"e94ad77\" data-element_type=\"widget\" data-widget_type=\"text-editor.default\">\n\t\t\t\t<div class=\"elementor-widget-container\">\n\t\t\t\t\t\t\t\t\t<p><strong>Wir sprechen Ihre sprache<\/strong>\u00a0, was das Risiko von Missverst\u00e4ndnissen verringert und das Vertrauen zwischen den betroffenen Gesch\u00e4ftspartnern erh\u00f6ht.<\/p><p><strong>Sie sind vielleicht auch an unserem SEE Tax Desk interessiert:<\/strong><\/p><p>Neben der deutschsprachigen Beratung in der gesamten CEE \/ SEE-Region bieten wir auch unseren SEE Tax Desk an:<\/p><ul style=\"font-size: 16px; background-color: #ecf3f4;\"><li style=\"font-size: 16px;\"><span style=\"text-decoration-line: underline;\"><a href=\"https:\/\/www.tpa-group.com\/en\/locations\/\" target=\"_blank\" rel=\"noopener\"><span style=\"font-weight: bolder;\">TPA Standorte in Zentral- und S\u00fcdosteuropa<\/span><\/a><\/span><\/li><li style=\"font-size: 16px;\"><span style=\"text-decoration-line: underline;\"><a href=\"https:\/\/www.tpa-group.com\/en\/groups\/partners\/\" target=\"_blank\" rel=\"noopener\"><span style=\"font-weight: bolder;\">Ihre Kontaktpersonen bei der TPA Gruppe<\/span><\/a><\/span><\/li><\/ul>\t\t\t\t\t\t\t\t<\/div>\n\t\t\t\t<\/div>\n\t\t\t\t<div class=\"elementor-element elementor-element-0eae434 elementor-widget elementor-widget-image\" data-id=\"0eae434\" data-element_type=\"widget\" data-widget_type=\"image.default\">\n\t\t\t\t<div class=\"elementor-widget-container\">\n\t\t\t\t\t\t\t\t\t\t\t\t\t\t\t<img decoding=\"async\" width=\"300\" height=\"259\" src=\"https:\/\/www.tpa-group.hu\/app\/uploads\/sites\/6\/2024\/08\/See-Tax-Desk-TPA-Steuerberatung-300x259-1.png\" class=\"attachment-medium_large size-medium_large wp-image-2189\" alt=\"\" \/>\t\t\t\t\t\t\t\t\t\t\t\t\t\t\t<\/div>\n\t\t\t\t<\/div>\n\t\t\t\t\t<\/div>\n\t\t\t\t<\/div>\n\t\t\t\t\t<\/div>\n\t\t\t\t<\/div>\n\t\t\t\t<\/div>\n\t\t","protected":false},"excerpt":{"rendered":"<p>Home |&nbsp; German and English Desks in CEE\/SEE German and English Desks in CEE\/SEE Erfolgreiche Steuerberatung sehen wir als klassisches Face to Face Business. Die pers\u00f6nliche Kommunikation zwischen Ihnen und der\/dem jeweiligen Berater:in ist aus au\u00dferordentlich wichtig f\u00fcr den Beratungserfolg. \u201cGerman English Desk\u201d in jedem B\u00fcro in Mittel- und S\u00fcdosteuropa So k\u00f6nnen Partner und Mitarbeiter [&hellip;]<\/p>\n","protected":false},"author":21,"featured_media":0,"parent":0,"menu_order":0,"comment_status":"closed","ping_status":"closed","template":"elementor_header_footer","meta":{"_acf_changed":false,"footnotes":""},"class_list":["post-2754","page","type-page","status-publish","hentry"],"acf":[],"yoast_head":"<!-- This site is optimized with the Yoast SEO plugin v26.0 - https:\/\/yoast.com\/wordpress\/plugins\/seo\/ -->\n<title>German and English Desks in CEE\/SEE - www.tpa-group.hu<\/title>\n<meta name=\"robots\" content=\"index, follow, max-snippet:-1, max-image-preview:large, max-video-preview:-1\" \/>\n<link rel=\"canonical\" href=\"https:\/\/www.tpa-group.hu\/de\/german-and-english-desks-in-cee-see\/\" \/>\n<meta property=\"og:locale\" content=\"de_DE\" \/>\n<meta property=\"og:type\" content=\"article\" \/>\n<meta property=\"og:title\" content=\"German and English Desks in CEE\/SEE - www.tpa-group.hu\" \/>\n<meta property=\"og:description\" content=\"Home |&nbsp; German and English Desks in CEE\/SEE German and English Desks in CEE\/SEE Erfolgreiche Steuerberatung sehen wir als klassisches Face to Face Business. Die pers\u00f6nliche Kommunikation zwischen Ihnen und der\/dem jeweiligen Berater:in ist aus au\u00dferordentlich wichtig f\u00fcr den Beratungserfolg. \u201cGerman English Desk\u201d in jedem B\u00fcro in Mittel- und S\u00fcdosteuropa So k\u00f6nnen Partner und Mitarbeiter [&hellip;]\" \/>\n<meta property=\"og:url\" content=\"https:\/\/www.tpa-group.hu\/de\/german-and-english-desks-in-cee-see\/\" \/>\n<meta property=\"og:site_name\" content=\"www.tpa-group.hu\" \/>\n<meta property=\"article:modified_time\" content=\"2024-09-19T12:08:27+00:00\" \/>\n<meta property=\"og:image\" content=\"https:\/\/www.tpa-group.hu\/app\/uploads\/sites\/6\/2024\/08\/GE_Desk_Logo-300x253-1.png\" \/>\n<meta name=\"twitter:card\" content=\"summary_large_image\" \/>\n<meta name=\"twitter:label1\" content=\"Est. reading time\" \/>\n\t<meta name=\"twitter:data1\" content=\"2 Minuten\" \/>\n<script type=\"application\/ld+json\" class=\"yoast-schema-graph\">{\"@context\":\"https:\/\/schema.org\",\"@graph\":[{\"@type\":\"WebPage\",\"@id\":\"https:\/\/www.tpa-group.hu\/de\/german-and-english-desks-in-cee-see\/\",\"url\":\"https:\/\/www.tpa-group.hu\/de\/german-and-english-desks-in-cee-see\/\",\"name\":\"German and English Desks in CEE\/SEE - www.tpa-group.hu\",\"isPartOf\":{\"@id\":\"https:\/\/www.tpa-group.hu\/de\/#website\"},\"primaryImageOfPage\":{\"@id\":\"https:\/\/www.tpa-group.hu\/de\/german-and-english-desks-in-cee-see\/#primaryimage\"},\"image\":{\"@id\":\"https:\/\/www.tpa-group.hu\/de\/german-and-english-desks-in-cee-see\/#primaryimage\"},\"thumbnailUrl\":\"https:\/\/www.tpa-group.hu\/app\/uploads\/sites\/6\/2024\/08\/GE_Desk_Logo-300x253-1.png\",\"datePublished\":\"2024-07-08T12:53:29+00:00\",\"dateModified\":\"2024-09-19T12:08:27+00:00\",\"breadcrumb\":{\"@id\":\"https:\/\/www.tpa-group.hu\/de\/german-and-english-desks-in-cee-see\/#breadcrumb\"},\"inLanguage\":\"de-DE\",\"potentialAction\":[{\"@type\":\"ReadAction\",\"target\":[\"https:\/\/www.tpa-group.hu\/de\/german-and-english-desks-in-cee-see\/\"]}]},{\"@type\":\"ImageObject\",\"inLanguage\":\"de-DE\",\"@id\":\"https:\/\/www.tpa-group.hu\/de\/german-and-english-desks-in-cee-see\/#primaryimage\",\"url\":\"https:\/\/www.tpa-group.hu\/app\/uploads\/sites\/6\/2024\/08\/GE_Desk_Logo-300x253-1.png\",\"contentUrl\":\"https:\/\/www.tpa-group.hu\/app\/uploads\/sites\/6\/2024\/08\/GE_Desk_Logo-300x253-1.png\"},{\"@type\":\"BreadcrumbList\",\"@id\":\"https:\/\/www.tpa-group.hu\/de\/german-and-english-desks-in-cee-see\/#breadcrumb\",\"itemListElement\":[{\"@type\":\"ListItem\",\"position\":1,\"name\":\"Home\",\"item\":\"https:\/\/www.tpa-group.hu\/de\/\"},{\"@type\":\"ListItem\",\"position\":2,\"name\":\"German and English Desks in CEE\/SEE\"}]},{\"@type\":\"WebSite\",\"@id\":\"https:\/\/www.tpa-group.hu\/de\/#website\",\"url\":\"https:\/\/www.tpa-group.hu\/de\/\",\"name\":\"www.tpa-group.hu\",\"description\":\"\",\"publisher\":{\"@id\":\"https:\/\/www.tpa-group.hu\/de\/#organization\"},\"potentialAction\":[{\"@type\":\"SearchAction\",\"target\":{\"@type\":\"EntryPoint\",\"urlTemplate\":\"https:\/\/www.tpa-group.hu\/de\/?s={search_term_string}\"},\"query-input\":{\"@type\":\"PropertyValueSpecification\",\"valueRequired\":true,\"valueName\":\"search_term_string\"}}],\"inLanguage\":\"de-DE\"},{\"@type\":\"Organization\",\"@id\":\"https:\/\/www.tpa-group.hu\/de\/#organization\",\"name\":\"www.tpa-group.hu\",\"url\":\"https:\/\/www.tpa-group.hu\/de\/\",\"logo\":{\"@type\":\"ImageObject\",\"inLanguage\":\"de-DE\",\"@id\":\"https:\/\/www.tpa-group.hu\/de\/#\/schema\/logo\/image\/\",\"url\":\"https:\/\/www.tpa-group.hu\/app\/uploads\/sites\/6\/2024\/10\/tpa-logo-favicon.svg\",\"contentUrl\":\"https:\/\/www.tpa-group.hu\/app\/uploads\/sites\/6\/2024\/10\/tpa-logo-favicon.svg\",\"width\":110,\"height\":93,\"caption\":\"www.tpa-group.hu\"},\"image\":{\"@id\":\"https:\/\/www.tpa-group.hu\/de\/#\/schema\/logo\/image\/\"}}]}<\/script>\n<!-- \/ Yoast SEO plugin. -->","yoast_head_json":{"title":"German and English Desks in CEE\/SEE - www.tpa-group.hu","robots":{"index":"index","follow":"follow","max-snippet":"max-snippet:-1","max-image-preview":"max-image-preview:large","max-video-preview":"max-video-preview:-1"},"canonical":"https:\/\/www.tpa-group.hu\/de\/german-and-english-desks-in-cee-see\/","og_locale":"de_DE","og_type":"article","og_title":"German and English Desks in CEE\/SEE - www.tpa-group.hu","og_description":"Home |&nbsp; German and English Desks in CEE\/SEE German and English Desks in CEE\/SEE Erfolgreiche Steuerberatung sehen wir als klassisches Face to Face Business. Die pers\u00f6nliche Kommunikation zwischen Ihnen und der\/dem jeweiligen Berater:in ist aus au\u00dferordentlich wichtig f\u00fcr den Beratungserfolg. \u201cGerman English Desk\u201d in jedem B\u00fcro in Mittel- und S\u00fcdosteuropa So k\u00f6nnen Partner und Mitarbeiter [&hellip;]","og_url":"https:\/\/www.tpa-group.hu\/de\/german-and-english-desks-in-cee-see\/","og_site_name":"www.tpa-group.hu","article_modified_time":"2024-09-19T12:08:27+00:00","og_image":[{"url":"https:\/\/www.tpa-group.hu\/app\/uploads\/sites\/6\/2024\/08\/GE_Desk_Logo-300x253-1.png","type":"","width":"","height":""}],"twitter_card":"summary_large_image","twitter_misc":{"Est. reading time":"2 Minuten"},"schema":{"@context":"https:\/\/schema.org","@graph":[{"@type":"WebPage","@id":"https:\/\/www.tpa-group.hu\/de\/german-and-english-desks-in-cee-see\/","url":"https:\/\/www.tpa-group.hu\/de\/german-and-english-desks-in-cee-see\/","name":"German and English Desks in CEE\/SEE - www.tpa-group.hu","isPartOf":{"@id":"https:\/\/www.tpa-group.hu\/de\/#website"},"primaryImageOfPage":{"@id":"https:\/\/www.tpa-group.hu\/de\/german-and-english-desks-in-cee-see\/#primaryimage"},"image":{"@id":"https:\/\/www.tpa-group.hu\/de\/german-and-english-desks-in-cee-see\/#primaryimage"},"thumbnailUrl":"https:\/\/www.tpa-group.hu\/app\/uploads\/sites\/6\/2024\/08\/GE_Desk_Logo-300x253-1.png","datePublished":"2024-07-08T12:53:29+00:00","dateModified":"2024-09-19T12:08:27+00:00","breadcrumb":{"@id":"https:\/\/www.tpa-group.hu\/de\/german-and-english-desks-in-cee-see\/#breadcrumb"},"inLanguage":"de-DE","potentialAction":[{"@type":"ReadAction","target":["https:\/\/www.tpa-group.hu\/de\/german-and-english-desks-in-cee-see\/"]}]},{"@type":"ImageObject","inLanguage":"de-DE","@id":"https:\/\/www.tpa-group.hu\/de\/german-and-english-desks-in-cee-see\/#primaryimage","url":"https:\/\/www.tpa-group.hu\/app\/uploads\/sites\/6\/2024\/08\/GE_Desk_Logo-300x253-1.png","contentUrl":"https:\/\/www.tpa-group.hu\/app\/uploads\/sites\/6\/2024\/08\/GE_Desk_Logo-300x253-1.png"},{"@type":"BreadcrumbList","@id":"https:\/\/www.tpa-group.hu\/de\/german-and-english-desks-in-cee-see\/#breadcrumb","itemListElement":[{"@type":"ListItem","position":1,"name":"Home","item":"https:\/\/www.tpa-group.hu\/de\/"},{"@type":"ListItem","position":2,"name":"German and English Desks in CEE\/SEE"}]},{"@type":"WebSite","@id":"https:\/\/www.tpa-group.hu\/de\/#website","url":"https:\/\/www.tpa-group.hu\/de\/","name":"www.tpa-group.hu","description":"","publisher":{"@id":"https:\/\/www.tpa-group.hu\/de\/#organization"},"potentialAction":[{"@type":"SearchAction","target":{"@type":"EntryPoint","urlTemplate":"https:\/\/www.tpa-group.hu\/de\/?s={search_term_string}"},"query-input":{"@type":"PropertyValueSpecification","valueRequired":true,"valueName":"search_term_string"}}],"inLanguage":"de-DE"},{"@type":"Organization","@id":"https:\/\/www.tpa-group.hu\/de\/#organization","name":"www.tpa-group.hu","url":"https:\/\/www.tpa-group.hu\/de\/","logo":{"@type":"ImageObject","inLanguage":"de-DE","@id":"https:\/\/www.tpa-group.hu\/de\/#\/schema\/logo\/image\/","url":"https:\/\/www.tpa-group.hu\/app\/uploads\/sites\/6\/2024\/10\/tpa-logo-favicon.svg","contentUrl":"https:\/\/www.tpa-group.hu\/app\/uploads\/sites\/6\/2024\/10\/tpa-logo-favicon.svg","width":110,"height":93,"caption":"www.tpa-group.hu"},"image":{"@id":"https:\/\/www.tpa-group.hu\/de\/#\/schema\/logo\/image\/"}}]}},"_links":{"self":[{"href":"https:\/\/www.tpa-group.hu\/de\/wp-json\/wp\/v2\/pages\/2754","targetHints":{"allow":["GET"]}}],"collection":[{"href":"https:\/\/www.tpa-group.hu\/de\/wp-json\/wp\/v2\/pages"}],"about":[{"href":"https:\/\/www.tpa-group.hu\/de\/wp-json\/wp\/v2\/types\/page"}],"author":[{"embeddable":true,"href":"https:\/\/www.tpa-group.hu\/de\/wp-json\/wp\/v2\/users\/21"}],"replies":[{"embeddable":true,"href":"https:\/\/www.tpa-group.hu\/de\/wp-json\/wp\/v2\/comments?post=2754"}],"version-history":[{"count":5,"href":"https:\/\/www.tpa-group.hu\/de\/wp-json\/wp\/v2\/pages\/2754\/revisions"}],"predecessor-version":[{"id":3273,"href":"https:\/\/www.tpa-group.hu\/de\/wp-json\/wp\/v2\/pages\/2754\/revisions\/3273"}],"wp:attachment":[{"href":"https:\/\/www.tpa-group.hu\/de\/wp-json\/wp\/v2\/media?parent=2754"}],"curies":[{"name":"wp","href":"https:\/\/api.w.org\/{rel}","templated":true}]}}