{"id":2773,"date":"2024-04-04T13:37:12","date_gmt":"2024-04-04T13:37:12","guid":{"rendered":"https:\/\/www.tpa-group.hu\/die-tpa-gruppe\/"},"modified":"2024-09-19T12:15:02","modified_gmt":"2024-09-19T12:15:02","slug":"die-tpa-gruppe","status":"publish","type":"page","link":"https:\/\/www.tpa-group.hu\/de\/die-tpa-gruppe\/","title":{"rendered":"Die TPA Gruppe"},"content":{"rendered":"\t\t<div data-elementor-type=\"wp-page\" data-elementor-id=\"2773\" class=\"elementor elementor-2773 elementor-1379\" data-elementor-post-type=\"page\">\n\t\t\t\t\t\t<section class=\"elementor-section elementor-top-section elementor-element elementor-element-1dc572b hero-banner elementor-section-boxed elementor-section-height-default elementor-section-height-default\" data-id=\"1dc572b\" data-element_type=\"section\">\n\t\t\t\t\t\t<div class=\"elementor-container elementor-column-gap-default\">\n\t\t\t\t\t<div class=\"elementor-column elementor-col-50 elementor-top-column elementor-element elementor-element-b62577f\" data-id=\"b62577f\" data-element_type=\"column\">\n\t\t\t<div class=\"elementor-widget-wrap elementor-element-populated\">\n\t\t\t\t\t\t<section class=\"elementor-section elementor-inner-section elementor-element elementor-element-a056b21 hero-banner-breadcrumbs-container elementor-section-boxed elementor-section-height-default elementor-section-height-default\" data-id=\"a056b21\" data-element_type=\"section\">\n\t\t\t\t\t\t<div class=\"elementor-container elementor-column-gap-default\">\n\t\t\t\t\t<div class=\"elementor-column elementor-col-100 elementor-inner-column elementor-element elementor-element-6178eae\" data-id=\"6178eae\" data-element_type=\"column\">\n\t\t\t<div class=\"elementor-widget-wrap elementor-element-populated\">\n\t\t\t\t\t\t<div class=\"elementor-element elementor-element-00a3732 elementor-widget elementor-widget-heading\" data-id=\"00a3732\" data-element_type=\"widget\" data-widget_type=\"heading.default\">\n\t\t\t\t<div class=\"elementor-widget-container\">\n\t\t\t\t\t<p class=\"elementor-heading-title elementor-size-default\"><a href=\"\/\">Home |&nbsp;<\/a><\/p>\t\t\t\t<\/div>\n\t\t\t\t<\/div>\n\t\t\t\t<div class=\"elementor-element elementor-element-c028425 elementor-widget elementor-widget-heading\" data-id=\"c028425\" data-element_type=\"widget\" data-widget_type=\"heading.default\">\n\t\t\t\t<div class=\"elementor-widget-container\">\n\t\t\t\t\t<p class=\"elementor-heading-title elementor-size-default\">Die TPA Gruppe<\/p>\t\t\t\t<\/div>\n\t\t\t\t<\/div>\n\t\t\t\t\t<\/div>\n\t\t<\/div>\n\t\t\t\t\t<\/div>\n\t\t<\/section>\n\t\t\t\t<div class=\"elementor-element elementor-element-930ed6a elementor-widget elementor-widget-heading\" data-id=\"930ed6a\" data-element_type=\"widget\" data-widget_type=\"heading.default\">\n\t\t\t\t<div class=\"elementor-widget-container\">\n\t\t\t\t\t<h1 class=\"elementor-heading-title elementor-size-default\">Die TPA Gruppe:<br>12 L\u00e4nder. 1 Unternehmen. <\/h1>\t\t\t\t<\/div>\n\t\t\t\t<\/div>\n\t\t\t\t<div class=\"elementor-element elementor-element-beae57d elementor-widget elementor-widget-text-editor\" data-id=\"beae57d\" data-element_type=\"widget\" data-widget_type=\"text-editor.default\">\n\t\t\t\t<div class=\"elementor-widget-container\">\n\t\t\t\t\t\t\t\t\t<p>Sie planen grenz\u00fcberschreitende Gesch\u00e4fte? Oder sind mit Ihrem Unternehmen bereits im Ausland vertreten? Bauen Sie Ihre St\u00e4rken mit uns weiter aus.<\/p>\t\t\t\t\t\t\t\t<\/div>\n\t\t\t\t<\/div>\n\t\t\t\t\t<\/div>\n\t\t<\/div>\n\t\t\t\t<div class=\"elementor-column elementor-col-50 elementor-top-column elementor-element elementor-element-750690b\" data-id=\"750690b\" data-element_type=\"column\">\n\t\t\t<div class=\"elementor-widget-wrap\">\n\t\t\t\t\t\t\t<\/div>\n\t\t<\/div>\n\t\t\t\t\t<\/div>\n\t\t<\/section>\n\t\t<div class=\"elementor-element elementor-element-b49b7ba page-content-container e-flex e-con-boxed e-con e-parent\" data-id=\"b49b7ba\" data-element_type=\"container\">\n\t\t\t\t\t<div class=\"e-con-inner\">\n\t\t\t\t<div class=\"elementor-element elementor-element-6a5fb42 elementor-widget elementor-widget-text-editor\" data-id=\"6a5fb42\" data-element_type=\"widget\" data-widget_type=\"text-editor.default\">\n\t\t\t\t<div class=\"elementor-widget-container\">\n\t\t\t\t\t\t\t\t\t<p>Un\u00fcbersichtliche Rechtssysteme, komplizierte l\u00e4nder\u00fcbergreifende Verordnungen, sprachliche H\u00fcrden: wir helfen Ihnen durch das Dickicht im internationalen Steuer- und Rechtssystem. Setzen Sie auf uns, wenn Sie Ihre St\u00e4rken noch weiter ausbauen wollen.<\/p>\t\t\t\t\t\t\t\t<\/div>\n\t\t\t\t<\/div>\n\t\t\t\t<div class=\"elementor-element elementor-element-e7dc557 elementor-widget elementor-widget-heading\" data-id=\"e7dc557\" data-element_type=\"widget\" data-widget_type=\"heading.default\">\n\t\t\t\t<div class=\"elementor-widget-container\">\n\t\t\t\t\t<h2 class=\"elementor-heading-title elementor-size-default\">30 Jahre Erfahrung in Mittel- und S\u00fcdosteuropa<\/h2>\t\t\t\t<\/div>\n\t\t\t\t<\/div>\n\t\t\t\t<div class=\"elementor-element elementor-element-97725c1 elementor-widget elementor-widget-text-editor\" data-id=\"97725c1\" data-element_type=\"widget\" data-widget_type=\"text-editor.default\">\n\t\t\t\t<div class=\"elementor-widget-container\">\n\t\t\t\t\t\t\t\t\t<div class=\"entry-content clearfix\"><p>Seit mehr als 30 Jahren begleitet die TPA Gruppe Unternehmen bei ihren Projekten in Mittel- und S\u00fcdosteuropa. Denn das komplexe EU-Recht und die unterschiedliche Gesetzeslage in den einzelnen EU-Mitgliedstaaten machen es Investoren nicht leicht, den Durchblick zu bewahren. Die TPA Steuerberater kennen die europ\u00e4ischen M\u00e4rkte und ihre Besonderheiten.<\/p><p><strong>Egal, um welches Vorhaben es geht:<\/strong> Kompetent und l\u00f6sungsorientiert begleiten wir unsere Kunden bei der Expansion oder betreuen sie vor Ort. Auf Deutsch und auch in englischer Sprache <a href=\"https:\/\/www.tpa-group.hu\/de\/german-and-english-desks-in-cee-see\/\"><strong><span style=\"text-decoration: underline;\">German English Desk<\/span>.<\/strong><\/a><\/p><\/div>\t\t\t\t\t\t\t\t<\/div>\n\t\t\t\t<\/div>\n\t\t\t\t<div class=\"elementor-element elementor-element-e14a806 elementor-widget elementor-widget-heading\" data-id=\"e14a806\" data-element_type=\"widget\" data-widget_type=\"heading.default\">\n\t\t\t\t<div class=\"elementor-widget-container\">\n\t\t\t\t\t<h2 class=\"elementor-heading-title elementor-size-default\">Gehen Sie den n\u00e4chsten Schritt<\/h2>\t\t\t\t<\/div>\n\t\t\t\t<\/div>\n\t\t<div class=\"elementor-element elementor-element-2438ac0 e-flex e-con-boxed e-con e-child\" data-id=\"2438ac0\" data-element_type=\"container\">\n\t\t\t\t\t<div class=\"e-con-inner\">\n\t\t<div class=\"elementor-element elementor-element-f26e011 e-con-full e-flex e-con e-child\" data-id=\"f26e011\" data-element_type=\"container\">\n\t\t\t\t<div class=\"elementor-element elementor-element-71494cb elementor-widget elementor-widget-text-editor\" data-id=\"71494cb\" data-element_type=\"widget\" data-widget_type=\"text-editor.default\">\n\t\t\t\t<div class=\"elementor-widget-container\">\n\t\t\t\t\t\t\t\t\t<div class=\"entry-content clearfix\"><p>\u00d6sterreichische Unternehmen in den typischen Zielm\u00e4rkten in Mittel- und S\u00fcdosteuropa effizient zu unterst\u00fctzen und zu begleiten: das ist eine unserer Kernkompetenzen. Wir sind in den L\u00e4ndern der CEE\/SEE Region stark verwurzelt. Die kulturellen, wirtschaftlichen und steuerrechtlichen Besonderheiten der einzelnen L\u00e4nder sind uns bestens vertraut. Genau diese Erfahrung und Kompetenz n\u00fctzen wir f\u00fcr Ihren wirtschaftlichen Erfolg:<\/p><p>2.050 Mitarbeiterinnen und Mitarbeiter k\u00fcmmern sich an 32 Standorten in zw\u00f6lf L\u00e4ndern um Ihre Anliegen: in Albanien, Bulgarien, Kroatien, Montenegro, \u00d6sterreich, Polen, Rum\u00e4nien, Serbien, Slowakei, Slowenien, Tschechien und Ungarn.<\/p><\/div>\t\t\t\t\t\t\t\t<\/div>\n\t\t\t\t<\/div>\n\t\t\t\t<\/div>\n\t\t<div class=\"elementor-element elementor-element-94d5b48 e-con-full e-flex e-con e-child\" data-id=\"94d5b48\" data-element_type=\"container\">\n\t\t\t\t<div class=\"elementor-element elementor-element-27c1c22 elementor-widget elementor-widget-image\" data-id=\"27c1c22\" data-element_type=\"widget\" data-widget_type=\"image.default\">\n\t\t\t\t<div class=\"elementor-widget-container\">\n\t\t\t\t\t\t\t\t\t\t\t\t\t\t\t<img fetchpriority=\"high\" decoding=\"async\" width=\"800\" height=\"367\" src=\"https:\/\/www.tpa-group.hu\/app\/uploads\/sites\/6\/2024\/09\/TPA-Countries-TPA-Group-1024x470.png\" class=\"attachment-large size-large wp-image-3220\" alt=\"\" srcset=\"https:\/\/www.tpa-group.hu\/app\/uploads\/sites\/6\/2024\/09\/TPA-Countries-TPA-Group-1024x470.png 1024w, https:\/\/www.tpa-group.hu\/app\/uploads\/sites\/6\/2024\/09\/TPA-Countries-TPA-Group-300x138.png 300w, https:\/\/www.tpa-group.hu\/app\/uploads\/sites\/6\/2024\/09\/TPA-Countries-TPA-Group-768x352.png 768w, https:\/\/www.tpa-group.hu\/app\/uploads\/sites\/6\/2024\/09\/TPA-Countries-TPA-Group-1536x705.png 1536w, https:\/\/www.tpa-group.hu\/app\/uploads\/sites\/6\/2024\/09\/TPA-Countries-TPA-Group-2048x940.png 2048w\" sizes=\"(max-width: 800px) 100vw, 800px\" \/>\t\t\t\t\t\t\t\t\t\t\t\t\t\t\t<\/div>\n\t\t\t\t<\/div>\n\t\t\t\t<\/div>\n\t\t\t\t\t<\/div>\n\t\t\t\t<\/div>\n\t\t<div class=\"elementor-element elementor-element-6d54811 e-flex e-con-boxed e-con e-child\" data-id=\"6d54811\" data-element_type=\"container\">\n\t\t\t\t\t<div class=\"e-con-inner\">\n\t\t\t\t<div class=\"elementor-element elementor-element-2f61dab elementor-widget elementor-widget-heading\" data-id=\"2f61dab\" data-element_type=\"widget\" data-widget_type=\"heading.default\">\n\t\t\t\t<div class=\"elementor-widget-container\">\n\t\t\t\t\t<h2 class=\"elementor-heading-title elementor-size-default\">Von Ungarn in die ganze Welt<\/h2>\t\t\t\t<\/div>\n\t\t\t\t<\/div>\n\t\t\t\t<div class=\"elementor-element elementor-element-af6aec0 elementor-widget elementor-widget-text-editor\" data-id=\"af6aec0\" data-element_type=\"widget\" data-widget_type=\"text-editor.default\">\n\t\t\t\t<div class=\"elementor-widget-container\">\n\t\t\t\t\t\t\t\t\t<p>Die TPA Gruppe ist unabh\u00e4ngiges Mitglied des <strong>Baker Tilly International Netzwerks <\/strong>mit Zugang zu kompetenten Steuerberatern, Wirtschaftspr\u00fcfern und Unternehmensberatern auf der ganzen Welt. In allen wirtschaftlich bedeutenden St\u00e4dten und Regionen der Welt stehen Ihnen damit hochqualitative Dienstleistungen zur Verf\u00fcgung. Das Baker Tilly International Netzwerk ist eines der \u201eTop Ten\u201c der weltweit t\u00e4tigen Beratungsnetzwerke f\u00fcr Steuerberatung, Buchhaltung, Personalverrechnung, Unternehmensberatung und mehr.<\/p><ul><li><span style=\"text-decoration: underline;\"><strong><a href=\"https:\/\/www.tpa-group.com\/de\/\">Website der TPA-Gruppe<\/a><\/strong><\/span><\/li><li>Unsere Services in Ungarn: <span style=\"text-decoration: underline;\"><strong><a href=\"https:\/\/www.tpa-group.hu\/de\/the-tpa-services-de\/buchhaltung\/\">Buchhaltung<\/a><\/strong><\/span>, <span style=\"text-decoration: underline;\"><strong><a href=\"https:\/\/www.tpa-group.hu\/de\/the-tpa-services-de\/unternehmensberatung\/\">Unternehmensberatung<\/a><\/strong><\/span>, <span style=\"text-decoration: underline;\"><strong><a href=\"https:\/\/www.tpa-group.hu\/de\/the-tpa-services-de\/wirtschaftspruefung\/\">Wirtschaftspr\u00fcfung<\/a><\/strong><\/span>, <span style=\"text-decoration: underline;\"><strong><a href=\"https:\/\/www.tpa-group.hu\/de\/the-tpa-services-de\/lohnverrechung\/\">Lohnverrechnung<\/a><\/strong><\/span>, <span style=\"text-decoration: underline;\"><strong><a href=\"https:\/\/www.tpa-group.hu\/de\/the-tpa-services-de\/steuerberatung\/\">Steuerberatung<\/a><\/strong><\/span><\/li><\/ul>\t\t\t\t\t\t\t\t<\/div>\n\t\t\t\t<\/div>\n\t\t\t\t<div class=\"elementor-element elementor-element-c26cfb0 elementor-widget elementor-widget-spacer\" data-id=\"c26cfb0\" data-element_type=\"widget\" data-widget_type=\"spacer.default\">\n\t\t\t\t<div class=\"elementor-widget-container\">\n\t\t\t\t\t\t\t<div class=\"elementor-spacer\">\n\t\t\t<div class=\"elementor-spacer-inner\"><\/div>\n\t\t<\/div>\n\t\t\t\t\t\t<\/div>\n\t\t\t\t<\/div>\n\t\t\t\t<div class=\"elementor-element elementor-element-8e278e0 elementor-widget elementor-widget-heading\" data-id=\"8e278e0\" data-element_type=\"widget\" data-widget_type=\"heading.default\">\n\t\t\t\t<div class=\"elementor-widget-container\">\n\t\t\t\t\t<h3 class=\"elementor-heading-title elementor-size-default\">Kontaktieren Sie<\/h3>\t\t\t\t<\/div>\n\t\t\t\t<\/div>\n\t\t\t\t\t<\/div>\n\t\t\t\t<\/div>\n\t\t<div class=\"elementor-element elementor-element-1eeb399 e-flex e-con-boxed e-con e-child\" data-id=\"1eeb399\" data-element_type=\"container\">\n\t\t\t\t\t<div class=\"e-con-inner\">\n\t\t<div class=\"elementor-element elementor-element-5b07ccb e-con-full e-flex e-con e-child\" data-id=\"5b07ccb\" data-element_type=\"container\">\n\t\t\t\t<div class=\"elementor-element elementor-element-f09983f elementor-widget elementor-widget-single-person-card\" data-id=\"f09983f\" data-element_type=\"widget\" data-settings=\"{&quot;person_single&quot;:&quot;2799&quot;}\" data-widget_type=\"single-person-card.default\">\n\t\t\t\t<div class=\"elementor-widget-container\">\n\t\t\t\t\t\n\t\t<div class=\"single-person-card\">\n            <a class=\"person-link\" href=\"https:\/\/www.tpa-group.hu\/de\/persons\/gyoergy-jakab\/\"  >\n        \t\t<div class=\"img-container\">\n        \t\t\t<img decoding=\"async\" src=\"https:\/\/www.tpa-group.hu\/app\/uploads\/sites\/6\/2023\/10\/gyorgy_jakab_880x1000.png\" alt=\"Gy\u00f6rgy Jakab\">\n        \t\t\t<span><\/span>\n        \t\t<\/div>\n\n\t\t\t\t    \t\t\t\t<div class=\"post-content-wrapper\">\n\t\t        \t\t<div class=\"content-container\">\n                \t\t\t                \t\t\t\t<div class=\"locations\">\n\n        \t\t\t\t\t\t\t\t\t\n\t\t\t\t\t\t\t\t\t\t<p>\n\t\t\t\t\t\t\t\t\t\t\tBudapest\t\t\t\t\t\t\t\t\t\t\t\n\t\t\t\t\t\t\t\t\t\t<\/p>\n\t\t\t\t\t\t\t\t\t\t\t\t\t\t\t\t<\/div>\n\t\t\t\t\t\t\t\t\n\t\t        \t\t\t\t\t        \t\t\t\t<h5 class=\"post-title\">Gy\u00f6rgy Jakab<\/h5>\n                \t\t\t\t\t        \t\t\t\t\t        \t\t\t\t\t        \t\t\t\t\t<div class=\"job-positions\">\n\t        \t\t\t\t\t\t\t        \t\t\t\t\t\t\t<p class=\"job-position has-dot\">Partner <\/p>\n        \t\t\t\t\t\t\t\t        \t\t\t\t\t\t\t<p class=\"job-position has-dot\"> Wirtschaftspr\u00fcfer <\/p>\n        \t\t\t\t\t\t\t\t        \t\t\t\t\t\t\t<p class=\"job-position \"> Steuerberater<\/p>\n        \t\t\t\t\t\t\t        \t\t\t\t\t\t<\/div>\n\t        \t\t\t\t\t\t        \t\t\t\t\t<div class=\"btn-arrow\" style=\"background-image: url('https:\/\/www.tpa-group.hu\/app\/plugins\/ovos-elementor-widgets\/widgets\/single-person-card-widget\/img\/button-arrow-right-long.svg')\"><\/div>\n\t\t        \t\t\t\t\t        \t\t<\/div>\n\t        \t\t<\/div>\n\t\t\t\t    \t\t<\/a>\n    \t<\/div>\n\n\t\t\t\t\t\t<\/div>\n\t\t\t\t<\/div>\n\t\t\t\t<\/div>\n\t\t<div class=\"elementor-element elementor-element-f5a6396 e-con-full e-flex e-con e-child\" data-id=\"f5a6396\" data-element_type=\"container\">\n\t\t\t\t<div class=\"elementor-element elementor-element-6635ab0 elementor-widget elementor-widget-single-person-card\" data-id=\"6635ab0\" data-element_type=\"widget\" data-settings=\"{&quot;person_single&quot;:&quot;2800&quot;}\" data-widget_type=\"single-person-card.default\">\n\t\t\t\t<div class=\"elementor-widget-container\">\n\t\t\t\t\t\n\t\t<div class=\"single-person-card\">\n            <a class=\"person-link\" href=\"https:\/\/www.tpa-group.hu\/de\/persons\/jozsef-szemeredi\/\"  >\n        \t\t<div class=\"img-container\">\n        \t\t\t<img decoding=\"async\" src=\"https:\/\/www.tpa-group.hu\/app\/uploads\/sites\/6\/2023\/10\/Jozsef_Szemeredi_880x1000.png\" alt=\"J\u00f3zsef Szemer\u00e9di\">\n        \t\t\t<span><\/span>\n        \t\t<\/div>\n\n\t\t\t\t    \t\t\t\t<div class=\"post-content-wrapper\">\n\t\t        \t\t<div class=\"content-container\">\n                \t\t\t                \t\t\t\t<div class=\"locations\">\n\n        \t\t\t\t\t\t\t\t\t\n\t\t\t\t\t\t\t\t\t\t<p>\n\t\t\t\t\t\t\t\t\t\t\tBudapest\t\t\t\t\t\t\t\t\t\t\t\n\t\t\t\t\t\t\t\t\t\t<\/p>\n\t\t\t\t\t\t\t\t\t\t\t\t\t\t\t\t<\/div>\n\t\t\t\t\t\t\t\t\n\t\t        \t\t\t\t\t        \t\t\t\t<h5 class=\"post-title\">J\u00f3zsef Szemer\u00e9di<\/h5>\n                \t\t\t\t\t        \t\t\t\t\t        \t\t\t\t\t        \t\t\t\t\t<div class=\"job-positions\">\n\t        \t\t\t\t\t\t\t        \t\t\t\t\t\t\t<p class=\"job-position has-dot\">Partner <\/p>\n        \t\t\t\t\t\t\t\t        \t\t\t\t\t\t\t<p class=\"job-position has-dot\"> Steuerberater <\/p>\n        \t\t\t\t\t\t\t\t        \t\t\t\t\t\t\t<p class=\"job-position \"> Wirtschaftspr\u00fcfer<\/p>\n        \t\t\t\t\t\t\t        \t\t\t\t\t\t<\/div>\n\t        \t\t\t\t\t\t        \t\t\t\t\t<div class=\"btn-arrow\" style=\"background-image: url('https:\/\/www.tpa-group.hu\/app\/plugins\/ovos-elementor-widgets\/widgets\/single-person-card-widget\/img\/button-arrow-right-long.svg')\"><\/div>\n\t\t        \t\t\t\t\t        \t\t<\/div>\n\t        \t\t<\/div>\n\t\t\t\t    \t\t<\/a>\n    \t<\/div>\n\n\t\t\t\t\t\t<\/div>\n\t\t\t\t<\/div>\n\t\t\t\t<\/div>\n\t\t\t\t\t<\/div>\n\t\t\t\t<\/div>\n\t\t\t\t\t<\/div>\n\t\t\t\t<\/div>\n\t\t\t\t<\/div>\n\t\t","protected":false},"excerpt":{"rendered":"<p>Home |&nbsp; Die TPA Gruppe Die TPA Gruppe:12 L\u00e4nder. 1 Unternehmen. Sie planen grenz\u00fcberschreitende Gesch\u00e4fte? Oder sind mit Ihrem Unternehmen bereits im Ausland vertreten? Bauen Sie Ihre St\u00e4rken mit uns weiter aus. Un\u00fcbersichtliche Rechtssysteme, komplizierte l\u00e4nder\u00fcbergreifende Verordnungen, sprachliche H\u00fcrden: wir helfen Ihnen durch das Dickicht im internationalen Steuer- und Rechtssystem. Setzen Sie auf uns, wenn [&hellip;]<\/p>\n","protected":false},"author":21,"featured_media":0,"parent":0,"menu_order":0,"comment_status":"closed","ping_status":"closed","template":"elementor_header_footer","meta":{"_acf_changed":false,"footnotes":""},"class_list":["post-2773","page","type-page","status-publish","hentry"],"acf":[],"yoast_head":"<!-- This site is optimized with the Yoast SEO plugin v26.0 - https:\/\/yoast.com\/wordpress\/plugins\/seo\/ -->\n<title>Die TPA Gruppe - www.tpa-group.hu<\/title>\n<meta name=\"robots\" content=\"index, follow, max-snippet:-1, max-image-preview:large, max-video-preview:-1\" \/>\n<link rel=\"canonical\" href=\"https:\/\/www.tpa-group.hu\/de\/die-tpa-gruppe\/\" \/>\n<meta property=\"og:locale\" content=\"de_DE\" \/>\n<meta property=\"og:type\" content=\"article\" \/>\n<meta property=\"og:title\" content=\"Die TPA Gruppe - www.tpa-group.hu\" \/>\n<meta property=\"og:description\" content=\"Home |&nbsp; Die TPA Gruppe Die TPA Gruppe:12 L\u00e4nder. 1 Unternehmen. Sie planen grenz\u00fcberschreitende Gesch\u00e4fte? Oder sind mit Ihrem Unternehmen bereits im Ausland vertreten? Bauen Sie Ihre St\u00e4rken mit uns weiter aus. Un\u00fcbersichtliche Rechtssysteme, komplizierte l\u00e4nder\u00fcbergreifende Verordnungen, sprachliche H\u00fcrden: wir helfen Ihnen durch das Dickicht im internationalen Steuer- und Rechtssystem. Setzen Sie auf uns, wenn [&hellip;]\" \/>\n<meta property=\"og:url\" content=\"https:\/\/www.tpa-group.hu\/de\/die-tpa-gruppe\/\" \/>\n<meta property=\"og:site_name\" content=\"www.tpa-group.hu\" \/>\n<meta property=\"article:modified_time\" content=\"2024-09-19T12:15:02+00:00\" \/>\n<meta property=\"og:image\" content=\"https:\/\/www.tpa-group.hu\/app\/uploads\/sites\/6\/2024\/09\/TPA-Countries-TPA-Group-1024x470.png\" \/>\n<meta name=\"twitter:card\" content=\"summary_large_image\" \/>\n<script type=\"application\/ld+json\" class=\"yoast-schema-graph\">{\"@context\":\"https:\/\/schema.org\",\"@graph\":[{\"@type\":\"WebPage\",\"@id\":\"https:\/\/www.tpa-group.hu\/de\/die-tpa-gruppe\/\",\"url\":\"https:\/\/www.tpa-group.hu\/de\/die-tpa-gruppe\/\",\"name\":\"Die TPA Gruppe - www.tpa-group.hu\",\"isPartOf\":{\"@id\":\"https:\/\/www.tpa-group.hu\/de\/#website\"},\"primaryImageOfPage\":{\"@id\":\"https:\/\/www.tpa-group.hu\/de\/die-tpa-gruppe\/#primaryimage\"},\"image\":{\"@id\":\"https:\/\/www.tpa-group.hu\/de\/die-tpa-gruppe\/#primaryimage\"},\"thumbnailUrl\":\"https:\/\/www.tpa-group.hu\/app\/uploads\/sites\/6\/2024\/09\/TPA-Countries-TPA-Group-1024x470.png\",\"datePublished\":\"2024-04-04T13:37:12+00:00\",\"dateModified\":\"2024-09-19T12:15:02+00:00\",\"breadcrumb\":{\"@id\":\"https:\/\/www.tpa-group.hu\/de\/die-tpa-gruppe\/#breadcrumb\"},\"inLanguage\":\"de-DE\",\"potentialAction\":[{\"@type\":\"ReadAction\",\"target\":[\"https:\/\/www.tpa-group.hu\/de\/die-tpa-gruppe\/\"]}]},{\"@type\":\"ImageObject\",\"inLanguage\":\"de-DE\",\"@id\":\"https:\/\/www.tpa-group.hu\/de\/die-tpa-gruppe\/#primaryimage\",\"url\":\"https:\/\/www.tpa-group.hu\/app\/uploads\/sites\/6\/2024\/09\/TPA-Countries-TPA-Group-1024x470.png\",\"contentUrl\":\"https:\/\/www.tpa-group.hu\/app\/uploads\/sites\/6\/2024\/09\/TPA-Countries-TPA-Group-1024x470.png\"},{\"@type\":\"BreadcrumbList\",\"@id\":\"https:\/\/www.tpa-group.hu\/de\/die-tpa-gruppe\/#breadcrumb\",\"itemListElement\":[{\"@type\":\"ListItem\",\"position\":1,\"name\":\"Home\",\"item\":\"https:\/\/www.tpa-group.hu\/de\/\"},{\"@type\":\"ListItem\",\"position\":2,\"name\":\"Die TPA Gruppe\"}]},{\"@type\":\"WebSite\",\"@id\":\"https:\/\/www.tpa-group.hu\/de\/#website\",\"url\":\"https:\/\/www.tpa-group.hu\/de\/\",\"name\":\"www.tpa-group.hu\",\"description\":\"\",\"publisher\":{\"@id\":\"https:\/\/www.tpa-group.hu\/de\/#organization\"},\"potentialAction\":[{\"@type\":\"SearchAction\",\"target\":{\"@type\":\"EntryPoint\",\"urlTemplate\":\"https:\/\/www.tpa-group.hu\/de\/?s={search_term_string}\"},\"query-input\":{\"@type\":\"PropertyValueSpecification\",\"valueRequired\":true,\"valueName\":\"search_term_string\"}}],\"inLanguage\":\"de-DE\"},{\"@type\":\"Organization\",\"@id\":\"https:\/\/www.tpa-group.hu\/de\/#organization\",\"name\":\"www.tpa-group.hu\",\"url\":\"https:\/\/www.tpa-group.hu\/de\/\",\"logo\":{\"@type\":\"ImageObject\",\"inLanguage\":\"de-DE\",\"@id\":\"https:\/\/www.tpa-group.hu\/de\/#\/schema\/logo\/image\/\",\"url\":\"https:\/\/www.tpa-group.hu\/app\/uploads\/sites\/6\/2024\/10\/tpa-logo-favicon.svg\",\"contentUrl\":\"https:\/\/www.tpa-group.hu\/app\/uploads\/sites\/6\/2024\/10\/tpa-logo-favicon.svg\",\"width\":110,\"height\":93,\"caption\":\"www.tpa-group.hu\"},\"image\":{\"@id\":\"https:\/\/www.tpa-group.hu\/de\/#\/schema\/logo\/image\/\"}}]}<\/script>\n<!-- \/ Yoast SEO plugin. -->","yoast_head_json":{"title":"Die TPA Gruppe - www.tpa-group.hu","robots":{"index":"index","follow":"follow","max-snippet":"max-snippet:-1","max-image-preview":"max-image-preview:large","max-video-preview":"max-video-preview:-1"},"canonical":"https:\/\/www.tpa-group.hu\/de\/die-tpa-gruppe\/","og_locale":"de_DE","og_type":"article","og_title":"Die TPA Gruppe - www.tpa-group.hu","og_description":"Home |&nbsp; Die TPA Gruppe Die TPA Gruppe:12 L\u00e4nder. 1 Unternehmen. Sie planen grenz\u00fcberschreitende Gesch\u00e4fte? Oder sind mit Ihrem Unternehmen bereits im Ausland vertreten? Bauen Sie Ihre St\u00e4rken mit uns weiter aus. Un\u00fcbersichtliche Rechtssysteme, komplizierte l\u00e4nder\u00fcbergreifende Verordnungen, sprachliche H\u00fcrden: wir helfen Ihnen durch das Dickicht im internationalen Steuer- und Rechtssystem. Setzen Sie auf uns, wenn [&hellip;]","og_url":"https:\/\/www.tpa-group.hu\/de\/die-tpa-gruppe\/","og_site_name":"www.tpa-group.hu","article_modified_time":"2024-09-19T12:15:02+00:00","og_image":[{"url":"https:\/\/www.tpa-group.hu\/app\/uploads\/sites\/6\/2024\/09\/TPA-Countries-TPA-Group-1024x470.png","type":"","width":"","height":""}],"twitter_card":"summary_large_image","schema":{"@context":"https:\/\/schema.org","@graph":[{"@type":"WebPage","@id":"https:\/\/www.tpa-group.hu\/de\/die-tpa-gruppe\/","url":"https:\/\/www.tpa-group.hu\/de\/die-tpa-gruppe\/","name":"Die TPA Gruppe - www.tpa-group.hu","isPartOf":{"@id":"https:\/\/www.tpa-group.hu\/de\/#website"},"primaryImageOfPage":{"@id":"https:\/\/www.tpa-group.hu\/de\/die-tpa-gruppe\/#primaryimage"},"image":{"@id":"https:\/\/www.tpa-group.hu\/de\/die-tpa-gruppe\/#primaryimage"},"thumbnailUrl":"https:\/\/www.tpa-group.hu\/app\/uploads\/sites\/6\/2024\/09\/TPA-Countries-TPA-Group-1024x470.png","datePublished":"2024-04-04T13:37:12+00:00","dateModified":"2024-09-19T12:15:02+00:00","breadcrumb":{"@id":"https:\/\/www.tpa-group.hu\/de\/die-tpa-gruppe\/#breadcrumb"},"inLanguage":"de-DE","potentialAction":[{"@type":"ReadAction","target":["https:\/\/www.tpa-group.hu\/de\/die-tpa-gruppe\/"]}]},{"@type":"ImageObject","inLanguage":"de-DE","@id":"https:\/\/www.tpa-group.hu\/de\/die-tpa-gruppe\/#primaryimage","url":"https:\/\/www.tpa-group.hu\/app\/uploads\/sites\/6\/2024\/09\/TPA-Countries-TPA-Group-1024x470.png","contentUrl":"https:\/\/www.tpa-group.hu\/app\/uploads\/sites\/6\/2024\/09\/TPA-Countries-TPA-Group-1024x470.png"},{"@type":"BreadcrumbList","@id":"https:\/\/www.tpa-group.hu\/de\/die-tpa-gruppe\/#breadcrumb","itemListElement":[{"@type":"ListItem","position":1,"name":"Home","item":"https:\/\/www.tpa-group.hu\/de\/"},{"@type":"ListItem","position":2,"name":"Die TPA Gruppe"}]},{"@type":"WebSite","@id":"https:\/\/www.tpa-group.hu\/de\/#website","url":"https:\/\/www.tpa-group.hu\/de\/","name":"www.tpa-group.hu","description":"","publisher":{"@id":"https:\/\/www.tpa-group.hu\/de\/#organization"},"potentialAction":[{"@type":"SearchAction","target":{"@type":"EntryPoint","urlTemplate":"https:\/\/www.tpa-group.hu\/de\/?s={search_term_string}"},"query-input":{"@type":"PropertyValueSpecification","valueRequired":true,"valueName":"search_term_string"}}],"inLanguage":"de-DE"},{"@type":"Organization","@id":"https:\/\/www.tpa-group.hu\/de\/#organization","name":"www.tpa-group.hu","url":"https:\/\/www.tpa-group.hu\/de\/","logo":{"@type":"ImageObject","inLanguage":"de-DE","@id":"https:\/\/www.tpa-group.hu\/de\/#\/schema\/logo\/image\/","url":"https:\/\/www.tpa-group.hu\/app\/uploads\/sites\/6\/2024\/10\/tpa-logo-favicon.svg","contentUrl":"https:\/\/www.tpa-group.hu\/app\/uploads\/sites\/6\/2024\/10\/tpa-logo-favicon.svg","width":110,"height":93,"caption":"www.tpa-group.hu"},"image":{"@id":"https:\/\/www.tpa-group.hu\/de\/#\/schema\/logo\/image\/"}}]}},"_links":{"self":[{"href":"https:\/\/www.tpa-group.hu\/de\/wp-json\/wp\/v2\/pages\/2773","targetHints":{"allow":["GET"]}}],"collection":[{"href":"https:\/\/www.tpa-group.hu\/de\/wp-json\/wp\/v2\/pages"}],"about":[{"href":"https:\/\/www.tpa-group.hu\/de\/wp-json\/wp\/v2\/types\/page"}],"author":[{"embeddable":true,"href":"https:\/\/www.tpa-group.hu\/de\/wp-json\/wp\/v2\/users\/21"}],"replies":[{"embeddable":true,"href":"https:\/\/www.tpa-group.hu\/de\/wp-json\/wp\/v2\/comments?post=2773"}],"version-history":[{"count":8,"href":"https:\/\/www.tpa-group.hu\/de\/wp-json\/wp\/v2\/pages\/2773\/revisions"}],"predecessor-version":[{"id":3292,"href":"https:\/\/www.tpa-group.hu\/de\/wp-json\/wp\/v2\/pages\/2773\/revisions\/3292"}],"wp:attachment":[{"href":"https:\/\/www.tpa-group.hu\/de\/wp-json\/wp\/v2\/media?parent=2773"}],"curies":[{"name":"wp","href":"https:\/\/api.w.org\/{rel}","templated":true}]}}