{"id":2778,"date":"2024-03-28T16:53:16","date_gmt":"2024-03-28T16:53:16","guid":{"rendered":"https:\/\/www.tpa-group.hu\/tpa-in-ungarn\/"},"modified":"2024-09-19T12:03:34","modified_gmt":"2024-09-19T12:03:34","slug":"tpa-in-ungarn","status":"publish","type":"page","link":"https:\/\/www.tpa-group.hu\/de\/tpa-in-ungarn\/","title":{"rendered":"TPA in Ungarn"},"content":{"rendered":"\t\t<div data-elementor-type=\"wp-page\" data-elementor-id=\"2778\" class=\"elementor elementor-2778 elementor-1247\" data-elementor-post-type=\"page\">\n\t\t\t\t\t\t<section class=\"elementor-section elementor-top-section elementor-element elementor-element-555d3754 hero-banner elementor-section-boxed elementor-section-height-default elementor-section-height-default\" data-id=\"555d3754\" data-element_type=\"section\">\n\t\t\t\t\t\t<div class=\"elementor-container elementor-column-gap-default\">\n\t\t\t\t\t<div class=\"elementor-column elementor-col-50 elementor-top-column elementor-element elementor-element-3ad9ef8e\" data-id=\"3ad9ef8e\" data-element_type=\"column\">\n\t\t\t<div class=\"elementor-widget-wrap elementor-element-populated\">\n\t\t\t\t\t\t<section class=\"elementor-section elementor-inner-section elementor-element elementor-element-2e728af7 hero-banner-breadcrumbs-container elementor-section-boxed elementor-section-height-default elementor-section-height-default\" data-id=\"2e728af7\" data-element_type=\"section\">\n\t\t\t\t\t\t<div class=\"elementor-container elementor-column-gap-default\">\n\t\t\t\t\t<div class=\"elementor-column elementor-col-100 elementor-inner-column elementor-element elementor-element-25c4d081\" data-id=\"25c4d081\" data-element_type=\"column\">\n\t\t\t<div class=\"elementor-widget-wrap elementor-element-populated\">\n\t\t\t\t\t\t<div class=\"elementor-element elementor-element-2378aebf elementor-widget elementor-widget-heading\" data-id=\"2378aebf\" data-element_type=\"widget\" data-widget_type=\"heading.default\">\n\t\t\t\t<div class=\"elementor-widget-container\">\n\t\t\t\t\t<p class=\"elementor-heading-title elementor-size-default\"><a href=\"\/\">Home |&nbsp;<\/a><\/p>\t\t\t\t<\/div>\n\t\t\t\t<\/div>\n\t\t\t\t<div class=\"elementor-element elementor-element-1fd0b378 elementor-widget elementor-widget-heading\" data-id=\"1fd0b378\" data-element_type=\"widget\" data-widget_type=\"heading.default\">\n\t\t\t\t<div class=\"elementor-widget-container\">\n\t\t\t\t\t<p class=\"elementor-heading-title elementor-size-default\">TPA in Ungarn<\/p>\t\t\t\t<\/div>\n\t\t\t\t<\/div>\n\t\t\t\t\t<\/div>\n\t\t<\/div>\n\t\t\t\t\t<\/div>\n\t\t<\/section>\n\t\t\t\t<div class=\"elementor-element elementor-element-552eaf74 elementor-widget elementor-widget-heading\" data-id=\"552eaf74\" data-element_type=\"widget\" data-widget_type=\"heading.default\">\n\t\t\t\t<div class=\"elementor-widget-container\">\n\t\t\t\t\t<h1 class=\"elementor-heading-title elementor-size-default\">TPA in Ungarn<\/h1>\t\t\t\t<\/div>\n\t\t\t\t<\/div>\n\t\t\t\t<div class=\"elementor-element elementor-element-6a6c78ab elementor-widget elementor-widget-text-editor\" data-id=\"6a6c78ab\" data-element_type=\"widget\" data-widget_type=\"text-editor.default\">\n\t\t\t\t<div class=\"elementor-widget-container\">\n\t\t\t\t\t\t\t\t\t<p><span lang=\"EN-GB\" style=\"font-size: 11.0pt;line-height: 107%;font-family: 'Aptos',sans-serif\">TPA Ungarn verf\u00fcgt \u00fcber umfangreiche Erfahrungen in den Bereichen Buchhaltung und Steuerfragen von Immobilieninvestoren und vertritt seit 30 Jahren die gr\u00f6\u00dften deutschen und \u00f6sterreichischen Immobilieninvestoren sowie andere Produktions-, Handels- und Vermietungsunternehmen und Dienstleistungsunternehmen in Ungarn.<\/span><\/p>\n\t\t\t\t\t\t\t\t<\/div>\n\t\t\t\t<\/div>\n\t\t\t\t\t<\/div>\n\t\t<\/div>\n\t\t\t\t<div class=\"elementor-column elementor-col-50 elementor-top-column elementor-element elementor-element-3354e82b\" data-id=\"3354e82b\" data-element_type=\"column\">\n\t\t\t<div class=\"elementor-widget-wrap\">\n\t\t\t\t\t\t\t<\/div>\n\t\t<\/div>\n\t\t\t\t\t<\/div>\n\t\t<\/section>\n\t\t<div class=\"elementor-element elementor-element-9ae9966 page-content-container e-flex e-con-boxed e-con e-parent\" data-id=\"9ae9966\" data-element_type=\"container\">\n\t\t\t\t\t<div class=\"e-con-inner\">\n\t\t<div class=\"elementor-element elementor-element-1d32dfd e-con-full e-flex e-con e-child\" data-id=\"1d32dfd\" data-element_type=\"container\">\n\t\t\t\t<div class=\"elementor-element elementor-element-3caf41e elementor-widget elementor-widget-heading\" data-id=\"3caf41e\" data-element_type=\"widget\" data-widget_type=\"heading.default\">\n\t\t\t\t<div class=\"elementor-widget-container\">\n\t\t\t\t\t<h2 class=\"elementor-heading-title elementor-size-default\">Unser Unternehmen<\/h2>\t\t\t\t<\/div>\n\t\t\t\t<\/div>\n\t\t\t\t<div class=\"elementor-element elementor-element-601b216 elementor-widget elementor-widget-text-editor\" data-id=\"601b216\" data-element_type=\"widget\" data-widget_type=\"text-editor.default\">\n\t\t\t\t<div class=\"elementor-widget-container\">\n\t\t\t\t\t\t\t\t\t<p>TPA Ungarn wurde 1993 von den beiden Partnern J\u00f3zsef Szemer\u00e9di und Gy\u00f6rgy Jakab in Budapest gegr\u00fcndet. Mit ihrer Gr\u00fcndung wurde sie auch das erste CEE-Mitglied der TPA-Gruppe, die heute 12 L\u00e4nder umfasst und an 32 Standorten grenz\u00fcberschreitende Beratung anbietet.<\/p><p>TPA Ungarn bietet seinen Kunden Dienstleistungen in den Bereichen Steuerberatung, Wirtschaftspr\u00fcfung, Buchhaltung, Beratung und Lohnverrechnung an. Das Unternehmen besteht aus den folgenden Einheiten:<\/p><p><strong>TPA Consulting Ad\u00f3tan\u00e1csad\u00f3 Kft.<\/strong><\/p><p>Steuerberatung, Buchhaltung und Lohnverrechnung<\/p><p><strong>TPA Control K\u00f6nyvvizsg\u00e1l\u00f3 Kft.<\/strong><\/p><p>Unternehmensberatung, Wirtschaftspr\u00fcfung<\/p>\t\t\t\t\t\t\t\t<\/div>\n\t\t\t\t<\/div>\n\t\t\t\t<\/div>\n\t\t<div class=\"elementor-element elementor-element-71c9fbe e-con-full e-flex e-con e-child\" data-id=\"71c9fbe\" data-element_type=\"container\">\n\t\t\t\t<div class=\"elementor-element elementor-element-c951cf5 elementor-widget elementor-widget-spacer\" data-id=\"c951cf5\" data-element_type=\"widget\" data-widget_type=\"spacer.default\">\n\t\t\t\t<div class=\"elementor-widget-container\">\n\t\t\t\t\t\t\t<div class=\"elementor-spacer\">\n\t\t\t<div class=\"elementor-spacer-inner\"><\/div>\n\t\t<\/div>\n\t\t\t\t\t\t<\/div>\n\t\t\t\t<\/div>\n\t\t\t\t<div class=\"elementor-element elementor-element-dd84274 elementor-widget elementor-widget-image\" data-id=\"dd84274\" data-element_type=\"widget\" data-widget_type=\"image.default\">\n\t\t\t\t<div class=\"elementor-widget-container\">\n\t\t\t\t\t\t\t\t\t\t\t\t\t\t\t<img decoding=\"async\" src=\"https:\/\/www.tpa-group.hu\/app\/uploads\/sites\/6\/2024\/09\/TPA_Logo_Solo_4c.webp\" title=\"TPA_Logo_Solo_4c\" alt=\"TPA_Logo_Solo_4c\" loading=\"lazy\" \/>\t\t\t\t\t\t\t\t\t\t\t\t\t\t\t<\/div>\n\t\t\t\t<\/div>\n\t\t\t\t<\/div>\n\t\t\t\t\t<\/div>\n\t\t\t\t<\/div>\n\t\t<div class=\"elementor-element elementor-element-05d5926 page-content-container e-flex e-con-boxed e-con e-parent\" data-id=\"05d5926\" data-element_type=\"container\">\n\t\t\t\t\t<div class=\"e-con-inner\">\n\t\t<div class=\"elementor-element elementor-element-1d42fe0 e-con-full e-flex e-con e-child\" data-id=\"1d42fe0\" data-element_type=\"container\">\n\t\t\t\t<div class=\"elementor-element elementor-element-82f0e0d elementor-widget elementor-widget-heading\" data-id=\"82f0e0d\" data-element_type=\"widget\" data-widget_type=\"heading.default\">\n\t\t\t\t<div class=\"elementor-widget-container\">\n\t\t\t\t\t<h3 class=\"elementor-heading-title elementor-size-default\">12 L\u00e4nder. 1 Unternehmen. Die TPA-Gruppe.  <\/h3>\t\t\t\t<\/div>\n\t\t\t\t<\/div>\n\t\t\t\t<div class=\"elementor-element elementor-element-118a926 elementor-widget elementor-widget-text-editor\" data-id=\"118a926\" data-element_type=\"widget\" data-widget_type=\"text-editor.default\">\n\t\t\t\t<div class=\"elementor-widget-container\">\n\t\t\t\t\t\t\t\t\t<p>Neben Ungarn ist die TPA-Gruppe noch in elf weiteren europ\u00e4ischen L\u00e4ndern t\u00e4tig: \u00d6sterreich, Albanien, Bulgarien, Kroatien, Tschechien, Montenegro, Polen, Rum\u00e4nien, Serbien, Slowakei und Slowenien. Rund 1.850 Mitarbeiterinnen und Mitarbeiter an 30 Standorten sind f\u00fcr Sie und Ihre Anliegen da. <\/p>\n\t\t\t\t\t\t\t\t<\/div>\n\t\t\t\t<\/div>\n\t\t\t\t<\/div>\n\t\t<div class=\"elementor-element elementor-element-ae5b1f6 e-con-full e-flex e-con e-child\" data-id=\"ae5b1f6\" data-element_type=\"container\">\n\t\t\t\t<div class=\"elementor-element elementor-element-ccefd1e elementor-widget elementor-widget-image\" data-id=\"ccefd1e\" data-element_type=\"widget\" data-widget_type=\"image.default\">\n\t\t\t\t<div class=\"elementor-widget-container\">\n\t\t\t\t\t\t\t\t\t\t\t\t\t\t\t<img fetchpriority=\"high\" decoding=\"async\" width=\"535\" height=\"466\" src=\"https:\/\/www.tpa-group.hu\/app\/uploads\/sites\/6\/2024\/09\/MAP_Group_green_2024-TPA-Hungary.png\" class=\"attachment-large size-large wp-image-3182\" alt=\"\" srcset=\"https:\/\/www.tpa-group.hu\/app\/uploads\/sites\/6\/2024\/09\/MAP_Group_green_2024-TPA-Hungary.png 535w, https:\/\/www.tpa-group.hu\/app\/uploads\/sites\/6\/2024\/09\/MAP_Group_green_2024-TPA-Hungary-300x261.png 300w\" sizes=\"(max-width: 535px) 100vw, 535px\" \/>\t\t\t\t\t\t\t\t\t\t\t\t\t\t\t<\/div>\n\t\t\t\t<\/div>\n\t\t\t\t<\/div>\n\t\t\t\t\t<\/div>\n\t\t\t\t<\/div>\n\t\t<div class=\"elementor-element elementor-element-53facbe page-content-container e-flex e-con-boxed e-con e-parent\" data-id=\"53facbe\" data-element_type=\"container\">\n\t\t\t\t\t<div class=\"e-con-inner\">\n\t\t<div class=\"elementor-element elementor-element-ab0314e e-con-full e-flex e-con e-child\" data-id=\"ab0314e\" data-element_type=\"container\">\n\t\t\t\t<div class=\"elementor-element elementor-element-43ebbb7 elementor-widget elementor-widget-image\" data-id=\"43ebbb7\" data-element_type=\"widget\" data-widget_type=\"image.default\">\n\t\t\t\t<div class=\"elementor-widget-container\">\n\t\t\t\t\t\t\t\t\t\t\t\t\t\t\t<img decoding=\"async\" width=\"366\" height=\"99\" src=\"https:\/\/www.tpa-group.hu\/app\/uploads\/sites\/6\/2024\/09\/TPA-Group-Baker-Tilly.png\" class=\"attachment-large size-large wp-image-3176\" alt=\"\" srcset=\"https:\/\/www.tpa-group.hu\/app\/uploads\/sites\/6\/2024\/09\/TPA-Group-Baker-Tilly.png 366w, https:\/\/www.tpa-group.hu\/app\/uploads\/sites\/6\/2024\/09\/TPA-Group-Baker-Tilly-300x81.png 300w\" sizes=\"(max-width: 366px) 100vw, 366px\" \/>\t\t\t\t\t\t\t\t\t\t\t\t\t\t\t<\/div>\n\t\t\t\t<\/div>\n\t\t\t\t<\/div>\n\t\t<div class=\"elementor-element elementor-element-6132911 e-con-full e-flex e-con e-child\" data-id=\"6132911\" data-element_type=\"container\">\n\t\t\t\t<div class=\"elementor-element elementor-element-f1a8bfa elementor-widget elementor-widget-heading\" data-id=\"f1a8bfa\" data-element_type=\"widget\" data-widget_type=\"heading.default\">\n\t\t\t\t<div class=\"elementor-widget-container\">\n\t\t\t\t\t<h3 class=\"elementor-heading-title elementor-size-default\">Regional verankert. Weltweit vernetzt. <\/h3>\t\t\t\t<\/div>\n\t\t\t\t<\/div>\n\t\t\t\t<div class=\"elementor-element elementor-element-a6a98e6 elementor-widget elementor-widget-text-editor\" data-id=\"a6a98e6\" data-element_type=\"widget\" data-widget_type=\"text-editor.default\">\n\t\t\t\t<div class=\"elementor-widget-container\">\n\t\t\t\t\t\t\t\t\t<p>Die TPA Gruppe ist ein unabh\u00e4ngiges Mitglied der Baker Tilly Europe Alliance und kann so ihren Kunden ein weltweites Netzwerk von Steuerberatern, Wirtschaftspr\u00fcfern und Unternehmensberatern bieten. Das <span style=\"text-decoration: underline;\"><a href=\"https:\/\/www.tpa-group.at\/ueberschreiten-sie-grenzen-mit-tpa-an-ihrer-seite\/\" target=\"_blank\" rel=\"noopener\"><strong>Baker Tilly International Netzwerk<\/strong><\/a><\/span> umfasst aktuell 123 unabh\u00e4ngige Mitglieder in 142 L\u00e4ndern mit rund 43.000 Mitarbeitern und z\u00e4hlt mit diesem Angebot zu den \u201eTop Ten\u201c der weltweit t\u00e4tigen Beratungsnetzwerke.<\/p>\t\t\t\t\t\t\t\t<\/div>\n\t\t\t\t<\/div>\n\t\t\t\t<\/div>\n\t\t\t\t\t<\/div>\n\t\t\t\t<\/div>\n\t\t\t\t<\/div>\n\t\t","protected":false},"excerpt":{"rendered":"<p>Home |&nbsp; TPA in Ungarn TPA in Ungarn TPA Ungarn verf\u00fcgt \u00fcber umfangreiche Erfahrungen in den Bereichen Buchhaltung und Steuerfragen von Immobilieninvestoren und vertritt seit 30 Jahren die gr\u00f6\u00dften deutschen und \u00f6sterreichischen Immobilieninvestoren sowie andere Produktions-, Handels- und Vermietungsunternehmen und Dienstleistungsunternehmen in Ungarn. Unser Unternehmen TPA Ungarn wurde 1993 von den beiden Partnern J\u00f3zsef Szemer\u00e9di [&hellip;]<\/p>\n","protected":false},"author":21,"featured_media":0,"parent":0,"menu_order":0,"comment_status":"closed","ping_status":"closed","template":"elementor_header_footer","meta":{"_acf_changed":false,"footnotes":""},"class_list":["post-2778","page","type-page","status-publish","hentry"],"acf":[],"yoast_head":"<!-- This site is optimized with the Yoast SEO plugin v26.0 - https:\/\/yoast.com\/wordpress\/plugins\/seo\/ -->\n<title>TPA in Ungarn - www.tpa-group.hu<\/title>\n<meta name=\"robots\" content=\"index, follow, max-snippet:-1, max-image-preview:large, max-video-preview:-1\" \/>\n<link rel=\"canonical\" href=\"https:\/\/www.tpa-group.hu\/de\/tpa-in-ungarn\/\" \/>\n<meta property=\"og:locale\" content=\"de_DE\" \/>\n<meta property=\"og:type\" content=\"article\" \/>\n<meta property=\"og:title\" content=\"TPA in Ungarn - www.tpa-group.hu\" \/>\n<meta property=\"og:description\" content=\"Home |&nbsp; TPA in Ungarn TPA in Ungarn TPA Ungarn verf\u00fcgt \u00fcber umfangreiche Erfahrungen in den Bereichen Buchhaltung und Steuerfragen von Immobilieninvestoren und vertritt seit 30 Jahren die gr\u00f6\u00dften deutschen und \u00f6sterreichischen Immobilieninvestoren sowie andere Produktions-, Handels- und Vermietungsunternehmen und Dienstleistungsunternehmen in Ungarn. Unser Unternehmen TPA Ungarn wurde 1993 von den beiden Partnern J\u00f3zsef Szemer\u00e9di [&hellip;]\" \/>\n<meta property=\"og:url\" content=\"https:\/\/www.tpa-group.hu\/de\/tpa-in-ungarn\/\" \/>\n<meta property=\"og:site_name\" content=\"www.tpa-group.hu\" \/>\n<meta property=\"article:modified_time\" content=\"2024-09-19T12:03:34+00:00\" \/>\n<meta property=\"og:image\" content=\"https:\/\/www.tpa-group.hu\/app\/uploads\/sites\/6\/2024\/09\/TPA_Logo_Solo_4c.webp\" \/>\n<meta name=\"twitter:card\" content=\"summary_large_image\" \/>\n<meta name=\"twitter:label1\" content=\"Est. reading time\" \/>\n\t<meta name=\"twitter:data1\" content=\"2 Minuten\" \/>\n<script type=\"application\/ld+json\" class=\"yoast-schema-graph\">{\"@context\":\"https:\/\/schema.org\",\"@graph\":[{\"@type\":\"WebPage\",\"@id\":\"https:\/\/www.tpa-group.hu\/de\/tpa-in-ungarn\/\",\"url\":\"https:\/\/www.tpa-group.hu\/de\/tpa-in-ungarn\/\",\"name\":\"TPA in Ungarn - www.tpa-group.hu\",\"isPartOf\":{\"@id\":\"https:\/\/www.tpa-group.hu\/de\/#website\"},\"primaryImageOfPage\":{\"@id\":\"https:\/\/www.tpa-group.hu\/de\/tpa-in-ungarn\/#primaryimage\"},\"image\":{\"@id\":\"https:\/\/www.tpa-group.hu\/de\/tpa-in-ungarn\/#primaryimage\"},\"thumbnailUrl\":\"https:\/\/www.tpa-group.hu\/app\/uploads\/sites\/6\/2024\/09\/TPA_Logo_Solo_4c.webp\",\"datePublished\":\"2024-03-28T16:53:16+00:00\",\"dateModified\":\"2024-09-19T12:03:34+00:00\",\"breadcrumb\":{\"@id\":\"https:\/\/www.tpa-group.hu\/de\/tpa-in-ungarn\/#breadcrumb\"},\"inLanguage\":\"de-DE\",\"potentialAction\":[{\"@type\":\"ReadAction\",\"target\":[\"https:\/\/www.tpa-group.hu\/de\/tpa-in-ungarn\/\"]}]},{\"@type\":\"ImageObject\",\"inLanguage\":\"de-DE\",\"@id\":\"https:\/\/www.tpa-group.hu\/de\/tpa-in-ungarn\/#primaryimage\",\"url\":\"https:\/\/www.tpa-group.hu\/app\/uploads\/sites\/6\/2024\/09\/TPA_Logo_Solo_4c.webp\",\"contentUrl\":\"https:\/\/www.tpa-group.hu\/app\/uploads\/sites\/6\/2024\/09\/TPA_Logo_Solo_4c.webp\"},{\"@type\":\"BreadcrumbList\",\"@id\":\"https:\/\/www.tpa-group.hu\/de\/tpa-in-ungarn\/#breadcrumb\",\"itemListElement\":[{\"@type\":\"ListItem\",\"position\":1,\"name\":\"Home\",\"item\":\"https:\/\/www.tpa-group.hu\/de\/\"},{\"@type\":\"ListItem\",\"position\":2,\"name\":\"TPA in Ungarn\"}]},{\"@type\":\"WebSite\",\"@id\":\"https:\/\/www.tpa-group.hu\/de\/#website\",\"url\":\"https:\/\/www.tpa-group.hu\/de\/\",\"name\":\"www.tpa-group.hu\",\"description\":\"\",\"publisher\":{\"@id\":\"https:\/\/www.tpa-group.hu\/de\/#organization\"},\"potentialAction\":[{\"@type\":\"SearchAction\",\"target\":{\"@type\":\"EntryPoint\",\"urlTemplate\":\"https:\/\/www.tpa-group.hu\/de\/?s={search_term_string}\"},\"query-input\":{\"@type\":\"PropertyValueSpecification\",\"valueRequired\":true,\"valueName\":\"search_term_string\"}}],\"inLanguage\":\"de-DE\"},{\"@type\":\"Organization\",\"@id\":\"https:\/\/www.tpa-group.hu\/de\/#organization\",\"name\":\"www.tpa-group.hu\",\"url\":\"https:\/\/www.tpa-group.hu\/de\/\",\"logo\":{\"@type\":\"ImageObject\",\"inLanguage\":\"de-DE\",\"@id\":\"https:\/\/www.tpa-group.hu\/de\/#\/schema\/logo\/image\/\",\"url\":\"https:\/\/www.tpa-group.hu\/app\/uploads\/sites\/6\/2024\/10\/tpa-logo-favicon.svg\",\"contentUrl\":\"https:\/\/www.tpa-group.hu\/app\/uploads\/sites\/6\/2024\/10\/tpa-logo-favicon.svg\",\"width\":110,\"height\":93,\"caption\":\"www.tpa-group.hu\"},\"image\":{\"@id\":\"https:\/\/www.tpa-group.hu\/de\/#\/schema\/logo\/image\/\"}}]}<\/script>\n<!-- \/ Yoast SEO plugin. -->","yoast_head_json":{"title":"TPA in Ungarn - www.tpa-group.hu","robots":{"index":"index","follow":"follow","max-snippet":"max-snippet:-1","max-image-preview":"max-image-preview:large","max-video-preview":"max-video-preview:-1"},"canonical":"https:\/\/www.tpa-group.hu\/de\/tpa-in-ungarn\/","og_locale":"de_DE","og_type":"article","og_title":"TPA in Ungarn - www.tpa-group.hu","og_description":"Home |&nbsp; TPA in Ungarn TPA in Ungarn TPA Ungarn verf\u00fcgt \u00fcber umfangreiche Erfahrungen in den Bereichen Buchhaltung und Steuerfragen von Immobilieninvestoren und vertritt seit 30 Jahren die gr\u00f6\u00dften deutschen und \u00f6sterreichischen Immobilieninvestoren sowie andere Produktions-, Handels- und Vermietungsunternehmen und Dienstleistungsunternehmen in Ungarn. Unser Unternehmen TPA Ungarn wurde 1993 von den beiden Partnern J\u00f3zsef Szemer\u00e9di [&hellip;]","og_url":"https:\/\/www.tpa-group.hu\/de\/tpa-in-ungarn\/","og_site_name":"www.tpa-group.hu","article_modified_time":"2024-09-19T12:03:34+00:00","og_image":[{"url":"https:\/\/www.tpa-group.hu\/app\/uploads\/sites\/6\/2024\/09\/TPA_Logo_Solo_4c.webp","type":"","width":"","height":""}],"twitter_card":"summary_large_image","twitter_misc":{"Est. reading time":"2 Minuten"},"schema":{"@context":"https:\/\/schema.org","@graph":[{"@type":"WebPage","@id":"https:\/\/www.tpa-group.hu\/de\/tpa-in-ungarn\/","url":"https:\/\/www.tpa-group.hu\/de\/tpa-in-ungarn\/","name":"TPA in Ungarn - www.tpa-group.hu","isPartOf":{"@id":"https:\/\/www.tpa-group.hu\/de\/#website"},"primaryImageOfPage":{"@id":"https:\/\/www.tpa-group.hu\/de\/tpa-in-ungarn\/#primaryimage"},"image":{"@id":"https:\/\/www.tpa-group.hu\/de\/tpa-in-ungarn\/#primaryimage"},"thumbnailUrl":"https:\/\/www.tpa-group.hu\/app\/uploads\/sites\/6\/2024\/09\/TPA_Logo_Solo_4c.webp","datePublished":"2024-03-28T16:53:16+00:00","dateModified":"2024-09-19T12:03:34+00:00","breadcrumb":{"@id":"https:\/\/www.tpa-group.hu\/de\/tpa-in-ungarn\/#breadcrumb"},"inLanguage":"de-DE","potentialAction":[{"@type":"ReadAction","target":["https:\/\/www.tpa-group.hu\/de\/tpa-in-ungarn\/"]}]},{"@type":"ImageObject","inLanguage":"de-DE","@id":"https:\/\/www.tpa-group.hu\/de\/tpa-in-ungarn\/#primaryimage","url":"https:\/\/www.tpa-group.hu\/app\/uploads\/sites\/6\/2024\/09\/TPA_Logo_Solo_4c.webp","contentUrl":"https:\/\/www.tpa-group.hu\/app\/uploads\/sites\/6\/2024\/09\/TPA_Logo_Solo_4c.webp"},{"@type":"BreadcrumbList","@id":"https:\/\/www.tpa-group.hu\/de\/tpa-in-ungarn\/#breadcrumb","itemListElement":[{"@type":"ListItem","position":1,"name":"Home","item":"https:\/\/www.tpa-group.hu\/de\/"},{"@type":"ListItem","position":2,"name":"TPA in Ungarn"}]},{"@type":"WebSite","@id":"https:\/\/www.tpa-group.hu\/de\/#website","url":"https:\/\/www.tpa-group.hu\/de\/","name":"www.tpa-group.hu","description":"","publisher":{"@id":"https:\/\/www.tpa-group.hu\/de\/#organization"},"potentialAction":[{"@type":"SearchAction","target":{"@type":"EntryPoint","urlTemplate":"https:\/\/www.tpa-group.hu\/de\/?s={search_term_string}"},"query-input":{"@type":"PropertyValueSpecification","valueRequired":true,"valueName":"search_term_string"}}],"inLanguage":"de-DE"},{"@type":"Organization","@id":"https:\/\/www.tpa-group.hu\/de\/#organization","name":"www.tpa-group.hu","url":"https:\/\/www.tpa-group.hu\/de\/","logo":{"@type":"ImageObject","inLanguage":"de-DE","@id":"https:\/\/www.tpa-group.hu\/de\/#\/schema\/logo\/image\/","url":"https:\/\/www.tpa-group.hu\/app\/uploads\/sites\/6\/2024\/10\/tpa-logo-favicon.svg","contentUrl":"https:\/\/www.tpa-group.hu\/app\/uploads\/sites\/6\/2024\/10\/tpa-logo-favicon.svg","width":110,"height":93,"caption":"www.tpa-group.hu"},"image":{"@id":"https:\/\/www.tpa-group.hu\/de\/#\/schema\/logo\/image\/"}}]}},"_links":{"self":[{"href":"https:\/\/www.tpa-group.hu\/de\/wp-json\/wp\/v2\/pages\/2778","targetHints":{"allow":["GET"]}}],"collection":[{"href":"https:\/\/www.tpa-group.hu\/de\/wp-json\/wp\/v2\/pages"}],"about":[{"href":"https:\/\/www.tpa-group.hu\/de\/wp-json\/wp\/v2\/types\/page"}],"author":[{"embeddable":true,"href":"https:\/\/www.tpa-group.hu\/de\/wp-json\/wp\/v2\/users\/21"}],"replies":[{"embeddable":true,"href":"https:\/\/www.tpa-group.hu\/de\/wp-json\/wp\/v2\/comments?post=2778"}],"version-history":[{"count":11,"href":"https:\/\/www.tpa-group.hu\/de\/wp-json\/wp\/v2\/pages\/2778\/revisions"}],"predecessor-version":[{"id":3263,"href":"https:\/\/www.tpa-group.hu\/de\/wp-json\/wp\/v2\/pages\/2778\/revisions\/3263"}],"wp:attachment":[{"href":"https:\/\/www.tpa-group.hu\/de\/wp-json\/wp\/v2\/media?parent=2778"}],"curies":[{"name":"wp","href":"https:\/\/api.w.org\/{rel}","templated":true}]}}