{"id":1785,"date":"2024-04-03T13:44:04","date_gmt":"2024-04-03T13:44:04","guid":{"rendered":"https:\/\/www.tpa-group.hu\/baker-tilly-international\/"},"modified":"2024-09-24T10:38:14","modified_gmt":"2024-09-24T10:38:14","slug":"baker-tilly-international","status":"publish","type":"page","link":"https:\/\/www.tpa-group.hu\/hu\/baker-tilly-international\/","title":{"rendered":"Baker Tilly International"},"content":{"rendered":"\t\t<div data-elementor-type=\"wp-page\" data-elementor-id=\"1785\" class=\"elementor elementor-1785 elementor-1365\" data-elementor-post-type=\"page\">\n\t\t\t\t\t\t<section class=\"elementor-section elementor-top-section elementor-element elementor-element-1dc572b hero-banner elementor-section-boxed elementor-section-height-default elementor-section-height-default\" data-id=\"1dc572b\" data-element_type=\"section\">\n\t\t\t\t\t\t<div class=\"elementor-container elementor-column-gap-default\">\n\t\t\t\t\t<div class=\"elementor-column elementor-col-50 elementor-top-column elementor-element elementor-element-b62577f\" data-id=\"b62577f\" data-element_type=\"column\">\n\t\t\t<div class=\"elementor-widget-wrap elementor-element-populated\">\n\t\t\t\t\t\t<section class=\"elementor-section elementor-inner-section elementor-element elementor-element-a056b21 hero-banner-breadcrumbs-container elementor-section-boxed elementor-section-height-default elementor-section-height-default\" data-id=\"a056b21\" data-element_type=\"section\">\n\t\t\t\t\t\t<div class=\"elementor-container elementor-column-gap-default\">\n\t\t\t\t\t<div class=\"elementor-column elementor-col-100 elementor-inner-column elementor-element elementor-element-6178eae\" data-id=\"6178eae\" data-element_type=\"column\">\n\t\t\t<div class=\"elementor-widget-wrap elementor-element-populated\">\n\t\t\t\t\t\t<div class=\"elementor-element elementor-element-00a3732 elementor-widget elementor-widget-heading\" data-id=\"00a3732\" data-element_type=\"widget\" data-widget_type=\"heading.default\">\n\t\t\t\t<div class=\"elementor-widget-container\">\n\t\t\t\t\t<p class=\"elementor-heading-title elementor-size-default\"><a href=\"\/\">F\u0151oldal |&nbsp;<\/a><\/p>\t\t\t\t<\/div>\n\t\t\t\t<\/div>\n\t\t\t\t<div class=\"elementor-element elementor-element-c028425 elementor-widget elementor-widget-heading\" data-id=\"c028425\" data-element_type=\"widget\" data-widget_type=\"heading.default\">\n\t\t\t\t<div class=\"elementor-widget-container\">\n\t\t\t\t\t<p class=\"elementor-heading-title elementor-size-default\">Baker Tilly International<\/p>\t\t\t\t<\/div>\n\t\t\t\t<\/div>\n\t\t\t\t\t<\/div>\n\t\t<\/div>\n\t\t\t\t\t<\/div>\n\t\t<\/section>\n\t\t\t\t<div class=\"elementor-element elementor-element-930ed6a elementor-widget elementor-widget-heading\" data-id=\"930ed6a\" data-element_type=\"widget\" data-widget_type=\"heading.default\">\n\t\t\t\t<div class=\"elementor-widget-container\">\n\t\t\t\t\t<h1 class=\"elementor-heading-title elementor-size-default\">L\u00e9pjen \u00e1t a hat\u00e1rokon. A TPA-val az \u00d6n oldal\u00e1n.<\/h1>\t\t\t\t<\/div>\n\t\t\t\t<\/div>\n\t\t\t\t<div class=\"elementor-element elementor-element-beae57d elementor-widget elementor-widget-text-editor\" data-id=\"beae57d\" data-element_type=\"widget\" data-widget_type=\"text-editor.default\">\n\t\t\t\t<div class=\"elementor-widget-container\">\n\t\t\t\t\t\t\t\t\t<p>Gondolkodjon el\u0151re: a vil\u00e1g minden t\u00e1j\u00e1n tudunk \u00d6nnek tan\u00e1csot adni.<\/p>\n\t\t\t\t\t\t\t\t<\/div>\n\t\t\t\t<\/div>\n\t\t\t\t\t<\/div>\n\t\t<\/div>\n\t\t\t\t<div class=\"elementor-column elementor-col-50 elementor-top-column elementor-element elementor-element-750690b\" data-id=\"750690b\" data-element_type=\"column\">\n\t\t\t<div class=\"elementor-widget-wrap\">\n\t\t\t\t\t\t\t<\/div>\n\t\t<\/div>\n\t\t\t\t\t<\/div>\n\t\t<\/section>\n\t\t<div class=\"elementor-element elementor-element-ceb1620 page-content-container e-flex e-con-boxed e-con e-parent\" data-id=\"ceb1620\" data-element_type=\"container\">\n\t\t\t\t\t<div class=\"e-con-inner\">\n\t\t<div class=\"elementor-element elementor-element-9a0e481 e-flex e-con-boxed e-con e-child\" data-id=\"9a0e481\" data-element_type=\"container\">\n\t\t\t\t\t<div class=\"e-con-inner\">\n\t\t\t\t<div class=\"elementor-element elementor-element-48fdcf0 elementor-widget elementor-widget-text-editor\" data-id=\"48fdcf0\" data-element_type=\"widget\" data-widget_type=\"text-editor.default\">\n\t\t\t\t<div class=\"elementor-widget-container\">\n\t\t\t\t\t\t\t\t\t<p>A TPA-csoport f\u0151 piacai K\u00f6z\u00e9p- \u00e9s D\u00e9lkelet-Eur\u00f3pa, valamint Ausztria. Ez azonban nem jelenti azt, hogy ezzel el\u00e9rt\u00fck hat\u00e1rainkat. Vil\u00e1gszerte el\u00e9rhet\u0151v\u00e9 tudjuk tenni \u00d6nnek ad\u00f3tan\u00e1csad\u00f3k \u00e9s tan\u00e1csad\u00f3k h\u00e1l\u00f3zat\u00e1t, mivel a TPA Csoport a <a href=\"https:\/\/www.tpa-group.com\/en\/baker-tilly-europe-alliance\/\"><u>Baker Tilly Europe Alliance<\/u><\/a> f\u00fcggetlen tagja.<\/p>\n\t\t\t\t\t\t\t\t<\/div>\n\t\t\t\t<\/div>\n\t\t\t\t<div class=\"elementor-element elementor-element-3c5f3f1 elementor-widget elementor-widget-heading\" data-id=\"3c5f3f1\" data-element_type=\"widget\" data-widget_type=\"heading.default\">\n\t\t\t\t<div class=\"elementor-widget-container\">\n\t\t\t\t\t<h2 class=\"elementor-heading-title elementor-size-default\">K\u00f6zvetlen kapcsolat nemzetk\u00f6zi vezet\u0151 tan\u00e1csad\u00f3kkal<\/h2>\t\t\t\t<\/div>\n\t\t\t\t<\/div>\n\t\t\t\t\t<\/div>\n\t\t\t\t<\/div>\n\t\t\t\t<div class=\"elementor-element elementor-element-3d270c8 elementor-widget elementor-widget-text-editor\" data-id=\"3d270c8\" data-element_type=\"widget\" data-widget_type=\"text-editor.default\">\n\t\t\t\t<div class=\"elementor-widget-container\">\n\t\t\t\t\t\t\t\t\t<p>A Baker Tilly International h\u00e1l\u00f3zattal val\u00f3 sz\u00f6vets\u00e9g\u00fcnknek k\u00f6sz\u00f6nhet\u0151en a TPA t\u00f6k\u00e9letes kapcsolatokkal rendelkezik vil\u00e1gszerte. A vil\u00e1g \u00f6sszes gazdas\u00e1gilag jelent\u0151s v\u00e1ros\u00e1ban \u00e9s r\u00e9gi\u00f3j\u00e1ban magas sz\u00ednvonal\u00fa szolg\u00e1ltat\u00e1sokat tudunk ny\u00fajtani \u00fcgyfeleinknek.<\/p>\n<p><strong>Az \u00d6n el\u0151nye<\/strong>: k\u00f6zvetlen kapcsolattart\u00e1s az adott orsz\u00e1g piaci helyzet\u00e9t kiv\u00e1l\u00f3an ismer\u0151 nemzetk\u00f6zi vezet\u0151 tan\u00e1csad\u00f3kkal.<\/p>\n\t\t\t\t\t\t\t\t<\/div>\n\t\t\t\t<\/div>\n\t\t<div class=\"elementor-element elementor-element-eca783f e-flex e-con-boxed e-con e-child\" data-id=\"eca783f\" data-element_type=\"container\">\n\t\t\t\t\t<div class=\"e-con-inner\">\n\t\t<div class=\"elementor-element elementor-element-3870ae2 e-con-full e-flex e-con e-child\" data-id=\"3870ae2\" data-element_type=\"container\">\n\t\t\t\t<div class=\"elementor-element elementor-element-142f04c elementor-widget elementor-widget-heading\" data-id=\"142f04c\" data-element_type=\"widget\" data-widget_type=\"heading.default\">\n\t\t\t\t<div class=\"elementor-widget-container\">\n\t\t\t\t\t<h2 class=\"elementor-heading-title elementor-size-default\">A Baker Tilly International h\u00e1l\u00f3zata<\/h2>\t\t\t\t<\/div>\n\t\t\t\t<\/div>\n\t\t\t\t<div class=\"elementor-element elementor-element-71f53d6 elementor-widget elementor-widget-text-editor\" data-id=\"71f53d6\" data-element_type=\"widget\" data-widget_type=\"text-editor.default\">\n\t\t\t\t<div class=\"elementor-widget-container\">\n\t\t\t\t\t\t\t\t\t<p>A Baker Tilly International h\u00e1l\u00f3zata jelenleg<\/p>\n<ul>\n<li><strong>706 irod\u00e1ban m\u0171k\u00f6dik<\/strong><\/li>\n<li><strong>148 orsz\u00e1gban<\/strong><\/li>\n<li><strong>kb. 39.000 alkalmazottal,<\/strong><\/li>\n<\/ul>\n<p>aminek k\u00f6sz\u00f6nhet\u0151en a <strong>&#8222;Top T\u00edz&#8221;<\/strong> glob\u00e1lis tan\u00e1csad\u00f3i h\u00e1l\u00f3zatok k\u00f6z\u00e9 tartozik.<\/p>\n\t\t\t\t\t\t\t\t<\/div>\n\t\t\t\t<\/div>\n\t\t\t\t<\/div>\n\t\t<div class=\"elementor-element elementor-element-3b4acdd e-con-full e-flex e-con e-child\" data-id=\"3b4acdd\" data-element_type=\"container\">\n\t\t\t\t<div class=\"elementor-element elementor-element-bb39be8 elementor-widget elementor-widget-video\" data-id=\"bb39be8\" data-element_type=\"widget\" data-settings=\"{&quot;youtube_url&quot;:&quot;https:\\\/\\\/youtu.be\\\/_07yjX5VSZY&quot;,&quot;video_type&quot;:&quot;youtube&quot;,&quot;controls&quot;:&quot;yes&quot;}\" data-widget_type=\"video.default\">\n\t\t\t\t<div class=\"elementor-widget-container\">\n\t\t\t\t\t\t\t<div class=\"elementor-wrapper elementor-open-inline\">\n\t\t\t<div class=\"elementor-video\"><\/div>\t\t<\/div>\n\t\t\t\t\t\t<\/div>\n\t\t\t\t<\/div>\n\t\t\t\t<\/div>\n\t\t\t\t\t<\/div>\n\t\t\t\t<\/div>\n\t\t<div class=\"elementor-element elementor-element-03d0cdb e-flex e-con-boxed e-con e-child\" data-id=\"03d0cdb\" data-element_type=\"container\">\n\t\t\t\t\t<div class=\"e-con-inner\">\n\t\t\t\t<div class=\"elementor-element elementor-element-656336b elementor-widget elementor-widget-heading\" data-id=\"656336b\" data-element_type=\"widget\" data-widget_type=\"heading.default\">\n\t\t\t\t<div class=\"elementor-widget-container\">\n\t\t\t\t\t<h2 class=\"elementor-heading-title elementor-size-default\">A vil\u00e1g piacainak megnyit\u00e1sa<\/h2>\t\t\t\t<\/div>\n\t\t\t\t<\/div>\n\t\t\t\t<div class=\"elementor-element elementor-element-20c83ed elementor-widget elementor-widget-text-editor\" data-id=\"20c83ed\" data-element_type=\"widget\" data-widget_type=\"text-editor.default\">\n\t\t\t\t<div class=\"elementor-widget-container\">\n\t\t\t\t\t\t\t\t\t<p>Megnyithatjuk \u00d6nnek a vil\u00e1g piacait. A Baker Tilly International szak\u00e9rt\u0151inek kiv\u00e1l\u00f3 szaktud\u00e1s\u00e1hoz \u00e9s speci\u00e1lis piaci ismereteihez val\u00f3 k\u00f6zvetlen hozz\u00e1f\u00e9r\u00e9s\u00fcnkkel.<\/p>\n<p>N\u00e9metorsz\u00e1gban, a legjelent\u0151sebb eur\u00f3pai piacon a TPA Csoport szorosan egy\u00fcttm\u0171k\u00f6dik a Baker Tilly International egyik vezet\u0151 tagj\u00e1val: a <strong>Baker Tilly<\/strong>-vel, ami egy elismert n\u00e9met tan\u00e1csad\u00f3 c\u00e9g 10 n\u00e9metorsz\u00e1gi telephellyel \u00e9s mintegy 1000 alkalmazottal.<\/p>\n<p>Tov\u00e1bbi inform\u00e1ci\u00f3k a <a title=\"A TPA Group ad\u00f3tan\u00e1csad\u00e1si, k\u00f6nyvvizsg\u00e1l\u00f3i \u00e9s tan\u00e1csad\u00f3i szolg\u00e1ltat\u00e1sokat ny\u00fajt a k\u00f6z\u00e9p- \u00e9s kelet-eur\u00f3pai r\u00e9gi\u00f3ban\" href=\"https:\/\/www.tpa-group.at\/de\/12-laender-1-unternehmen\/\"><strong>TPA Csoportr\u00f3l,<\/strong><\/a> \u00e9s a <strong>12 k\u00f6z\u00e9p- \u00e9s kelet-k\u00f6z\u00e9p-eur\u00f3pai orsz\u00e1gban<\/strong> tal\u00e1lhat\u00f3 irod\u00e1inkr\u00f3l.<\/p>\n\t\t\t\t\t\t\t\t<\/div>\n\t\t\t\t<\/div>\n\t\t\t\t\t<\/div>\n\t\t\t\t<\/div>\n\t\t\t\t<div class=\"elementor-element elementor-element-1ab1c24 elementor-widget__width-initial elementor-widget elementor-widget-image\" data-id=\"1ab1c24\" data-element_type=\"widget\" data-widget_type=\"image.default\">\n\t\t\t\t<div class=\"elementor-widget-container\">\n\t\t\t\t\t\t\t\t\t\t\t\t\t\t\t\t<a href=\"https:\/\/www.bakertilly.de\/en\/\">\n\t\t\t\t\t\t\t<img decoding=\"async\" width=\"366\" height=\"99\" src=\"https:\/\/www.tpa-group.hu\/app\/uploads\/sites\/6\/2024\/09\/TPA-Group-Baker-Tilly.png\" class=\"attachment-medium_large size-medium_large wp-image-3175\" alt=\"\" srcset=\"https:\/\/www.tpa-group.hu\/app\/uploads\/sites\/6\/2024\/09\/TPA-Group-Baker-Tilly.png 366w, https:\/\/www.tpa-group.hu\/app\/uploads\/sites\/6\/2024\/09\/TPA-Group-Baker-Tilly-300x81.png 300w\" sizes=\"(max-width: 366px) 100vw, 366px\" \/>\t\t\t\t\t\t\t\t<\/a>\n\t\t\t\t\t\t\t\t\t\t\t\t\t\t\t<\/div>\n\t\t\t\t<\/div>\n\t\t\t\t<div class=\"elementor-element elementor-element-9f16096 elementor-widget elementor-widget-text-editor\" data-id=\"9f16096\" data-element_type=\"widget\" data-widget_type=\"text-editor.default\">\n\t\t\t\t<div class=\"elementor-widget-container\">\n\t\t\t\t\t\t\t\t\t<p><small>A TPA Magyarorsz\u00e1g a <strong>Baker Tilly Europe Alliance<\/strong> f\u00fcggetlen tagja. A Baker Tilly Europe Alliance nem ny\u00fajt szakmai szolg\u00e1ltat\u00e1sokat az \u00fcgyfeleknek. Minden tagv\u00e1llalat k\u00fcl\u00f6n\u00e1ll\u00f3 \u00e9s f\u00fcggetlen jogi szem\u00e9ly, \u00e9s mindegyik\u00fck \u00edgy is jellemzi mag\u00e1t. A TPA Magyarorsz\u00e1g nem \u00fcgyn\u00f6ke a Baker Tilly Europe Alliance-nek, sem a Baker Tilly International-nek, \u00e9s nem rendelkezik felhatalmaz\u00e1ssal arra, hogy a Baker Tilly Europe Alliance-t vagy a Baker Tilly International-t k\u00f6telezze, vagy b\u00e1rmelyik szervezet nev\u00e9ben elj\u00e1rjon. Sem a Baker Tilly International, sem a Baker Tilly Europe Alliance, sem a TPA Magyarorsz\u00e1g, sem a Baker Tilly International vagy a Baker Tilly Europe Alliance tagv\u00e1llalatai nem v\u00e1llalnak felel\u0151ss\u00e9get egym\u00e1s cselekedetei\u00e9rt vagy mulaszt\u00e1sai\u00e9rt. Tov\u00e1bb\u00e1, sem a Baker Tilly International, sem a Baker Tilly Europe Alliance, sem b\u00e1rmely m\u00e1s tagv\u00e1llalat nem jogosult arra, hogy b\u00e1rmely m\u00e1s tagv\u00e1llalat felett vezet\u0151i ellen\u0151rz\u00e9st gyakoroljon. A Baker Tilly nevet \u00e9s a hozz\u00e1 tartoz\u00f3 log\u00f3t a Baker Tilly International Limited licenc alapj\u00e1n haszn\u00e1lj\u00e1k.<\/small><\/p>\n\t\t\t\t\t\t\t\t<\/div>\n\t\t\t\t<\/div>\n\t\t\t\t\t<\/div>\n\t\t\t\t<\/div>\n\t\t\t\t<\/div>\n\t\t","protected":false},"excerpt":{"rendered":"<p>F\u0151oldal |&nbsp; Baker Tilly International L\u00e9pjen \u00e1t a hat\u00e1rokon. A TPA-val az \u00d6n oldal\u00e1n. Gondolkodjon el\u0151re: a vil\u00e1g minden t\u00e1j\u00e1n tudunk \u00d6nnek tan\u00e1csot adni. A TPA-csoport f\u0151 piacai K\u00f6z\u00e9p- \u00e9s D\u00e9lkelet-Eur\u00f3pa, valamint Ausztria. Ez azonban nem jelenti azt, hogy ezzel el\u00e9rt\u00fck hat\u00e1rainkat. Vil\u00e1gszerte el\u00e9rhet\u0151v\u00e9 tudjuk tenni \u00d6nnek ad\u00f3tan\u00e1csad\u00f3k \u00e9s tan\u00e1csad\u00f3k h\u00e1l\u00f3zat\u00e1t, mivel a TPA Csoport [&hellip;]<\/p>\n","protected":false},"author":21,"featured_media":0,"parent":0,"menu_order":0,"comment_status":"closed","ping_status":"closed","template":"elementor_header_footer","meta":{"_acf_changed":false,"footnotes":""},"class_list":["post-1785","page","type-page","status-publish","hentry"],"acf":[],"yoast_head":"<!-- This site is optimized with the Yoast SEO plugin v26.0 - https:\/\/yoast.com\/wordpress\/plugins\/seo\/ -->\n<title>Baker Tilly International - www.tpa-group.hu<\/title>\n<meta name=\"robots\" content=\"index, follow, max-snippet:-1, max-image-preview:large, max-video-preview:-1\" \/>\n<link rel=\"canonical\" href=\"https:\/\/www.tpa-group.hu\/hu\/baker-tilly-international\/\" \/>\n<meta property=\"og:locale\" content=\"hu_HU\" \/>\n<meta property=\"og:type\" content=\"article\" \/>\n<meta property=\"og:title\" content=\"Baker Tilly International - www.tpa-group.hu\" \/>\n<meta property=\"og:description\" content=\"F\u0151oldal |&nbsp; Baker Tilly International L\u00e9pjen \u00e1t a hat\u00e1rokon. A TPA-val az \u00d6n oldal\u00e1n. Gondolkodjon el\u0151re: a vil\u00e1g minden t\u00e1j\u00e1n tudunk \u00d6nnek tan\u00e1csot adni. A TPA-csoport f\u0151 piacai K\u00f6z\u00e9p- \u00e9s D\u00e9lkelet-Eur\u00f3pa, valamint Ausztria. Ez azonban nem jelenti azt, hogy ezzel el\u00e9rt\u00fck hat\u00e1rainkat. Vil\u00e1gszerte el\u00e9rhet\u0151v\u00e9 tudjuk tenni \u00d6nnek ad\u00f3tan\u00e1csad\u00f3k \u00e9s tan\u00e1csad\u00f3k h\u00e1l\u00f3zat\u00e1t, mivel a TPA Csoport [&hellip;]\" \/>\n<meta property=\"og:url\" content=\"https:\/\/www.tpa-group.hu\/hu\/baker-tilly-international\/\" \/>\n<meta property=\"og:site_name\" content=\"www.tpa-group.hu\" \/>\n<meta property=\"article:modified_time\" content=\"2024-09-24T10:38:14+00:00\" \/>\n<meta property=\"og:image\" content=\"https:\/\/www.tpa-group.hu\/app\/uploads\/sites\/6\/2024\/09\/TPA-Group-Baker-Tilly.png\" \/>\n<meta name=\"twitter:card\" content=\"summary_large_image\" \/>\n<script type=\"application\/ld+json\" class=\"yoast-schema-graph\">{\"@context\":\"https:\/\/schema.org\",\"@graph\":[{\"@type\":\"WebPage\",\"@id\":\"https:\/\/www.tpa-group.hu\/hu\/baker-tilly-international\/\",\"url\":\"https:\/\/www.tpa-group.hu\/hu\/baker-tilly-international\/\",\"name\":\"Baker Tilly International - www.tpa-group.hu\",\"isPartOf\":{\"@id\":\"https:\/\/www.tpa-group.hu\/hu\/#website\"},\"primaryImageOfPage\":{\"@id\":\"https:\/\/www.tpa-group.hu\/hu\/baker-tilly-international\/#primaryimage\"},\"image\":{\"@id\":\"https:\/\/www.tpa-group.hu\/hu\/baker-tilly-international\/#primaryimage\"},\"thumbnailUrl\":\"https:\/\/www.tpa-group.hu\/app\/uploads\/sites\/6\/2024\/09\/TPA-Group-Baker-Tilly.png\",\"datePublished\":\"2024-04-03T13:44:04+00:00\",\"dateModified\":\"2024-09-24T10:38:14+00:00\",\"breadcrumb\":{\"@id\":\"https:\/\/www.tpa-group.hu\/hu\/baker-tilly-international\/#breadcrumb\"},\"inLanguage\":\"hu\",\"potentialAction\":[{\"@type\":\"ReadAction\",\"target\":[\"https:\/\/www.tpa-group.hu\/hu\/baker-tilly-international\/\"]}]},{\"@type\":\"ImageObject\",\"inLanguage\":\"hu\",\"@id\":\"https:\/\/www.tpa-group.hu\/hu\/baker-tilly-international\/#primaryimage\",\"url\":\"https:\/\/www.tpa-group.hu\/app\/uploads\/sites\/6\/2024\/09\/TPA-Group-Baker-Tilly.png\",\"contentUrl\":\"https:\/\/www.tpa-group.hu\/app\/uploads\/sites\/6\/2024\/09\/TPA-Group-Baker-Tilly.png\"},{\"@type\":\"BreadcrumbList\",\"@id\":\"https:\/\/www.tpa-group.hu\/hu\/baker-tilly-international\/#breadcrumb\",\"itemListElement\":[{\"@type\":\"ListItem\",\"position\":1,\"name\":\"Home\",\"item\":\"https:\/\/www.tpa-group.hu\/hu\/\"},{\"@type\":\"ListItem\",\"position\":2,\"name\":\"Baker Tilly International\"}]},{\"@type\":\"WebSite\",\"@id\":\"https:\/\/www.tpa-group.hu\/hu\/#website\",\"url\":\"https:\/\/www.tpa-group.hu\/hu\/\",\"name\":\"www.tpa-group.hu\",\"description\":\"\",\"publisher\":{\"@id\":\"https:\/\/www.tpa-group.hu\/hu\/#organization\"},\"potentialAction\":[{\"@type\":\"SearchAction\",\"target\":{\"@type\":\"EntryPoint\",\"urlTemplate\":\"https:\/\/www.tpa-group.hu\/hu\/?s={search_term_string}\"},\"query-input\":{\"@type\":\"PropertyValueSpecification\",\"valueRequired\":true,\"valueName\":\"search_term_string\"}}],\"inLanguage\":\"hu\"},{\"@type\":\"Organization\",\"@id\":\"https:\/\/www.tpa-group.hu\/hu\/#organization\",\"name\":\"www.tpa-group.hu\",\"url\":\"https:\/\/www.tpa-group.hu\/hu\/\",\"logo\":{\"@type\":\"ImageObject\",\"inLanguage\":\"hu\",\"@id\":\"https:\/\/www.tpa-group.hu\/hu\/#\/schema\/logo\/image\/\",\"url\":\"https:\/\/www.tpa-group.hu\/app\/uploads\/sites\/6\/2024\/10\/tpa-logo-favicon.svg\",\"contentUrl\":\"https:\/\/www.tpa-group.hu\/app\/uploads\/sites\/6\/2024\/10\/tpa-logo-favicon.svg\",\"width\":110,\"height\":93,\"caption\":\"www.tpa-group.hu\"},\"image\":{\"@id\":\"https:\/\/www.tpa-group.hu\/hu\/#\/schema\/logo\/image\/\"}}]}<\/script>\n<!-- \/ Yoast SEO plugin. -->","yoast_head_json":{"title":"Baker Tilly International - www.tpa-group.hu","robots":{"index":"index","follow":"follow","max-snippet":"max-snippet:-1","max-image-preview":"max-image-preview:large","max-video-preview":"max-video-preview:-1"},"canonical":"https:\/\/www.tpa-group.hu\/hu\/baker-tilly-international\/","og_locale":"hu_HU","og_type":"article","og_title":"Baker Tilly International - www.tpa-group.hu","og_description":"F\u0151oldal |&nbsp; Baker Tilly International L\u00e9pjen \u00e1t a hat\u00e1rokon. A TPA-val az \u00d6n oldal\u00e1n. Gondolkodjon el\u0151re: a vil\u00e1g minden t\u00e1j\u00e1n tudunk \u00d6nnek tan\u00e1csot adni. A TPA-csoport f\u0151 piacai K\u00f6z\u00e9p- \u00e9s D\u00e9lkelet-Eur\u00f3pa, valamint Ausztria. Ez azonban nem jelenti azt, hogy ezzel el\u00e9rt\u00fck hat\u00e1rainkat. Vil\u00e1gszerte el\u00e9rhet\u0151v\u00e9 tudjuk tenni \u00d6nnek ad\u00f3tan\u00e1csad\u00f3k \u00e9s tan\u00e1csad\u00f3k h\u00e1l\u00f3zat\u00e1t, mivel a TPA Csoport [&hellip;]","og_url":"https:\/\/www.tpa-group.hu\/hu\/baker-tilly-international\/","og_site_name":"www.tpa-group.hu","article_modified_time":"2024-09-24T10:38:14+00:00","og_image":[{"url":"https:\/\/www.tpa-group.hu\/app\/uploads\/sites\/6\/2024\/09\/TPA-Group-Baker-Tilly.png","type":"","width":"","height":""}],"twitter_card":"summary_large_image","schema":{"@context":"https:\/\/schema.org","@graph":[{"@type":"WebPage","@id":"https:\/\/www.tpa-group.hu\/hu\/baker-tilly-international\/","url":"https:\/\/www.tpa-group.hu\/hu\/baker-tilly-international\/","name":"Baker Tilly International - www.tpa-group.hu","isPartOf":{"@id":"https:\/\/www.tpa-group.hu\/hu\/#website"},"primaryImageOfPage":{"@id":"https:\/\/www.tpa-group.hu\/hu\/baker-tilly-international\/#primaryimage"},"image":{"@id":"https:\/\/www.tpa-group.hu\/hu\/baker-tilly-international\/#primaryimage"},"thumbnailUrl":"https:\/\/www.tpa-group.hu\/app\/uploads\/sites\/6\/2024\/09\/TPA-Group-Baker-Tilly.png","datePublished":"2024-04-03T13:44:04+00:00","dateModified":"2024-09-24T10:38:14+00:00","breadcrumb":{"@id":"https:\/\/www.tpa-group.hu\/hu\/baker-tilly-international\/#breadcrumb"},"inLanguage":"hu","potentialAction":[{"@type":"ReadAction","target":["https:\/\/www.tpa-group.hu\/hu\/baker-tilly-international\/"]}]},{"@type":"ImageObject","inLanguage":"hu","@id":"https:\/\/www.tpa-group.hu\/hu\/baker-tilly-international\/#primaryimage","url":"https:\/\/www.tpa-group.hu\/app\/uploads\/sites\/6\/2024\/09\/TPA-Group-Baker-Tilly.png","contentUrl":"https:\/\/www.tpa-group.hu\/app\/uploads\/sites\/6\/2024\/09\/TPA-Group-Baker-Tilly.png"},{"@type":"BreadcrumbList","@id":"https:\/\/www.tpa-group.hu\/hu\/baker-tilly-international\/#breadcrumb","itemListElement":[{"@type":"ListItem","position":1,"name":"Home","item":"https:\/\/www.tpa-group.hu\/hu\/"},{"@type":"ListItem","position":2,"name":"Baker Tilly International"}]},{"@type":"WebSite","@id":"https:\/\/www.tpa-group.hu\/hu\/#website","url":"https:\/\/www.tpa-group.hu\/hu\/","name":"www.tpa-group.hu","description":"","publisher":{"@id":"https:\/\/www.tpa-group.hu\/hu\/#organization"},"potentialAction":[{"@type":"SearchAction","target":{"@type":"EntryPoint","urlTemplate":"https:\/\/www.tpa-group.hu\/hu\/?s={search_term_string}"},"query-input":{"@type":"PropertyValueSpecification","valueRequired":true,"valueName":"search_term_string"}}],"inLanguage":"hu"},{"@type":"Organization","@id":"https:\/\/www.tpa-group.hu\/hu\/#organization","name":"www.tpa-group.hu","url":"https:\/\/www.tpa-group.hu\/hu\/","logo":{"@type":"ImageObject","inLanguage":"hu","@id":"https:\/\/www.tpa-group.hu\/hu\/#\/schema\/logo\/image\/","url":"https:\/\/www.tpa-group.hu\/app\/uploads\/sites\/6\/2024\/10\/tpa-logo-favicon.svg","contentUrl":"https:\/\/www.tpa-group.hu\/app\/uploads\/sites\/6\/2024\/10\/tpa-logo-favicon.svg","width":110,"height":93,"caption":"www.tpa-group.hu"},"image":{"@id":"https:\/\/www.tpa-group.hu\/hu\/#\/schema\/logo\/image\/"}}]}},"_links":{"self":[{"href":"https:\/\/www.tpa-group.hu\/hu\/wp-json\/wp\/v2\/pages\/1785","targetHints":{"allow":["GET"]}}],"collection":[{"href":"https:\/\/www.tpa-group.hu\/hu\/wp-json\/wp\/v2\/pages"}],"about":[{"href":"https:\/\/www.tpa-group.hu\/hu\/wp-json\/wp\/v2\/types\/page"}],"author":[{"embeddable":true,"href":"https:\/\/www.tpa-group.hu\/hu\/wp-json\/wp\/v2\/users\/21"}],"replies":[{"embeddable":true,"href":"https:\/\/www.tpa-group.hu\/hu\/wp-json\/wp\/v2\/comments?post=1785"}],"version-history":[{"count":21,"href":"https:\/\/www.tpa-group.hu\/hu\/wp-json\/wp\/v2\/pages\/1785\/revisions"}],"predecessor-version":[{"id":3440,"href":"https:\/\/www.tpa-group.hu\/hu\/wp-json\/wp\/v2\/pages\/1785\/revisions\/3440"}],"wp:attachment":[{"href":"https:\/\/www.tpa-group.hu\/hu\/wp-json\/wp\/v2\/media?parent=1785"}],"curies":[{"name":"wp","href":"https:\/\/api.w.org\/{rel}","templated":true}]}}