{"id":1787,"date":"2023-10-03T07:19:05","date_gmt":"2023-10-03T07:19:05","guid":{"rendered":"https:\/\/www.tpa-group.hu\/uzletagak\/"},"modified":"2024-09-03T12:34:25","modified_gmt":"2024-09-03T12:34:25","slug":"uzletagak","status":"publish","type":"page","link":"https:\/\/www.tpa-group.hu\/hu\/uzletagak\/","title":{"rendered":"\u00dczlet\u00e1gak"},"content":{"rendered":"\t\t<div data-elementor-type=\"wp-page\" data-elementor-id=\"1787\" class=\"elementor elementor-1787 elementor-217\" data-elementor-post-type=\"page\">\n\t\t\t\t\t\t<section class=\"elementor-section elementor-top-section elementor-element elementor-element-457e5a80 hero-banner elementor-section-boxed elementor-section-height-default elementor-section-height-default\" data-id=\"457e5a80\" data-element_type=\"section\">\n\t\t\t\t\t\t<div class=\"elementor-container elementor-column-gap-default\">\n\t\t\t\t\t<div class=\"elementor-column elementor-col-50 elementor-top-column elementor-element elementor-element-2a405a93\" data-id=\"2a405a93\" data-element_type=\"column\">\n\t\t\t<div class=\"elementor-widget-wrap elementor-element-populated\">\n\t\t\t\t\t\t<section class=\"elementor-section elementor-inner-section elementor-element elementor-element-5e01e703 hero-banner-breadcrumbs-container elementor-section-boxed elementor-section-height-default elementor-section-height-default\" data-id=\"5e01e703\" data-element_type=\"section\">\n\t\t\t\t\t\t<div class=\"elementor-container elementor-column-gap-default\">\n\t\t\t\t\t<div class=\"elementor-column elementor-col-100 elementor-inner-column elementor-element elementor-element-7ad8ad3d\" data-id=\"7ad8ad3d\" data-element_type=\"column\">\n\t\t\t<div class=\"elementor-widget-wrap elementor-element-populated\">\n\t\t\t\t\t\t<div class=\"elementor-element elementor-element-137a89ac elementor-widget elementor-widget-heading\" data-id=\"137a89ac\" data-element_type=\"widget\" data-widget_type=\"heading.default\">\n\t\t\t\t<div class=\"elementor-widget-container\">\n\t\t\t\t\t<p class=\"elementor-heading-title elementor-size-default\"><a href=\"\/\">F\u0151oldal |&nbsp;<\/a><\/p>\t\t\t\t<\/div>\n\t\t\t\t<\/div>\n\t\t\t\t<div class=\"elementor-element elementor-element-6bacc52 elementor-widget elementor-widget-heading\" data-id=\"6bacc52\" data-element_type=\"widget\" data-widget_type=\"heading.default\">\n\t\t\t\t<div class=\"elementor-widget-container\">\n\t\t\t\t\t<p class=\"elementor-heading-title elementor-size-default\">\u00dczlet\u00e1gak<\/p>\t\t\t\t<\/div>\n\t\t\t\t<\/div>\n\t\t\t\t\t<\/div>\n\t\t<\/div>\n\t\t\t\t\t<\/div>\n\t\t<\/section>\n\t\t\t\t<div class=\"elementor-element elementor-element-66c1e7e4 elementor-widget elementor-widget-heading\" data-id=\"66c1e7e4\" data-element_type=\"widget\" data-widget_type=\"heading.default\">\n\t\t\t\t<div class=\"elementor-widget-container\">\n\t\t\t\t\t<h1 class=\"elementor-heading-title elementor-size-default\">\u00dczlet\u00e1gak<\/h1>\t\t\t\t<\/div>\n\t\t\t\t<\/div>\n\t\t\t\t<div class=\"elementor-element elementor-element-5527ffc2 elementor-widget elementor-widget-text-editor\" data-id=\"5527ffc2\" data-element_type=\"widget\" data-widget_type=\"text-editor.default\">\n\t\t\t\t<div class=\"elementor-widget-container\">\n\t\t\t\t\t\t\t\t\t<p>Minden \u00fczlet\u00e1gnak megvannak a maga j\u00e1t\u00e9kszab\u00e1lyai. Min\u00e9l jobban meg\u00e9rtj\u00fck ezeket, ann\u00e1l jobban tudunk \u00fcgyfeleinket kiszolg\u00e1lni. Sz\u00e1munkra a Face-to-face business \u00fczleti kapcsolat azt jelenti, hogy egyenl\u0151 felt\u00e9telek mellett adunk \u00d6nnek tan\u00e1csot. Besz\u00e9l\u00fcnk az \u00d6n nyelv\u00e9n, \u00e9s ismerj\u00fck a piac\u00e1nak a kih\u00edv\u00e1sait. Szak\u00e9rt\u0151ink a szak- \u00e9s ipar\u00e1gi ismereteket szenved\u00e9llyel \u00e9s a r\u00e9szletekre val\u00f3 odafigyel\u00e9ssel k\u00f6tik \u00f6ssze.<\/p>\n\t\t\t\t\t\t\t\t<\/div>\n\t\t\t\t<\/div>\n\t\t\t\t\t<\/div>\n\t\t<\/div>\n\t\t\t\t<div class=\"elementor-column elementor-col-50 elementor-top-column elementor-element elementor-element-199cc127\" data-id=\"199cc127\" data-element_type=\"column\">\n\t\t\t<div class=\"elementor-widget-wrap\">\n\t\t\t\t\t\t\t<\/div>\n\t\t<\/div>\n\t\t\t\t\t<\/div>\n\t\t<\/section>\n\t\t<div class=\"elementor-element elementor-element-51e5c52a e-flex e-con-boxed e-con e-parent\" data-id=\"51e5c52a\" data-element_type=\"container\" data-settings=\"{&quot;background_background&quot;:&quot;classic&quot;}\">\n\t\t\t\t\t<div class=\"e-con-inner\">\n\t\t<div class=\"elementor-element elementor-element-5fd2e774 e-flex e-con-boxed e-con e-child\" data-id=\"5fd2e774\" data-element_type=\"container\">\n\t\t\t\t\t<div class=\"e-con-inner\">\n\t\t\t\t<div class=\"elementor-element elementor-element-544b86db elementor-widget elementor-widget-posts-card-grid\" data-id=\"544b86db\" data-element_type=\"widget\" data-settings=\"{&quot;posts_card_grid_content_type&quot;:&quot;post&quot;,&quot;posts_card_grid_category&quot;:&quot;34&quot;,&quot;posts_card_grid_order_by&quot;:&quot;alphabet&quot;,&quot;posts_card_grid_order&quot;:&quot;ASC&quot;}\" data-widget_type=\"posts-card-grid.default\">\n\t\t\t\t<div class=\"elementor-widget-container\">\n\t\t\t\t\t\t \t<div \n\t \t\tclass=\"posts-card-grid-container\" \n \t\t>   \n\n\t\t\t\t  <div class=\"posts-grid\" style=\"opacity: 0;\">\n\n\t\t  \t<div class=\"posts-grid-sizer\"><\/div>\n\t\t    \t\n\t\t        \t<div class=\"posts-grid-item\">\n\t\t        \t\t\t        \t\t\t<a href=\"https:\/\/www.tpa-group.hu\/hu\/uzletag\/energiagazdalkodas\/\">\n\n\t\t        \t\t\t        \t\t\t\t\t\t<p class=\"main-category\">Energiagazd\u00e1lkod\u00e1s<\/p>\n\t        \t\t\t\t\t\t\t        \t\t<div class=\"img-container\">\n\t\t\t        \t\t\t<img decoding=\"async\" class=\"post-image\" src=\"https:\/\/www.tpa-group.hu\/app\/uploads\/sites\/6\/2024\/03\/TPA-Industry-Energy.jpg\" alt=\"Energiagazd\u00e1lkod\u00e1s\">\n\t\t        \t\t\t\t\t\t\t        \t\t<\/div>\n        \t\t\t\t<\/a>\n\n        \t\t\t\t\t\t        \t<\/div>\n\t\t        \t\n\t\t        \t<div class=\"posts-grid-item\">\n\t\t        \t\t\t        \t\t\t<a href=\"https:\/\/www.tpa-group.hu\/hu\/uzletag\/epitoipar\/\">\n\n\t\t        \t\t\t        \t\t\t\t\t\t<p class=\"main-category\">\u00c9p\u00edt\u0151ipar<\/p>\n\t        \t\t\t\t\t\t\t        \t\t<div class=\"img-container\">\n\t\t\t        \t\t\t<img decoding=\"async\" class=\"post-image\" src=\"https:\/\/www.tpa-group.hu\/app\/uploads\/sites\/6\/2024\/03\/TPA-Industry-Construction-Industry.jpg\" alt=\"\u00c9p\u00edt\u0151ipar\">\n\t\t        \t\t\t\t\t\t\t        \t\t<\/div>\n        \t\t\t\t<\/a>\n\n        \t\t\t\t\t\t        \t<\/div>\n\t\t        \t\n\t\t        \t<div class=\"posts-grid-item\">\n\t\t        \t\t\t        \t\t\t<a href=\"https:\/\/www.tpa-group.hu\/hu\/uzletag\/holdingok-es-cegcsoportok\/\">\n\n\t\t        \t\t\t\t\t        \t\t\t\t<p class=\"main-category\">Holdingok \u00e9s <br\/> c\u00e9gcsoportok<\/p>\n\t        \t\t\t\t\t\t\t        \t\t<div class=\"img-container\">\n\t\t\t        \t\t\t<img decoding=\"async\" class=\"post-image\" src=\"https:\/\/www.tpa-group.hu\/app\/uploads\/sites\/6\/2023\/10\/TPA-Industry-Holdings-1024x656-1.jpg\" alt=\"Holdingok \u00e9s c\u00e9gcsoportok\">\n\t\t        \t\t\t\t\t\t\t        \t\t<\/div>\n        \t\t\t\t<\/a>\n\n        \t\t\t\t\t\t        \t<\/div>\n\t\t        \t\n\t\t        \t<div class=\"posts-grid-item\">\n\t\t        \t\t\t        \t\t\t<a href=\"https:\/\/www.tpa-group.hu\/hu\/uzletag\/ingatlanok\/\">\n\n\t\t        \t\t\t        \t\t\t\t\t\t<p class=\"main-category\">Ingatlanok<\/p>\n\t        \t\t\t\t\t\t\t        \t\t<div class=\"img-container\">\n\t\t\t        \t\t\t<img decoding=\"async\" class=\"post-image\" src=\"https:\/\/www.tpa-group.hu\/app\/uploads\/sites\/6\/2024\/03\/TPA-Industry-Real-Estate.jpg\" alt=\"Ingatlanok\">\n\t\t        \t\t\t\t\t\t\t        \t\t<\/div>\n        \t\t\t\t<\/a>\n\n        \t\t\t\t\t\t        \t<\/div>\n\t\t        \t\n\t\t        \t<div class=\"posts-grid-item\">\n\t\t        \t\t\t        \t\t\t<a href=\"https:\/\/www.tpa-group.hu\/hu\/uzletag\/kereskedelem\/\">\n\n\t\t        \t\t\t        \t\t\t\t\t\t<p class=\"main-category\">Kereskedelem<\/p>\n\t        \t\t\t\t\t\t\t        \t\t<div class=\"img-container\">\n\t\t\t        \t\t\t<img decoding=\"async\" class=\"post-image\" src=\"https:\/\/www.tpa-group.hu\/app\/uploads\/sites\/6\/2024\/02\/TPA-Industry-Trade.jpg\" alt=\"Kereskedelem\">\n\t\t        \t\t\t\t\t\t\t        \t\t<\/div>\n        \t\t\t\t<\/a>\n\n        \t\t\t\t\t\t        \t<\/div>\n\t\t        \t\n\t\t        \t<div class=\"posts-grid-item\">\n\t\t        \t\t\t        \t\t\t<a href=\"https:\/\/www.tpa-group.hu\/hu\/uzletag\/szallitas-es-logisztika\/\">\n\n\t\t        \t\t\t\t\t        \t\t\t\t<p class=\"main-category\">Sz\u00e1ll\u00edt\u00e1s \u00e9s <br\/>logisztika<\/p>\n\t        \t\t\t\t\t\t\t        \t\t<div class=\"img-container\">\n\t\t\t        \t\t\t<img decoding=\"async\" class=\"post-image\" src=\"https:\/\/www.tpa-group.hu\/app\/uploads\/sites\/6\/2023\/10\/TPA-Industry-Transport-Logistics.jpg\" alt=\"Sz\u00e1ll\u00edt\u00e1s \u00e9s logisztika\">\n\t\t        \t\t\t\t\t\t\t        \t\t<\/div>\n        \t\t\t\t<\/a>\n\n        \t\t\t\t\t\t        \t<\/div>\n\t\t        \t\n\t\t        \t<div class=\"posts-grid-item\">\n\t\t        \t\t\t        \t\t\t<a href=\"https:\/\/www.tpa-group.hu\/hu\/uzletag\/ugyvedek\/\">\n\n\t\t        \t\t\t        \t\t\t\t\t\t<p class=\"main-category\">\u00dcgyv\u00e9dek<\/p>\n\t        \t\t\t\t\t\t\t        \t\t<div class=\"img-container\">\n\t\t\t        \t\t\t<img decoding=\"async\" class=\"post-image\" src=\"https:\/\/www.tpa-group.hu\/app\/uploads\/sites\/6\/2023\/10\/TPA-Industry-Lawyers.jpg\" alt=\"\u00dcgyv\u00e9dek\">\n\t\t        \t\t\t\t\t\t\t        \t\t<\/div>\n        \t\t\t\t<\/a>\n\n        \t\t\t\t\t\t        \t<\/div>\n\t\t        \t\t  <\/div>\n\t\t  \t\t\n\t\t\n\n\t\t\t \t<\/div>\n\t\t\t\t\t\t<\/div>\n\t\t\t\t<\/div>\n\t\t\t\t\t<\/div>\n\t\t\t\t<\/div>\n\t\t\t\t\t<\/div>\n\t\t\t\t<\/div>\n\t\t\t\t<\/div>\n\t\t","protected":false},"excerpt":{"rendered":"<p>F\u0151oldal |&nbsp; \u00dczlet\u00e1gak \u00dczlet\u00e1gak Minden \u00fczlet\u00e1gnak megvannak a maga j\u00e1t\u00e9kszab\u00e1lyai. Min\u00e9l jobban meg\u00e9rtj\u00fck ezeket, ann\u00e1l jobban tudunk \u00fcgyfeleinket kiszolg\u00e1lni. Sz\u00e1munkra a Face-to-face business \u00fczleti kapcsolat azt jelenti, hogy egyenl\u0151 felt\u00e9telek mellett adunk \u00d6nnek tan\u00e1csot. Besz\u00e9l\u00fcnk az \u00d6n nyelv\u00e9n, \u00e9s ismerj\u00fck a piac\u00e1nak a kih\u00edv\u00e1sait. Szak\u00e9rt\u0151ink a szak- \u00e9s ipar\u00e1gi ismereteket szenved\u00e9llyel \u00e9s a r\u00e9szletekre val\u00f3 [&hellip;]<\/p>\n","protected":false},"author":1,"featured_media":0,"parent":0,"menu_order":0,"comment_status":"closed","ping_status":"closed","template":"elementor_header_footer","meta":{"_acf_changed":false,"footnotes":""},"class_list":["post-1787","page","type-page","status-publish","hentry"],"acf":[],"yoast_head":"<!-- This site is optimized with the Yoast SEO plugin v26.0 - https:\/\/yoast.com\/wordpress\/plugins\/seo\/ -->\n<title>\u00dczlet\u00e1gak - www.tpa-group.hu<\/title>\n<meta name=\"robots\" content=\"index, follow, max-snippet:-1, max-image-preview:large, max-video-preview:-1\" \/>\n<link rel=\"canonical\" href=\"https:\/\/www.tpa-group.hu\/hu\/uzletagak\/\" \/>\n<meta property=\"og:locale\" content=\"hu_HU\" \/>\n<meta property=\"og:type\" content=\"article\" \/>\n<meta property=\"og:title\" content=\"\u00dczlet\u00e1gak - www.tpa-group.hu\" \/>\n<meta property=\"og:description\" content=\"F\u0151oldal |&nbsp; \u00dczlet\u00e1gak \u00dczlet\u00e1gak Minden \u00fczlet\u00e1gnak megvannak a maga j\u00e1t\u00e9kszab\u00e1lyai. Min\u00e9l jobban meg\u00e9rtj\u00fck ezeket, ann\u00e1l jobban tudunk \u00fcgyfeleinket kiszolg\u00e1lni. Sz\u00e1munkra a Face-to-face business \u00fczleti kapcsolat azt jelenti, hogy egyenl\u0151 felt\u00e9telek mellett adunk \u00d6nnek tan\u00e1csot. Besz\u00e9l\u00fcnk az \u00d6n nyelv\u00e9n, \u00e9s ismerj\u00fck a piac\u00e1nak a kih\u00edv\u00e1sait. Szak\u00e9rt\u0151ink a szak- \u00e9s ipar\u00e1gi ismereteket szenved\u00e9llyel \u00e9s a r\u00e9szletekre val\u00f3 [&hellip;]\" \/>\n<meta property=\"og:url\" content=\"https:\/\/www.tpa-group.hu\/hu\/uzletagak\/\" \/>\n<meta property=\"og:site_name\" content=\"www.tpa-group.hu\" \/>\n<meta property=\"article:modified_time\" content=\"2024-09-03T12:34:25+00:00\" \/>\n<meta property=\"og:image\" content=\"https:\/\/www.tpa-group.hu\/app\/uploads\/sites\/6\/2024\/03\/TPA-Industry-Energy-1024x683.jpg\" \/>\n<meta name=\"twitter:card\" content=\"summary_large_image\" \/>\n<meta name=\"twitter:label1\" content=\"Est. reading time\" \/>\n\t<meta name=\"twitter:data1\" content=\"2 perc\" \/>\n<script type=\"application\/ld+json\" class=\"yoast-schema-graph\">{\"@context\":\"https:\/\/schema.org\",\"@graph\":[{\"@type\":\"WebPage\",\"@id\":\"https:\/\/www.tpa-group.hu\/hu\/uzletagak\/\",\"url\":\"https:\/\/www.tpa-group.hu\/hu\/uzletagak\/\",\"name\":\"\u00dczlet\u00e1gak - www.tpa-group.hu\",\"isPartOf\":{\"@id\":\"https:\/\/www.tpa-group.hu\/hu\/#website\"},\"primaryImageOfPage\":{\"@id\":\"https:\/\/www.tpa-group.hu\/hu\/uzletagak\/#primaryimage\"},\"image\":{\"@id\":\"https:\/\/www.tpa-group.hu\/hu\/uzletagak\/#primaryimage\"},\"thumbnailUrl\":\"https:\/\/www.tpa-group.hu\/app\/uploads\/sites\/6\/2024\/03\/TPA-Industry-Energy-1024x683.jpg\",\"datePublished\":\"2023-10-03T07:19:05+00:00\",\"dateModified\":\"2024-09-03T12:34:25+00:00\",\"breadcrumb\":{\"@id\":\"https:\/\/www.tpa-group.hu\/hu\/uzletagak\/#breadcrumb\"},\"inLanguage\":\"hu\",\"potentialAction\":[{\"@type\":\"ReadAction\",\"target\":[\"https:\/\/www.tpa-group.hu\/hu\/uzletagak\/\"]}]},{\"@type\":\"ImageObject\",\"inLanguage\":\"hu\",\"@id\":\"https:\/\/www.tpa-group.hu\/hu\/uzletagak\/#primaryimage\",\"url\":\"https:\/\/www.tpa-group.hu\/app\/uploads\/sites\/6\/2024\/03\/TPA-Industry-Energy-1024x683.jpg\",\"contentUrl\":\"https:\/\/www.tpa-group.hu\/app\/uploads\/sites\/6\/2024\/03\/TPA-Industry-Energy-1024x683.jpg\"},{\"@type\":\"BreadcrumbList\",\"@id\":\"https:\/\/www.tpa-group.hu\/hu\/uzletagak\/#breadcrumb\",\"itemListElement\":[{\"@type\":\"ListItem\",\"position\":1,\"name\":\"Home\",\"item\":\"https:\/\/www.tpa-group.hu\/hu\/\"},{\"@type\":\"ListItem\",\"position\":2,\"name\":\"\u00dczlet\u00e1gak\"}]},{\"@type\":\"WebSite\",\"@id\":\"https:\/\/www.tpa-group.hu\/hu\/#website\",\"url\":\"https:\/\/www.tpa-group.hu\/hu\/\",\"name\":\"www.tpa-group.hu\",\"description\":\"\",\"publisher\":{\"@id\":\"https:\/\/www.tpa-group.hu\/hu\/#organization\"},\"potentialAction\":[{\"@type\":\"SearchAction\",\"target\":{\"@type\":\"EntryPoint\",\"urlTemplate\":\"https:\/\/www.tpa-group.hu\/hu\/?s={search_term_string}\"},\"query-input\":{\"@type\":\"PropertyValueSpecification\",\"valueRequired\":true,\"valueName\":\"search_term_string\"}}],\"inLanguage\":\"hu\"},{\"@type\":\"Organization\",\"@id\":\"https:\/\/www.tpa-group.hu\/hu\/#organization\",\"name\":\"www.tpa-group.hu\",\"url\":\"https:\/\/www.tpa-group.hu\/hu\/\",\"logo\":{\"@type\":\"ImageObject\",\"inLanguage\":\"hu\",\"@id\":\"https:\/\/www.tpa-group.hu\/hu\/#\/schema\/logo\/image\/\",\"url\":\"https:\/\/www.tpa-group.hu\/app\/uploads\/sites\/6\/2024\/10\/tpa-logo-favicon.svg\",\"contentUrl\":\"https:\/\/www.tpa-group.hu\/app\/uploads\/sites\/6\/2024\/10\/tpa-logo-favicon.svg\",\"width\":110,\"height\":93,\"caption\":\"www.tpa-group.hu\"},\"image\":{\"@id\":\"https:\/\/www.tpa-group.hu\/hu\/#\/schema\/logo\/image\/\"}}]}<\/script>\n<!-- \/ Yoast SEO plugin. -->","yoast_head_json":{"title":"\u00dczlet\u00e1gak - www.tpa-group.hu","robots":{"index":"index","follow":"follow","max-snippet":"max-snippet:-1","max-image-preview":"max-image-preview:large","max-video-preview":"max-video-preview:-1"},"canonical":"https:\/\/www.tpa-group.hu\/hu\/uzletagak\/","og_locale":"hu_HU","og_type":"article","og_title":"\u00dczlet\u00e1gak - www.tpa-group.hu","og_description":"F\u0151oldal |&nbsp; \u00dczlet\u00e1gak \u00dczlet\u00e1gak Minden \u00fczlet\u00e1gnak megvannak a maga j\u00e1t\u00e9kszab\u00e1lyai. Min\u00e9l jobban meg\u00e9rtj\u00fck ezeket, ann\u00e1l jobban tudunk \u00fcgyfeleinket kiszolg\u00e1lni. Sz\u00e1munkra a Face-to-face business \u00fczleti kapcsolat azt jelenti, hogy egyenl\u0151 felt\u00e9telek mellett adunk \u00d6nnek tan\u00e1csot. Besz\u00e9l\u00fcnk az \u00d6n nyelv\u00e9n, \u00e9s ismerj\u00fck a piac\u00e1nak a kih\u00edv\u00e1sait. Szak\u00e9rt\u0151ink a szak- \u00e9s ipar\u00e1gi ismereteket szenved\u00e9llyel \u00e9s a r\u00e9szletekre val\u00f3 [&hellip;]","og_url":"https:\/\/www.tpa-group.hu\/hu\/uzletagak\/","og_site_name":"www.tpa-group.hu","article_modified_time":"2024-09-03T12:34:25+00:00","og_image":[{"url":"https:\/\/www.tpa-group.hu\/app\/uploads\/sites\/6\/2024\/03\/TPA-Industry-Energy-1024x683.jpg","type":"","width":"","height":""}],"twitter_card":"summary_large_image","twitter_misc":{"Est. reading time":"2 perc"},"schema":{"@context":"https:\/\/schema.org","@graph":[{"@type":"WebPage","@id":"https:\/\/www.tpa-group.hu\/hu\/uzletagak\/","url":"https:\/\/www.tpa-group.hu\/hu\/uzletagak\/","name":"\u00dczlet\u00e1gak - www.tpa-group.hu","isPartOf":{"@id":"https:\/\/www.tpa-group.hu\/hu\/#website"},"primaryImageOfPage":{"@id":"https:\/\/www.tpa-group.hu\/hu\/uzletagak\/#primaryimage"},"image":{"@id":"https:\/\/www.tpa-group.hu\/hu\/uzletagak\/#primaryimage"},"thumbnailUrl":"https:\/\/www.tpa-group.hu\/app\/uploads\/sites\/6\/2024\/03\/TPA-Industry-Energy-1024x683.jpg","datePublished":"2023-10-03T07:19:05+00:00","dateModified":"2024-09-03T12:34:25+00:00","breadcrumb":{"@id":"https:\/\/www.tpa-group.hu\/hu\/uzletagak\/#breadcrumb"},"inLanguage":"hu","potentialAction":[{"@type":"ReadAction","target":["https:\/\/www.tpa-group.hu\/hu\/uzletagak\/"]}]},{"@type":"ImageObject","inLanguage":"hu","@id":"https:\/\/www.tpa-group.hu\/hu\/uzletagak\/#primaryimage","url":"https:\/\/www.tpa-group.hu\/app\/uploads\/sites\/6\/2024\/03\/TPA-Industry-Energy-1024x683.jpg","contentUrl":"https:\/\/www.tpa-group.hu\/app\/uploads\/sites\/6\/2024\/03\/TPA-Industry-Energy-1024x683.jpg"},{"@type":"BreadcrumbList","@id":"https:\/\/www.tpa-group.hu\/hu\/uzletagak\/#breadcrumb","itemListElement":[{"@type":"ListItem","position":1,"name":"Home","item":"https:\/\/www.tpa-group.hu\/hu\/"},{"@type":"ListItem","position":2,"name":"\u00dczlet\u00e1gak"}]},{"@type":"WebSite","@id":"https:\/\/www.tpa-group.hu\/hu\/#website","url":"https:\/\/www.tpa-group.hu\/hu\/","name":"www.tpa-group.hu","description":"","publisher":{"@id":"https:\/\/www.tpa-group.hu\/hu\/#organization"},"potentialAction":[{"@type":"SearchAction","target":{"@type":"EntryPoint","urlTemplate":"https:\/\/www.tpa-group.hu\/hu\/?s={search_term_string}"},"query-input":{"@type":"PropertyValueSpecification","valueRequired":true,"valueName":"search_term_string"}}],"inLanguage":"hu"},{"@type":"Organization","@id":"https:\/\/www.tpa-group.hu\/hu\/#organization","name":"www.tpa-group.hu","url":"https:\/\/www.tpa-group.hu\/hu\/","logo":{"@type":"ImageObject","inLanguage":"hu","@id":"https:\/\/www.tpa-group.hu\/hu\/#\/schema\/logo\/image\/","url":"https:\/\/www.tpa-group.hu\/app\/uploads\/sites\/6\/2024\/10\/tpa-logo-favicon.svg","contentUrl":"https:\/\/www.tpa-group.hu\/app\/uploads\/sites\/6\/2024\/10\/tpa-logo-favicon.svg","width":110,"height":93,"caption":"www.tpa-group.hu"},"image":{"@id":"https:\/\/www.tpa-group.hu\/hu\/#\/schema\/logo\/image\/"}}]}},"_links":{"self":[{"href":"https:\/\/www.tpa-group.hu\/hu\/wp-json\/wp\/v2\/pages\/1787","targetHints":{"allow":["GET"]}}],"collection":[{"href":"https:\/\/www.tpa-group.hu\/hu\/wp-json\/wp\/v2\/pages"}],"about":[{"href":"https:\/\/www.tpa-group.hu\/hu\/wp-json\/wp\/v2\/types\/page"}],"author":[{"embeddable":true,"href":"https:\/\/www.tpa-group.hu\/hu\/wp-json\/wp\/v2\/users\/1"}],"replies":[{"embeddable":true,"href":"https:\/\/www.tpa-group.hu\/hu\/wp-json\/wp\/v2\/comments?post=1787"}],"version-history":[{"count":5,"href":"https:\/\/www.tpa-group.hu\/hu\/wp-json\/wp\/v2\/pages\/1787\/revisions"}],"predecessor-version":[{"id":2506,"href":"https:\/\/www.tpa-group.hu\/hu\/wp-json\/wp\/v2\/pages\/1787\/revisions\/2506"}],"wp:attachment":[{"href":"https:\/\/www.tpa-group.hu\/hu\/wp-json\/wp\/v2\/media?parent=1787"}],"curies":[{"name":"wp","href":"https:\/\/api.w.org\/{rel}","templated":true}]}}