{"id":1789,"date":"2024-03-04T15:01:48","date_gmt":"2024-03-04T15:01:48","guid":{"rendered":"https:\/\/www.tpa-group.hu\/karrier\/"},"modified":"2024-09-23T07:30:11","modified_gmt":"2024-09-23T07:30:11","slug":"karrier","status":"publish","type":"page","link":"https:\/\/www.tpa-group.hu\/hu\/karrier\/","title":{"rendered":"Karrier"},"content":{"rendered":"\t\t<div data-elementor-type=\"wp-page\" data-elementor-id=\"1789\" class=\"elementor elementor-1789 elementor-1000\" data-elementor-post-type=\"page\">\n\t\t\t\t\t\t<section class=\"elementor-section elementor-top-section elementor-element elementor-element-1dc572b hero-banner elementor-section-boxed elementor-section-height-default elementor-section-height-default\" data-id=\"1dc572b\" data-element_type=\"section\">\n\t\t\t\t\t\t<div class=\"elementor-container elementor-column-gap-default\">\n\t\t\t\t\t<div class=\"elementor-column elementor-col-50 elementor-top-column elementor-element elementor-element-b62577f\" data-id=\"b62577f\" data-element_type=\"column\">\n\t\t\t<div class=\"elementor-widget-wrap elementor-element-populated\">\n\t\t\t\t\t\t<section class=\"elementor-section elementor-inner-section elementor-element elementor-element-a056b21 hero-banner-breadcrumbs-container elementor-section-boxed elementor-section-height-default elementor-section-height-default\" data-id=\"a056b21\" data-element_type=\"section\">\n\t\t\t\t\t\t<div class=\"elementor-container elementor-column-gap-default\">\n\t\t\t\t\t<div class=\"elementor-column elementor-col-100 elementor-inner-column elementor-element elementor-element-6178eae\" data-id=\"6178eae\" data-element_type=\"column\">\n\t\t\t<div class=\"elementor-widget-wrap elementor-element-populated\">\n\t\t\t\t\t\t<div class=\"elementor-element elementor-element-00a3732 elementor-widget elementor-widget-heading\" data-id=\"00a3732\" data-element_type=\"widget\" data-widget_type=\"heading.default\">\n\t\t\t\t<div class=\"elementor-widget-container\">\n\t\t\t\t\t<p class=\"elementor-heading-title elementor-size-default\"><a href=\"\/\">F\u0151oldal |&nbsp;<\/a><\/p>\t\t\t\t<\/div>\n\t\t\t\t<\/div>\n\t\t\t\t<div class=\"elementor-element elementor-element-c028425 elementor-widget elementor-widget-heading\" data-id=\"c028425\" data-element_type=\"widget\" data-widget_type=\"heading.default\">\n\t\t\t\t<div class=\"elementor-widget-container\">\n\t\t\t\t\t<p class=\"elementor-heading-title elementor-size-default\">Karrier<\/p>\t\t\t\t<\/div>\n\t\t\t\t<\/div>\n\t\t\t\t\t<\/div>\n\t\t<\/div>\n\t\t\t\t\t<\/div>\n\t\t<\/section>\n\t\t\t\t<div class=\"elementor-element elementor-element-930ed6a elementor-widget elementor-widget-heading\" data-id=\"930ed6a\" data-element_type=\"widget\" data-widget_type=\"heading.default\">\n\t\t\t\t<div class=\"elementor-widget-container\">\n\t\t\t\t\t<h1 class=\"elementor-heading-title elementor-size-default\">Karrier<\/h1>\t\t\t\t<\/div>\n\t\t\t\t<\/div>\n\t\t\t\t\t<\/div>\n\t\t<\/div>\n\t\t\t\t<div class=\"elementor-column elementor-col-50 elementor-top-column elementor-element elementor-element-750690b\" data-id=\"750690b\" data-element_type=\"column\">\n\t\t\t<div class=\"elementor-widget-wrap\">\n\t\t\t\t\t\t\t<\/div>\n\t\t<\/div>\n\t\t\t\t\t<\/div>\n\t\t<\/section>\n\t\t<div class=\"elementor-element elementor-element-ceb1620 page-content-container e-flex e-con-boxed e-con e-parent\" data-id=\"ceb1620\" data-element_type=\"container\">\n\t\t\t\t\t<div class=\"e-con-inner\">\n\t\t\t\t<div class=\"elementor-element elementor-element-4812dc6 elementor-widget elementor-widget-heading\" data-id=\"4812dc6\" data-element_type=\"widget\" data-widget_type=\"heading.default\">\n\t\t\t\t<div class=\"elementor-widget-container\">\n\t\t\t\t\t<h2 class=\"elementor-heading-title elementor-size-default\">A siker szem\u00e9lyes elk\u00f6telezetts\u00e9get k\u00edv\u00e1n - <br \/>a karrier a megfelel\u0151 partnert.<\/h2>\t\t\t\t<\/div>\n\t\t\t\t<\/div>\n\t\t<div class=\"elementor-element elementor-element-cc2bdcd e-flex e-con-boxed e-con e-child\" data-id=\"cc2bdcd\" data-element_type=\"container\">\n\t\t\t\t\t<div class=\"e-con-inner\">\n\t\t<div class=\"elementor-element elementor-element-13d617d e-con-full e-flex e-con e-child\" data-id=\"13d617d\" data-element_type=\"container\">\n\t\t\t\t<div class=\"elementor-element elementor-element-8f34630 elementor-widget elementor-widget-text-editor\" data-id=\"8f34630\" data-element_type=\"widget\" data-widget_type=\"text-editor.default\">\n\t\t\t\t<div class=\"elementor-widget-container\">\n\t\t\t\t\t\t\t\t\t<p style=\"text-align: left;\">A TPA minden t\u00edpus\u00fa v\u00e1llalkoz\u00e1s \u00e9s \u00fcgyf\u00e9l sz\u00e1m\u00e1ra megfelel\u0151 szak\u00e9rtelmet k\u00edn\u00e1l. Szindik\u00e1tusok, kis- \u00e9s k\u00f6z\u00e9pv\u00e1llalkoz\u00e1sok egyar\u00e1nt megkapj\u00e1k a legmagasabb szint\u0171 tud\u00e1sunkat.<\/p><p>A TPA siker\u00e9ben \u00e9s fejl\u0151d\u00e9s\u00e9ben k\u00fcl\u00f6n\u00f6sen nagy jelent\u0151s\u00e9ge van munkat\u00e1rsainknak. Ez\u00e9rt c\u00e9lunk, hogy koll\u00e9g\u00e1inkat elk\u00eds\u00e9rj\u00fck szakmai \u00fatjukon, \u00e9s t\u00e1mogassuk egy\u00e9ni k\u00e9pess\u00e9geiket, mert csak az \u00e1ll k\u00e9szen a holnapra, aki k\u00f6veti c\u00e9ljait, ismeri \u00e9s fejleszti k\u00e9pess\u00e9geit.<\/p>\t\t\t\t\t\t\t\t<\/div>\n\t\t\t\t<\/div>\n\t\t\t\t<\/div>\n\t\t<div class=\"elementor-element elementor-element-6eec516 e-con-full e-flex e-con e-child\" data-id=\"6eec516\" data-element_type=\"container\">\n\t\t\t\t<div class=\"elementor-element elementor-element-e74907e elementor-widget elementor-widget-image\" data-id=\"e74907e\" data-element_type=\"widget\" data-widget_type=\"image.default\">\n\t\t\t\t<div class=\"elementor-widget-container\">\n\t\t\t\t\t\t\t\t\t\t\t\t\t\t\t<img fetchpriority=\"high\" decoding=\"async\" width=\"800\" height=\"534\" src=\"https:\/\/www.tpa-group.hu\/app\/uploads\/sites\/6\/2024\/03\/iStock_000006414013Large-1024x683.jpg\" class=\"attachment-large size-large wp-image-996\" alt=\"\" srcset=\"https:\/\/www.tpa-group.hu\/app\/uploads\/sites\/6\/2024\/03\/iStock_000006414013Large-1024x683.jpg 1024w, https:\/\/www.tpa-group.hu\/app\/uploads\/sites\/6\/2024\/03\/iStock_000006414013Large-300x200.jpg 300w, https:\/\/www.tpa-group.hu\/app\/uploads\/sites\/6\/2024\/03\/iStock_000006414013Large-768x512.jpg 768w, https:\/\/www.tpa-group.hu\/app\/uploads\/sites\/6\/2024\/03\/iStock_000006414013Large.jpg 1200w\" sizes=\"(max-width: 800px) 100vw, 800px\" \/>\t\t\t\t\t\t\t\t\t\t\t\t\t\t\t<\/div>\n\t\t\t\t<\/div>\n\t\t\t\t<\/div>\n\t\t\t\t\t<\/div>\n\t\t\t\t<\/div>\n\t\t<div class=\"elementor-element elementor-element-4c82934 e-flex e-con-boxed e-con e-child\" data-id=\"4c82934\" data-element_type=\"container\">\n\t\t\t\t\t<div class=\"e-con-inner\">\n\t\t\t\t<div class=\"elementor-element elementor-element-85b19c2 elementor-widget elementor-widget-heading\" data-id=\"85b19c2\" data-element_type=\"widget\" data-widget_type=\"heading.default\">\n\t\t\t\t<div class=\"elementor-widget-container\">\n\t\t\t\t\t<h2 class=\"elementor-heading-title elementor-size-default\">Bontakoztassa ki val\u00f3di k\u00e9pess\u00e9geit - karrier <br \/>a magyarorsz\u00e1gi TPA-n\u00e1l<\/h2>\t\t\t\t<\/div>\n\t\t\t\t<\/div>\n\t\t\t\t<div class=\"elementor-element elementor-element-3c4cdef6 elementor-widget elementor-widget-text-editor\" data-id=\"3c4cdef6\" data-element_type=\"widget\" data-widget_type=\"text-editor.default\">\n\t\t\t\t<div class=\"elementor-widget-container\">\n\t\t\t\t\t\t\t\t\t<p>Tanulm\u00e1nyai befejez\u00e9s\u00e9vel megtette az els\u0151 l\u00e9p\u00e9st: bizony\u00edtotta amb\u00edci\u00f3it \u00e9s k\u00e9pess\u00e9geit egyar\u00e1nt. El\u00e9rte a sz\u00fcks\u00e9ges kiindul\u00f3pontot is ahhoz, hogy megp\u00e1ly\u00e1zzon egy \u00e1ll\u00e1st. M\u00e1r csak a megfelel\u0151 partnerre van sz\u00fcks\u00e9ge a karrierj\u00e9hez. Ha ambici\u00f3zusan dolgozik, v\u00e1llalva m\u00e9g azokat a neh\u00e9zs\u00e9geket is, amelyek e szakma el\u00e9r\u00e9s\u00e9vel j\u00e1rnak, akkor a TPA-n\u00e1l a megfelel\u0151 helyen van.<\/p>\n\t\t\t\t\t\t\t\t<\/div>\n\t\t\t\t<\/div>\n\t\t\t\t<div class=\"elementor-element elementor-element-20792ad eael-infobox-content-align--center eael-infobox-icon-bg-shape-none eael-infobox-icon-hover-bg-shape-none elementor-widget elementor-widget-eael-info-box\" data-id=\"20792ad\" data-element_type=\"widget\" data-widget_type=\"eael-info-box.default\">\n\t\t\t\t<div class=\"elementor-widget-container\">\n\t\t\t\t\t        <div class=\"eael-infobox icon-on-top\">\n\t            <div class=\"infobox-icon eael-icon-only\">\n\n            \n                            <div class=\"infobox-icon-wrap\">\n                    <i aria-hidden=\"true\" class=\"far fa-envelope\"><\/i>                <\/div>\n            \n            \n        <\/div>\n            <div class=\"infobox-content eael-icon-only\">\n                    <div class=\"infobox-title-section\">\n                <h2 class=\"title\">A gyorsan d\u00f6nt\u0151k sz\u00e1m\u00e1ra<\/h2>            <\/div>\n            <div><p>K\u00e9rj\u00fck, k\u00fcldje el jelentkez\u00e9s\u00e9t e-mailben (\u00f6n\u00e9letrajzzal, aktu\u00e1lis f\u00e9nyk\u00e9ppel \u00e9s bizony\u00edtv\u00e1nyokkal egy\u00fctt).<\/p>\n<\/div>        <div class=\"infobox-button\">\n            <a class=\"eael-infobox-button\" href=\"mailto:office@tpa-group.hu\">\n                                                <span class=\"infobox-button-text\">\u00cdrjon nek\u00fcnk!<\/span>\n                            <\/a>\n        <\/div>\n            <\/div>\n            <\/div>\n\n\t\t\t\t\t\t<\/div>\n\t\t\t\t<\/div>\n\t\t\t\t\t<\/div>\n\t\t\t\t<\/div>\n\t\t<div class=\"elementor-element elementor-element-aca06e6 e-flex e-con-boxed e-con e-child\" data-id=\"aca06e6\" data-element_type=\"container\">\n\t\t\t\t\t<div class=\"e-con-inner\">\n\t\t<div class=\"elementor-element elementor-element-779aaf0 e-con-full e-flex e-con e-child\" data-id=\"779aaf0\" data-element_type=\"container\">\n\t\t\t\t<div class=\"elementor-element elementor-element-a4fdbae elementor-widget elementor-widget-heading\" data-id=\"a4fdbae\" data-element_type=\"widget\" data-widget_type=\"heading.default\">\n\t\t\t\t<div class=\"elementor-widget-container\">\n\t\t\t\t\t<h2 class=\"elementor-heading-title elementor-size-default\">Karriert\u00f6rt\u00e9neteink<\/h2>\t\t\t\t<\/div>\n\t\t\t\t<\/div>\n\t\t\t\t<div class=\"elementor-element elementor-element-490eb9b elementor-widget elementor-widget-heading\" data-id=\"490eb9b\" data-element_type=\"widget\" data-widget_type=\"heading.default\">\n\t\t\t\t<div class=\"elementor-widget-container\">\n\t\t\t\t\t<h3 class=\"elementor-heading-title elementor-size-default\">Szemer\u00e9di J\u00f3zsef<\/h3>\t\t\t\t<\/div>\n\t\t\t\t<\/div>\n\t\t\t\t<div class=\"elementor-element elementor-element-b3c817e elementor-widget elementor-widget-text-editor\" data-id=\"b3c817e\" data-element_type=\"widget\" data-widget_type=\"text-editor.default\">\n\t\t\t\t<div class=\"elementor-widget-container\">\n\t\t\t\t\t\t\t\t\t<p>A sz\u00e1mviteli f\u0151iskola elv\u00e9gz\u00e9se \u00e9s az ad\u00f3tan\u00e1csad\u00f3i enged\u00e9ly megszerz\u00e9se ut\u00e1n J\u00f3zsef 1991-ben kezdett el ad\u00f3tan\u00e1csad\u00f3k\u00e9nt dolgozni. 1995-ben k\u00f6nyvvizsg\u00e1l\u00f3i enged\u00e9lyt is szerzett.<\/p>\n<p>Mindek\u00f6zben 1993-ban Jakab Gy\u00f6rggyel k\u00f6z\u00f6sen megalap\u00edtotta a TPA Magyarorsz\u00e1got, amelynek \u00fcgyvezet\u0151 partnerei lettek. Jakab Gy\u00f6rggyel az\u00f3ta is egy j\u00f3l m\u0171k\u00f6d\u0151 \u00e9s sikeres c\u00e9get vezetnek.<\/p>\n\t\t\t\t\t\t\t\t<\/div>\n\t\t\t\t<\/div>\n\t\t\t\t<div class=\"elementor-element elementor-element-f509403 elementor-widget elementor-widget-button\" data-id=\"f509403\" data-element_type=\"widget\" data-widget_type=\"button.default\">\n\t\t\t\t<div class=\"elementor-widget-container\">\n\t\t\t\t\t\t\t\t\t<div class=\"elementor-button-wrapper\">\n\t\t\t\t\t<a class=\"elementor-button elementor-button-link elementor-size-sm\" href=\"mailto:office@tpa-group.hu\">\n\t\t\t\t\t\t<span class=\"elementor-button-content-wrapper\">\n\t\t\t\t\t\t\t\t\t<span class=\"elementor-button-text\">Jelentkezzen hozz\u00e1nk<\/span>\n\t\t\t\t\t<\/span>\n\t\t\t\t\t<\/a>\n\t\t\t\t<\/div>\n\t\t\t\t\t\t\t\t<\/div>\n\t\t\t\t<\/div>\n\t\t\t\t<\/div>\n\t\t<div class=\"elementor-element elementor-element-cb68482 e-con-full e-flex e-con e-child\" data-id=\"cb68482\" data-element_type=\"container\">\n\t\t\t\t<div class=\"elementor-element elementor-element-5e4e57e elementor-widget elementor-widget-single-person-card\" data-id=\"5e4e57e\" data-element_type=\"widget\" data-settings=\"{&quot;person_single&quot;:&quot;1942&quot;}\" data-widget_type=\"single-person-card.default\">\n\t\t\t\t<div class=\"elementor-widget-container\">\n\t\t\t\t\t\n\t\t<div class=\"single-person-card\">\n            <a class=\"person-link\" href=\"https:\/\/www.tpa-group.hu\/hu\/persons\/szemeredi-jozsef\/\"  >\n        \t\t<div class=\"img-container\">\n        \t\t\t<img decoding=\"async\" src=\"https:\/\/www.tpa-group.hu\/app\/uploads\/sites\/6\/2023\/10\/Jozsef_Szemeredi_880x1000.png\" alt=\"Szemer\u00e9di J\u00f3zsef\">\n        \t\t\t<span><\/span>\n        \t\t<\/div>\n\n\t\t\t\t    \t\t\t\t<div class=\"post-content-wrapper\">\n\t\t        \t\t<div class=\"content-container\">\n                \t\t\t\t\n\t\t        \t\t\t\t\t        \t\t\t\t<h5 class=\"post-title\">Szemer\u00e9di J\u00f3zsef<\/h5>\n                \t\t\t\t\t        \t\t\t\t\t        \t\t\t\t\t        \t\t\t\t\t<div class=\"job-positions\">\n\t        \t\t\t\t\t\t\t        \t\t\t\t\t\t\t<p class=\"job-position has-dot\">Partner <\/p>\n        \t\t\t\t\t\t\t\t        \t\t\t\t\t\t\t<p class=\"job-position has-dot\"> Ad\u00f3tan\u00e1csad\u00f3 <\/p>\n        \t\t\t\t\t\t\t\t        \t\t\t\t\t\t\t<p class=\"job-position \"> K\u00f6nyvvizsg\u00e1l\u00f3<\/p>\n        \t\t\t\t\t\t\t        \t\t\t\t\t\t<\/div>\n\t        \t\t\t\t\t\t        \t\t\t\t\t<div class=\"btn-arrow\" style=\"background-image: url('https:\/\/www.tpa-group.hu\/app\/plugins\/ovos-elementor-widgets\/widgets\/single-person-card-widget\/img\/button-arrow-right-long.svg')\"><\/div>\n\t\t        \t\t\t\t\t        \t\t<\/div>\n\t        \t\t<\/div>\n\t\t\t\t    \t\t<\/a>\n    \t<\/div>\n\n\t\t\t\t\t\t<\/div>\n\t\t\t\t<\/div>\n\t\t\t\t<\/div>\n\t\t\t\t\t<\/div>\n\t\t\t\t<\/div>\n\t\t\t\t\t<\/div>\n\t\t\t\t<\/div>\n\t\t\t\t<\/div>\n\t\t","protected":false},"excerpt":{"rendered":"<p>F\u0151oldal |&nbsp; Karrier Karrier A siker szem\u00e9lyes elk\u00f6telezetts\u00e9get k\u00edv\u00e1n &#8211; a karrier a megfelel\u0151 partnert. A TPA minden t\u00edpus\u00fa v\u00e1llalkoz\u00e1s \u00e9s \u00fcgyf\u00e9l sz\u00e1m\u00e1ra megfelel\u0151 szak\u00e9rtelmet k\u00edn\u00e1l. Szindik\u00e1tusok, kis- \u00e9s k\u00f6z\u00e9pv\u00e1llalkoz\u00e1sok egyar\u00e1nt megkapj\u00e1k a legmagasabb szint\u0171 tud\u00e1sunkat. A TPA siker\u00e9ben \u00e9s fejl\u0151d\u00e9s\u00e9ben k\u00fcl\u00f6n\u00f6sen nagy jelent\u0151s\u00e9ge van munkat\u00e1rsainknak. Ez\u00e9rt c\u00e9lunk, hogy koll\u00e9g\u00e1inkat elk\u00eds\u00e9rj\u00fck szakmai \u00fatjukon, \u00e9s t\u00e1mogassuk [&hellip;]<\/p>\n","protected":false},"author":21,"featured_media":996,"parent":0,"menu_order":0,"comment_status":"closed","ping_status":"closed","template":"elementor_header_footer","meta":{"_acf_changed":false,"footnotes":""},"class_list":["post-1789","page","type-page","status-publish","has-post-thumbnail","hentry"],"acf":[],"yoast_head":"<!-- This site is optimized with the Yoast SEO plugin v26.0 - https:\/\/yoast.com\/wordpress\/plugins\/seo\/ -->\n<title>Karrier - www.tpa-group.hu<\/title>\n<meta name=\"robots\" content=\"index, follow, max-snippet:-1, max-image-preview:large, max-video-preview:-1\" \/>\n<link rel=\"canonical\" href=\"https:\/\/www.tpa-group.hu\/hu\/karrier\/\" \/>\n<meta property=\"og:locale\" content=\"hu_HU\" \/>\n<meta property=\"og:type\" content=\"article\" \/>\n<meta property=\"og:title\" content=\"Karrier - www.tpa-group.hu\" \/>\n<meta property=\"og:description\" content=\"F\u0151oldal |&nbsp; Karrier Karrier A siker szem\u00e9lyes elk\u00f6telezetts\u00e9get k\u00edv\u00e1n &#8211; a karrier a megfelel\u0151 partnert. A TPA minden t\u00edpus\u00fa v\u00e1llalkoz\u00e1s \u00e9s \u00fcgyf\u00e9l sz\u00e1m\u00e1ra megfelel\u0151 szak\u00e9rtelmet k\u00edn\u00e1l. Szindik\u00e1tusok, kis- \u00e9s k\u00f6z\u00e9pv\u00e1llalkoz\u00e1sok egyar\u00e1nt megkapj\u00e1k a legmagasabb szint\u0171 tud\u00e1sunkat. A TPA siker\u00e9ben \u00e9s fejl\u0151d\u00e9s\u00e9ben k\u00fcl\u00f6n\u00f6sen nagy jelent\u0151s\u00e9ge van munkat\u00e1rsainknak. Ez\u00e9rt c\u00e9lunk, hogy koll\u00e9g\u00e1inkat elk\u00eds\u00e9rj\u00fck szakmai \u00fatjukon, \u00e9s t\u00e1mogassuk [&hellip;]\" \/>\n<meta property=\"og:url\" content=\"https:\/\/www.tpa-group.hu\/hu\/karrier\/\" \/>\n<meta property=\"og:site_name\" content=\"www.tpa-group.hu\" \/>\n<meta property=\"article:modified_time\" content=\"2024-09-23T07:30:11+00:00\" \/>\n<meta property=\"og:image\" content=\"https:\/\/www.tpa-group.hu\/app\/uploads\/sites\/6\/2024\/03\/iStock_000006414013Large.jpg\" \/>\n\t<meta property=\"og:image:width\" content=\"1200\" \/>\n\t<meta property=\"og:image:height\" content=\"800\" \/>\n\t<meta property=\"og:image:type\" content=\"image\/jpeg\" \/>\n<meta name=\"twitter:card\" content=\"summary_large_image\" \/>\n<meta name=\"twitter:label1\" content=\"Est. reading time\" \/>\n\t<meta name=\"twitter:data1\" content=\"1 perc\" \/>\n<script type=\"application\/ld+json\" class=\"yoast-schema-graph\">{\"@context\":\"https:\/\/schema.org\",\"@graph\":[{\"@type\":\"WebPage\",\"@id\":\"https:\/\/www.tpa-group.hu\/hu\/karrier\/\",\"url\":\"https:\/\/www.tpa-group.hu\/hu\/karrier\/\",\"name\":\"Karrier - www.tpa-group.hu\",\"isPartOf\":{\"@id\":\"https:\/\/www.tpa-group.hu\/hu\/#website\"},\"primaryImageOfPage\":{\"@id\":\"https:\/\/www.tpa-group.hu\/hu\/karrier\/#primaryimage\"},\"image\":{\"@id\":\"https:\/\/www.tpa-group.hu\/hu\/karrier\/#primaryimage\"},\"thumbnailUrl\":\"https:\/\/www.tpa-group.hu\/app\/uploads\/sites\/6\/2024\/03\/iStock_000006414013Large.jpg\",\"datePublished\":\"2024-03-04T15:01:48+00:00\",\"dateModified\":\"2024-09-23T07:30:11+00:00\",\"breadcrumb\":{\"@id\":\"https:\/\/www.tpa-group.hu\/hu\/karrier\/#breadcrumb\"},\"inLanguage\":\"hu\",\"potentialAction\":[{\"@type\":\"ReadAction\",\"target\":[\"https:\/\/www.tpa-group.hu\/hu\/karrier\/\"]}]},{\"@type\":\"ImageObject\",\"inLanguage\":\"hu\",\"@id\":\"https:\/\/www.tpa-group.hu\/hu\/karrier\/#primaryimage\",\"url\":\"https:\/\/www.tpa-group.hu\/app\/uploads\/sites\/6\/2024\/03\/iStock_000006414013Large.jpg\",\"contentUrl\":\"https:\/\/www.tpa-group.hu\/app\/uploads\/sites\/6\/2024\/03\/iStock_000006414013Large.jpg\",\"width\":1200,\"height\":800,\"caption\":\"Digital Image by Sean Locke Digital Planet Design www.digitalplanetdesign.com\"},{\"@type\":\"BreadcrumbList\",\"@id\":\"https:\/\/www.tpa-group.hu\/hu\/karrier\/#breadcrumb\",\"itemListElement\":[{\"@type\":\"ListItem\",\"position\":1,\"name\":\"Home\",\"item\":\"https:\/\/www.tpa-group.hu\/hu\/\"},{\"@type\":\"ListItem\",\"position\":2,\"name\":\"Karrier\"}]},{\"@type\":\"WebSite\",\"@id\":\"https:\/\/www.tpa-group.hu\/hu\/#website\",\"url\":\"https:\/\/www.tpa-group.hu\/hu\/\",\"name\":\"www.tpa-group.hu\",\"description\":\"\",\"publisher\":{\"@id\":\"https:\/\/www.tpa-group.hu\/hu\/#organization\"},\"potentialAction\":[{\"@type\":\"SearchAction\",\"target\":{\"@type\":\"EntryPoint\",\"urlTemplate\":\"https:\/\/www.tpa-group.hu\/hu\/?s={search_term_string}\"},\"query-input\":{\"@type\":\"PropertyValueSpecification\",\"valueRequired\":true,\"valueName\":\"search_term_string\"}}],\"inLanguage\":\"hu\"},{\"@type\":\"Organization\",\"@id\":\"https:\/\/www.tpa-group.hu\/hu\/#organization\",\"name\":\"www.tpa-group.hu\",\"url\":\"https:\/\/www.tpa-group.hu\/hu\/\",\"logo\":{\"@type\":\"ImageObject\",\"inLanguage\":\"hu\",\"@id\":\"https:\/\/www.tpa-group.hu\/hu\/#\/schema\/logo\/image\/\",\"url\":\"https:\/\/www.tpa-group.hu\/app\/uploads\/sites\/6\/2024\/10\/tpa-logo-favicon.svg\",\"contentUrl\":\"https:\/\/www.tpa-group.hu\/app\/uploads\/sites\/6\/2024\/10\/tpa-logo-favicon.svg\",\"width\":110,\"height\":93,\"caption\":\"www.tpa-group.hu\"},\"image\":{\"@id\":\"https:\/\/www.tpa-group.hu\/hu\/#\/schema\/logo\/image\/\"}}]}<\/script>\n<!-- \/ Yoast SEO plugin. -->","yoast_head_json":{"title":"Karrier - www.tpa-group.hu","robots":{"index":"index","follow":"follow","max-snippet":"max-snippet:-1","max-image-preview":"max-image-preview:large","max-video-preview":"max-video-preview:-1"},"canonical":"https:\/\/www.tpa-group.hu\/hu\/karrier\/","og_locale":"hu_HU","og_type":"article","og_title":"Karrier - www.tpa-group.hu","og_description":"F\u0151oldal |&nbsp; Karrier Karrier A siker szem\u00e9lyes elk\u00f6telezetts\u00e9get k\u00edv\u00e1n &#8211; a karrier a megfelel\u0151 partnert. A TPA minden t\u00edpus\u00fa v\u00e1llalkoz\u00e1s \u00e9s \u00fcgyf\u00e9l sz\u00e1m\u00e1ra megfelel\u0151 szak\u00e9rtelmet k\u00edn\u00e1l. Szindik\u00e1tusok, kis- \u00e9s k\u00f6z\u00e9pv\u00e1llalkoz\u00e1sok egyar\u00e1nt megkapj\u00e1k a legmagasabb szint\u0171 tud\u00e1sunkat. A TPA siker\u00e9ben \u00e9s fejl\u0151d\u00e9s\u00e9ben k\u00fcl\u00f6n\u00f6sen nagy jelent\u0151s\u00e9ge van munkat\u00e1rsainknak. Ez\u00e9rt c\u00e9lunk, hogy koll\u00e9g\u00e1inkat elk\u00eds\u00e9rj\u00fck szakmai \u00fatjukon, \u00e9s t\u00e1mogassuk [&hellip;]","og_url":"https:\/\/www.tpa-group.hu\/hu\/karrier\/","og_site_name":"www.tpa-group.hu","article_modified_time":"2024-09-23T07:30:11+00:00","og_image":[{"width":1200,"height":800,"url":"https:\/\/www.tpa-group.hu\/app\/uploads\/sites\/6\/2024\/03\/iStock_000006414013Large.jpg","type":"image\/jpeg"}],"twitter_card":"summary_large_image","twitter_misc":{"Est. reading time":"1 perc"},"schema":{"@context":"https:\/\/schema.org","@graph":[{"@type":"WebPage","@id":"https:\/\/www.tpa-group.hu\/hu\/karrier\/","url":"https:\/\/www.tpa-group.hu\/hu\/karrier\/","name":"Karrier - www.tpa-group.hu","isPartOf":{"@id":"https:\/\/www.tpa-group.hu\/hu\/#website"},"primaryImageOfPage":{"@id":"https:\/\/www.tpa-group.hu\/hu\/karrier\/#primaryimage"},"image":{"@id":"https:\/\/www.tpa-group.hu\/hu\/karrier\/#primaryimage"},"thumbnailUrl":"https:\/\/www.tpa-group.hu\/app\/uploads\/sites\/6\/2024\/03\/iStock_000006414013Large.jpg","datePublished":"2024-03-04T15:01:48+00:00","dateModified":"2024-09-23T07:30:11+00:00","breadcrumb":{"@id":"https:\/\/www.tpa-group.hu\/hu\/karrier\/#breadcrumb"},"inLanguage":"hu","potentialAction":[{"@type":"ReadAction","target":["https:\/\/www.tpa-group.hu\/hu\/karrier\/"]}]},{"@type":"ImageObject","inLanguage":"hu","@id":"https:\/\/www.tpa-group.hu\/hu\/karrier\/#primaryimage","url":"https:\/\/www.tpa-group.hu\/app\/uploads\/sites\/6\/2024\/03\/iStock_000006414013Large.jpg","contentUrl":"https:\/\/www.tpa-group.hu\/app\/uploads\/sites\/6\/2024\/03\/iStock_000006414013Large.jpg","width":1200,"height":800,"caption":"Digital Image by Sean Locke Digital Planet Design www.digitalplanetdesign.com"},{"@type":"BreadcrumbList","@id":"https:\/\/www.tpa-group.hu\/hu\/karrier\/#breadcrumb","itemListElement":[{"@type":"ListItem","position":1,"name":"Home","item":"https:\/\/www.tpa-group.hu\/hu\/"},{"@type":"ListItem","position":2,"name":"Karrier"}]},{"@type":"WebSite","@id":"https:\/\/www.tpa-group.hu\/hu\/#website","url":"https:\/\/www.tpa-group.hu\/hu\/","name":"www.tpa-group.hu","description":"","publisher":{"@id":"https:\/\/www.tpa-group.hu\/hu\/#organization"},"potentialAction":[{"@type":"SearchAction","target":{"@type":"EntryPoint","urlTemplate":"https:\/\/www.tpa-group.hu\/hu\/?s={search_term_string}"},"query-input":{"@type":"PropertyValueSpecification","valueRequired":true,"valueName":"search_term_string"}}],"inLanguage":"hu"},{"@type":"Organization","@id":"https:\/\/www.tpa-group.hu\/hu\/#organization","name":"www.tpa-group.hu","url":"https:\/\/www.tpa-group.hu\/hu\/","logo":{"@type":"ImageObject","inLanguage":"hu","@id":"https:\/\/www.tpa-group.hu\/hu\/#\/schema\/logo\/image\/","url":"https:\/\/www.tpa-group.hu\/app\/uploads\/sites\/6\/2024\/10\/tpa-logo-favicon.svg","contentUrl":"https:\/\/www.tpa-group.hu\/app\/uploads\/sites\/6\/2024\/10\/tpa-logo-favicon.svg","width":110,"height":93,"caption":"www.tpa-group.hu"},"image":{"@id":"https:\/\/www.tpa-group.hu\/hu\/#\/schema\/logo\/image\/"}}]}},"_links":{"self":[{"href":"https:\/\/www.tpa-group.hu\/hu\/wp-json\/wp\/v2\/pages\/1789","targetHints":{"allow":["GET"]}}],"collection":[{"href":"https:\/\/www.tpa-group.hu\/hu\/wp-json\/wp\/v2\/pages"}],"about":[{"href":"https:\/\/www.tpa-group.hu\/hu\/wp-json\/wp\/v2\/types\/page"}],"author":[{"embeddable":true,"href":"https:\/\/www.tpa-group.hu\/hu\/wp-json\/wp\/v2\/users\/21"}],"replies":[{"embeddable":true,"href":"https:\/\/www.tpa-group.hu\/hu\/wp-json\/wp\/v2\/comments?post=1789"}],"version-history":[{"count":11,"href":"https:\/\/www.tpa-group.hu\/hu\/wp-json\/wp\/v2\/pages\/1789\/revisions"}],"predecessor-version":[{"id":3359,"href":"https:\/\/www.tpa-group.hu\/hu\/wp-json\/wp\/v2\/pages\/1789\/revisions\/3359"}],"wp:featuredmedia":[{"embeddable":true,"href":"https:\/\/www.tpa-group.hu\/hu\/wp-json\/wp\/v2\/media\/996"}],"wp:attachment":[{"href":"https:\/\/www.tpa-group.hu\/hu\/wp-json\/wp\/v2\/media?parent=1789"}],"curies":[{"name":"wp","href":"https:\/\/api.w.org\/{rel}","templated":true}]}}