{"id":1791,"date":"2024-03-28T17:25:55","date_gmt":"2024-03-28T17:25:55","guid":{"rendered":"https:\/\/www.tpa-group.hu\/filozofiank\/"},"modified":"2024-09-23T07:17:22","modified_gmt":"2024-09-23T07:17:22","slug":"filozofiank","status":"publish","type":"page","link":"https:\/\/www.tpa-group.hu\/hu\/filozofiank\/","title":{"rendered":"Filoz\u00f3fi\u00e1nk"},"content":{"rendered":"\t\t<div data-elementor-type=\"wp-page\" data-elementor-id=\"1791\" class=\"elementor elementor-1791 elementor-1260\" data-elementor-post-type=\"page\">\n\t\t\t\t\t\t<section class=\"elementor-section elementor-top-section elementor-element elementor-element-1dc572b hero-banner elementor-section-boxed elementor-section-height-default elementor-section-height-default\" data-id=\"1dc572b\" data-element_type=\"section\">\n\t\t\t\t\t\t<div class=\"elementor-container elementor-column-gap-default\">\n\t\t\t\t\t<div class=\"elementor-column elementor-col-50 elementor-top-column elementor-element elementor-element-b62577f\" data-id=\"b62577f\" data-element_type=\"column\">\n\t\t\t<div class=\"elementor-widget-wrap elementor-element-populated\">\n\t\t\t\t\t\t<section class=\"elementor-section elementor-inner-section elementor-element elementor-element-a056b21 hero-banner-breadcrumbs-container elementor-section-boxed elementor-section-height-default elementor-section-height-default\" data-id=\"a056b21\" data-element_type=\"section\">\n\t\t\t\t\t\t<div class=\"elementor-container elementor-column-gap-default\">\n\t\t\t\t\t<div class=\"elementor-column elementor-col-100 elementor-inner-column elementor-element elementor-element-6178eae\" data-id=\"6178eae\" data-element_type=\"column\">\n\t\t\t<div class=\"elementor-widget-wrap elementor-element-populated\">\n\t\t\t\t\t\t<div class=\"elementor-element elementor-element-00a3732 elementor-widget elementor-widget-heading\" data-id=\"00a3732\" data-element_type=\"widget\" data-widget_type=\"heading.default\">\n\t\t\t\t<div class=\"elementor-widget-container\">\n\t\t\t\t\t<p class=\"elementor-heading-title elementor-size-default\"><a href=\"\/\">F\u0151oldal |&nbsp;<\/a><\/p>\t\t\t\t<\/div>\n\t\t\t\t<\/div>\n\t\t\t\t<div class=\"elementor-element elementor-element-c028425 elementor-widget elementor-widget-heading\" data-id=\"c028425\" data-element_type=\"widget\" data-widget_type=\"heading.default\">\n\t\t\t\t<div class=\"elementor-widget-container\">\n\t\t\t\t\t<p class=\"elementor-heading-title elementor-size-default\">Face to Face Business<\/p>\t\t\t\t<\/div>\n\t\t\t\t<\/div>\n\t\t\t\t\t<\/div>\n\t\t<\/div>\n\t\t\t\t\t<\/div>\n\t\t<\/section>\n\t\t\t\t<div class=\"elementor-element elementor-element-930ed6a elementor-widget elementor-widget-heading\" data-id=\"930ed6a\" data-element_type=\"widget\" data-widget_type=\"heading.default\">\n\t\t\t\t<div class=\"elementor-widget-container\">\n\t\t\t\t\t<h1 class=\"elementor-heading-title elementor-size-default\">Face to Face Business. <br \/>\nMert az \u00d6n c\u00e9ljai sz\u00e1m\u00edtanak.<\/h1>\t\t\t\t<\/div>\n\t\t\t\t<\/div>\n\t\t\t\t\t<\/div>\n\t\t<\/div>\n\t\t\t\t<div class=\"elementor-column elementor-col-50 elementor-top-column elementor-element elementor-element-750690b\" data-id=\"750690b\" data-element_type=\"column\">\n\t\t\t<div class=\"elementor-widget-wrap\">\n\t\t\t\t\t\t\t<\/div>\n\t\t<\/div>\n\t\t\t\t\t<\/div>\n\t\t<\/section>\n\t\t<div class=\"elementor-element elementor-element-ceb1620 page-content-container e-flex e-con-boxed e-con e-parent\" data-id=\"ceb1620\" data-element_type=\"container\">\n\t\t\t\t\t<div class=\"e-con-inner\">\n\t\t\t\t<div class=\"elementor-element elementor-element-4812dc6 elementor-widget elementor-widget-heading\" data-id=\"4812dc6\" data-element_type=\"widget\" data-widget_type=\"heading.default\">\n\t\t\t\t<div class=\"elementor-widget-container\">\n\t\t\t\t\t<h2 class=\"elementor-heading-title elementor-size-default\">Face to Face Business filoz\u00f3fi\u00e1nk<\/h2>\t\t\t\t<\/div>\n\t\t\t\t<\/div>\n\t\t<div class=\"elementor-element elementor-element-387fb6c e-flex e-con-boxed e-con e-child\" data-id=\"387fb6c\" data-element_type=\"container\">\n\t\t\t\t\t<div class=\"e-con-inner\">\n\t\t<div class=\"elementor-element elementor-element-0aba037 e-con-full e-flex e-con e-child\" data-id=\"0aba037\" data-element_type=\"container\">\n\t\t\t\t<div class=\"elementor-element elementor-element-8f34630 elementor-widget elementor-widget-text-editor\" data-id=\"8f34630\" data-element_type=\"widget\" data-widget_type=\"text-editor.default\">\n\t\t\t\t<div class=\"elementor-widget-container\">\n\t\t\t\t\t\t\t\t\t<p>Ismerj\u00fck az \u00d6n szakter\u00fclet\u00e9t, \u00e9s \u00e9rtj\u00fck, mire van sz\u00fcks\u00e9ge. Egy r\u00e9szletes besz\u00e9lget\u00e9ssel kezd\u00fcnk &#8211; majd k\u00f6z\u00f6sen kidolgozunk egy alapos \u00e9s c\u00e9lravezet\u0151 megold\u00e1st, \u00e9s seg\u00edt\u00fcnk \u00d6nnek a megval\u00f3s\u00edt\u00e1sban. \u00cdgy gyorsan \u00e9s hat\u00e9konyan optimaliz\u00e1lhatja \u00fczleti siker\u00e9t. Szak\u00e9rt\u0151ink a sorok k\u00f6z\u00f6tt is tudnak olvasni, mik\u00f6zben szem el\u0151tt tartj\u00e1k a legfontosabb szempontot: az \u00d6n v\u00e1llalkoz\u00e1si c\u00e9ljait.<\/p>\n\t\t\t\t\t\t\t\t<\/div>\n\t\t\t\t<\/div>\n\t\t\t\t<\/div>\n\t\t<div class=\"elementor-element elementor-element-d7aaafc e-con-full e-flex e-con e-child\" data-id=\"d7aaafc\" data-element_type=\"container\">\n\t\t\t\t<div class=\"elementor-element elementor-element-bae8343 elementor-widget elementor-widget-image\" data-id=\"bae8343\" data-element_type=\"widget\" data-widget_type=\"image.default\">\n\t\t\t\t<div class=\"elementor-widget-container\">\n\t\t\t\t\t\t\t\t\t\t\t\t\t\t\t<img fetchpriority=\"high\" decoding=\"async\" width=\"768\" height=\"375\" src=\"https:\/\/www.tpa-group.hu\/app\/uploads\/sites\/6\/2024\/03\/face-to-face-820x400-1-768x375.jpg\" class=\"attachment-medium_large size-medium_large wp-image-1280\" alt=\"\" srcset=\"https:\/\/www.tpa-group.hu\/app\/uploads\/sites\/6\/2024\/03\/face-to-face-820x400-1-768x375.jpg 768w, https:\/\/www.tpa-group.hu\/app\/uploads\/sites\/6\/2024\/03\/face-to-face-820x400-1-300x146.jpg 300w, https:\/\/www.tpa-group.hu\/app\/uploads\/sites\/6\/2024\/03\/face-to-face-820x400-1.jpg 820w\" sizes=\"(max-width: 768px) 100vw, 768px\" \/>\t\t\t\t\t\t\t\t\t\t\t\t\t\t\t<\/div>\n\t\t\t\t<\/div>\n\t\t\t\t<\/div>\n\t\t\t\t\t<\/div>\n\t\t\t\t<\/div>\n\t\t<div class=\"elementor-element elementor-element-220bd8e e-flex e-con-boxed e-con e-child\" data-id=\"220bd8e\" data-element_type=\"container\">\n\t\t\t\t\t<div class=\"e-con-inner\">\n\t\t\t\t<div class=\"elementor-element elementor-element-85b19c2 elementor-widget elementor-widget-heading\" data-id=\"85b19c2\" data-element_type=\"widget\" data-widget_type=\"heading.default\">\n\t\t\t\t<div class=\"elementor-widget-container\">\n\t\t\t\t\t<h2 class=\"elementor-heading-title elementor-size-default\">Az egy\u00e9ni v\u00e1llalkoz\u00f3kt\u00f3l a r\u00e9szv\u00e9nyt\u00e1rsas\u00e1gokig: mi el\u0151mozd\u00edtjuk az \u00d6n siker\u00e9t.<\/h2>\t\t\t\t<\/div>\n\t\t\t\t<\/div>\n\t\t\t\t<div class=\"elementor-element elementor-element-3c4cdef6 elementor-widget elementor-widget-text-editor\" data-id=\"3c4cdef6\" data-element_type=\"widget\" data-widget_type=\"text-editor.default\">\n\t\t\t\t<div class=\"elementor-widget-container\">\n\t\t\t\t\t\t\t\t\t<p>Partnert keres a k\u00f6nyvel\u00e9s\u00e9hez, strat\u00e9giai d\u00f6nt\u00e9sek el\u0151tt \u00e1ll a v\u00e1llalkoz\u00e1s\u00e1ban, vagy terjeszkedni szeretne nemzetk\u00f6zi szinten? B\u00e1rmire is van jelenleg sz\u00fcks\u00e9ge:<\/p>\n<p>a TPA-n\u00e1l az \u00d6n gondjai a megfelel\u0151 kezekben vannak. Nem sz\u00e1m\u00edt, hogy milyen nagy vagy milyen kicsi a v\u00e1llalkoz\u00e1sa. Megb\u00edzhat\u00f3an \u00e9s kreat\u00edvan dolgozunk, \u00e9s olyan gyors \u00e9s hozz\u00e1\u00e9rt\u0151 megold\u00e1sokat ny\u00fajtunk, amelyekre \u00d6nnek sz\u00fcks\u00e9ge van. Nemcsak egy\u00e9ni v\u00e1llalkoz\u00f3k, kis- \u00e9s k\u00f6z\u00e9pv\u00e1llalkoz\u00e1sok, hanem v\u00e1llalatok \u00e9s k\u00f6zint\u00e9zm\u00e9nyek sz\u00e1m\u00e1ra is.<\/p>\n\t\t\t\t\t\t\t\t<\/div>\n\t\t\t\t<\/div>\n\t\t\t\t<div class=\"elementor-element elementor-element-f0cabc6 elementor-widget elementor-widget-heading\" data-id=\"f0cabc6\" data-element_type=\"widget\" data-widget_type=\"heading.default\">\n\t\t\t\t<div class=\"elementor-widget-container\">\n\t\t\t\t\t<h2 class=\"elementor-heading-title elementor-size-default\">Helyi, region\u00e1lis \u00e9s nemzetk\u00f6zi szinten. A megfelel\u0151 partner az \u00d6n oldal\u00e1n.<\/h2>\t\t\t\t<\/div>\n\t\t\t\t<\/div>\n\t\t\t\t\t<\/div>\n\t\t\t\t<\/div>\n\t\t\t\t<div class=\"elementor-element elementor-element-5bcaa70 elementor-widget elementor-widget-text-editor\" data-id=\"5bcaa70\" data-element_type=\"widget\" data-widget_type=\"text-editor.default\">\n\t\t\t\t<div class=\"elementor-widget-container\">\n\t\t\t\t\t\t\t\t\t<p>B\u00e1rhol is legyen r\u00e1nk sz\u00fcks\u00e9ge &#8211; sosem vagyunk messze. Magas sz\u00ednvonal\u00fa tan\u00e1csad\u00e1sban \u00e9s szem\u00e9lyes t\u00e1mogat\u00e1sban r\u00e9szes\u00fclhet helyileg \u00e9s Magyarorsz\u00e1g hat\u00e1rain t\u00fal is, Ausztri\u00e1ban \u00e9s 10 m\u00e1sik K\u00f6z\u00e9p- \u00e9s Kelet-Eur\u00f3pai orsz\u00e1gban!<\/p><p>A TPA Csoporton bel\u00fcl 12 orsz\u00e1gban 32 irod\u00e1ban mintegy 2050 munkat\u00e1rs foglalkozik \u00fcgyfeleink \u00fcgyeivel. \u00c9s: a TPA Csoport f\u00fcggetlen tagja a <span style=\"text-decoration: underline;\"><a href=\"https:\/\/www.tpa-group.hu\/hu\/baker-tilly-international\/\" target=\"_blank\" rel=\"noopener\"><strong>Baker Tilly International<\/strong><\/a><\/span> h\u00e1l\u00f3zatnak, amely egyike a &#8222;Top T\u00edz&#8221; glob\u00e1lis tan\u00e1csad\u00f3i h\u00e1l\u00f3zatoknak.<\/p>\t\t\t\t\t\t\t\t<\/div>\n\t\t\t\t<\/div>\n\t\t\t\t<div class=\"elementor-element elementor-element-7788d6e elementor-widget elementor-widget-heading\" data-id=\"7788d6e\" data-element_type=\"widget\" data-widget_type=\"heading.default\">\n\t\t\t\t<div class=\"elementor-widget-container\">\n\t\t\t\t\t<h2 class=\"elementor-heading-title elementor-size-default\">Csapatunk: Garant\u00e1ljuk az \u00d6n siker\u00e9t.<\/h2>\t\t\t\t<\/div>\n\t\t\t\t<\/div>\n\t\t\t\t<div class=\"elementor-element elementor-element-c915754 elementor-widget elementor-widget-text-editor\" data-id=\"c915754\" data-element_type=\"widget\" data-widget_type=\"text-editor.default\">\n\t\t\t\t<div class=\"elementor-widget-container\">\n\t\t\t\t\t\t\t\t\t<p>A TPA munkat\u00e1rsai nap mint nap a legjobb szolg\u00e1ltat\u00e1sokat ny\u00fajtj\u00e1k. Tud\u00e1suk \u00e9s szakmai kompetenci\u00e1juk mindig naprak\u00e9sz a v\u00e1llalatunk \u00e1ltal k\u00edn\u00e1lt speci\u00e1lis k\u00e9pz\u00e9seknek \u00e9s fejleszt\u00e9si programoknak k\u00f6sz\u00f6nhet\u0151en.<\/p>\n<p>V\u00e1llalati kult\u00far\u00e1nkat a karrierlehet\u0151s\u00e9gek \u00e9s a szem\u00e9lyes fejl\u0151d\u00e9s nagyfok\u00fa szabads\u00e1ga jellemzi, mivel a motiv\u00e1lt \u00e9s el\u00e9gedett alkalmazottak \u00fcgyfeleink sz\u00e1m\u00e1ra is garant\u00e1lj\u00e1k a v\u00e1llalati sikert.<\/p>\n\t\t\t\t\t\t\t\t<\/div>\n\t\t\t\t<\/div>\n\t\t\t\t<div class=\"elementor-element elementor-element-ded6d88 elementor-widget elementor-widget-heading\" data-id=\"ded6d88\" data-element_type=\"widget\" data-widget_type=\"heading.default\">\n\t\t\t\t<div class=\"elementor-widget-container\">\n\t\t\t\t\t<h2 class=\"elementor-heading-title elementor-size-default\">Hogyan tudjuk \u00d6nt t\u00e1mogatni?<\/h2>\t\t\t\t<\/div>\n\t\t\t\t<\/div>\n\t\t\t\t<div class=\"elementor-element elementor-element-2304479 elementor-widget elementor-widget-heading\" data-id=\"2304479\" data-element_type=\"widget\" data-widget_type=\"heading.default\">\n\t\t\t\t<div class=\"elementor-widget-container\">\n\t\t\t\t\t<h3 class=\"elementor-heading-title elementor-size-default\">Szolg\u00e1ltat\u00e1saink \u00e1ttekint\u00e9se<\/h3>\t\t\t\t<\/div>\n\t\t\t\t<\/div>\n\t\t\t\t<div class=\"elementor-element elementor-element-e01b83f elementor-widget elementor-widget-posts-card-grid\" data-id=\"e01b83f\" data-element_type=\"widget\" data-settings=\"{&quot;posts_card_grid_content_type&quot;:&quot;post&quot;,&quot;posts_card_grid_category&quot;:&quot;32&quot;,&quot;posts_card_grid_order_by&quot;:&quot;alphabet&quot;,&quot;posts_card_grid_order&quot;:&quot;ASC&quot;}\" data-widget_type=\"posts-card-grid.default\">\n\t\t\t\t<div class=\"elementor-widget-container\">\n\t\t\t\t\t\t \t<div \n\t \t\tclass=\"posts-card-grid-container\" \n \t\t>   \n\n\t\t\t\t  <div class=\"posts-grid\" style=\"opacity: 0;\">\n\n\t\t  \t<div class=\"posts-grid-sizer\"><\/div>\n\t\t    \t\n\t\t        \t<div class=\"posts-grid-item\">\n\t\t        \t\t\t        \t\t\t<a href=\"https:\/\/www.tpa-group.hu\/hu\/tpa-szolgaltatasok\/adotanacsadas\/\">\n\n\t\t        \t\t\t        \t\t\t\t\t\t<p class=\"main-category\">Ad\u00f3tan\u00e1csad\u00e1s<\/p>\n\t        \t\t\t\t\t\t\t        \t\t<div class=\"img-container\">\n\t\t\t        \t\t\t<img decoding=\"async\" class=\"post-image\" src=\"https:\/\/www.tpa-group.hu\/app\/uploads\/sites\/6\/2024\/02\/TPA-Service-Tax-Advisory.jpg\" alt=\"Ad\u00f3tan\u00e1csad\u00e1s\">\n\t\t        \t\t\t\t\t\t\t        \t\t<\/div>\n        \t\t\t\t<\/a>\n\n        \t\t\t\t\t\t        \t<\/div>\n\t\t        \t\n\t\t        \t<div class=\"posts-grid-item\">\n\t\t        \t\t\t        \t\t\t<a href=\"https:\/\/www.tpa-group.hu\/hu\/tpa-szolgaltatasok\/berszamfejtes\/\">\n\n\t\t        \t\t\t        \t\t\t\t\t\t<p class=\"main-category\">B\u00e9rsz\u00e1mfejt\u00e9s<\/p>\n\t        \t\t\t\t\t\t\t        \t\t<div class=\"img-container\">\n\t\t\t        \t\t\t<img decoding=\"async\" class=\"post-image\" src=\"https:\/\/www.tpa-group.hu\/app\/uploads\/sites\/6\/2024\/02\/TPA-Service-Payroll-Accounting.jpg\" alt=\"B\u00e9rsz\u00e1mfejt\u00e9s\">\n\t\t        \t\t\t\t\t\t\t        \t\t<\/div>\n        \t\t\t\t<\/a>\n\n        \t\t\t\t\t\t        \t<\/div>\n\t\t        \t\n\t\t        \t<div class=\"posts-grid-item\">\n\t\t        \t\t\t        \t\t\t<a href=\"https:\/\/www.tpa-group.hu\/hu\/tpa-szolgaltatasok\/konyveles\/\">\n\n\t\t        \t\t\t        \t\t\t\t\t\t<p class=\"main-category\">K\u00f6nyvel\u00e9s<\/p>\n\t        \t\t\t\t\t\t\t        \t\t<div class=\"img-container\">\n\t\t\t        \t\t\t<img decoding=\"async\" class=\"post-image\" src=\"https:\/\/www.tpa-group.hu\/app\/uploads\/sites\/6\/2024\/02\/TPA-Service-Accounting.jpg\" alt=\"K\u00f6nyvel\u00e9s\">\n\t\t        \t\t\t\t\t\t\t        \t\t<\/div>\n        \t\t\t\t<\/a>\n\n        \t\t\t\t\t\t        \t<\/div>\n\t\t        \t\n\t\t        \t<div class=\"posts-grid-item\">\n\t\t        \t\t\t        \t\t\t<a href=\"https:\/\/www.tpa-group.hu\/hu\/tpa-szolgaltatasok\/konyvvizsgalat\/\">\n\n\t\t        \t\t\t        \t\t\t\t\t\t<p class=\"main-category\">K\u00f6nyvvizsg\u00e1lat<\/p>\n\t        \t\t\t\t\t\t\t        \t\t<div class=\"img-container\">\n\t\t\t        \t\t\t<img decoding=\"async\" class=\"post-image\" src=\"https:\/\/www.tpa-group.hu\/app\/uploads\/sites\/6\/2024\/02\/TPA-Service-Audit.jpg\" alt=\"K\u00f6nyvvizsg\u00e1lat\">\n\t\t        \t\t\t\t\t\t\t        \t\t<\/div>\n        \t\t\t\t<\/a>\n\n        \t\t\t\t\t\t        \t<\/div>\n\t\t        \t\n\t\t        \t<div class=\"posts-grid-item\">\n\t\t        \t\t\t        \t\t\t<a href=\"https:\/\/www.tpa-group.hu\/hu\/tpa-szolgaltatasok\/uzleti-tanacsadas\/\">\n\n\t\t        \t\t\t        \t\t\t\t\t\t<p class=\"main-category\">\u00dczleti tan\u00e1csad\u00e1s<\/p>\n\t        \t\t\t\t\t\t\t        \t\t<div class=\"img-container\">\n\t\t\t        \t\t\t<img decoding=\"async\" class=\"post-image\" src=\"https:\/\/www.tpa-group.hu\/app\/uploads\/sites\/6\/2023\/10\/TPA-Industry-Holdings-1024x656-1.jpg\" alt=\"\u00dczleti tan\u00e1csad\u00e1s\">\n\t\t        \t\t\t\t\t\t\t        \t\t<\/div>\n        \t\t\t\t<\/a>\n\n        \t\t\t\t\t\t        \t<\/div>\n\t\t        \t\t  <\/div>\n\t\t  \t\t\n\t\t\n\n\t\t\t \t<\/div>\n\t\t\t\t\t\t<\/div>\n\t\t\t\t<\/div>\n\t\t\t\t\t<\/div>\n\t\t\t\t<\/div>\n\t\t\t\t<\/div>\n\t\t","protected":false},"excerpt":{"rendered":"<p>F\u0151oldal |&nbsp; Face to Face Business Face to Face Business. Mert az \u00d6n c\u00e9ljai sz\u00e1m\u00edtanak. Face to Face Business filoz\u00f3fi\u00e1nk Ismerj\u00fck az \u00d6n szakter\u00fclet\u00e9t, \u00e9s \u00e9rtj\u00fck, mire van sz\u00fcks\u00e9ge. Egy r\u00e9szletes besz\u00e9lget\u00e9ssel kezd\u00fcnk &#8211; majd k\u00f6z\u00f6sen kidolgozunk egy alapos \u00e9s c\u00e9lravezet\u0151 megold\u00e1st, \u00e9s seg\u00edt\u00fcnk \u00d6nnek a megval\u00f3s\u00edt\u00e1sban. \u00cdgy gyorsan \u00e9s hat\u00e9konyan optimaliz\u00e1lhatja \u00fczleti siker\u00e9t. Szak\u00e9rt\u0151ink [&hellip;]<\/p>\n","protected":false},"author":21,"featured_media":996,"parent":0,"menu_order":0,"comment_status":"closed","ping_status":"closed","template":"elementor_header_footer","meta":{"_acf_changed":false,"footnotes":""},"class_list":["post-1791","page","type-page","status-publish","has-post-thumbnail","hentry"],"acf":[],"yoast_head":"<!-- This site is optimized with the Yoast SEO plugin v26.0 - https:\/\/yoast.com\/wordpress\/plugins\/seo\/ -->\n<title>Filoz\u00f3fi\u00e1nk - www.tpa-group.hu<\/title>\n<meta name=\"robots\" content=\"index, follow, max-snippet:-1, max-image-preview:large, max-video-preview:-1\" \/>\n<link rel=\"canonical\" href=\"https:\/\/www.tpa-group.hu\/hu\/filozofiank\/\" \/>\n<meta property=\"og:locale\" content=\"hu_HU\" \/>\n<meta property=\"og:type\" content=\"article\" \/>\n<meta property=\"og:title\" content=\"Filoz\u00f3fi\u00e1nk - www.tpa-group.hu\" \/>\n<meta property=\"og:description\" content=\"F\u0151oldal |&nbsp; Face to Face Business Face to Face Business. Mert az \u00d6n c\u00e9ljai sz\u00e1m\u00edtanak. Face to Face Business filoz\u00f3fi\u00e1nk Ismerj\u00fck az \u00d6n szakter\u00fclet\u00e9t, \u00e9s \u00e9rtj\u00fck, mire van sz\u00fcks\u00e9ge. Egy r\u00e9szletes besz\u00e9lget\u00e9ssel kezd\u00fcnk &#8211; majd k\u00f6z\u00f6sen kidolgozunk egy alapos \u00e9s c\u00e9lravezet\u0151 megold\u00e1st, \u00e9s seg\u00edt\u00fcnk \u00d6nnek a megval\u00f3s\u00edt\u00e1sban. \u00cdgy gyorsan \u00e9s hat\u00e9konyan optimaliz\u00e1lhatja \u00fczleti siker\u00e9t. Szak\u00e9rt\u0151ink [&hellip;]\" \/>\n<meta property=\"og:url\" content=\"https:\/\/www.tpa-group.hu\/hu\/filozofiank\/\" \/>\n<meta property=\"og:site_name\" content=\"www.tpa-group.hu\" \/>\n<meta property=\"article:modified_time\" content=\"2024-09-23T07:17:22+00:00\" \/>\n<meta property=\"og:image\" content=\"https:\/\/www.tpa-group.hu\/app\/uploads\/sites\/6\/2024\/03\/iStock_000006414013Large.jpg\" \/>\n\t<meta property=\"og:image:width\" content=\"1200\" \/>\n\t<meta property=\"og:image:height\" content=\"800\" \/>\n\t<meta property=\"og:image:type\" content=\"image\/jpeg\" \/>\n<meta name=\"twitter:card\" content=\"summary_large_image\" \/>\n<meta name=\"twitter:label1\" content=\"Est. reading time\" \/>\n\t<meta name=\"twitter:data1\" content=\"3 perc\" \/>\n<script type=\"application\/ld+json\" class=\"yoast-schema-graph\">{\"@context\":\"https:\/\/schema.org\",\"@graph\":[{\"@type\":\"WebPage\",\"@id\":\"https:\/\/www.tpa-group.hu\/hu\/filozofiank\/\",\"url\":\"https:\/\/www.tpa-group.hu\/hu\/filozofiank\/\",\"name\":\"Filoz\u00f3fi\u00e1nk - www.tpa-group.hu\",\"isPartOf\":{\"@id\":\"https:\/\/www.tpa-group.hu\/hu\/#website\"},\"primaryImageOfPage\":{\"@id\":\"https:\/\/www.tpa-group.hu\/hu\/filozofiank\/#primaryimage\"},\"image\":{\"@id\":\"https:\/\/www.tpa-group.hu\/hu\/filozofiank\/#primaryimage\"},\"thumbnailUrl\":\"https:\/\/www.tpa-group.hu\/app\/uploads\/sites\/6\/2024\/03\/iStock_000006414013Large.jpg\",\"datePublished\":\"2024-03-28T17:25:55+00:00\",\"dateModified\":\"2024-09-23T07:17:22+00:00\",\"breadcrumb\":{\"@id\":\"https:\/\/www.tpa-group.hu\/hu\/filozofiank\/#breadcrumb\"},\"inLanguage\":\"hu\",\"potentialAction\":[{\"@type\":\"ReadAction\",\"target\":[\"https:\/\/www.tpa-group.hu\/hu\/filozofiank\/\"]}]},{\"@type\":\"ImageObject\",\"inLanguage\":\"hu\",\"@id\":\"https:\/\/www.tpa-group.hu\/hu\/filozofiank\/#primaryimage\",\"url\":\"https:\/\/www.tpa-group.hu\/app\/uploads\/sites\/6\/2024\/03\/iStock_000006414013Large.jpg\",\"contentUrl\":\"https:\/\/www.tpa-group.hu\/app\/uploads\/sites\/6\/2024\/03\/iStock_000006414013Large.jpg\",\"width\":1200,\"height\":800,\"caption\":\"Digital Image by Sean Locke Digital Planet Design www.digitalplanetdesign.com\"},{\"@type\":\"BreadcrumbList\",\"@id\":\"https:\/\/www.tpa-group.hu\/hu\/filozofiank\/#breadcrumb\",\"itemListElement\":[{\"@type\":\"ListItem\",\"position\":1,\"name\":\"Home\",\"item\":\"https:\/\/www.tpa-group.hu\/hu\/\"},{\"@type\":\"ListItem\",\"position\":2,\"name\":\"Filoz\u00f3fi\u00e1nk\"}]},{\"@type\":\"WebSite\",\"@id\":\"https:\/\/www.tpa-group.hu\/hu\/#website\",\"url\":\"https:\/\/www.tpa-group.hu\/hu\/\",\"name\":\"www.tpa-group.hu\",\"description\":\"\",\"publisher\":{\"@id\":\"https:\/\/www.tpa-group.hu\/hu\/#organization\"},\"potentialAction\":[{\"@type\":\"SearchAction\",\"target\":{\"@type\":\"EntryPoint\",\"urlTemplate\":\"https:\/\/www.tpa-group.hu\/hu\/?s={search_term_string}\"},\"query-input\":{\"@type\":\"PropertyValueSpecification\",\"valueRequired\":true,\"valueName\":\"search_term_string\"}}],\"inLanguage\":\"hu\"},{\"@type\":\"Organization\",\"@id\":\"https:\/\/www.tpa-group.hu\/hu\/#organization\",\"name\":\"www.tpa-group.hu\",\"url\":\"https:\/\/www.tpa-group.hu\/hu\/\",\"logo\":{\"@type\":\"ImageObject\",\"inLanguage\":\"hu\",\"@id\":\"https:\/\/www.tpa-group.hu\/hu\/#\/schema\/logo\/image\/\",\"url\":\"https:\/\/www.tpa-group.hu\/app\/uploads\/sites\/6\/2024\/10\/tpa-logo-favicon.svg\",\"contentUrl\":\"https:\/\/www.tpa-group.hu\/app\/uploads\/sites\/6\/2024\/10\/tpa-logo-favicon.svg\",\"width\":110,\"height\":93,\"caption\":\"www.tpa-group.hu\"},\"image\":{\"@id\":\"https:\/\/www.tpa-group.hu\/hu\/#\/schema\/logo\/image\/\"}}]}<\/script>\n<!-- \/ Yoast SEO plugin. -->","yoast_head_json":{"title":"Filoz\u00f3fi\u00e1nk - www.tpa-group.hu","robots":{"index":"index","follow":"follow","max-snippet":"max-snippet:-1","max-image-preview":"max-image-preview:large","max-video-preview":"max-video-preview:-1"},"canonical":"https:\/\/www.tpa-group.hu\/hu\/filozofiank\/","og_locale":"hu_HU","og_type":"article","og_title":"Filoz\u00f3fi\u00e1nk - www.tpa-group.hu","og_description":"F\u0151oldal |&nbsp; Face to Face Business Face to Face Business. Mert az \u00d6n c\u00e9ljai sz\u00e1m\u00edtanak. Face to Face Business filoz\u00f3fi\u00e1nk Ismerj\u00fck az \u00d6n szakter\u00fclet\u00e9t, \u00e9s \u00e9rtj\u00fck, mire van sz\u00fcks\u00e9ge. Egy r\u00e9szletes besz\u00e9lget\u00e9ssel kezd\u00fcnk &#8211; majd k\u00f6z\u00f6sen kidolgozunk egy alapos \u00e9s c\u00e9lravezet\u0151 megold\u00e1st, \u00e9s seg\u00edt\u00fcnk \u00d6nnek a megval\u00f3s\u00edt\u00e1sban. \u00cdgy gyorsan \u00e9s hat\u00e9konyan optimaliz\u00e1lhatja \u00fczleti siker\u00e9t. Szak\u00e9rt\u0151ink [&hellip;]","og_url":"https:\/\/www.tpa-group.hu\/hu\/filozofiank\/","og_site_name":"www.tpa-group.hu","article_modified_time":"2024-09-23T07:17:22+00:00","og_image":[{"width":1200,"height":800,"url":"https:\/\/www.tpa-group.hu\/app\/uploads\/sites\/6\/2024\/03\/iStock_000006414013Large.jpg","type":"image\/jpeg"}],"twitter_card":"summary_large_image","twitter_misc":{"Est. reading time":"3 perc"},"schema":{"@context":"https:\/\/schema.org","@graph":[{"@type":"WebPage","@id":"https:\/\/www.tpa-group.hu\/hu\/filozofiank\/","url":"https:\/\/www.tpa-group.hu\/hu\/filozofiank\/","name":"Filoz\u00f3fi\u00e1nk - www.tpa-group.hu","isPartOf":{"@id":"https:\/\/www.tpa-group.hu\/hu\/#website"},"primaryImageOfPage":{"@id":"https:\/\/www.tpa-group.hu\/hu\/filozofiank\/#primaryimage"},"image":{"@id":"https:\/\/www.tpa-group.hu\/hu\/filozofiank\/#primaryimage"},"thumbnailUrl":"https:\/\/www.tpa-group.hu\/app\/uploads\/sites\/6\/2024\/03\/iStock_000006414013Large.jpg","datePublished":"2024-03-28T17:25:55+00:00","dateModified":"2024-09-23T07:17:22+00:00","breadcrumb":{"@id":"https:\/\/www.tpa-group.hu\/hu\/filozofiank\/#breadcrumb"},"inLanguage":"hu","potentialAction":[{"@type":"ReadAction","target":["https:\/\/www.tpa-group.hu\/hu\/filozofiank\/"]}]},{"@type":"ImageObject","inLanguage":"hu","@id":"https:\/\/www.tpa-group.hu\/hu\/filozofiank\/#primaryimage","url":"https:\/\/www.tpa-group.hu\/app\/uploads\/sites\/6\/2024\/03\/iStock_000006414013Large.jpg","contentUrl":"https:\/\/www.tpa-group.hu\/app\/uploads\/sites\/6\/2024\/03\/iStock_000006414013Large.jpg","width":1200,"height":800,"caption":"Digital Image by Sean Locke Digital Planet Design www.digitalplanetdesign.com"},{"@type":"BreadcrumbList","@id":"https:\/\/www.tpa-group.hu\/hu\/filozofiank\/#breadcrumb","itemListElement":[{"@type":"ListItem","position":1,"name":"Home","item":"https:\/\/www.tpa-group.hu\/hu\/"},{"@type":"ListItem","position":2,"name":"Filoz\u00f3fi\u00e1nk"}]},{"@type":"WebSite","@id":"https:\/\/www.tpa-group.hu\/hu\/#website","url":"https:\/\/www.tpa-group.hu\/hu\/","name":"www.tpa-group.hu","description":"","publisher":{"@id":"https:\/\/www.tpa-group.hu\/hu\/#organization"},"potentialAction":[{"@type":"SearchAction","target":{"@type":"EntryPoint","urlTemplate":"https:\/\/www.tpa-group.hu\/hu\/?s={search_term_string}"},"query-input":{"@type":"PropertyValueSpecification","valueRequired":true,"valueName":"search_term_string"}}],"inLanguage":"hu"},{"@type":"Organization","@id":"https:\/\/www.tpa-group.hu\/hu\/#organization","name":"www.tpa-group.hu","url":"https:\/\/www.tpa-group.hu\/hu\/","logo":{"@type":"ImageObject","inLanguage":"hu","@id":"https:\/\/www.tpa-group.hu\/hu\/#\/schema\/logo\/image\/","url":"https:\/\/www.tpa-group.hu\/app\/uploads\/sites\/6\/2024\/10\/tpa-logo-favicon.svg","contentUrl":"https:\/\/www.tpa-group.hu\/app\/uploads\/sites\/6\/2024\/10\/tpa-logo-favicon.svg","width":110,"height":93,"caption":"www.tpa-group.hu"},"image":{"@id":"https:\/\/www.tpa-group.hu\/hu\/#\/schema\/logo\/image\/"}}]}},"_links":{"self":[{"href":"https:\/\/www.tpa-group.hu\/hu\/wp-json\/wp\/v2\/pages\/1791","targetHints":{"allow":["GET"]}}],"collection":[{"href":"https:\/\/www.tpa-group.hu\/hu\/wp-json\/wp\/v2\/pages"}],"about":[{"href":"https:\/\/www.tpa-group.hu\/hu\/wp-json\/wp\/v2\/types\/page"}],"author":[{"embeddable":true,"href":"https:\/\/www.tpa-group.hu\/hu\/wp-json\/wp\/v2\/users\/21"}],"replies":[{"embeddable":true,"href":"https:\/\/www.tpa-group.hu\/hu\/wp-json\/wp\/v2\/comments?post=1791"}],"version-history":[{"count":26,"href":"https:\/\/www.tpa-group.hu\/hu\/wp-json\/wp\/v2\/pages\/1791\/revisions"}],"predecessor-version":[{"id":3344,"href":"https:\/\/www.tpa-group.hu\/hu\/wp-json\/wp\/v2\/pages\/1791\/revisions\/3344"}],"wp:featuredmedia":[{"embeddable":true,"href":"https:\/\/www.tpa-group.hu\/hu\/wp-json\/wp\/v2\/media\/996"}],"wp:attachment":[{"href":"https:\/\/www.tpa-group.hu\/hu\/wp-json\/wp\/v2\/media?parent=1791"}],"curies":[{"name":"wp","href":"https:\/\/api.w.org\/{rel}","templated":true}]}}