{"id":1793,"date":"2023-10-03T07:18:58","date_gmt":"2023-10-03T07:18:58","guid":{"rendered":"https:\/\/www.tpa-group.hu\/partnereink\/"},"modified":"2024-08-30T18:15:58","modified_gmt":"2024-08-30T18:15:58","slug":"partnereink","status":"publish","type":"page","link":"https:\/\/www.tpa-group.hu\/hu\/partnereink\/","title":{"rendered":"Partnereink"},"content":{"rendered":"\t\t<div data-elementor-type=\"wp-page\" data-elementor-id=\"1793\" class=\"elementor elementor-1793 elementor-215\" data-elementor-post-type=\"page\">\n\t\t\t\t\t\t<section class=\"elementor-section elementor-top-section elementor-element elementor-element-7c499424 hero-banner elementor-section-boxed elementor-section-height-default elementor-section-height-default\" data-id=\"7c499424\" data-element_type=\"section\">\n\t\t\t\t\t\t<div class=\"elementor-container elementor-column-gap-default\">\n\t\t\t\t\t<div class=\"elementor-column elementor-col-50 elementor-top-column elementor-element elementor-element-32dd1b8e\" data-id=\"32dd1b8e\" data-element_type=\"column\">\n\t\t\t<div class=\"elementor-widget-wrap elementor-element-populated\">\n\t\t\t\t\t\t<section class=\"elementor-section elementor-inner-section elementor-element elementor-element-31ab37ff hero-banner-breadcrumbs-container elementor-section-boxed elementor-section-height-default elementor-section-height-default\" data-id=\"31ab37ff\" data-element_type=\"section\">\n\t\t\t\t\t\t<div class=\"elementor-container elementor-column-gap-default\">\n\t\t\t\t\t<div class=\"elementor-column elementor-col-100 elementor-inner-column elementor-element elementor-element-2da7ba6e\" data-id=\"2da7ba6e\" data-element_type=\"column\">\n\t\t\t<div class=\"elementor-widget-wrap elementor-element-populated\">\n\t\t\t\t\t\t<div class=\"elementor-element elementor-element-1f8c6fa8 elementor-widget elementor-widget-heading\" data-id=\"1f8c6fa8\" data-element_type=\"widget\" data-widget_type=\"heading.default\">\n\t\t\t\t<div class=\"elementor-widget-container\">\n\t\t\t\t\t<p class=\"elementor-heading-title elementor-size-default\"><a href=\"\/\">F\u0151oldal |&nbsp;<\/a><\/p>\t\t\t\t<\/div>\n\t\t\t\t<\/div>\n\t\t\t\t<div class=\"elementor-element elementor-element-173bbaa0 elementor-widget elementor-widget-heading\" data-id=\"173bbaa0\" data-element_type=\"widget\" data-widget_type=\"heading.default\">\n\t\t\t\t<div class=\"elementor-widget-container\">\n\t\t\t\t\t<p class=\"elementor-heading-title elementor-size-default\"><a href=\"#\">R\u00f3lunk |&nbsp;<\/a><\/p>\t\t\t\t<\/div>\n\t\t\t\t<\/div>\n\t\t\t\t<div class=\"elementor-element elementor-element-109d056e elementor-widget elementor-widget-heading\" data-id=\"109d056e\" data-element_type=\"widget\" data-widget_type=\"heading.default\">\n\t\t\t\t<div class=\"elementor-widget-container\">\n\t\t\t\t\t<p class=\"elementor-heading-title elementor-size-default\">Partnereink<\/p>\t\t\t\t<\/div>\n\t\t\t\t<\/div>\n\t\t\t\t\t<\/div>\n\t\t<\/div>\n\t\t\t\t\t<\/div>\n\t\t<\/section>\n\t\t\t\t<div class=\"elementor-element elementor-element-2fc7fee0 elementor-widget elementor-widget-heading\" data-id=\"2fc7fee0\" data-element_type=\"widget\" data-widget_type=\"heading.default\">\n\t\t\t\t<div class=\"elementor-widget-container\">\n\t\t\t\t\t<h2 class=\"elementor-heading-title elementor-size-default\">Magyarorsz\u00e1gi partnereink<\/h2>\t\t\t\t<\/div>\n\t\t\t\t<\/div>\n\t\t\t\t<div class=\"elementor-element elementor-element-57641b58 elementor-widget elementor-widget-text-editor\" data-id=\"57641b58\" data-element_type=\"widget\" data-widget_type=\"text-editor.default\">\n\t\t\t\t<div class=\"elementor-widget-container\">\n\t\t\t\t\t\t\t\t\t<p>Szak\u00e9rt\u0151i csapatunk Magyarorsz\u00e1gon<\/p>\n\t\t\t\t\t\t\t\t<\/div>\n\t\t\t\t<\/div>\n\t\t\t\t\t<\/div>\n\t\t<\/div>\n\t\t\t\t<div class=\"elementor-column elementor-col-50 elementor-top-column elementor-element elementor-element-21b08bc4\" data-id=\"21b08bc4\" data-element_type=\"column\">\n\t\t\t<div class=\"elementor-widget-wrap\">\n\t\t\t\t\t\t\t<\/div>\n\t\t<\/div>\n\t\t\t\t\t<\/div>\n\t\t<\/section>\n\t\t\t\t<section class=\"elementor-section elementor-top-section elementor-element elementor-element-40f2b2c4 elementor-section-boxed elementor-section-height-default elementor-section-height-default\" data-id=\"40f2b2c4\" data-element_type=\"section\" data-settings=\"{&quot;background_background&quot;:&quot;classic&quot;}\">\n\t\t\t\t\t\t<div class=\"elementor-container elementor-column-gap-default\">\n\t\t\t\t\t<div class=\"elementor-column elementor-col-100 elementor-top-column elementor-element elementor-element-64fc93e5\" data-id=\"64fc93e5\" data-element_type=\"column\">\n\t\t\t<div class=\"elementor-widget-wrap elementor-element-populated\">\n\t\t\t\t\t\t<div class=\"elementor-element elementor-element-4004b471 elementor-widget elementor-widget-persons-card-grid\" data-id=\"4004b471\" data-element_type=\"widget\" data-widget_type=\"persons-card-grid.default\">\n\t\t\t\t<div class=\"elementor-widget-container\">\n\t\t\t\t\t\t \t<div \n\t \t\tclass=\"persons-card-grid-container\" \n\t \t\tdata-show-post-info=\"yes\"\n\t \t\tdata-show-post-title=\"yes\"\n\t \t\tdata-show-post-description=\"yes\"\n\t \t\tdata-posts-number=\"-1\"\n \t\t>   \n\n \t\t\t\t\t<div class=\"content-type-filters-container\">\n\t\t\t\t\t\t\t\t\t<div \n\t\t\t\t\t\tclass=\"suche-filter\" >\n\t\t\t\t\t\t<div class=\"close\"><\/div>\n\t\t\t\t\t\t<a \n\t\t\t\t\t\thref=\"#\" \n\t\t\t\t\t\tclass=\"persons-grid-filter\"\n\t\t\t\t\t\t>\n\t\t\t\t\t\t\t<p class=\"persons-grid-filter-text\">Keres\u00e9s \/ sz\u0171r\u00e9s<\/p>\n\t\t\t\t\t\t\t<img decoding=\"async\" class=\"persons-grid-filter-icon\" src=\"https:\/\/www.tpa-group.hu\/app\/plugins\/ovos-elementor-widgets\/widgets\/persons-card-grid-widget\/img\/filters-icon.svg\">\n\t\t\t\t\t\t<\/a>\n\t\t\t\t\t<\/div>\n\t\t\t\t\t\t\t<\/div>\n\t\t\n\t\t\t\t<div class=\"persons-card-grid-search-container\">\n\n\n\t\t\t<div class=\"persons-card-search-input-container\">\n\t\t\t\t\n\t\t\t\t<div class=\"input-wrapper third-width search-branch-wrapper\">\n\t\t\t\t\t<select name=\"search-branch\" class=\"search-branch\">\n\t\t\t            <option value=\"\">Minden \u00fczlet\u00e1g<\/option>\n\t\t\t\t\t\t\t\t\t\t\t\t\t\t\t<option value=\"1860\"> \u00c9p\u00edt\u0151ipar<\/option>\n\t\t\t\t\t\t\t\t\t\t\t\t\t\t\t\t\t<option value=\"1862\"> Energiagazd\u00e1lkod\u00e1s<\/option>\n\t\t\t\t\t\t\t\t\t\t\t\t\t\t\t\t\t<option value=\"1864\"> Ingatlanok<\/option>\n\t\t\t\t\t\t\t\t\t\t\t\t\t\t\t\t\t<option value=\"1866\"> Kereskedelem<\/option>\n\t\t\t\t\t\t\t\t\t\t\t\t\t\t\t\t\t<option value=\"1878\"> \u00dcgyv\u00e9dek<\/option>\n\t\t\t\t\t\t\t\t\t\t\t\t\t\t\t\t\t<option value=\"1880\"> Sz\u00e1ll\u00edt\u00e1s \u00e9s logisztika<\/option>\n\t\t\t\t\t\t\t\t\t\t\t\t\t<\/select>\n\t\t\t\t<\/div>\n\t\t\t\t\n\t\t\t\t\t\t\t\t<div class=\"input-wrapper third-width search-service-wrapper\">\n\t\t\t\t\t<select name=\"search-service\" class=\"search-service\">\n\t\t\t            <option value=\"\">Minden szolg\u00e1ltat\u00e1s<\/option>\n\t\t\t\t\t\t\t\t\t\t\t<option value=\"61\"> Ad\u00f3tan\u00e1csad\u00e1s<\/option>\n\t\t\t\t\t\t\t\t\t\t\t<option value=\"138\"> -  Ad\u00f3struktur\u00e1l\u00e1s<\/option>\n\t\t\t\t\t\t\t\t\t\t\t<option value=\"136\"> -  Due Diligence vizsg\u00e1lat<\/option>\n\t\t\t\t\t\t\t\t\t\t\t<option value=\"139\"> -  Elsz\u00e1mol\u00f3\u00e1r elemz\u00e9s<\/option>\n\t\t\t\t\t\t\t\t\t\t\t<option value=\"135\"> -  Folyamatos ad\u00f3tan\u00e1csad\u00e1s<\/option>\n\t\t\t\t\t\t\t\t\t\t\t<option value=\"132\"> -  Munkav\u00e1llal\u00f3k kik\u00fcldet\u00e9se<\/option>\n\t\t\t\t\t\t\t\t\t\t\t<option value=\"137\"> -  Speci\u00e1lis ad\u00f3z\u00e1si k\u00e9rd\u00e9sek<\/option>\n\t\t\t\t\t\t\t\t\t\t\t<option value=\"140\"> -  Tan\u00e1csad\u00e1s \u00e1ltal\u00e1nos forgalmi ad\u00f3 k\u00e9rd\u00e9sekben<\/option>\n\t\t\t\t\t\t\t\t\t\t\t<option value=\"133\"> -  Ut\u00f3dl\u00e1ssal \u00e9s alap\u00edt\u00e1ssal kapcsolatos tan\u00e1csad\u00e1s<\/option>\n\t\t\t\t\t\t\t\t\t\t\t<option value=\"134\"> -  V\u00e1llalkoz\u00e1si forma kialak\u00edt\u00e1sa, \u00e1talakul\u00e1s<\/option>\n\t\t\t\t\t\t\t\t\t\t\t<option value=\"60\"> B\u00e9rsz\u00e1mfejt\u00e9s<\/option>\n\t\t\t\t\t\t\t\t\t\t\t<option value=\"129\"> -  \u00c9ves z\u00e1r\u00e1ssal kapcsolatos teend\u0151k<\/option>\n\t\t\t\t\t\t\t\t\t\t\t<option value=\"130\"> -  Folyamatos elsz\u00e1mol\u00e1s<\/option>\n\t\t\t\t\t\t\t\t\t\t\t<option value=\"128\"> -  Munkav\u00e1llal\u00f3k be- \u00e9s kil\u00e9ptet\u00e9se<\/option>\n\t\t\t\t\t\t\t\t\t\t\t<option value=\"131\"> -  Speci\u00e1lis tan\u00e1csad\u00e1s<\/option>\n\t\t\t\t\t\t\t\t\t\t\t<option value=\"56\"> K\u00f6nyvel\u00e9s<\/option>\n\t\t\t\t\t\t\t\t\t\t\t<option value=\"54\"> -  K\u00f6nyvel\u00e9si alapszolg\u00e1ltat\u00e1sok<\/option>\n\t\t\t\t\t\t\t\t\t\t\t<option value=\"109\"> -  Tov\u00e1bbi k\u00f6nyvel\u00e9si szolg\u00e1ltat\u00e1sok<\/option>\n\t\t\t\t\t\t\t\t\t\t\t<option value=\"59\"> K\u00f6nyvvizsg\u00e1lat<\/option>\n\t\t\t\t\t\t\t\t\t\t\t<option value=\"124\"> -  Csal\u00e1sok vizsg\u00e1lata<\/option>\n\t\t\t\t\t\t\t\t\t\t\t<option value=\"121\"> -  \u00c9ves besz\u00e1mol\u00f3 vizsg\u00e1lata<\/option>\n\t\t\t\t\t\t\t\t\t\t\t<option value=\"125\"> -  IFRS\/US-GAAP szerinti tan\u00e1csad\u00e1s<\/option>\n\t\t\t\t\t\t\t\t\t\t\t<option value=\"127\"> -  Kock\u00e1zatkezel\u00e9s<\/option>\n\t\t\t\t\t\t\t\t\t\t\t<option value=\"126\"> -  K\u00fcl\u00f6nleges vizsg\u00e1latok<\/option>\n\t\t\t\t\t\t\t\t\t\t\t<option value=\"123\"> -  P\u00e9nz\u00fcgyi \u00e1tvil\u00e1g\u00edt\u00e1s<\/option>\n\t\t\t\t\t\t\t\t\t\t\t<option value=\"122\"> -  V\u00e1llalatcsoport sz\u00e1mvitele<\/option>\n\t\t\t\t\t\t\t\t\t\t\t<option value=\"58\"> \u00dczleti tan\u00e1csad\u00e1s<\/option>\n\t\t\t\t\t\t\t\t\t\t\t<option value=\"112\"> -  CFO tan\u00e1csad\u00e1s \u00e9s interim menedzsment<\/option>\n\t\t\t\t\t\t\t\t\t\t\t<option value=\"113\"> -  Controlling<\/option>\n\t\t\t\t\t\t\t\t\t\t\t<option value=\"120\"> -  \u00c9rt\u00e9kel\u00e9s<\/option>\n\t\t\t\t\t\t\t\t\t\t\t<option value=\"118\"> -  Kock\u00e1zatkezel\u00e9s \u00e9s megfelel\u0151s\u00e9g<\/option>\n\t\t\t\t\t\t\t\t\t\t\t<option value=\"116\"> -  \u00d6sszeolvad\u00e1s \/ felv\u00e1s\u00e1rl\u00e1s<\/option>\n\t\t\t\t\t\t\t\t\t\t\t<option value=\"115\"> -  P\u00e9nz\u00fcgyi szerkezet\u00e1talak\u00edt\u00e1s<\/option>\n\t\t\t\t\t\t\t\t\t\t\t<option value=\"117\"> -  Szervezet \u00e9s IT<\/option>\n\t\t\t\t\t\t\t\t\t\t\t<option value=\"119\"> -  T\u00e1mogat\u00e1si tan\u00e1csad\u00e1s<\/option>\n\t\t\t\t\t\t\t\t\t\t\t<option value=\"114\"> -  V\u00e1llalati p\u00e9nz\u00fcgyek<\/option>\n\t\t\t\t\t\t\t\t\t\t\t<option value=\"77\"> \u00dczleti tan\u00e1csad\u00e1s-0<\/option>\n\t\t\t\t\t\t\t\t\t\t<\/select>\n\t\t\t\t<\/div>\n\n\t\t\t\t\t\t\t\t<div class=\"input-wrapper third-width search-location-wrapper\">\n\t\t\t\t\t<select name=\"search-location\" class=\"search-location\">\n\t\t\t            <option value=\"\">Irod\u00e1ink<\/option>\n\t\t\t\t\t\t\t\t\t\t\t\t\t\t<option value=\"2801\"> Budapest<\/option>\n\t\t\t\t\t\t\t\t\t\t\t\t<\/select>\n\t\t\t\t<\/div>\n\t\t\t\t\t\t\t<\/div>\n\t\t\t<div class=\"persons-card-search-button-container\">\n\t\t\t\t<div class=\"btn__wrapper clear-filters\">\n\t\t\t\t  \t<a \n\t\t\t\t  \thref=\"#\" \n\t\t\t\t  \tclass=\"btn btn__primary elementor-button clear-filters-button\"\n\t\t\t\t  \t>\n\t\t\t  \t\tSz\u0171r\u0151 alap\u00e9rtelmezettre \u00e1ll\u00edt\u00e1sa\t \t\t\n\t\t\t\t  \t<\/a>\n\t\t\t\t<\/div>\n\t\t\t<\/div>\n\t\t<\/div>\n\t\t\n\n\t\t<div class=\"persons-card-grid-spinner-container\">\n\t\t\t<div class=\"persons-card-grid-spinner\">\n\t\t\t\t<span><\/span>\n\t\t\t<\/div>\n\t\t<\/div> \n\n\t\t\n\t  \t<div class=\"persons-grid\">\n\t\t\n\t\t  \t<!--<div class=\"persons-grid-sizer\"><\/div>-->\n\t\t    \t\n\t\t        \t<div class=\"persons-grid-item\">\n\t\t        \t\t<a class=\"person-link\" href=\"https:\/\/www.tpa-group.hu\/hu\/persons\/jakab-gyorgy\/\">\n\t\t\t        \t\t\t\t\t        \t\t<div class=\"img-container\">\n\t\t\t        \t\t\t<img decoding=\"async\" src=\"https:\/\/www.tpa-group.hu\/app\/uploads\/sites\/6\/2023\/10\/gyorgy_jakab_880x1000.png\" alt=\"Gy\u00f6rgy Jakab\">\n\t\t\t        \t\t\t<span><\/span>\n\t\t\t        \t\t<\/div>\n\n\t        \t\t\t\t\t\t        \t\t\t\t<div class=\"post-content-wrapper\">\n\t\t\t\t\t        \t\t<div class=\"content-container\">\n\t\t                    \t\t\t\t\n\t\t\t\t\t        \t\t\t\t\t\t\t\t        \t\t\t\t<h5 class=\"post-title\">Jakab Gy\u00f6rgy<\/h5>\n\t\t                    \t\t\t\t\t\t\t\t        \t\t\t\t\t\t\t\t        \t\t\t\t\t\t\t\t        \t\t\t\t\t<div class=\"job-positions\">\n\t\t\t\t        \t\t\t\t\t\t\t\t\t\t        \t\t\t\t\t\t\t<p class=\"job-position has-dot\">Partner <\/p>\n\t\t\t        \t\t\t\t\t\t\t\t\t\t\t        \t\t\t\t\t\t\t<p class=\"job-position has-dot\"> K\u00f6nyvvizsg\u00e1l\u00f3 <\/p>\n\t\t\t        \t\t\t\t\t\t\t\t\t\t\t        \t\t\t\t\t\t\t<p class=\"job-position \"> Ad\u00f3tan\u00e1csad\u00f3<\/p>\n\t\t\t        \t\t\t\t\t\t\t\t\t\t        \t\t\t\t\t\t<\/div>\n\t\t\t\t        \t\t\t\t\t\t\t\t\t        \t\t\t\t\t<div class=\"btn-arrow\" style=\"background-image: url('https:\/\/www.tpa-group.hu\/app\/plugins\/ovos-elementor-widgets\/widgets\/persons-card-grid-widget\/img\/button-arrow-right-long.svg')\"><\/div>\n\t\t\t\t\t        \t\t\t\t\t\t\t\t        \t\t<\/div>\n\t\t\t\t        \t\t<\/div>\n\t        \t\t\t\t\t\t        \t\t<\/a>\n\t\t        \t<\/div>\n\t\t        \t\n\t\t        \t<div class=\"persons-grid-item\">\n\t\t        \t\t<a class=\"person-link\" href=\"https:\/\/www.tpa-group.hu\/hu\/persons\/szemeredi-jozsef\/\">\n\t\t\t        \t\t\t\t\t        \t\t<div class=\"img-container\">\n\t\t\t        \t\t\t<img decoding=\"async\" src=\"https:\/\/www.tpa-group.hu\/app\/uploads\/sites\/6\/2023\/10\/Jozsef_Szemeredi_880x1000.png\" alt=\"J\u00f3zsef Szemer\u00e9di\">\n\t\t\t        \t\t\t<span><\/span>\n\t\t\t        \t\t<\/div>\n\n\t        \t\t\t\t\t\t        \t\t\t\t<div class=\"post-content-wrapper\">\n\t\t\t\t\t        \t\t<div class=\"content-container\">\n\t\t                    \t\t\t\t\n\t\t\t\t\t        \t\t\t\t\t\t\t\t        \t\t\t\t<h5 class=\"post-title\">Szemer\u00e9di J\u00f3zsef<\/h5>\n\t\t                    \t\t\t\t\t\t\t\t        \t\t\t\t\t\t\t\t        \t\t\t\t\t\t\t\t        \t\t\t\t\t<div class=\"job-positions\">\n\t\t\t\t        \t\t\t\t\t\t\t\t\t\t        \t\t\t\t\t\t\t<p class=\"job-position has-dot\">Partner <\/p>\n\t\t\t        \t\t\t\t\t\t\t\t\t\t\t        \t\t\t\t\t\t\t<p class=\"job-position has-dot\"> Ad\u00f3tan\u00e1csad\u00f3 <\/p>\n\t\t\t        \t\t\t\t\t\t\t\t\t\t\t        \t\t\t\t\t\t\t<p class=\"job-position \"> K\u00f6nyvvizsg\u00e1l\u00f3<\/p>\n\t\t\t        \t\t\t\t\t\t\t\t\t\t        \t\t\t\t\t\t<\/div>\n\t\t\t\t        \t\t\t\t\t\t\t\t\t        \t\t\t\t\t<div class=\"btn-arrow\" style=\"background-image: url('https:\/\/www.tpa-group.hu\/app\/plugins\/ovos-elementor-widgets\/widgets\/persons-card-grid-widget\/img\/button-arrow-right-long.svg')\"><\/div>\n\t\t\t\t\t        \t\t\t\t\t\t\t\t        \t\t<\/div>\n\t\t\t\t        \t\t<\/div>\n\t        \t\t\t\t\t\t        \t\t<\/a>\n\t\t        \t<\/div>\n\t\t        \t  \t<\/div>\n\t\t\t\t\t\t\t \t<\/div>\n\t\t\t\t\t\t<\/div>\n\t\t\t\t<\/div>\n\t\t\t\t\t<\/div>\n\t\t<\/div>\n\t\t\t\t\t<\/div>\n\t\t<\/section>\n\t\t\t\t<\/div>\n\t\t","protected":false},"excerpt":{"rendered":"<p>F\u0151oldal |&nbsp; R\u00f3lunk |&nbsp; Partnereink Magyarorsz\u00e1gi partnereink Szak\u00e9rt\u0151i csapatunk Magyarorsz\u00e1gon Search \/ Filter All Industries Construction Industry Energy Real Estate Trade Lawyers Transport and Logistics Holdings All Services Accounting &#8211; Accounting services Advisory Audit Business Consulting Payroll Accounting Tax Advisory All Locations Budapest Reset Filter Budapest Gy\u00f6rgy Jakab Partner Auditor Tax Advisor Budapest J\u00f3zsef Szemer\u00e9di [&hellip;]<\/p>\n","protected":false},"author":1,"featured_media":0,"parent":0,"menu_order":0,"comment_status":"closed","ping_status":"closed","template":"elementor_header_footer","meta":{"_acf_changed":false,"footnotes":""},"class_list":["post-1793","page","type-page","status-publish","hentry"],"acf":[],"yoast_head":"<!-- This site is optimized with the Yoast SEO plugin v26.0 - https:\/\/yoast.com\/wordpress\/plugins\/seo\/ -->\n<title>Partnereink - www.tpa-group.hu<\/title>\n<meta name=\"robots\" content=\"index, follow, max-snippet:-1, max-image-preview:large, max-video-preview:-1\" \/>\n<link rel=\"canonical\" href=\"https:\/\/www.tpa-group.hu\/hu\/partnereink\/\" \/>\n<meta property=\"og:locale\" content=\"hu_HU\" \/>\n<meta property=\"og:type\" content=\"article\" \/>\n<meta property=\"og:title\" content=\"Partnereink - www.tpa-group.hu\" \/>\n<meta property=\"og:description\" content=\"F\u0151oldal |&nbsp; R\u00f3lunk |&nbsp; Partnereink Magyarorsz\u00e1gi partnereink Szak\u00e9rt\u0151i csapatunk Magyarorsz\u00e1gon Search \/ Filter All Industries Construction Industry Energy Real Estate Trade Lawyers Transport and Logistics Holdings All Services Accounting &#8211; Accounting services Advisory Audit Business Consulting Payroll Accounting Tax Advisory All Locations Budapest Reset Filter Budapest Gy\u00f6rgy Jakab Partner Auditor Tax Advisor Budapest J\u00f3zsef Szemer\u00e9di [&hellip;]\" \/>\n<meta property=\"og:url\" content=\"https:\/\/www.tpa-group.hu\/hu\/partnereink\/\" \/>\n<meta property=\"og:site_name\" content=\"www.tpa-group.hu\" \/>\n<meta property=\"article:modified_time\" content=\"2024-08-30T18:15:58+00:00\" \/>\n<meta property=\"og:image\" content=\"https:\/\/www.tpa-group.hu\/app\/plugins\/ovos-elementor-widgets\/widgets\/persons-card-grid-widget\/img\/filters-icon.svg\" \/>\n<meta name=\"twitter:card\" content=\"summary_large_image\" \/>\n<meta name=\"twitter:label1\" content=\"Est. reading time\" \/>\n\t<meta name=\"twitter:data1\" content=\"1 perc\" \/>\n<script type=\"application\/ld+json\" class=\"yoast-schema-graph\">{\"@context\":\"https:\/\/schema.org\",\"@graph\":[{\"@type\":\"WebPage\",\"@id\":\"https:\/\/www.tpa-group.hu\/hu\/partnereink\/\",\"url\":\"https:\/\/www.tpa-group.hu\/hu\/partnereink\/\",\"name\":\"Partnereink - www.tpa-group.hu\",\"isPartOf\":{\"@id\":\"https:\/\/www.tpa-group.hu\/hu\/#website\"},\"primaryImageOfPage\":{\"@id\":\"https:\/\/www.tpa-group.hu\/hu\/partnereink\/#primaryimage\"},\"image\":{\"@id\":\"https:\/\/www.tpa-group.hu\/hu\/partnereink\/#primaryimage\"},\"thumbnailUrl\":\"https:\/\/www.tpa-group.hu\/app\/plugins\/ovos-elementor-widgets\/widgets\/persons-card-grid-widget\/img\/filters-icon.svg\",\"datePublished\":\"2023-10-03T07:18:58+00:00\",\"dateModified\":\"2024-08-30T18:15:58+00:00\",\"breadcrumb\":{\"@id\":\"https:\/\/www.tpa-group.hu\/hu\/partnereink\/#breadcrumb\"},\"inLanguage\":\"hu\",\"potentialAction\":[{\"@type\":\"ReadAction\",\"target\":[\"https:\/\/www.tpa-group.hu\/hu\/partnereink\/\"]}]},{\"@type\":\"ImageObject\",\"inLanguage\":\"hu\",\"@id\":\"https:\/\/www.tpa-group.hu\/hu\/partnereink\/#primaryimage\",\"url\":\"https:\/\/www.tpa-group.hu\/app\/plugins\/ovos-elementor-widgets\/widgets\/persons-card-grid-widget\/img\/filters-icon.svg\",\"contentUrl\":\"https:\/\/www.tpa-group.hu\/app\/plugins\/ovos-elementor-widgets\/widgets\/persons-card-grid-widget\/img\/filters-icon.svg\"},{\"@type\":\"BreadcrumbList\",\"@id\":\"https:\/\/www.tpa-group.hu\/hu\/partnereink\/#breadcrumb\",\"itemListElement\":[{\"@type\":\"ListItem\",\"position\":1,\"name\":\"Home\",\"item\":\"https:\/\/www.tpa-group.hu\/hu\/\"},{\"@type\":\"ListItem\",\"position\":2,\"name\":\"Partnereink\"}]},{\"@type\":\"WebSite\",\"@id\":\"https:\/\/www.tpa-group.hu\/hu\/#website\",\"url\":\"https:\/\/www.tpa-group.hu\/hu\/\",\"name\":\"www.tpa-group.hu\",\"description\":\"\",\"publisher\":{\"@id\":\"https:\/\/www.tpa-group.hu\/hu\/#organization\"},\"potentialAction\":[{\"@type\":\"SearchAction\",\"target\":{\"@type\":\"EntryPoint\",\"urlTemplate\":\"https:\/\/www.tpa-group.hu\/hu\/?s={search_term_string}\"},\"query-input\":{\"@type\":\"PropertyValueSpecification\",\"valueRequired\":true,\"valueName\":\"search_term_string\"}}],\"inLanguage\":\"hu\"},{\"@type\":\"Organization\",\"@id\":\"https:\/\/www.tpa-group.hu\/hu\/#organization\",\"name\":\"www.tpa-group.hu\",\"url\":\"https:\/\/www.tpa-group.hu\/hu\/\",\"logo\":{\"@type\":\"ImageObject\",\"inLanguage\":\"hu\",\"@id\":\"https:\/\/www.tpa-group.hu\/hu\/#\/schema\/logo\/image\/\",\"url\":\"https:\/\/www.tpa-group.hu\/app\/uploads\/sites\/6\/2024\/10\/tpa-logo-favicon.svg\",\"contentUrl\":\"https:\/\/www.tpa-group.hu\/app\/uploads\/sites\/6\/2024\/10\/tpa-logo-favicon.svg\",\"width\":110,\"height\":93,\"caption\":\"www.tpa-group.hu\"},\"image\":{\"@id\":\"https:\/\/www.tpa-group.hu\/hu\/#\/schema\/logo\/image\/\"}}]}<\/script>\n<!-- \/ Yoast SEO plugin. -->","yoast_head_json":{"title":"Partnereink - www.tpa-group.hu","robots":{"index":"index","follow":"follow","max-snippet":"max-snippet:-1","max-image-preview":"max-image-preview:large","max-video-preview":"max-video-preview:-1"},"canonical":"https:\/\/www.tpa-group.hu\/hu\/partnereink\/","og_locale":"hu_HU","og_type":"article","og_title":"Partnereink - www.tpa-group.hu","og_description":"F\u0151oldal |&nbsp; R\u00f3lunk |&nbsp; Partnereink Magyarorsz\u00e1gi partnereink Szak\u00e9rt\u0151i csapatunk Magyarorsz\u00e1gon Search \/ Filter All Industries Construction Industry Energy Real Estate Trade Lawyers Transport and Logistics Holdings All Services Accounting &#8211; Accounting services Advisory Audit Business Consulting Payroll Accounting Tax Advisory All Locations Budapest Reset Filter Budapest Gy\u00f6rgy Jakab Partner Auditor Tax Advisor Budapest J\u00f3zsef Szemer\u00e9di [&hellip;]","og_url":"https:\/\/www.tpa-group.hu\/hu\/partnereink\/","og_site_name":"www.tpa-group.hu","article_modified_time":"2024-08-30T18:15:58+00:00","og_image":[{"url":"https:\/\/www.tpa-group.hu\/app\/plugins\/ovos-elementor-widgets\/widgets\/persons-card-grid-widget\/img\/filters-icon.svg","type":"","width":"","height":""}],"twitter_card":"summary_large_image","twitter_misc":{"Est. reading time":"1 perc"},"schema":{"@context":"https:\/\/schema.org","@graph":[{"@type":"WebPage","@id":"https:\/\/www.tpa-group.hu\/hu\/partnereink\/","url":"https:\/\/www.tpa-group.hu\/hu\/partnereink\/","name":"Partnereink - www.tpa-group.hu","isPartOf":{"@id":"https:\/\/www.tpa-group.hu\/hu\/#website"},"primaryImageOfPage":{"@id":"https:\/\/www.tpa-group.hu\/hu\/partnereink\/#primaryimage"},"image":{"@id":"https:\/\/www.tpa-group.hu\/hu\/partnereink\/#primaryimage"},"thumbnailUrl":"https:\/\/www.tpa-group.hu\/app\/plugins\/ovos-elementor-widgets\/widgets\/persons-card-grid-widget\/img\/filters-icon.svg","datePublished":"2023-10-03T07:18:58+00:00","dateModified":"2024-08-30T18:15:58+00:00","breadcrumb":{"@id":"https:\/\/www.tpa-group.hu\/hu\/partnereink\/#breadcrumb"},"inLanguage":"hu","potentialAction":[{"@type":"ReadAction","target":["https:\/\/www.tpa-group.hu\/hu\/partnereink\/"]}]},{"@type":"ImageObject","inLanguage":"hu","@id":"https:\/\/www.tpa-group.hu\/hu\/partnereink\/#primaryimage","url":"https:\/\/www.tpa-group.hu\/app\/plugins\/ovos-elementor-widgets\/widgets\/persons-card-grid-widget\/img\/filters-icon.svg","contentUrl":"https:\/\/www.tpa-group.hu\/app\/plugins\/ovos-elementor-widgets\/widgets\/persons-card-grid-widget\/img\/filters-icon.svg"},{"@type":"BreadcrumbList","@id":"https:\/\/www.tpa-group.hu\/hu\/partnereink\/#breadcrumb","itemListElement":[{"@type":"ListItem","position":1,"name":"Home","item":"https:\/\/www.tpa-group.hu\/hu\/"},{"@type":"ListItem","position":2,"name":"Partnereink"}]},{"@type":"WebSite","@id":"https:\/\/www.tpa-group.hu\/hu\/#website","url":"https:\/\/www.tpa-group.hu\/hu\/","name":"www.tpa-group.hu","description":"","publisher":{"@id":"https:\/\/www.tpa-group.hu\/hu\/#organization"},"potentialAction":[{"@type":"SearchAction","target":{"@type":"EntryPoint","urlTemplate":"https:\/\/www.tpa-group.hu\/hu\/?s={search_term_string}"},"query-input":{"@type":"PropertyValueSpecification","valueRequired":true,"valueName":"search_term_string"}}],"inLanguage":"hu"},{"@type":"Organization","@id":"https:\/\/www.tpa-group.hu\/hu\/#organization","name":"www.tpa-group.hu","url":"https:\/\/www.tpa-group.hu\/hu\/","logo":{"@type":"ImageObject","inLanguage":"hu","@id":"https:\/\/www.tpa-group.hu\/hu\/#\/schema\/logo\/image\/","url":"https:\/\/www.tpa-group.hu\/app\/uploads\/sites\/6\/2024\/10\/tpa-logo-favicon.svg","contentUrl":"https:\/\/www.tpa-group.hu\/app\/uploads\/sites\/6\/2024\/10\/tpa-logo-favicon.svg","width":110,"height":93,"caption":"www.tpa-group.hu"},"image":{"@id":"https:\/\/www.tpa-group.hu\/hu\/#\/schema\/logo\/image\/"}}]}},"_links":{"self":[{"href":"https:\/\/www.tpa-group.hu\/hu\/wp-json\/wp\/v2\/pages\/1793","targetHints":{"allow":["GET"]}}],"collection":[{"href":"https:\/\/www.tpa-group.hu\/hu\/wp-json\/wp\/v2\/pages"}],"about":[{"href":"https:\/\/www.tpa-group.hu\/hu\/wp-json\/wp\/v2\/types\/page"}],"author":[{"embeddable":true,"href":"https:\/\/www.tpa-group.hu\/hu\/wp-json\/wp\/v2\/users\/1"}],"replies":[{"embeddable":true,"href":"https:\/\/www.tpa-group.hu\/hu\/wp-json\/wp\/v2\/comments?post=1793"}],"version-history":[{"count":2,"href":"https:\/\/www.tpa-group.hu\/hu\/wp-json\/wp\/v2\/pages\/1793\/revisions"}],"predecessor-version":[{"id":2326,"href":"https:\/\/www.tpa-group.hu\/hu\/wp-json\/wp\/v2\/pages\/1793\/revisions\/2326"}],"wp:attachment":[{"href":"https:\/\/www.tpa-group.hu\/hu\/wp-json\/wp\/v2\/media?parent=1793"}],"curies":[{"name":"wp","href":"https:\/\/api.w.org\/{rel}","templated":true}]}}