{"id":1795,"date":"2023-10-03T07:19:13","date_gmt":"2023-10-03T07:19:13","guid":{"rendered":"https:\/\/www.tpa-group.hu\/szolgaltatasok\/"},"modified":"2024-09-03T11:07:02","modified_gmt":"2024-09-03T11:07:02","slug":"szolgaltatasok","status":"publish","type":"page","link":"https:\/\/www.tpa-group.hu\/hu\/szolgaltatasok\/","title":{"rendered":"Szolg\u00e1ltat\u00e1sok"},"content":{"rendered":"\t\t<div data-elementor-type=\"wp-page\" data-elementor-id=\"1795\" class=\"elementor elementor-1795 elementor-219\" data-elementor-post-type=\"page\">\n\t\t\t\t\t\t<section class=\"elementor-section elementor-top-section elementor-element elementor-element-555d3754 hero-banner elementor-section-boxed elementor-section-height-default elementor-section-height-default\" data-id=\"555d3754\" data-element_type=\"section\">\n\t\t\t\t\t\t<div class=\"elementor-container elementor-column-gap-default\">\n\t\t\t\t\t<div class=\"elementor-column elementor-col-50 elementor-top-column elementor-element elementor-element-3ad9ef8e\" data-id=\"3ad9ef8e\" data-element_type=\"column\">\n\t\t\t<div class=\"elementor-widget-wrap elementor-element-populated\">\n\t\t\t\t\t\t<section class=\"elementor-section elementor-inner-section elementor-element elementor-element-2e728af7 hero-banner-breadcrumbs-container elementor-section-boxed elementor-section-height-default elementor-section-height-default\" data-id=\"2e728af7\" data-element_type=\"section\">\n\t\t\t\t\t\t<div class=\"elementor-container elementor-column-gap-default\">\n\t\t\t\t\t<div class=\"elementor-column elementor-col-100 elementor-inner-column elementor-element elementor-element-25c4d081\" data-id=\"25c4d081\" data-element_type=\"column\">\n\t\t\t<div class=\"elementor-widget-wrap elementor-element-populated\">\n\t\t\t\t\t\t<div class=\"elementor-element elementor-element-2378aebf elementor-widget elementor-widget-heading\" data-id=\"2378aebf\" data-element_type=\"widget\" data-widget_type=\"heading.default\">\n\t\t\t\t<div class=\"elementor-widget-container\">\n\t\t\t\t\t<p class=\"elementor-heading-title elementor-size-default\"><a href=\"\/\">F\u0151oldal |&nbsp;<\/a><\/p>\t\t\t\t<\/div>\n\t\t\t\t<\/div>\n\t\t\t\t<div class=\"elementor-element elementor-element-1fd0b378 elementor-widget elementor-widget-heading\" data-id=\"1fd0b378\" data-element_type=\"widget\" data-widget_type=\"heading.default\">\n\t\t\t\t<div class=\"elementor-widget-container\">\n\t\t\t\t\t<p class=\"elementor-heading-title elementor-size-default\">Szolg\u00e1ltat\u00e1sok<\/p>\t\t\t\t<\/div>\n\t\t\t\t<\/div>\n\t\t\t\t\t<\/div>\n\t\t<\/div>\n\t\t\t\t\t<\/div>\n\t\t<\/section>\n\t\t\t\t<div class=\"elementor-element elementor-element-552eaf74 elementor-widget elementor-widget-heading\" data-id=\"552eaf74\" data-element_type=\"widget\" data-widget_type=\"heading.default\">\n\t\t\t\t<div class=\"elementor-widget-container\">\n\t\t\t\t\t<h1 class=\"elementor-heading-title elementor-size-default\">Szolg\u00e1ltat\u00e1sok<\/h1>\t\t\t\t<\/div>\n\t\t\t\t<\/div>\n\t\t\t\t<div class=\"elementor-element elementor-element-6a6c78ab elementor-widget elementor-widget-text-editor\" data-id=\"6a6c78ab\" data-element_type=\"widget\" data-widget_type=\"text-editor.default\">\n\t\t\t\t<div class=\"elementor-widget-container\">\n\t\t\t\t\t\t\t\t\t<p>V\u00e1llalkoz\u00e1s\u00e1nak megfelel\u0151 jogi form\u00e1j\u00e1t\u00f3l a t\u00f6k\u00e9letes ad\u00f3strukt\u00far\u00e1ig: tan\u00e1csad\u00e1si szolg\u00e1ltat\u00e1sainkkal alkalmass\u00e1 tessz\u00fck \u00d6nt az \u00d6n egyedi kih\u00edv\u00e1saira.<\/p>\n<p>Mivel minden v\u00e1llalat egyedi, \u00edgy a mi aj\u00e1nlatunk is az. \u00c1tvessz\u00fck az \u00d6n k\u00f6nyvel\u00e9s\u00e9t, b\u00e9rsz\u00e1mfejt\u00e9s\u00e9t, \u00e9s \u00e1lland\u00f3 tan\u00e1csad\u00e1ssal \u00e1llunk rendelkez\u00e9s\u00e9re minden ad\u00f3z\u00e1si k\u00e9rd\u00e9sben, k\u00f6nyvvizsg\u00e1lattal vagy csoportos k\u00f6nyvel\u00e9ssel kapcsolatban. Emellett a vezet\u00e9si tan\u00e1csad\u00e1s \u00e9s ad\u00f3tan\u00e1csad\u00e1s szolg\u00e1ltat\u00e1sainkkal szakszer\u0171en k\u00eds\u00e9rj\u00fck \u00d6nt a c\u00e9g\u00e9vel kapcsolatos minden strat\u00e9giai k\u00e9rd\u00e9sben!<\/p>\n\t\t\t\t\t\t\t\t<\/div>\n\t\t\t\t<\/div>\n\t\t\t\t\t<\/div>\n\t\t<\/div>\n\t\t\t\t<div class=\"elementor-column elementor-col-50 elementor-top-column elementor-element elementor-element-3354e82b\" data-id=\"3354e82b\" data-element_type=\"column\">\n\t\t\t<div class=\"elementor-widget-wrap\">\n\t\t\t\t\t\t\t<\/div>\n\t\t<\/div>\n\t\t\t\t\t<\/div>\n\t\t<\/section>\n\t\t<div class=\"elementor-element elementor-element-1f812939 e-flex e-con-boxed e-con e-parent\" data-id=\"1f812939\" data-element_type=\"container\" data-settings=\"{&quot;background_background&quot;:&quot;classic&quot;}\">\n\t\t\t\t\t<div class=\"e-con-inner\">\n\t\t<div class=\"elementor-element elementor-element-64601192 e-flex e-con-boxed e-con e-child\" data-id=\"64601192\" data-element_type=\"container\">\n\t\t\t\t\t<div class=\"e-con-inner\">\n\t\t\t\t<div class=\"elementor-element elementor-element-5578ffdb elementor-widget elementor-widget-posts-card-grid\" data-id=\"5578ffdb\" data-element_type=\"widget\" data-settings=\"{&quot;posts_card_grid_content_type&quot;:&quot;post&quot;,&quot;posts_card_grid_category&quot;:&quot;32&quot;,&quot;posts_card_grid_order_by&quot;:&quot;alphabet&quot;,&quot;posts_card_grid_order&quot;:&quot;ASC&quot;}\" data-widget_type=\"posts-card-grid.default\">\n\t\t\t\t<div class=\"elementor-widget-container\">\n\t\t\t\t\t\t \t<div \n\t \t\tclass=\"posts-card-grid-container\" \n \t\t>   \n\n\t\t\t\t  <div class=\"posts-grid\" style=\"opacity: 0;\">\n\n\t\t  \t<div class=\"posts-grid-sizer\"><\/div>\n\t\t    \t\n\t\t        \t<div class=\"posts-grid-item\">\n\t\t        \t\t\t        \t\t\t<a href=\"https:\/\/www.tpa-group.hu\/hu\/tpa-szolgaltatasok\/adotanacsadas\/\">\n\n\t\t        \t\t\t        \t\t\t\t\t\t<p class=\"main-category\">Ad\u00f3tan\u00e1csad\u00e1s<\/p>\n\t        \t\t\t\t\t\t\t        \t\t<div class=\"img-container\">\n\t\t\t        \t\t\t<img decoding=\"async\" class=\"post-image\" src=\"https:\/\/www.tpa-group.hu\/app\/uploads\/sites\/6\/2024\/02\/TPA-Service-Tax-Advisory.jpg\" alt=\"Ad\u00f3tan\u00e1csad\u00e1s\">\n\t\t        \t\t\t\t\t\t\t        \t\t<\/div>\n        \t\t\t\t<\/a>\n\n        \t\t\t\t\t\t        \t<\/div>\n\t\t        \t\n\t\t        \t<div class=\"posts-grid-item\">\n\t\t        \t\t\t        \t\t\t<a href=\"https:\/\/www.tpa-group.hu\/hu\/tpa-szolgaltatasok\/berszamfejtes\/\">\n\n\t\t        \t\t\t        \t\t\t\t\t\t<p class=\"main-category\">B\u00e9rsz\u00e1mfejt\u00e9s<\/p>\n\t        \t\t\t\t\t\t\t        \t\t<div class=\"img-container\">\n\t\t\t        \t\t\t<img decoding=\"async\" class=\"post-image\" src=\"https:\/\/www.tpa-group.hu\/app\/uploads\/sites\/6\/2024\/02\/TPA-Service-Payroll-Accounting.jpg\" alt=\"B\u00e9rsz\u00e1mfejt\u00e9s\">\n\t\t        \t\t\t\t\t\t\t        \t\t<\/div>\n        \t\t\t\t<\/a>\n\n        \t\t\t\t\t\t        \t<\/div>\n\t\t        \t\n\t\t        \t<div class=\"posts-grid-item\">\n\t\t        \t\t\t        \t\t\t<a href=\"https:\/\/www.tpa-group.hu\/hu\/tpa-szolgaltatasok\/konyveles\/\">\n\n\t\t        \t\t\t        \t\t\t\t\t\t<p class=\"main-category\">K\u00f6nyvel\u00e9s<\/p>\n\t        \t\t\t\t\t\t\t        \t\t<div class=\"img-container\">\n\t\t\t        \t\t\t<img decoding=\"async\" class=\"post-image\" src=\"https:\/\/www.tpa-group.hu\/app\/uploads\/sites\/6\/2024\/02\/TPA-Service-Accounting.jpg\" alt=\"K\u00f6nyvel\u00e9s\">\n\t\t        \t\t\t\t\t\t\t        \t\t<\/div>\n        \t\t\t\t<\/a>\n\n        \t\t\t\t\t\t        \t<\/div>\n\t\t        \t\n\t\t        \t<div class=\"posts-grid-item\">\n\t\t        \t\t\t        \t\t\t<a href=\"https:\/\/www.tpa-group.hu\/hu\/tpa-szolgaltatasok\/konyvvizsgalat\/\">\n\n\t\t        \t\t\t        \t\t\t\t\t\t<p class=\"main-category\">K\u00f6nyvvizsg\u00e1lat<\/p>\n\t        \t\t\t\t\t\t\t        \t\t<div class=\"img-container\">\n\t\t\t        \t\t\t<img decoding=\"async\" class=\"post-image\" src=\"https:\/\/www.tpa-group.hu\/app\/uploads\/sites\/6\/2024\/02\/TPA-Service-Audit.jpg\" alt=\"K\u00f6nyvvizsg\u00e1lat\">\n\t\t        \t\t\t\t\t\t\t        \t\t<\/div>\n        \t\t\t\t<\/a>\n\n        \t\t\t\t\t\t        \t<\/div>\n\t\t        \t\n\t\t        \t<div class=\"posts-grid-item\">\n\t\t        \t\t\t        \t\t\t<a href=\"https:\/\/www.tpa-group.hu\/hu\/tpa-szolgaltatasok\/uzleti-tanacsadas\/\">\n\n\t\t        \t\t\t        \t\t\t\t\t\t<p class=\"main-category\">\u00dczleti tan\u00e1csad\u00e1s<\/p>\n\t        \t\t\t\t\t\t\t        \t\t<div class=\"img-container\">\n\t\t\t        \t\t\t<img decoding=\"async\" class=\"post-image\" src=\"https:\/\/www.tpa-group.hu\/app\/uploads\/sites\/6\/2023\/10\/TPA-Industry-Holdings-1024x656-1.jpg\" alt=\"\u00dczleti tan\u00e1csad\u00e1s\">\n\t\t        \t\t\t\t\t\t\t        \t\t<\/div>\n        \t\t\t\t<\/a>\n\n        \t\t\t\t\t\t        \t<\/div>\n\t\t        \t\t  <\/div>\n\t\t  \t\t\n\t\t\n\n\t\t\t \t<\/div>\n\t\t\t\t\t\t<\/div>\n\t\t\t\t<\/div>\n\t\t\t\t\t<\/div>\n\t\t\t\t<\/div>\n\t\t\t\t\t<\/div>\n\t\t\t\t<\/div>\n\t\t\t\t<\/div>\n\t\t","protected":false},"excerpt":{"rendered":"<p>F\u0151oldal |&nbsp; Szolg\u00e1ltat\u00e1sok Szolg\u00e1ltat\u00e1sok V\u00e1llalkoz\u00e1s\u00e1nak megfelel\u0151 jogi form\u00e1j\u00e1t\u00f3l a t\u00f6k\u00e9letes ad\u00f3strukt\u00far\u00e1ig: tan\u00e1csad\u00e1si szolg\u00e1ltat\u00e1sainkkal alkalmass\u00e1 tessz\u00fck \u00d6nt az \u00d6n egyedi kih\u00edv\u00e1saira. Mivel minden v\u00e1llalat egyedi, \u00edgy a mi aj\u00e1nlatunk is az. \u00c1tvessz\u00fck az \u00d6n k\u00f6nyvel\u00e9s\u00e9t, b\u00e9rsz\u00e1mfejt\u00e9s\u00e9t, \u00e9s \u00e1lland\u00f3 tan\u00e1csad\u00e1ssal \u00e1llunk rendelkez\u00e9s\u00e9re minden ad\u00f3z\u00e1si k\u00e9rd\u00e9sben, k\u00f6nyvvizsg\u00e1lattal vagy csoportos k\u00f6nyvel\u00e9ssel kapcsolatban. Emellett a vezet\u00e9si tan\u00e1csad\u00e1s \u00e9s ad\u00f3tan\u00e1csad\u00e1s szolg\u00e1ltat\u00e1sainkkal [&hellip;]<\/p>\n","protected":false},"author":1,"featured_media":0,"parent":0,"menu_order":0,"comment_status":"closed","ping_status":"closed","template":"elementor_header_footer","meta":{"_acf_changed":false,"footnotes":""},"class_list":["post-1795","page","type-page","status-publish","hentry"],"acf":[],"yoast_head":"<!-- This site is optimized with the Yoast SEO plugin v26.0 - https:\/\/yoast.com\/wordpress\/plugins\/seo\/ -->\n<title>Szolg\u00e1ltat\u00e1sok - www.tpa-group.hu<\/title>\n<meta name=\"robots\" content=\"index, follow, max-snippet:-1, max-image-preview:large, max-video-preview:-1\" \/>\n<link rel=\"canonical\" href=\"https:\/\/www.tpa-group.hu\/hu\/szolgaltatasok\/\" \/>\n<meta property=\"og:locale\" content=\"hu_HU\" \/>\n<meta property=\"og:type\" content=\"article\" \/>\n<meta property=\"og:title\" content=\"Szolg\u00e1ltat\u00e1sok - www.tpa-group.hu\" \/>\n<meta property=\"og:description\" content=\"F\u0151oldal |&nbsp; Szolg\u00e1ltat\u00e1sok Szolg\u00e1ltat\u00e1sok V\u00e1llalkoz\u00e1s\u00e1nak megfelel\u0151 jogi form\u00e1j\u00e1t\u00f3l a t\u00f6k\u00e9letes ad\u00f3strukt\u00far\u00e1ig: tan\u00e1csad\u00e1si szolg\u00e1ltat\u00e1sainkkal alkalmass\u00e1 tessz\u00fck \u00d6nt az \u00d6n egyedi kih\u00edv\u00e1saira. Mivel minden v\u00e1llalat egyedi, \u00edgy a mi aj\u00e1nlatunk is az. \u00c1tvessz\u00fck az \u00d6n k\u00f6nyvel\u00e9s\u00e9t, b\u00e9rsz\u00e1mfejt\u00e9s\u00e9t, \u00e9s \u00e1lland\u00f3 tan\u00e1csad\u00e1ssal \u00e1llunk rendelkez\u00e9s\u00e9re minden ad\u00f3z\u00e1si k\u00e9rd\u00e9sben, k\u00f6nyvvizsg\u00e1lattal vagy csoportos k\u00f6nyvel\u00e9ssel kapcsolatban. Emellett a vezet\u00e9si tan\u00e1csad\u00e1s \u00e9s ad\u00f3tan\u00e1csad\u00e1s szolg\u00e1ltat\u00e1sainkkal [&hellip;]\" \/>\n<meta property=\"og:url\" content=\"https:\/\/www.tpa-group.hu\/hu\/szolgaltatasok\/\" \/>\n<meta property=\"og:site_name\" content=\"www.tpa-group.hu\" \/>\n<meta property=\"article:modified_time\" content=\"2024-09-03T11:07:02+00:00\" \/>\n<meta property=\"og:image\" content=\"https:\/\/www.tpa-group.hu\/app\/uploads\/sites\/6\/2024\/02\/TPA-Service-Tax-Advisory-1024x948.jpg\" \/>\n<meta name=\"twitter:card\" content=\"summary_large_image\" \/>\n<meta name=\"twitter:label1\" content=\"Est. reading time\" \/>\n\t<meta name=\"twitter:data1\" content=\"2 perc\" \/>\n<script type=\"application\/ld+json\" class=\"yoast-schema-graph\">{\"@context\":\"https:\/\/schema.org\",\"@graph\":[{\"@type\":\"WebPage\",\"@id\":\"https:\/\/www.tpa-group.hu\/hu\/szolgaltatasok\/\",\"url\":\"https:\/\/www.tpa-group.hu\/hu\/szolgaltatasok\/\",\"name\":\"Szolg\u00e1ltat\u00e1sok - www.tpa-group.hu\",\"isPartOf\":{\"@id\":\"https:\/\/www.tpa-group.hu\/hu\/#website\"},\"primaryImageOfPage\":{\"@id\":\"https:\/\/www.tpa-group.hu\/hu\/szolgaltatasok\/#primaryimage\"},\"image\":{\"@id\":\"https:\/\/www.tpa-group.hu\/hu\/szolgaltatasok\/#primaryimage\"},\"thumbnailUrl\":\"https:\/\/www.tpa-group.hu\/app\/uploads\/sites\/6\/2024\/02\/TPA-Service-Tax-Advisory-1024x948.jpg\",\"datePublished\":\"2023-10-03T07:19:13+00:00\",\"dateModified\":\"2024-09-03T11:07:02+00:00\",\"breadcrumb\":{\"@id\":\"https:\/\/www.tpa-group.hu\/hu\/szolgaltatasok\/#breadcrumb\"},\"inLanguage\":\"hu\",\"potentialAction\":[{\"@type\":\"ReadAction\",\"target\":[\"https:\/\/www.tpa-group.hu\/hu\/szolgaltatasok\/\"]}]},{\"@type\":\"ImageObject\",\"inLanguage\":\"hu\",\"@id\":\"https:\/\/www.tpa-group.hu\/hu\/szolgaltatasok\/#primaryimage\",\"url\":\"https:\/\/www.tpa-group.hu\/app\/uploads\/sites\/6\/2024\/02\/TPA-Service-Tax-Advisory-1024x948.jpg\",\"contentUrl\":\"https:\/\/www.tpa-group.hu\/app\/uploads\/sites\/6\/2024\/02\/TPA-Service-Tax-Advisory-1024x948.jpg\"},{\"@type\":\"BreadcrumbList\",\"@id\":\"https:\/\/www.tpa-group.hu\/hu\/szolgaltatasok\/#breadcrumb\",\"itemListElement\":[{\"@type\":\"ListItem\",\"position\":1,\"name\":\"Home\",\"item\":\"https:\/\/www.tpa-group.hu\/hu\/\"},{\"@type\":\"ListItem\",\"position\":2,\"name\":\"Szolg\u00e1ltat\u00e1sok\"}]},{\"@type\":\"WebSite\",\"@id\":\"https:\/\/www.tpa-group.hu\/hu\/#website\",\"url\":\"https:\/\/www.tpa-group.hu\/hu\/\",\"name\":\"www.tpa-group.hu\",\"description\":\"\",\"publisher\":{\"@id\":\"https:\/\/www.tpa-group.hu\/hu\/#organization\"},\"potentialAction\":[{\"@type\":\"SearchAction\",\"target\":{\"@type\":\"EntryPoint\",\"urlTemplate\":\"https:\/\/www.tpa-group.hu\/hu\/?s={search_term_string}\"},\"query-input\":{\"@type\":\"PropertyValueSpecification\",\"valueRequired\":true,\"valueName\":\"search_term_string\"}}],\"inLanguage\":\"hu\"},{\"@type\":\"Organization\",\"@id\":\"https:\/\/www.tpa-group.hu\/hu\/#organization\",\"name\":\"www.tpa-group.hu\",\"url\":\"https:\/\/www.tpa-group.hu\/hu\/\",\"logo\":{\"@type\":\"ImageObject\",\"inLanguage\":\"hu\",\"@id\":\"https:\/\/www.tpa-group.hu\/hu\/#\/schema\/logo\/image\/\",\"url\":\"https:\/\/www.tpa-group.hu\/app\/uploads\/sites\/6\/2024\/10\/tpa-logo-favicon.svg\",\"contentUrl\":\"https:\/\/www.tpa-group.hu\/app\/uploads\/sites\/6\/2024\/10\/tpa-logo-favicon.svg\",\"width\":110,\"height\":93,\"caption\":\"www.tpa-group.hu\"},\"image\":{\"@id\":\"https:\/\/www.tpa-group.hu\/hu\/#\/schema\/logo\/image\/\"}}]}<\/script>\n<!-- \/ Yoast SEO plugin. -->","yoast_head_json":{"title":"Szolg\u00e1ltat\u00e1sok - www.tpa-group.hu","robots":{"index":"index","follow":"follow","max-snippet":"max-snippet:-1","max-image-preview":"max-image-preview:large","max-video-preview":"max-video-preview:-1"},"canonical":"https:\/\/www.tpa-group.hu\/hu\/szolgaltatasok\/","og_locale":"hu_HU","og_type":"article","og_title":"Szolg\u00e1ltat\u00e1sok - www.tpa-group.hu","og_description":"F\u0151oldal |&nbsp; Szolg\u00e1ltat\u00e1sok Szolg\u00e1ltat\u00e1sok V\u00e1llalkoz\u00e1s\u00e1nak megfelel\u0151 jogi form\u00e1j\u00e1t\u00f3l a t\u00f6k\u00e9letes ad\u00f3strukt\u00far\u00e1ig: tan\u00e1csad\u00e1si szolg\u00e1ltat\u00e1sainkkal alkalmass\u00e1 tessz\u00fck \u00d6nt az \u00d6n egyedi kih\u00edv\u00e1saira. Mivel minden v\u00e1llalat egyedi, \u00edgy a mi aj\u00e1nlatunk is az. \u00c1tvessz\u00fck az \u00d6n k\u00f6nyvel\u00e9s\u00e9t, b\u00e9rsz\u00e1mfejt\u00e9s\u00e9t, \u00e9s \u00e1lland\u00f3 tan\u00e1csad\u00e1ssal \u00e1llunk rendelkez\u00e9s\u00e9re minden ad\u00f3z\u00e1si k\u00e9rd\u00e9sben, k\u00f6nyvvizsg\u00e1lattal vagy csoportos k\u00f6nyvel\u00e9ssel kapcsolatban. Emellett a vezet\u00e9si tan\u00e1csad\u00e1s \u00e9s ad\u00f3tan\u00e1csad\u00e1s szolg\u00e1ltat\u00e1sainkkal [&hellip;]","og_url":"https:\/\/www.tpa-group.hu\/hu\/szolgaltatasok\/","og_site_name":"www.tpa-group.hu","article_modified_time":"2024-09-03T11:07:02+00:00","og_image":[{"url":"https:\/\/www.tpa-group.hu\/app\/uploads\/sites\/6\/2024\/02\/TPA-Service-Tax-Advisory-1024x948.jpg","type":"","width":"","height":""}],"twitter_card":"summary_large_image","twitter_misc":{"Est. reading time":"2 perc"},"schema":{"@context":"https:\/\/schema.org","@graph":[{"@type":"WebPage","@id":"https:\/\/www.tpa-group.hu\/hu\/szolgaltatasok\/","url":"https:\/\/www.tpa-group.hu\/hu\/szolgaltatasok\/","name":"Szolg\u00e1ltat\u00e1sok - www.tpa-group.hu","isPartOf":{"@id":"https:\/\/www.tpa-group.hu\/hu\/#website"},"primaryImageOfPage":{"@id":"https:\/\/www.tpa-group.hu\/hu\/szolgaltatasok\/#primaryimage"},"image":{"@id":"https:\/\/www.tpa-group.hu\/hu\/szolgaltatasok\/#primaryimage"},"thumbnailUrl":"https:\/\/www.tpa-group.hu\/app\/uploads\/sites\/6\/2024\/02\/TPA-Service-Tax-Advisory-1024x948.jpg","datePublished":"2023-10-03T07:19:13+00:00","dateModified":"2024-09-03T11:07:02+00:00","breadcrumb":{"@id":"https:\/\/www.tpa-group.hu\/hu\/szolgaltatasok\/#breadcrumb"},"inLanguage":"hu","potentialAction":[{"@type":"ReadAction","target":["https:\/\/www.tpa-group.hu\/hu\/szolgaltatasok\/"]}]},{"@type":"ImageObject","inLanguage":"hu","@id":"https:\/\/www.tpa-group.hu\/hu\/szolgaltatasok\/#primaryimage","url":"https:\/\/www.tpa-group.hu\/app\/uploads\/sites\/6\/2024\/02\/TPA-Service-Tax-Advisory-1024x948.jpg","contentUrl":"https:\/\/www.tpa-group.hu\/app\/uploads\/sites\/6\/2024\/02\/TPA-Service-Tax-Advisory-1024x948.jpg"},{"@type":"BreadcrumbList","@id":"https:\/\/www.tpa-group.hu\/hu\/szolgaltatasok\/#breadcrumb","itemListElement":[{"@type":"ListItem","position":1,"name":"Home","item":"https:\/\/www.tpa-group.hu\/hu\/"},{"@type":"ListItem","position":2,"name":"Szolg\u00e1ltat\u00e1sok"}]},{"@type":"WebSite","@id":"https:\/\/www.tpa-group.hu\/hu\/#website","url":"https:\/\/www.tpa-group.hu\/hu\/","name":"www.tpa-group.hu","description":"","publisher":{"@id":"https:\/\/www.tpa-group.hu\/hu\/#organization"},"potentialAction":[{"@type":"SearchAction","target":{"@type":"EntryPoint","urlTemplate":"https:\/\/www.tpa-group.hu\/hu\/?s={search_term_string}"},"query-input":{"@type":"PropertyValueSpecification","valueRequired":true,"valueName":"search_term_string"}}],"inLanguage":"hu"},{"@type":"Organization","@id":"https:\/\/www.tpa-group.hu\/hu\/#organization","name":"www.tpa-group.hu","url":"https:\/\/www.tpa-group.hu\/hu\/","logo":{"@type":"ImageObject","inLanguage":"hu","@id":"https:\/\/www.tpa-group.hu\/hu\/#\/schema\/logo\/image\/","url":"https:\/\/www.tpa-group.hu\/app\/uploads\/sites\/6\/2024\/10\/tpa-logo-favicon.svg","contentUrl":"https:\/\/www.tpa-group.hu\/app\/uploads\/sites\/6\/2024\/10\/tpa-logo-favicon.svg","width":110,"height":93,"caption":"www.tpa-group.hu"},"image":{"@id":"https:\/\/www.tpa-group.hu\/hu\/#\/schema\/logo\/image\/"}}]}},"_links":{"self":[{"href":"https:\/\/www.tpa-group.hu\/hu\/wp-json\/wp\/v2\/pages\/1795","targetHints":{"allow":["GET"]}}],"collection":[{"href":"https:\/\/www.tpa-group.hu\/hu\/wp-json\/wp\/v2\/pages"}],"about":[{"href":"https:\/\/www.tpa-group.hu\/hu\/wp-json\/wp\/v2\/types\/page"}],"author":[{"embeddable":true,"href":"https:\/\/www.tpa-group.hu\/hu\/wp-json\/wp\/v2\/users\/1"}],"replies":[{"embeddable":true,"href":"https:\/\/www.tpa-group.hu\/hu\/wp-json\/wp\/v2\/comments?post=1795"}],"version-history":[{"count":5,"href":"https:\/\/www.tpa-group.hu\/hu\/wp-json\/wp\/v2\/pages\/1795\/revisions"}],"predecessor-version":[{"id":2389,"href":"https:\/\/www.tpa-group.hu\/hu\/wp-json\/wp\/v2\/pages\/1795\/revisions\/2389"}],"wp:attachment":[{"href":"https:\/\/www.tpa-group.hu\/hu\/wp-json\/wp\/v2\/media?parent=1795"}],"curies":[{"name":"wp","href":"https:\/\/api.w.org\/{rel}","templated":true}]}}