{"id":1799,"date":"2024-03-28T16:53:16","date_gmt":"2024-03-28T16:53:16","guid":{"rendered":"https:\/\/www.tpa-group.hu\/a-tpa-magyarorszagon\/"},"modified":"2024-09-23T07:11:03","modified_gmt":"2024-09-23T07:11:03","slug":"a-tpa-magyarorszagon","status":"publish","type":"page","link":"https:\/\/www.tpa-group.hu\/hu\/a-tpa-magyarorszagon\/","title":{"rendered":"A TPA Magyarorsz\u00e1gon"},"content":{"rendered":"\t\t<div data-elementor-type=\"wp-page\" data-elementor-id=\"1799\" class=\"elementor elementor-1799 elementor-1247\" data-elementor-post-type=\"page\">\n\t\t\t\t\t\t<section class=\"elementor-section elementor-top-section elementor-element elementor-element-555d3754 hero-banner elementor-section-boxed elementor-section-height-default elementor-section-height-default\" data-id=\"555d3754\" data-element_type=\"section\">\n\t\t\t\t\t\t<div class=\"elementor-container elementor-column-gap-default\">\n\t\t\t\t\t<div class=\"elementor-column elementor-col-50 elementor-top-column elementor-element elementor-element-3ad9ef8e\" data-id=\"3ad9ef8e\" data-element_type=\"column\">\n\t\t\t<div class=\"elementor-widget-wrap elementor-element-populated\">\n\t\t\t\t\t\t<section class=\"elementor-section elementor-inner-section elementor-element elementor-element-2e728af7 hero-banner-breadcrumbs-container elementor-section-boxed elementor-section-height-default elementor-section-height-default\" data-id=\"2e728af7\" data-element_type=\"section\">\n\t\t\t\t\t\t<div class=\"elementor-container elementor-column-gap-default\">\n\t\t\t\t\t<div class=\"elementor-column elementor-col-100 elementor-inner-column elementor-element elementor-element-25c4d081\" data-id=\"25c4d081\" data-element_type=\"column\">\n\t\t\t<div class=\"elementor-widget-wrap elementor-element-populated\">\n\t\t\t\t\t\t<div class=\"elementor-element elementor-element-2378aebf elementor-widget elementor-widget-heading\" data-id=\"2378aebf\" data-element_type=\"widget\" data-widget_type=\"heading.default\">\n\t\t\t\t<div class=\"elementor-widget-container\">\n\t\t\t\t\t<p class=\"elementor-heading-title elementor-size-default\"><a href=\"\/\">F\u0151oldal |&nbsp;<\/a><\/p>\t\t\t\t<\/div>\n\t\t\t\t<\/div>\n\t\t\t\t<div class=\"elementor-element elementor-element-1fd0b378 elementor-widget elementor-widget-heading\" data-id=\"1fd0b378\" data-element_type=\"widget\" data-widget_type=\"heading.default\">\n\t\t\t\t<div class=\"elementor-widget-container\">\n\t\t\t\t\t<p class=\"elementor-heading-title elementor-size-default\">A TPA Magyarorsz\u00e1gon<\/p>\t\t\t\t<\/div>\n\t\t\t\t<\/div>\n\t\t\t\t\t<\/div>\n\t\t<\/div>\n\t\t\t\t\t<\/div>\n\t\t<\/section>\n\t\t\t\t<div class=\"elementor-element elementor-element-552eaf74 elementor-widget elementor-widget-heading\" data-id=\"552eaf74\" data-element_type=\"widget\" data-widget_type=\"heading.default\">\n\t\t\t\t<div class=\"elementor-widget-container\">\n\t\t\t\t\t<h1 class=\"elementor-heading-title elementor-size-default\">A TPA Magyarorsz\u00e1gon<\/h1>\t\t\t\t<\/div>\n\t\t\t\t<\/div>\n\t\t\t\t<div class=\"elementor-element elementor-element-6a6c78ab elementor-widget elementor-widget-text-editor\" data-id=\"6a6c78ab\" data-element_type=\"widget\" data-widget_type=\"text-editor.default\">\n\t\t\t\t<div class=\"elementor-widget-container\">\n\t\t\t\t\t\t\t\t\t<p><span lang=\"EN-GB\" style=\"font-size: 11.0pt;line-height: 107%;font-family: 'Aptos',sans-serif\">A TPA Magyarorsz\u00e1g jelent\u0151s tapasztalattal rendelkezik az ingatlanbefektet\u0151k sz\u00e1mviteli \u00e9s ad\u00f3z\u00e1si k\u00e9rd\u00e9seiben, 30 \u00e9ve k\u00e9pviseli Magyarorsz\u00e1gon a legnagyobb n\u00e9met \u00e9s osztr\u00e1k ingatlanbefektet\u0151ket \u00e9s egy\u00e9b termel\u0151, keresked\u0151, l\u00edzing- \u00e9s szolg\u00e1ltat\u00f3 c\u00e9geket.<\/span><\/p>\n\t\t\t\t\t\t\t\t<\/div>\n\t\t\t\t<\/div>\n\t\t\t\t\t<\/div>\n\t\t<\/div>\n\t\t\t\t<div class=\"elementor-column elementor-col-50 elementor-top-column elementor-element elementor-element-3354e82b\" data-id=\"3354e82b\" data-element_type=\"column\">\n\t\t\t<div class=\"elementor-widget-wrap\">\n\t\t\t\t\t\t\t<\/div>\n\t\t<\/div>\n\t\t\t\t\t<\/div>\n\t\t<\/section>\n\t\t<div class=\"elementor-element elementor-element-4c77932 page-content-container e-flex e-con-boxed e-con e-parent\" data-id=\"4c77932\" data-element_type=\"container\">\n\t\t\t\t\t<div class=\"e-con-inner\">\n\t\t<div class=\"elementor-element elementor-element-b4399de e-flex e-con-boxed e-con e-child\" data-id=\"b4399de\" data-element_type=\"container\">\n\t\t\t\t\t<div class=\"e-con-inner\">\n\t\t<div class=\"elementor-element elementor-element-7add7b4 e-con-full e-flex e-con e-child\" data-id=\"7add7b4\" data-element_type=\"container\">\n\t\t\t\t<div class=\"elementor-element elementor-element-3caf41e elementor-widget elementor-widget-heading\" data-id=\"3caf41e\" data-element_type=\"widget\" data-widget_type=\"heading.default\">\n\t\t\t\t<div class=\"elementor-widget-container\">\n\t\t\t\t\t<h2 class=\"elementor-heading-title elementor-size-default\">C\u00e9g\u00fcnk<\/h2>\t\t\t\t<\/div>\n\t\t\t\t<\/div>\n\t\t\t\t<div class=\"elementor-element elementor-element-601b216 elementor-widget elementor-widget-text-editor\" data-id=\"601b216\" data-element_type=\"widget\" data-widget_type=\"text-editor.default\">\n\t\t\t\t<div class=\"elementor-widget-container\">\n\t\t\t\t\t\t\t\t\t<p>A magyarorsz\u00e1gi TPA-t a c\u00e9g partnerei, Szemer\u00e9di J\u00f3zsef \u00e9s Jakab Gy\u00f6rgy alap\u00edtott\u00e1k 1993-ban Budapesten. Megalakul\u00e1s\u00e1val egy\u00fattal a TPA Csoport els\u0151 k\u00f6z\u00e9p-kelet-eur\u00f3pai tagja is lett, amely ma m\u00e1r 12 orsz\u00e1gb\u00f3l \u00e1ll, \u00e9s 32 helysz\u00ednen k\u00edn\u00e1l hat\u00e1rokon \u00e1tny\u00fal\u00f3 tan\u00e1csad\u00e1st.<\/p><p>A TPA Magyarorsz\u00e1g ad\u00f3tan\u00e1csad\u00e1si, k\u00f6nyvvizsg\u00e1lati, sz\u00e1mviteli, tan\u00e1csad\u00f3i \u00e9s b\u00e9rsz\u00e1mfejt\u00e9si szolg\u00e1ltat\u00e1sokat ny\u00fajt \u00fcgyfeleinek. Az al\u00e1bbi v\u00e1llalkoz\u00e1sokb\u00f3l \u00e1ll:<\/p><p><strong>TPA Consulting Ad\u00f3tan\u00e1csad\u00f3 Kft.<\/strong><\/p><p>ad\u00f3tan\u00e1csad\u00e1si, k\u00f6nyvel\u00e9si, b\u00e9rsz\u00e1mfejt\u00e9si szolg\u00e1ltat\u00e1sok<\/p><p><strong>TPA Control K\u00f6nyvvizsg\u00e1l\u00f3 Kft.<\/strong><\/p><p>p\u00e9nz\u00fcgyi tan\u00e1csad\u00e1s \u00e9s k\u00f6nyvvizsg\u00e1lat<\/p>\t\t\t\t\t\t\t\t<\/div>\n\t\t\t\t<\/div>\n\t\t\t\t<\/div>\n\t\t<div class=\"elementor-element elementor-element-4ae65b0 e-con-full e-flex e-con e-child\" data-id=\"4ae65b0\" data-element_type=\"container\">\n\t\t\t\t<div class=\"elementor-element elementor-element-685c4d1 elementor-widget elementor-widget-image\" data-id=\"685c4d1\" data-element_type=\"widget\" data-widget_type=\"image.default\">\n\t\t\t\t<div class=\"elementor-widget-container\">\n\t\t\t\t\t\t\t\t\t\t\t\t\t\t\t<img fetchpriority=\"high\" decoding=\"async\" width=\"800\" height=\"670\" src=\"https:\/\/www.tpa-group.hu\/app\/uploads\/sites\/6\/2024\/09\/TPA_Logo_Solo_4c-1024x858.webp\" class=\"attachment-large size-large wp-image-3171\" alt=\"\" srcset=\"https:\/\/www.tpa-group.hu\/app\/uploads\/sites\/6\/2024\/09\/TPA_Logo_Solo_4c-1024x858.webp 1024w, https:\/\/www.tpa-group.hu\/app\/uploads\/sites\/6\/2024\/09\/TPA_Logo_Solo_4c-300x251.webp 300w, https:\/\/www.tpa-group.hu\/app\/uploads\/sites\/6\/2024\/09\/TPA_Logo_Solo_4c-768x643.webp 768w, https:\/\/www.tpa-group.hu\/app\/uploads\/sites\/6\/2024\/09\/TPA_Logo_Solo_4c-1536x1287.webp 1536w, https:\/\/www.tpa-group.hu\/app\/uploads\/sites\/6\/2024\/09\/TPA_Logo_Solo_4c.webp 1890w\" sizes=\"(max-width: 800px) 100vw, 800px\" \/>\t\t\t\t\t\t\t\t\t\t\t\t\t\t\t<\/div>\n\t\t\t\t<\/div>\n\t\t\t\t<\/div>\n\t\t\t\t\t<\/div>\n\t\t\t\t<\/div>\n\t\t<div class=\"elementor-element elementor-element-9d737cc e-flex e-con-boxed e-con e-child\" data-id=\"9d737cc\" data-element_type=\"container\">\n\t\t\t\t\t<div class=\"e-con-inner\">\n\t\t<div class=\"elementor-element elementor-element-7efc965 e-con-full e-flex e-con e-child\" data-id=\"7efc965\" data-element_type=\"container\">\n\t\t\t\t<div class=\"elementor-element elementor-element-82f0e0d elementor-widget elementor-widget-heading\" data-id=\"82f0e0d\" data-element_type=\"widget\" data-widget_type=\"heading.default\">\n\t\t\t\t<div class=\"elementor-widget-container\">\n\t\t\t\t\t<h2 class=\"elementor-heading-title elementor-size-default\">12 orsz\u00e1g. 1 t\u00e1rsas\u00e1g. A TPA Csoport.<\/h2>\t\t\t\t<\/div>\n\t\t\t\t<\/div>\n\t\t\t\t<div class=\"elementor-element elementor-element-118a926 elementor-widget elementor-widget-text-editor\" data-id=\"118a926\" data-element_type=\"widget\" data-widget_type=\"text-editor.default\">\n\t\t\t\t<div class=\"elementor-widget-container\">\n\t\t\t\t\t\t\t\t\t<p>A TPA-csoport Magyarorsz\u00e1gon k\u00edv\u00fcl tizenegy m\u00e1sik eur\u00f3pai orsz\u00e1gban is m\u0171k\u00f6dik: Ausztria, Alb\u00e1nia, Bulg\u00e1ria, Horv\u00e1torsz\u00e1g, Csehorsz\u00e1g, Montenegr\u00f3, Lengyelorsz\u00e1g, Rom\u00e1nia, Szerbia, Szlov\u00e1kia, Szlov\u00e9nia \u00e9s Szlov\u00e9nia. A 30 telephelyen mintegy 1850 munkat\u00e1rsunk \u00e1ll az \u00d6n rendelkez\u00e9s\u00e9re.<\/p>\n\t\t\t\t\t\t\t\t<\/div>\n\t\t\t\t<\/div>\n\t\t\t\t<\/div>\n\t\t<div class=\"elementor-element elementor-element-b7170ca e-con-full e-flex e-con e-child\" data-id=\"b7170ca\" data-element_type=\"container\">\n\t\t\t\t<div class=\"elementor-element elementor-element-6b87dbf elementor-widget elementor-widget-image\" data-id=\"6b87dbf\" data-element_type=\"widget\" data-widget_type=\"image.default\">\n\t\t\t\t<div class=\"elementor-widget-container\">\n\t\t\t\t\t\t\t\t\t\t\t\t\t\t\t<img decoding=\"async\" width=\"535\" height=\"466\" src=\"https:\/\/www.tpa-group.hu\/app\/uploads\/sites\/6\/2024\/09\/MAP_Group_green_2024-TPA-Hungary.png\" class=\"attachment-large size-large wp-image-3183\" alt=\"\" srcset=\"https:\/\/www.tpa-group.hu\/app\/uploads\/sites\/6\/2024\/09\/MAP_Group_green_2024-TPA-Hungary.png 535w, https:\/\/www.tpa-group.hu\/app\/uploads\/sites\/6\/2024\/09\/MAP_Group_green_2024-TPA-Hungary-300x261.png 300w\" sizes=\"(max-width: 535px) 100vw, 535px\" \/>\t\t\t\t\t\t\t\t\t\t\t\t\t\t\t<\/div>\n\t\t\t\t<\/div>\n\t\t\t\t<\/div>\n\t\t<div class=\"elementor-element elementor-element-e3c6105 e-con-full e-flex e-con e-child\" data-id=\"e3c6105\" data-element_type=\"container\">\n\t\t\t\t<div class=\"elementor-element elementor-element-c98a2a3 elementor-widget elementor-widget-image\" data-id=\"c98a2a3\" data-element_type=\"widget\" data-widget_type=\"image.default\">\n\t\t\t\t<div class=\"elementor-widget-container\">\n\t\t\t\t\t\t\t\t\t\t\t\t\t\t\t<img decoding=\"async\" width=\"366\" height=\"99\" src=\"https:\/\/www.tpa-group.hu\/app\/uploads\/sites\/6\/2024\/09\/TPA-Group-Baker-Tilly.png\" class=\"attachment-large size-large wp-image-3177\" alt=\"\" srcset=\"https:\/\/www.tpa-group.hu\/app\/uploads\/sites\/6\/2024\/09\/TPA-Group-Baker-Tilly.png 366w, https:\/\/www.tpa-group.hu\/app\/uploads\/sites\/6\/2024\/09\/TPA-Group-Baker-Tilly-300x81.png 300w\" sizes=\"(max-width: 366px) 100vw, 366px\" \/>\t\t\t\t\t\t\t\t\t\t\t\t\t\t\t<\/div>\n\t\t\t\t<\/div>\n\t\t\t\t<\/div>\n\t\t<div class=\"elementor-element elementor-element-6e34a67 e-con-full e-flex e-con e-child\" data-id=\"6e34a67\" data-element_type=\"container\">\n\t\t\t\t<div class=\"elementor-element elementor-element-f1a8bfa elementor-widget elementor-widget-heading\" data-id=\"f1a8bfa\" data-element_type=\"widget\" data-widget_type=\"heading.default\">\n\t\t\t\t<div class=\"elementor-widget-container\">\n\t\t\t\t\t<h3 class=\"elementor-heading-title elementor-size-default\">Region\u00e1lis gy\u00f6kerek. Vil\u00e1gm\u00e9ret\u0171 h\u00e1l\u00f3zat.<\/h3>\t\t\t\t<\/div>\n\t\t\t\t<\/div>\n\t\t\t\t<div class=\"elementor-element elementor-element-a6a98e6 elementor-widget elementor-widget-text-editor\" data-id=\"a6a98e6\" data-element_type=\"widget\" data-widget_type=\"text-editor.default\">\n\t\t\t\t<div class=\"elementor-widget-container\">\n\t\t\t\t\t\t\t\t\t<p>A TPA Csoport a Baker Tilly Europe Alliance f\u00fcggetlen tagja, \u00edgy \u00fcgyfelei sz\u00e1m\u00e1ra az ad\u00f3tan\u00e1csad\u00f3k vil\u00e1gm\u00e9ret\u0171 h\u00e1l\u00f3zat\u00e1t tudja biztos\u00edtani. A <span style=\"text-decoration: underline;\"><a href=\"https:\/\/www.tpa-group.hu\/hu\/baker-tilly-international\/\" target=\"_blank\" rel=\"noopener\"><strong>Baker Tilly International<\/strong><\/a><\/span> h\u00e1l\u00f3zat jelenleg 148 orsz\u00e1gban 123 f\u00fcggetlen tagv\u00e1llalatb\u00f3l \u00e9s t\u00f6bb mint 37 000 alkalmazottb\u00f3l \u00e1ll, amivel a &#8222;top t\u00edz&#8221; glob\u00e1lis tan\u00e1csad\u00f3i h\u00e1l\u00f3zat k\u00f6z\u00e9 tartozik.<\/p>\t\t\t\t\t\t\t\t<\/div>\n\t\t\t\t<\/div>\n\t\t\t\t<\/div>\n\t\t\t\t\t<\/div>\n\t\t\t\t<\/div>\n\t\t\t\t\t<\/div>\n\t\t\t\t<\/div>\n\t\t\t\t<\/div>\n\t\t","protected":false},"excerpt":{"rendered":"<p>F\u0151oldal |&nbsp; A TPA Magyarorsz\u00e1gon A TPA Magyarorsz\u00e1gon A TPA Magyarorsz\u00e1g jelent\u0151s tapasztalattal rendelkezik az ingatlanbefektet\u0151k sz\u00e1mviteli \u00e9s ad\u00f3z\u00e1si k\u00e9rd\u00e9seiben, 30 \u00e9ve k\u00e9pviseli Magyarorsz\u00e1gon a legnagyobb n\u00e9met \u00e9s osztr\u00e1k ingatlanbefektet\u0151ket \u00e9s egy\u00e9b termel\u0151, keresked\u0151, l\u00edzing- \u00e9s szolg\u00e1ltat\u00f3 c\u00e9geket. C\u00e9g\u00fcnk A magyarorsz\u00e1gi TPA-t a c\u00e9g partnerei, Szemer\u00e9di J\u00f3zsef \u00e9s Jakab Gy\u00f6rgy alap\u00edtott\u00e1k 1993-ban Budapesten. Megalakul\u00e1s\u00e1val egy\u00fattal [&hellip;]<\/p>\n","protected":false},"author":21,"featured_media":0,"parent":0,"menu_order":0,"comment_status":"closed","ping_status":"closed","template":"elementor_header_footer","meta":{"_acf_changed":false,"footnotes":""},"class_list":["post-1799","page","type-page","status-publish","hentry"],"acf":[],"yoast_head":"<!-- This site is optimized with the Yoast SEO plugin v26.0 - https:\/\/yoast.com\/wordpress\/plugins\/seo\/ -->\n<title>A TPA Magyarorsz\u00e1gon - www.tpa-group.hu<\/title>\n<meta name=\"robots\" content=\"index, follow, max-snippet:-1, max-image-preview:large, max-video-preview:-1\" \/>\n<link rel=\"canonical\" href=\"https:\/\/www.tpa-group.hu\/hu\/a-tpa-magyarorszagon\/\" \/>\n<meta property=\"og:locale\" content=\"hu_HU\" \/>\n<meta property=\"og:type\" content=\"article\" \/>\n<meta property=\"og:title\" content=\"A TPA Magyarorsz\u00e1gon - www.tpa-group.hu\" \/>\n<meta property=\"og:description\" content=\"F\u0151oldal |&nbsp; A TPA Magyarorsz\u00e1gon A TPA Magyarorsz\u00e1gon A TPA Magyarorsz\u00e1g jelent\u0151s tapasztalattal rendelkezik az ingatlanbefektet\u0151k sz\u00e1mviteli \u00e9s ad\u00f3z\u00e1si k\u00e9rd\u00e9seiben, 30 \u00e9ve k\u00e9pviseli Magyarorsz\u00e1gon a legnagyobb n\u00e9met \u00e9s osztr\u00e1k ingatlanbefektet\u0151ket \u00e9s egy\u00e9b termel\u0151, keresked\u0151, l\u00edzing- \u00e9s szolg\u00e1ltat\u00f3 c\u00e9geket. C\u00e9g\u00fcnk A magyarorsz\u00e1gi TPA-t a c\u00e9g partnerei, Szemer\u00e9di J\u00f3zsef \u00e9s Jakab Gy\u00f6rgy alap\u00edtott\u00e1k 1993-ban Budapesten. Megalakul\u00e1s\u00e1val egy\u00fattal [&hellip;]\" \/>\n<meta property=\"og:url\" content=\"https:\/\/www.tpa-group.hu\/hu\/a-tpa-magyarorszagon\/\" \/>\n<meta property=\"og:site_name\" content=\"www.tpa-group.hu\" \/>\n<meta property=\"article:modified_time\" content=\"2024-09-23T07:11:03+00:00\" \/>\n<meta property=\"og:image\" content=\"https:\/\/www.tpa-group.hu\/app\/uploads\/sites\/6\/2024\/09\/TPA_Logo_Solo_4c-1024x858.webp\" \/>\n<meta name=\"twitter:card\" content=\"summary_large_image\" \/>\n<meta name=\"twitter:label1\" content=\"Est. reading time\" \/>\n\t<meta name=\"twitter:data1\" content=\"2 perc\" \/>\n<script type=\"application\/ld+json\" class=\"yoast-schema-graph\">{\"@context\":\"https:\/\/schema.org\",\"@graph\":[{\"@type\":\"WebPage\",\"@id\":\"https:\/\/www.tpa-group.hu\/hu\/a-tpa-magyarorszagon\/\",\"url\":\"https:\/\/www.tpa-group.hu\/hu\/a-tpa-magyarorszagon\/\",\"name\":\"A TPA Magyarorsz\u00e1gon - www.tpa-group.hu\",\"isPartOf\":{\"@id\":\"https:\/\/www.tpa-group.hu\/hu\/#website\"},\"primaryImageOfPage\":{\"@id\":\"https:\/\/www.tpa-group.hu\/hu\/a-tpa-magyarorszagon\/#primaryimage\"},\"image\":{\"@id\":\"https:\/\/www.tpa-group.hu\/hu\/a-tpa-magyarorszagon\/#primaryimage\"},\"thumbnailUrl\":\"https:\/\/www.tpa-group.hu\/app\/uploads\/sites\/6\/2024\/09\/TPA_Logo_Solo_4c-1024x858.webp\",\"datePublished\":\"2024-03-28T16:53:16+00:00\",\"dateModified\":\"2024-09-23T07:11:03+00:00\",\"breadcrumb\":{\"@id\":\"https:\/\/www.tpa-group.hu\/hu\/a-tpa-magyarorszagon\/#breadcrumb\"},\"inLanguage\":\"hu\",\"potentialAction\":[{\"@type\":\"ReadAction\",\"target\":[\"https:\/\/www.tpa-group.hu\/hu\/a-tpa-magyarorszagon\/\"]}]},{\"@type\":\"ImageObject\",\"inLanguage\":\"hu\",\"@id\":\"https:\/\/www.tpa-group.hu\/hu\/a-tpa-magyarorszagon\/#primaryimage\",\"url\":\"https:\/\/www.tpa-group.hu\/app\/uploads\/sites\/6\/2024\/09\/TPA_Logo_Solo_4c-1024x858.webp\",\"contentUrl\":\"https:\/\/www.tpa-group.hu\/app\/uploads\/sites\/6\/2024\/09\/TPA_Logo_Solo_4c-1024x858.webp\"},{\"@type\":\"BreadcrumbList\",\"@id\":\"https:\/\/www.tpa-group.hu\/hu\/a-tpa-magyarorszagon\/#breadcrumb\",\"itemListElement\":[{\"@type\":\"ListItem\",\"position\":1,\"name\":\"Home\",\"item\":\"https:\/\/www.tpa-group.hu\/hu\/\"},{\"@type\":\"ListItem\",\"position\":2,\"name\":\"A TPA Magyarorsz\u00e1gon\"}]},{\"@type\":\"WebSite\",\"@id\":\"https:\/\/www.tpa-group.hu\/hu\/#website\",\"url\":\"https:\/\/www.tpa-group.hu\/hu\/\",\"name\":\"www.tpa-group.hu\",\"description\":\"\",\"publisher\":{\"@id\":\"https:\/\/www.tpa-group.hu\/hu\/#organization\"},\"potentialAction\":[{\"@type\":\"SearchAction\",\"target\":{\"@type\":\"EntryPoint\",\"urlTemplate\":\"https:\/\/www.tpa-group.hu\/hu\/?s={search_term_string}\"},\"query-input\":{\"@type\":\"PropertyValueSpecification\",\"valueRequired\":true,\"valueName\":\"search_term_string\"}}],\"inLanguage\":\"hu\"},{\"@type\":\"Organization\",\"@id\":\"https:\/\/www.tpa-group.hu\/hu\/#organization\",\"name\":\"www.tpa-group.hu\",\"url\":\"https:\/\/www.tpa-group.hu\/hu\/\",\"logo\":{\"@type\":\"ImageObject\",\"inLanguage\":\"hu\",\"@id\":\"https:\/\/www.tpa-group.hu\/hu\/#\/schema\/logo\/image\/\",\"url\":\"https:\/\/www.tpa-group.hu\/app\/uploads\/sites\/6\/2024\/10\/tpa-logo-favicon.svg\",\"contentUrl\":\"https:\/\/www.tpa-group.hu\/app\/uploads\/sites\/6\/2024\/10\/tpa-logo-favicon.svg\",\"width\":110,\"height\":93,\"caption\":\"www.tpa-group.hu\"},\"image\":{\"@id\":\"https:\/\/www.tpa-group.hu\/hu\/#\/schema\/logo\/image\/\"}}]}<\/script>\n<!-- \/ Yoast SEO plugin. -->","yoast_head_json":{"title":"A TPA Magyarorsz\u00e1gon - www.tpa-group.hu","robots":{"index":"index","follow":"follow","max-snippet":"max-snippet:-1","max-image-preview":"max-image-preview:large","max-video-preview":"max-video-preview:-1"},"canonical":"https:\/\/www.tpa-group.hu\/hu\/a-tpa-magyarorszagon\/","og_locale":"hu_HU","og_type":"article","og_title":"A TPA Magyarorsz\u00e1gon - www.tpa-group.hu","og_description":"F\u0151oldal |&nbsp; A TPA Magyarorsz\u00e1gon A TPA Magyarorsz\u00e1gon A TPA Magyarorsz\u00e1g jelent\u0151s tapasztalattal rendelkezik az ingatlanbefektet\u0151k sz\u00e1mviteli \u00e9s ad\u00f3z\u00e1si k\u00e9rd\u00e9seiben, 30 \u00e9ve k\u00e9pviseli Magyarorsz\u00e1gon a legnagyobb n\u00e9met \u00e9s osztr\u00e1k ingatlanbefektet\u0151ket \u00e9s egy\u00e9b termel\u0151, keresked\u0151, l\u00edzing- \u00e9s szolg\u00e1ltat\u00f3 c\u00e9geket. C\u00e9g\u00fcnk A magyarorsz\u00e1gi TPA-t a c\u00e9g partnerei, Szemer\u00e9di J\u00f3zsef \u00e9s Jakab Gy\u00f6rgy alap\u00edtott\u00e1k 1993-ban Budapesten. Megalakul\u00e1s\u00e1val egy\u00fattal [&hellip;]","og_url":"https:\/\/www.tpa-group.hu\/hu\/a-tpa-magyarorszagon\/","og_site_name":"www.tpa-group.hu","article_modified_time":"2024-09-23T07:11:03+00:00","og_image":[{"url":"https:\/\/www.tpa-group.hu\/app\/uploads\/sites\/6\/2024\/09\/TPA_Logo_Solo_4c-1024x858.webp","type":"","width":"","height":""}],"twitter_card":"summary_large_image","twitter_misc":{"Est. reading time":"2 perc"},"schema":{"@context":"https:\/\/schema.org","@graph":[{"@type":"WebPage","@id":"https:\/\/www.tpa-group.hu\/hu\/a-tpa-magyarorszagon\/","url":"https:\/\/www.tpa-group.hu\/hu\/a-tpa-magyarorszagon\/","name":"A TPA Magyarorsz\u00e1gon - www.tpa-group.hu","isPartOf":{"@id":"https:\/\/www.tpa-group.hu\/hu\/#website"},"primaryImageOfPage":{"@id":"https:\/\/www.tpa-group.hu\/hu\/a-tpa-magyarorszagon\/#primaryimage"},"image":{"@id":"https:\/\/www.tpa-group.hu\/hu\/a-tpa-magyarorszagon\/#primaryimage"},"thumbnailUrl":"https:\/\/www.tpa-group.hu\/app\/uploads\/sites\/6\/2024\/09\/TPA_Logo_Solo_4c-1024x858.webp","datePublished":"2024-03-28T16:53:16+00:00","dateModified":"2024-09-23T07:11:03+00:00","breadcrumb":{"@id":"https:\/\/www.tpa-group.hu\/hu\/a-tpa-magyarorszagon\/#breadcrumb"},"inLanguage":"hu","potentialAction":[{"@type":"ReadAction","target":["https:\/\/www.tpa-group.hu\/hu\/a-tpa-magyarorszagon\/"]}]},{"@type":"ImageObject","inLanguage":"hu","@id":"https:\/\/www.tpa-group.hu\/hu\/a-tpa-magyarorszagon\/#primaryimage","url":"https:\/\/www.tpa-group.hu\/app\/uploads\/sites\/6\/2024\/09\/TPA_Logo_Solo_4c-1024x858.webp","contentUrl":"https:\/\/www.tpa-group.hu\/app\/uploads\/sites\/6\/2024\/09\/TPA_Logo_Solo_4c-1024x858.webp"},{"@type":"BreadcrumbList","@id":"https:\/\/www.tpa-group.hu\/hu\/a-tpa-magyarorszagon\/#breadcrumb","itemListElement":[{"@type":"ListItem","position":1,"name":"Home","item":"https:\/\/www.tpa-group.hu\/hu\/"},{"@type":"ListItem","position":2,"name":"A TPA Magyarorsz\u00e1gon"}]},{"@type":"WebSite","@id":"https:\/\/www.tpa-group.hu\/hu\/#website","url":"https:\/\/www.tpa-group.hu\/hu\/","name":"www.tpa-group.hu","description":"","publisher":{"@id":"https:\/\/www.tpa-group.hu\/hu\/#organization"},"potentialAction":[{"@type":"SearchAction","target":{"@type":"EntryPoint","urlTemplate":"https:\/\/www.tpa-group.hu\/hu\/?s={search_term_string}"},"query-input":{"@type":"PropertyValueSpecification","valueRequired":true,"valueName":"search_term_string"}}],"inLanguage":"hu"},{"@type":"Organization","@id":"https:\/\/www.tpa-group.hu\/hu\/#organization","name":"www.tpa-group.hu","url":"https:\/\/www.tpa-group.hu\/hu\/","logo":{"@type":"ImageObject","inLanguage":"hu","@id":"https:\/\/www.tpa-group.hu\/hu\/#\/schema\/logo\/image\/","url":"https:\/\/www.tpa-group.hu\/app\/uploads\/sites\/6\/2024\/10\/tpa-logo-favicon.svg","contentUrl":"https:\/\/www.tpa-group.hu\/app\/uploads\/sites\/6\/2024\/10\/tpa-logo-favicon.svg","width":110,"height":93,"caption":"www.tpa-group.hu"},"image":{"@id":"https:\/\/www.tpa-group.hu\/hu\/#\/schema\/logo\/image\/"}}]}},"_links":{"self":[{"href":"https:\/\/www.tpa-group.hu\/hu\/wp-json\/wp\/v2\/pages\/1799","targetHints":{"allow":["GET"]}}],"collection":[{"href":"https:\/\/www.tpa-group.hu\/hu\/wp-json\/wp\/v2\/pages"}],"about":[{"href":"https:\/\/www.tpa-group.hu\/hu\/wp-json\/wp\/v2\/types\/page"}],"author":[{"embeddable":true,"href":"https:\/\/www.tpa-group.hu\/hu\/wp-json\/wp\/v2\/users\/21"}],"replies":[{"embeddable":true,"href":"https:\/\/www.tpa-group.hu\/hu\/wp-json\/wp\/v2\/comments?post=1799"}],"version-history":[{"count":14,"href":"https:\/\/www.tpa-group.hu\/hu\/wp-json\/wp\/v2\/pages\/1799\/revisions"}],"predecessor-version":[{"id":3332,"href":"https:\/\/www.tpa-group.hu\/hu\/wp-json\/wp\/v2\/pages\/1799\/revisions\/3332"}],"wp:attachment":[{"href":"https:\/\/www.tpa-group.hu\/hu\/wp-json\/wp\/v2\/media?parent=1799"}],"curies":[{"name":"wp","href":"https:\/\/api.w.org\/{rel}","templated":true}]}}