{"id":2052,"date":"2024-03-05T11:47:55","date_gmt":"2024-03-05T11:47:55","guid":{"rendered":"https:\/\/www.tpa-group.hu\/impresszum\/"},"modified":"2024-09-23T07:49:19","modified_gmt":"2024-09-23T07:49:19","slug":"impresszum","status":"publish","type":"page","link":"https:\/\/www.tpa-group.hu\/hu\/impresszum\/","title":{"rendered":"Impresszum"},"content":{"rendered":"\t\t<div data-elementor-type=\"wp-page\" data-elementor-id=\"2052\" class=\"elementor elementor-2052 elementor-1194\" data-elementor-post-type=\"page\">\n\t\t\t\t\t\t<section class=\"elementor-section elementor-top-section elementor-element elementor-element-1dc572b hero-banner elementor-section-boxed elementor-section-height-default elementor-section-height-default\" data-id=\"1dc572b\" data-element_type=\"section\">\n\t\t\t\t\t\t<div class=\"elementor-container elementor-column-gap-default\">\n\t\t\t\t\t<div class=\"elementor-column elementor-col-50 elementor-top-column elementor-element elementor-element-b62577f\" data-id=\"b62577f\" data-element_type=\"column\">\n\t\t\t<div class=\"elementor-widget-wrap elementor-element-populated\">\n\t\t\t\t\t\t<div class=\"elementor-element elementor-element-2a37cd3 elementor-widget elementor-widget-spacer\" data-id=\"2a37cd3\" data-element_type=\"widget\" data-widget_type=\"spacer.default\">\n\t\t\t\t<div class=\"elementor-widget-container\">\n\t\t\t\t\t\t\t<div class=\"elementor-spacer\">\n\t\t\t<div class=\"elementor-spacer-inner\"><\/div>\n\t\t<\/div>\n\t\t\t\t\t\t<\/div>\n\t\t\t\t<\/div>\n\t\t\t\t<section class=\"elementor-section elementor-inner-section elementor-element elementor-element-a056b21 hero-banner-breadcrumbs-container elementor-section-boxed elementor-section-height-default elementor-section-height-default\" data-id=\"a056b21\" data-element_type=\"section\">\n\t\t\t\t\t\t<div class=\"elementor-container elementor-column-gap-default\">\n\t\t\t\t\t<div class=\"elementor-column elementor-col-100 elementor-inner-column elementor-element elementor-element-6178eae\" data-id=\"6178eae\" data-element_type=\"column\">\n\t\t\t<div class=\"elementor-widget-wrap elementor-element-populated\">\n\t\t\t\t\t\t<div class=\"elementor-element elementor-element-00a3732 elementor-widget elementor-widget-heading\" data-id=\"00a3732\" data-element_type=\"widget\" data-widget_type=\"heading.default\">\n\t\t\t\t<div class=\"elementor-widget-container\">\n\t\t\t\t\t<p class=\"elementor-heading-title elementor-size-default\"><a href=\"\/\">Kezd\u0151oldal |&nbsp;<\/a><\/p>\t\t\t\t<\/div>\n\t\t\t\t<\/div>\n\t\t\t\t<div class=\"elementor-element elementor-element-c028425 elementor-widget elementor-widget-heading\" data-id=\"c028425\" data-element_type=\"widget\" data-widget_type=\"heading.default\">\n\t\t\t\t<div class=\"elementor-widget-container\">\n\t\t\t\t\t<p class=\"elementor-heading-title elementor-size-default\">Impresszum<\/p>\t\t\t\t<\/div>\n\t\t\t\t<\/div>\n\t\t\t\t\t<\/div>\n\t\t<\/div>\n\t\t\t\t\t<\/div>\n\t\t<\/section>\n\t\t\t\t<div class=\"elementor-element elementor-element-930ed6a elementor-widget elementor-widget-heading\" data-id=\"930ed6a\" data-element_type=\"widget\" data-widget_type=\"heading.default\">\n\t\t\t\t<div class=\"elementor-widget-container\">\n\t\t\t\t\t<h1 class=\"elementor-heading-title elementor-size-default\">Impresszum<\/h1>\t\t\t\t<\/div>\n\t\t\t\t<\/div>\n\t\t\t\t<div class=\"elementor-element elementor-element-0553d5d elementor-widget elementor-widget-text-editor\" data-id=\"0553d5d\" data-element_type=\"widget\" data-widget_type=\"text-editor.default\">\n\t\t\t\t<div class=\"elementor-widget-container\">\n\t\t\t\t\t\t\t\t\t<p>T\u00e1j\u00e9koztat\u00e1s a 29\/1986. (IX.1.) \u201caz egyes sajt\u00f3term\u00e9kek enged\u00e9lyez\u00e9s\u00e9r\u0151l \u00e9s az impresszum felt\u00fcntet\u00e9s\u00e9r\u0151l\u201d sz\u00f3l\u00f3 MM rendeletnek megfelel\u0151en<\/p>\n\t\t\t\t\t\t\t\t<\/div>\n\t\t\t\t<\/div>\n\t\t\t\t\t<\/div>\n\t\t<\/div>\n\t\t\t\t<div class=\"elementor-column elementor-col-50 elementor-top-column elementor-element elementor-element-750690b\" data-id=\"750690b\" data-element_type=\"column\">\n\t\t\t<div class=\"elementor-widget-wrap\">\n\t\t\t\t\t\t\t<\/div>\n\t\t<\/div>\n\t\t\t\t\t<\/div>\n\t\t<\/section>\n\t\t<div class=\"elementor-element elementor-element-ceb1620 page-content-container e-flex e-con-boxed e-con e-parent\" data-id=\"ceb1620\" data-element_type=\"container\">\n\t\t\t\t\t<div class=\"e-con-inner\">\n\t\t\t\t<div class=\"elementor-element elementor-element-85e9de9 elementor-widget elementor-widget-heading\" data-id=\"85e9de9\" data-element_type=\"widget\" data-widget_type=\"heading.default\">\n\t\t\t\t<div class=\"elementor-widget-container\">\n\t\t\t\t\t<h3 class=\"elementor-heading-title elementor-size-default\">A t\u00e1rsas\u00e1g neve \u00e9s sz\u00e9khelye: <\/h3>\t\t\t\t<\/div>\n\t\t\t\t<\/div>\n\t\t\t\t<div class=\"elementor-element elementor-element-cd27ce4 elementor-widget elementor-widget-heading\" data-id=\"cd27ce4\" data-element_type=\"widget\" data-widget_type=\"heading.default\">\n\t\t\t\t<div class=\"elementor-widget-container\">\n\t\t\t\t\t<h4 class=\"elementor-heading-title elementor-size-default\">TPA Consulting Kft.<\/h4>\t\t\t\t<\/div>\n\t\t\t\t<\/div>\n\t\t\t\t<div class=\"elementor-element elementor-element-48fdcf0 elementor-widget elementor-widget-text-editor\" data-id=\"48fdcf0\" data-element_type=\"widget\" data-widget_type=\"text-editor.default\">\n\t\t\t\t<div class=\"elementor-widget-container\">\n\t\t\t\t\t\t\t\t\t<p>1024 Budapest, Buday L. u. 12. I. emelet<\/p><p>A Baker Tilly Europe Alliance tagja<\/p><p>Tel: +36\/1\/345\/4500<br \/>Fax: +36\/1\/345\/4502<br \/>e-mail: <span style=\"text-decoration: underline;\"><strong><a href=\"mailto:office@tpa-group.hu\">office@tpa-group.hu<\/a><\/strong><\/span><\/p><p><strong>K\u00e9pviseli:<br \/><\/strong>Szemer\u00e9di J\u00f3zsef<\/p>\t\t\t\t\t\t\t\t<\/div>\n\t\t\t\t<\/div>\n\t\t\t\t<div class=\"elementor-element elementor-element-abe6edc elementor-widget elementor-widget-heading\" data-id=\"abe6edc\" data-element_type=\"widget\" data-widget_type=\"heading.default\">\n\t\t\t\t<div class=\"elementor-widget-container\">\n\t\t\t\t\t<h4 class=\"elementor-heading-title elementor-size-default\">TPA Control Kft.<\/h4>\t\t\t\t<\/div>\n\t\t\t\t<\/div>\n\t\t\t\t<div class=\"elementor-element elementor-element-0c4e52f elementor-widget elementor-widget-text-editor\" data-id=\"0c4e52f\" data-element_type=\"widget\" data-widget_type=\"text-editor.default\">\n\t\t\t\t<div class=\"elementor-widget-container\">\n\t\t\t\t\t\t\t\t\t<p>1024 Budapest, Buday L. u. 12. I. emelet<\/p><p>A Baker Tilly Europe Alliance tagja<\/p><p>Tel: +36\/1\/345\/4500<br \/>Fax: +36\/1\/345\/4502<br \/>e-mail: <span style=\"text-decoration: underline;\"><strong><a href=\"mailto:office@tpa-group.hu\">office@tpa-group.hu<\/a><\/strong><\/span><\/p><p><strong>K\u00e9pviseli:<\/strong><br \/>Jakab Gy\u00f6rgy<\/p>\t\t\t\t\t\t\t\t<\/div>\n\t\t\t\t<\/div>\n\t\t\t\t<div class=\"elementor-element elementor-element-d8a151d elementor-widget elementor-widget-text-editor\" data-id=\"d8a151d\" data-element_type=\"widget\" data-widget_type=\"text-editor.default\">\n\t\t\t\t<div class=\"elementor-widget-container\">\n\t\t\t\t\t\t\t\t\t<p><strong>A v\u00e1llalkoz\u00e1s c\u00e9ljai:<\/strong><br \/>Ad\u00f3tan\u00e1csad\u00e1s \u00e9s \u00fczleti tan\u00e1csad\u00e1s<\/p>\n<p><strong>\u00dcgyvezet\u0151 tiszts\u00e9gvisel\u0151k \u00e9s partnerek:<\/strong><br \/>Szemer\u00e9di J\u00f3zsef, Jakab Gy\u00f6rgy<\/p>\n<p><strong>A k\u00f6zz\u00e9t\u00e9tel c\u00e9lja<\/strong><br \/>\u00c1ltal\u00e1nos inform\u00e1ci\u00f3k ad\u00f3tan\u00e1csad\u00e1ssal, \u00fczleti tan\u00e1csad\u00e1ssal \u00e9s k\u00f6nyvvizsg\u00e1lattal kapcsolatban.<\/p>\n<p><strong>Web design \u00e9s programoz\u00e1s<\/strong><br \/>ploner communications GmbH<\/p>\n<p><strong>Fot\u00f3k \u00e9s k\u00e9pi jogok:<br \/><\/strong>Alexander M\u00fcller, Ingo Pertramer, Stephan Huger, Christoph Meissner, iStock Photo<\/p>\n\t\t\t\t\t\t\t\t<\/div>\n\t\t\t\t<\/div>\n\t\t\t\t\t<\/div>\n\t\t\t\t<\/div>\n\t\t\t\t<\/div>\n\t\t","protected":false},"excerpt":{"rendered":"<p>Kezd\u0151oldal |&nbsp; Impresszum Impresszum T\u00e1j\u00e9koztat\u00e1s a 29\/1986. (IX.1.) \u201caz egyes sajt\u00f3term\u00e9kek enged\u00e9lyez\u00e9s\u00e9r\u0151l \u00e9s az impresszum felt\u00fcntet\u00e9s\u00e9r\u0151l\u201d sz\u00f3l\u00f3 MM rendeletnek megfelel\u0151en A t\u00e1rsas\u00e1g neve \u00e9s sz\u00e9khelye: TPA Consulting Kft. 1024 Budapest, Buday L. u. 12. I. emelet A Baker Tilly Europe Alliance tagja Tel: +36\/1\/345\/4500Fax: +36\/1\/345\/4502e-mail: office@tpa-group.hu K\u00e9pviseli:Szemer\u00e9di J\u00f3zsef TPA Control Kft. 1024 Budapest, Buday L. [&hellip;]<\/p>\n","protected":false},"author":5,"featured_media":996,"parent":0,"menu_order":0,"comment_status":"closed","ping_status":"closed","template":"elementor_header_footer","meta":{"_acf_changed":false,"footnotes":""},"class_list":["post-2052","page","type-page","status-publish","has-post-thumbnail","hentry"],"acf":[],"yoast_head":"<!-- This site is optimized with the Yoast SEO plugin v26.0 - https:\/\/yoast.com\/wordpress\/plugins\/seo\/ -->\n<title>Impresszum - www.tpa-group.hu<\/title>\n<meta name=\"robots\" content=\"index, follow, max-snippet:-1, max-image-preview:large, max-video-preview:-1\" \/>\n<link rel=\"canonical\" href=\"https:\/\/www.tpa-group.hu\/hu\/impresszum\/\" \/>\n<meta property=\"og:locale\" content=\"hu_HU\" \/>\n<meta property=\"og:type\" content=\"article\" \/>\n<meta property=\"og:title\" content=\"Impresszum - www.tpa-group.hu\" \/>\n<meta property=\"og:description\" content=\"Kezd\u0151oldal |&nbsp; Impresszum Impresszum T\u00e1j\u00e9koztat\u00e1s a 29\/1986. (IX.1.) \u201caz egyes sajt\u00f3term\u00e9kek enged\u00e9lyez\u00e9s\u00e9r\u0151l \u00e9s az impresszum felt\u00fcntet\u00e9s\u00e9r\u0151l\u201d sz\u00f3l\u00f3 MM rendeletnek megfelel\u0151en A t\u00e1rsas\u00e1g neve \u00e9s sz\u00e9khelye: TPA Consulting Kft. 1024 Budapest, Buday L. u. 12. I. emelet A Baker Tilly Europe Alliance tagja Tel: +36\/1\/345\/4500Fax: +36\/1\/345\/4502e-mail: office@tpa-group.hu K\u00e9pviseli:Szemer\u00e9di J\u00f3zsef TPA Control Kft. 1024 Budapest, Buday L. [&hellip;]\" \/>\n<meta property=\"og:url\" content=\"https:\/\/www.tpa-group.hu\/hu\/impresszum\/\" \/>\n<meta property=\"og:site_name\" content=\"www.tpa-group.hu\" \/>\n<meta property=\"article:modified_time\" content=\"2024-09-23T07:49:19+00:00\" \/>\n<meta property=\"og:image\" content=\"https:\/\/www.tpa-group.hu\/app\/uploads\/sites\/6\/2024\/03\/iStock_000006414013Large.jpg\" \/>\n\t<meta property=\"og:image:width\" content=\"1200\" \/>\n\t<meta property=\"og:image:height\" content=\"800\" \/>\n\t<meta property=\"og:image:type\" content=\"image\/jpeg\" \/>\n<meta name=\"twitter:card\" content=\"summary_large_image\" \/>\n<meta name=\"twitter:label1\" content=\"Est. reading time\" \/>\n\t<meta name=\"twitter:data1\" content=\"1 perc\" \/>\n<script type=\"application\/ld+json\" class=\"yoast-schema-graph\">{\"@context\":\"https:\/\/schema.org\",\"@graph\":[{\"@type\":\"WebPage\",\"@id\":\"https:\/\/www.tpa-group.hu\/hu\/impresszum\/\",\"url\":\"https:\/\/www.tpa-group.hu\/hu\/impresszum\/\",\"name\":\"Impresszum - www.tpa-group.hu\",\"isPartOf\":{\"@id\":\"https:\/\/www.tpa-group.hu\/hu\/#website\"},\"primaryImageOfPage\":{\"@id\":\"https:\/\/www.tpa-group.hu\/hu\/impresszum\/#primaryimage\"},\"image\":{\"@id\":\"https:\/\/www.tpa-group.hu\/hu\/impresszum\/#primaryimage\"},\"thumbnailUrl\":\"https:\/\/www.tpa-group.hu\/app\/uploads\/sites\/6\/2024\/03\/iStock_000006414013Large.jpg\",\"datePublished\":\"2024-03-05T11:47:55+00:00\",\"dateModified\":\"2024-09-23T07:49:19+00:00\",\"breadcrumb\":{\"@id\":\"https:\/\/www.tpa-group.hu\/hu\/impresszum\/#breadcrumb\"},\"inLanguage\":\"hu\",\"potentialAction\":[{\"@type\":\"ReadAction\",\"target\":[\"https:\/\/www.tpa-group.hu\/hu\/impresszum\/\"]}]},{\"@type\":\"ImageObject\",\"inLanguage\":\"hu\",\"@id\":\"https:\/\/www.tpa-group.hu\/hu\/impresszum\/#primaryimage\",\"url\":\"https:\/\/www.tpa-group.hu\/app\/uploads\/sites\/6\/2024\/03\/iStock_000006414013Large.jpg\",\"contentUrl\":\"https:\/\/www.tpa-group.hu\/app\/uploads\/sites\/6\/2024\/03\/iStock_000006414013Large.jpg\",\"width\":1200,\"height\":800,\"caption\":\"Digital Image by Sean Locke Digital Planet Design www.digitalplanetdesign.com\"},{\"@type\":\"BreadcrumbList\",\"@id\":\"https:\/\/www.tpa-group.hu\/hu\/impresszum\/#breadcrumb\",\"itemListElement\":[{\"@type\":\"ListItem\",\"position\":1,\"name\":\"Home\",\"item\":\"https:\/\/www.tpa-group.hu\/hu\/\"},{\"@type\":\"ListItem\",\"position\":2,\"name\":\"Impresszum\"}]},{\"@type\":\"WebSite\",\"@id\":\"https:\/\/www.tpa-group.hu\/hu\/#website\",\"url\":\"https:\/\/www.tpa-group.hu\/hu\/\",\"name\":\"www.tpa-group.hu\",\"description\":\"\",\"publisher\":{\"@id\":\"https:\/\/www.tpa-group.hu\/hu\/#organization\"},\"potentialAction\":[{\"@type\":\"SearchAction\",\"target\":{\"@type\":\"EntryPoint\",\"urlTemplate\":\"https:\/\/www.tpa-group.hu\/hu\/?s={search_term_string}\"},\"query-input\":{\"@type\":\"PropertyValueSpecification\",\"valueRequired\":true,\"valueName\":\"search_term_string\"}}],\"inLanguage\":\"hu\"},{\"@type\":\"Organization\",\"@id\":\"https:\/\/www.tpa-group.hu\/hu\/#organization\",\"name\":\"www.tpa-group.hu\",\"url\":\"https:\/\/www.tpa-group.hu\/hu\/\",\"logo\":{\"@type\":\"ImageObject\",\"inLanguage\":\"hu\",\"@id\":\"https:\/\/www.tpa-group.hu\/hu\/#\/schema\/logo\/image\/\",\"url\":\"https:\/\/www.tpa-group.hu\/app\/uploads\/sites\/6\/2024\/10\/tpa-logo-favicon.svg\",\"contentUrl\":\"https:\/\/www.tpa-group.hu\/app\/uploads\/sites\/6\/2024\/10\/tpa-logo-favicon.svg\",\"width\":110,\"height\":93,\"caption\":\"www.tpa-group.hu\"},\"image\":{\"@id\":\"https:\/\/www.tpa-group.hu\/hu\/#\/schema\/logo\/image\/\"}}]}<\/script>\n<!-- \/ Yoast SEO plugin. -->","yoast_head_json":{"title":"Impresszum - www.tpa-group.hu","robots":{"index":"index","follow":"follow","max-snippet":"max-snippet:-1","max-image-preview":"max-image-preview:large","max-video-preview":"max-video-preview:-1"},"canonical":"https:\/\/www.tpa-group.hu\/hu\/impresszum\/","og_locale":"hu_HU","og_type":"article","og_title":"Impresszum - www.tpa-group.hu","og_description":"Kezd\u0151oldal |&nbsp; Impresszum Impresszum T\u00e1j\u00e9koztat\u00e1s a 29\/1986. (IX.1.) \u201caz egyes sajt\u00f3term\u00e9kek enged\u00e9lyez\u00e9s\u00e9r\u0151l \u00e9s az impresszum felt\u00fcntet\u00e9s\u00e9r\u0151l\u201d sz\u00f3l\u00f3 MM rendeletnek megfelel\u0151en A t\u00e1rsas\u00e1g neve \u00e9s sz\u00e9khelye: TPA Consulting Kft. 1024 Budapest, Buday L. u. 12. I. emelet A Baker Tilly Europe Alliance tagja Tel: +36\/1\/345\/4500Fax: +36\/1\/345\/4502e-mail: office@tpa-group.hu K\u00e9pviseli:Szemer\u00e9di J\u00f3zsef TPA Control Kft. 1024 Budapest, Buday L. [&hellip;]","og_url":"https:\/\/www.tpa-group.hu\/hu\/impresszum\/","og_site_name":"www.tpa-group.hu","article_modified_time":"2024-09-23T07:49:19+00:00","og_image":[{"width":1200,"height":800,"url":"https:\/\/www.tpa-group.hu\/app\/uploads\/sites\/6\/2024\/03\/iStock_000006414013Large.jpg","type":"image\/jpeg"}],"twitter_card":"summary_large_image","twitter_misc":{"Est. reading time":"1 perc"},"schema":{"@context":"https:\/\/schema.org","@graph":[{"@type":"WebPage","@id":"https:\/\/www.tpa-group.hu\/hu\/impresszum\/","url":"https:\/\/www.tpa-group.hu\/hu\/impresszum\/","name":"Impresszum - www.tpa-group.hu","isPartOf":{"@id":"https:\/\/www.tpa-group.hu\/hu\/#website"},"primaryImageOfPage":{"@id":"https:\/\/www.tpa-group.hu\/hu\/impresszum\/#primaryimage"},"image":{"@id":"https:\/\/www.tpa-group.hu\/hu\/impresszum\/#primaryimage"},"thumbnailUrl":"https:\/\/www.tpa-group.hu\/app\/uploads\/sites\/6\/2024\/03\/iStock_000006414013Large.jpg","datePublished":"2024-03-05T11:47:55+00:00","dateModified":"2024-09-23T07:49:19+00:00","breadcrumb":{"@id":"https:\/\/www.tpa-group.hu\/hu\/impresszum\/#breadcrumb"},"inLanguage":"hu","potentialAction":[{"@type":"ReadAction","target":["https:\/\/www.tpa-group.hu\/hu\/impresszum\/"]}]},{"@type":"ImageObject","inLanguage":"hu","@id":"https:\/\/www.tpa-group.hu\/hu\/impresszum\/#primaryimage","url":"https:\/\/www.tpa-group.hu\/app\/uploads\/sites\/6\/2024\/03\/iStock_000006414013Large.jpg","contentUrl":"https:\/\/www.tpa-group.hu\/app\/uploads\/sites\/6\/2024\/03\/iStock_000006414013Large.jpg","width":1200,"height":800,"caption":"Digital Image by Sean Locke Digital Planet Design www.digitalplanetdesign.com"},{"@type":"BreadcrumbList","@id":"https:\/\/www.tpa-group.hu\/hu\/impresszum\/#breadcrumb","itemListElement":[{"@type":"ListItem","position":1,"name":"Home","item":"https:\/\/www.tpa-group.hu\/hu\/"},{"@type":"ListItem","position":2,"name":"Impresszum"}]},{"@type":"WebSite","@id":"https:\/\/www.tpa-group.hu\/hu\/#website","url":"https:\/\/www.tpa-group.hu\/hu\/","name":"www.tpa-group.hu","description":"","publisher":{"@id":"https:\/\/www.tpa-group.hu\/hu\/#organization"},"potentialAction":[{"@type":"SearchAction","target":{"@type":"EntryPoint","urlTemplate":"https:\/\/www.tpa-group.hu\/hu\/?s={search_term_string}"},"query-input":{"@type":"PropertyValueSpecification","valueRequired":true,"valueName":"search_term_string"}}],"inLanguage":"hu"},{"@type":"Organization","@id":"https:\/\/www.tpa-group.hu\/hu\/#organization","name":"www.tpa-group.hu","url":"https:\/\/www.tpa-group.hu\/hu\/","logo":{"@type":"ImageObject","inLanguage":"hu","@id":"https:\/\/www.tpa-group.hu\/hu\/#\/schema\/logo\/image\/","url":"https:\/\/www.tpa-group.hu\/app\/uploads\/sites\/6\/2024\/10\/tpa-logo-favicon.svg","contentUrl":"https:\/\/www.tpa-group.hu\/app\/uploads\/sites\/6\/2024\/10\/tpa-logo-favicon.svg","width":110,"height":93,"caption":"www.tpa-group.hu"},"image":{"@id":"https:\/\/www.tpa-group.hu\/hu\/#\/schema\/logo\/image\/"}}]}},"_links":{"self":[{"href":"https:\/\/www.tpa-group.hu\/hu\/wp-json\/wp\/v2\/pages\/2052","targetHints":{"allow":["GET"]}}],"collection":[{"href":"https:\/\/www.tpa-group.hu\/hu\/wp-json\/wp\/v2\/pages"}],"about":[{"href":"https:\/\/www.tpa-group.hu\/hu\/wp-json\/wp\/v2\/types\/page"}],"author":[{"embeddable":true,"href":"https:\/\/www.tpa-group.hu\/hu\/wp-json\/wp\/v2\/users\/5"}],"replies":[{"embeddable":true,"href":"https:\/\/www.tpa-group.hu\/hu\/wp-json\/wp\/v2\/comments?post=2052"}],"version-history":[{"count":5,"href":"https:\/\/www.tpa-group.hu\/hu\/wp-json\/wp\/v2\/pages\/2052\/revisions"}],"predecessor-version":[{"id":3388,"href":"https:\/\/www.tpa-group.hu\/hu\/wp-json\/wp\/v2\/pages\/2052\/revisions\/3388"}],"wp:featuredmedia":[{"embeddable":true,"href":"https:\/\/www.tpa-group.hu\/hu\/wp-json\/wp\/v2\/media\/996"}],"wp:attachment":[{"href":"https:\/\/www.tpa-group.hu\/hu\/wp-json\/wp\/v2\/media?parent=2052"}],"curies":[{"name":"wp","href":"https:\/\/api.w.org\/{rel}","templated":true}]}}