{"id":2056,"date":"2024-03-28T18:53:11","date_gmt":"2024-03-28T18:53:11","guid":{"rendered":"https:\/\/www.tpa-group.hu\/jogi-nyilatkozat\/"},"modified":"2024-09-23T08:28:55","modified_gmt":"2024-09-23T08:28:55","slug":"jogi-nyilatkozat","status":"publish","type":"page","link":"https:\/\/www.tpa-group.hu\/hu\/jogi-nyilatkozat\/","title":{"rendered":"Jogi nyilatkozat"},"content":{"rendered":"\t\t<div data-elementor-type=\"wp-page\" data-elementor-id=\"2056\" class=\"elementor elementor-2056 elementor-1310\" data-elementor-post-type=\"page\">\n\t\t\t\t\t\t<section class=\"elementor-section elementor-top-section elementor-element elementor-element-1dc572b hero-banner elementor-section-boxed elementor-section-height-default elementor-section-height-default\" data-id=\"1dc572b\" data-element_type=\"section\">\n\t\t\t\t\t\t<div class=\"elementor-container elementor-column-gap-default\">\n\t\t\t\t\t<div class=\"elementor-column elementor-col-50 elementor-top-column elementor-element elementor-element-b62577f\" data-id=\"b62577f\" data-element_type=\"column\">\n\t\t\t<div class=\"elementor-widget-wrap elementor-element-populated\">\n\t\t\t\t\t\t<section class=\"elementor-section elementor-inner-section elementor-element elementor-element-a056b21 hero-banner-breadcrumbs-container elementor-section-boxed elementor-section-height-default elementor-section-height-default\" data-id=\"a056b21\" data-element_type=\"section\">\n\t\t\t\t\t\t<div class=\"elementor-container elementor-column-gap-default\">\n\t\t\t\t\t<div class=\"elementor-column elementor-col-100 elementor-inner-column elementor-element elementor-element-6178eae\" data-id=\"6178eae\" data-element_type=\"column\">\n\t\t\t<div class=\"elementor-widget-wrap elementor-element-populated\">\n\t\t\t\t\t\t<div class=\"elementor-element elementor-element-00a3732 elementor-widget elementor-widget-heading\" data-id=\"00a3732\" data-element_type=\"widget\" data-widget_type=\"heading.default\">\n\t\t\t\t<div class=\"elementor-widget-container\">\n\t\t\t\t\t<p class=\"elementor-heading-title elementor-size-default\"><a href=\"\/\">Kezd\u0151oldal |&nbsp;<\/a><\/p>\t\t\t\t<\/div>\n\t\t\t\t<\/div>\n\t\t\t\t<div class=\"elementor-element elementor-element-c028425 elementor-widget elementor-widget-heading\" data-id=\"c028425\" data-element_type=\"widget\" data-widget_type=\"heading.default\">\n\t\t\t\t<div class=\"elementor-widget-container\">\n\t\t\t\t\t<p class=\"elementor-heading-title elementor-size-default\">Jogi nyilatkozat<\/p>\t\t\t\t<\/div>\n\t\t\t\t<\/div>\n\t\t\t\t\t<\/div>\n\t\t<\/div>\n\t\t\t\t\t<\/div>\n\t\t<\/section>\n\t\t\t\t<div class=\"elementor-element elementor-element-930ed6a elementor-widget elementor-widget-heading\" data-id=\"930ed6a\" data-element_type=\"widget\" data-widget_type=\"heading.default\">\n\t\t\t\t<div class=\"elementor-widget-container\">\n\t\t\t\t\t<h1 class=\"elementor-heading-title elementor-size-default\">Jogi nyilatkozat<\/h1>\t\t\t\t<\/div>\n\t\t\t\t<\/div>\n\t\t\t\t\t<\/div>\n\t\t<\/div>\n\t\t\t\t<div class=\"elementor-column elementor-col-50 elementor-top-column elementor-element elementor-element-750690b\" data-id=\"750690b\" data-element_type=\"column\">\n\t\t\t<div class=\"elementor-widget-wrap\">\n\t\t\t\t\t\t\t<\/div>\n\t\t<\/div>\n\t\t\t\t\t<\/div>\n\t\t<\/section>\n\t\t<div class=\"elementor-element elementor-element-ceb1620 page-content-container e-flex e-con-boxed e-con e-parent\" data-id=\"ceb1620\" data-element_type=\"container\">\n\t\t\t\t\t<div class=\"e-con-inner\">\n\t\t\t\t<div class=\"elementor-element elementor-element-85e9de9 elementor-widget elementor-widget-heading\" data-id=\"85e9de9\" data-element_type=\"widget\" data-widget_type=\"heading.default\">\n\t\t\t\t<div class=\"elementor-widget-container\">\n\t\t\t\t\t<h3 class=\"elementor-heading-title elementor-size-default\">Weboldal<\/h3>\t\t\t\t<\/div>\n\t\t\t\t<\/div>\n\t\t\t\t<div class=\"elementor-element elementor-element-48fdcf0 elementor-widget elementor-widget-text-editor\" data-id=\"48fdcf0\" data-element_type=\"widget\" data-widget_type=\"text-editor.default\">\n\t\t\t\t<div class=\"elementor-widget-container\">\n\t\t\t\t\t\t\t\t\t<div class=\"entry-content clearfix\">\n<p class=\"flowtextblack\">Az ezen a honlapon megjelen\u0151 inform\u00e1ci\u00f3k, v\u00e9lem\u00e9nyek \u00e9s jogi n\u00e9zetek csup\u00e1n \u00e1ltal\u00e1nos t\u00e1j\u00e9koztat\u00e1st szolg\u00e1lnak A jogszab\u00e1lyok alkalmaz\u00e1sa \u00e9s hat\u00e1sa a vizsg\u00e1lt konkr\u00e9t t\u00e9nyek f\u00fcggv\u00e9ny\u00e9ben nagym\u00e9rt\u00e9kben elt\u00e9rhet. Tekintettel a folyamatosan v\u00e1ltoz\u00f3 hivatalos v\u00e9lem\u00e9nyekre, esetekre \u00e9s szab\u00e1lyoz\u00e1sokra, valamint az elektronikus kommunik\u00e1ci\u00f3 kock\u00e1zataira, ezen a weboldalon k\u00e9s\u00e9sek, hi\u00e1nyoss\u00e1gok \u00e9s pontatlans\u00e1gok jelenhetnek meg. Ez\u00e9rt az ezen a weboldalon megjelen\u00edtett inform\u00e1ci\u00f3k soha nem helyettes\u00edthetik \u00e9s nem is helyettes\u00edthetik a szakmai tan\u00e1csad\u00f3val val\u00f3 konzult\u00e1ci\u00f3t. Miel\u0151tt b\u00e1rmilyen d\u00f6nt\u00e9st hozna, konzult\u00e1ljon TPA tan\u00e1csad\u00f3j\u00e1val.<\/p>\n<p class=\"flowtextblack\">B\u00e1r minden er\u0151fesz\u00edt\u00e9st megtesz\u00fcnk annak \u00e9rdek\u00e9ben, hogy az ezen a weboldalon tal\u00e1lhat\u00f3 inform\u00e1ci\u00f3k megb\u00edzhat\u00f3 forr\u00e1sb\u00f3l sz\u00e1rmazzanak, sem a TPA, sem a szerz\u0151k nem v\u00e1llalnak felel\u0151ss\u00e9get az ezen a weboldalon tal\u00e1lhat\u00f3 inform\u00e1ci\u00f3k haszn\u00e1lat\u00e1b\u00f3l ered\u0151 hib\u00e1k\u00e9rt, kihagy\u00e1sok\u00e9rt vagy eredm\u00e9nyek\u00e9rt. Az ezen a weboldalon tal\u00e1lhat\u00f3 valamennyi inform\u00e1ci\u00f3 a teljess\u00e9g, pontoss\u00e1g, id\u0151szer\u0171s\u00e9g vagy b\u00e1rmely konkr\u00e9t c\u00e9lra val\u00f3 alkalmass\u00e1g tekintet\u00e9ben mindenf\u00e9le k\u00e9pviselet vagy garancia n\u00e9lk\u00fcl ker\u00fcl bemutat\u00e1sra.<\/p>\n<p class=\"flowtextblack\">A weboldalon tal\u00e1lhat\u00f3 sz\u00f6vegek, k\u00e9pek, grafik\u00e1k, vide\u00f3k \u00e9s egy\u00e9b anyagok szerz\u0151i \u00e9s egy\u00e9b szellemi tulajdonjogok v\u00e9delme alatt \u00e1llnak: ezen anyagok semmilyen r\u00e9sze nem tov\u00e1bb\u00edthat\u00f3 harmadik f\u00e9lnek, nem reproduk\u00e1lhat\u00f3 vagy m\u00e1s m\u00f3don nem dolgozhat\u00f3 fel a TPA kifejezett, \u00edr\u00e1sos enged\u00e9lye n\u00e9lk\u00fcl.<\/p>\n<p class=\"flowtextblack\">A TPA nem v\u00e1llal garanci\u00e1t arra, hogy a szolg\u00e1ltat\u00e1sok megszak\u00edt\u00e1s n\u00e9lk\u00fcl vagy a tervezett m\u00f3don fognak m\u0171k\u00f6dni.<\/p>\n<p class=\"flowtextblack\">A TPA b\u00e1rmikor jogosult el\u0151zetes \u00e9rtes\u00edt\u00e9s n\u00e9lk\u00fcl felf\u00fcggeszteni vagy v\u00e9glegesen megsz\u00fcntetni egyes szolg\u00e1ltat\u00e1sokat vagy a weboldalon kereszt\u00fcl ny\u00fajtott szolg\u00e1ltat\u00e1s eg\u00e9sz\u00e9t.<\/p>\n<\/div>\t\t\t\t\t\t\t\t<\/div>\n\t\t\t\t<\/div>\n\t\t\t\t\t<\/div>\n\t\t\t\t<\/div>\n\t\t\t\t<\/div>\n\t\t","protected":false},"excerpt":{"rendered":"<p>Kezd\u0151oldal |&nbsp; Jogi nyilatkozat Jogi nyilatkozat Weboldal Az ezen a honlapon megjelen\u0151 inform\u00e1ci\u00f3k, v\u00e9lem\u00e9nyek \u00e9s jogi n\u00e9zetek csup\u00e1n \u00e1ltal\u00e1nos t\u00e1j\u00e9koztat\u00e1st szolg\u00e1lnak A jogszab\u00e1lyok alkalmaz\u00e1sa \u00e9s hat\u00e1sa a vizsg\u00e1lt konkr\u00e9t t\u00e9nyek f\u00fcggv\u00e9ny\u00e9ben nagym\u00e9rt\u00e9kben elt\u00e9rhet. Tekintettel a folyamatosan v\u00e1ltoz\u00f3 hivatalos v\u00e9lem\u00e9nyekre, esetekre \u00e9s szab\u00e1lyoz\u00e1sokra, valamint az elektronikus kommunik\u00e1ci\u00f3 kock\u00e1zataira, ezen a weboldalon k\u00e9s\u00e9sek, hi\u00e1nyoss\u00e1gok \u00e9s pontatlans\u00e1gok jelenhetnek [&hellip;]<\/p>\n","protected":false},"author":21,"featured_media":0,"parent":0,"menu_order":0,"comment_status":"closed","ping_status":"closed","template":"elementor_header_footer","meta":{"_acf_changed":false,"footnotes":""},"class_list":["post-2056","page","type-page","status-publish","hentry"],"acf":[],"yoast_head":"<!-- This site is optimized with the Yoast SEO plugin v26.0 - https:\/\/yoast.com\/wordpress\/plugins\/seo\/ -->\n<title>Jogi nyilatkozat - www.tpa-group.hu<\/title>\n<meta name=\"robots\" content=\"index, follow, max-snippet:-1, max-image-preview:large, max-video-preview:-1\" \/>\n<link rel=\"canonical\" href=\"https:\/\/www.tpa-group.hu\/hu\/jogi-nyilatkozat\/\" \/>\n<meta property=\"og:locale\" content=\"hu_HU\" \/>\n<meta property=\"og:type\" content=\"article\" \/>\n<meta property=\"og:title\" content=\"Jogi nyilatkozat - www.tpa-group.hu\" \/>\n<meta property=\"og:description\" content=\"Kezd\u0151oldal |&nbsp; Jogi nyilatkozat Jogi nyilatkozat Weboldal Az ezen a honlapon megjelen\u0151 inform\u00e1ci\u00f3k, v\u00e9lem\u00e9nyek \u00e9s jogi n\u00e9zetek csup\u00e1n \u00e1ltal\u00e1nos t\u00e1j\u00e9koztat\u00e1st szolg\u00e1lnak A jogszab\u00e1lyok alkalmaz\u00e1sa \u00e9s hat\u00e1sa a vizsg\u00e1lt konkr\u00e9t t\u00e9nyek f\u00fcggv\u00e9ny\u00e9ben nagym\u00e9rt\u00e9kben elt\u00e9rhet. Tekintettel a folyamatosan v\u00e1ltoz\u00f3 hivatalos v\u00e9lem\u00e9nyekre, esetekre \u00e9s szab\u00e1lyoz\u00e1sokra, valamint az elektronikus kommunik\u00e1ci\u00f3 kock\u00e1zataira, ezen a weboldalon k\u00e9s\u00e9sek, hi\u00e1nyoss\u00e1gok \u00e9s pontatlans\u00e1gok jelenhetnek [&hellip;]\" \/>\n<meta property=\"og:url\" content=\"https:\/\/www.tpa-group.hu\/hu\/jogi-nyilatkozat\/\" \/>\n<meta property=\"og:site_name\" content=\"www.tpa-group.hu\" \/>\n<meta property=\"article:modified_time\" content=\"2024-09-23T08:28:55+00:00\" \/>\n<meta property=\"og:image\" content=\"https:\/\/www.tpa-group.hu\/app\/uploads\/sites\/6\/2024\/10\/TPA-Logo.jpg\" \/>\n\t<meta property=\"og:image:width\" content=\"256\" \/>\n\t<meta property=\"og:image:height\" content=\"172\" \/>\n\t<meta property=\"og:image:type\" content=\"image\/jpeg\" \/>\n<meta name=\"twitter:card\" content=\"summary_large_image\" \/>\n<meta name=\"twitter:label1\" content=\"Est. reading time\" \/>\n\t<meta name=\"twitter:data1\" content=\"1 perc\" \/>\n<script type=\"application\/ld+json\" class=\"yoast-schema-graph\">{\"@context\":\"https:\/\/schema.org\",\"@graph\":[{\"@type\":\"WebPage\",\"@id\":\"https:\/\/www.tpa-group.hu\/hu\/jogi-nyilatkozat\/\",\"url\":\"https:\/\/www.tpa-group.hu\/hu\/jogi-nyilatkozat\/\",\"name\":\"Jogi nyilatkozat - www.tpa-group.hu\",\"isPartOf\":{\"@id\":\"https:\/\/www.tpa-group.hu\/hu\/#website\"},\"datePublished\":\"2024-03-28T18:53:11+00:00\",\"dateModified\":\"2024-09-23T08:28:55+00:00\",\"breadcrumb\":{\"@id\":\"https:\/\/www.tpa-group.hu\/hu\/jogi-nyilatkozat\/#breadcrumb\"},\"inLanguage\":\"hu\",\"potentialAction\":[{\"@type\":\"ReadAction\",\"target\":[\"https:\/\/www.tpa-group.hu\/hu\/jogi-nyilatkozat\/\"]}]},{\"@type\":\"BreadcrumbList\",\"@id\":\"https:\/\/www.tpa-group.hu\/hu\/jogi-nyilatkozat\/#breadcrumb\",\"itemListElement\":[{\"@type\":\"ListItem\",\"position\":1,\"name\":\"Home\",\"item\":\"https:\/\/www.tpa-group.hu\/hu\/\"},{\"@type\":\"ListItem\",\"position\":2,\"name\":\"Jogi nyilatkozat\"}]},{\"@type\":\"WebSite\",\"@id\":\"https:\/\/www.tpa-group.hu\/hu\/#website\",\"url\":\"https:\/\/www.tpa-group.hu\/hu\/\",\"name\":\"www.tpa-group.hu\",\"description\":\"\",\"publisher\":{\"@id\":\"https:\/\/www.tpa-group.hu\/hu\/#organization\"},\"potentialAction\":[{\"@type\":\"SearchAction\",\"target\":{\"@type\":\"EntryPoint\",\"urlTemplate\":\"https:\/\/www.tpa-group.hu\/hu\/?s={search_term_string}\"},\"query-input\":{\"@type\":\"PropertyValueSpecification\",\"valueRequired\":true,\"valueName\":\"search_term_string\"}}],\"inLanguage\":\"hu\"},{\"@type\":\"Organization\",\"@id\":\"https:\/\/www.tpa-group.hu\/hu\/#organization\",\"name\":\"www.tpa-group.hu\",\"url\":\"https:\/\/www.tpa-group.hu\/hu\/\",\"logo\":{\"@type\":\"ImageObject\",\"inLanguage\":\"hu\",\"@id\":\"https:\/\/www.tpa-group.hu\/hu\/#\/schema\/logo\/image\/\",\"url\":\"https:\/\/www.tpa-group.hu\/app\/uploads\/sites\/6\/2024\/10\/tpa-logo-favicon.svg\",\"contentUrl\":\"https:\/\/www.tpa-group.hu\/app\/uploads\/sites\/6\/2024\/10\/tpa-logo-favicon.svg\",\"width\":110,\"height\":93,\"caption\":\"www.tpa-group.hu\"},\"image\":{\"@id\":\"https:\/\/www.tpa-group.hu\/hu\/#\/schema\/logo\/image\/\"}}]}<\/script>\n<!-- \/ Yoast SEO plugin. -->","yoast_head_json":{"title":"Jogi nyilatkozat - www.tpa-group.hu","robots":{"index":"index","follow":"follow","max-snippet":"max-snippet:-1","max-image-preview":"max-image-preview:large","max-video-preview":"max-video-preview:-1"},"canonical":"https:\/\/www.tpa-group.hu\/hu\/jogi-nyilatkozat\/","og_locale":"hu_HU","og_type":"article","og_title":"Jogi nyilatkozat - www.tpa-group.hu","og_description":"Kezd\u0151oldal |&nbsp; Jogi nyilatkozat Jogi nyilatkozat Weboldal Az ezen a honlapon megjelen\u0151 inform\u00e1ci\u00f3k, v\u00e9lem\u00e9nyek \u00e9s jogi n\u00e9zetek csup\u00e1n \u00e1ltal\u00e1nos t\u00e1j\u00e9koztat\u00e1st szolg\u00e1lnak A jogszab\u00e1lyok alkalmaz\u00e1sa \u00e9s hat\u00e1sa a vizsg\u00e1lt konkr\u00e9t t\u00e9nyek f\u00fcggv\u00e9ny\u00e9ben nagym\u00e9rt\u00e9kben elt\u00e9rhet. Tekintettel a folyamatosan v\u00e1ltoz\u00f3 hivatalos v\u00e9lem\u00e9nyekre, esetekre \u00e9s szab\u00e1lyoz\u00e1sokra, valamint az elektronikus kommunik\u00e1ci\u00f3 kock\u00e1zataira, ezen a weboldalon k\u00e9s\u00e9sek, hi\u00e1nyoss\u00e1gok \u00e9s pontatlans\u00e1gok jelenhetnek [&hellip;]","og_url":"https:\/\/www.tpa-group.hu\/hu\/jogi-nyilatkozat\/","og_site_name":"www.tpa-group.hu","article_modified_time":"2024-09-23T08:28:55+00:00","og_image":[{"width":256,"height":172,"url":"https:\/\/www.tpa-group.hu\/app\/uploads\/sites\/6\/2024\/10\/TPA-Logo.jpg","type":"image\/jpeg"}],"twitter_card":"summary_large_image","twitter_misc":{"Est. reading time":"1 perc"},"schema":{"@context":"https:\/\/schema.org","@graph":[{"@type":"WebPage","@id":"https:\/\/www.tpa-group.hu\/hu\/jogi-nyilatkozat\/","url":"https:\/\/www.tpa-group.hu\/hu\/jogi-nyilatkozat\/","name":"Jogi nyilatkozat - www.tpa-group.hu","isPartOf":{"@id":"https:\/\/www.tpa-group.hu\/hu\/#website"},"datePublished":"2024-03-28T18:53:11+00:00","dateModified":"2024-09-23T08:28:55+00:00","breadcrumb":{"@id":"https:\/\/www.tpa-group.hu\/hu\/jogi-nyilatkozat\/#breadcrumb"},"inLanguage":"hu","potentialAction":[{"@type":"ReadAction","target":["https:\/\/www.tpa-group.hu\/hu\/jogi-nyilatkozat\/"]}]},{"@type":"BreadcrumbList","@id":"https:\/\/www.tpa-group.hu\/hu\/jogi-nyilatkozat\/#breadcrumb","itemListElement":[{"@type":"ListItem","position":1,"name":"Home","item":"https:\/\/www.tpa-group.hu\/hu\/"},{"@type":"ListItem","position":2,"name":"Jogi nyilatkozat"}]},{"@type":"WebSite","@id":"https:\/\/www.tpa-group.hu\/hu\/#website","url":"https:\/\/www.tpa-group.hu\/hu\/","name":"www.tpa-group.hu","description":"","publisher":{"@id":"https:\/\/www.tpa-group.hu\/hu\/#organization"},"potentialAction":[{"@type":"SearchAction","target":{"@type":"EntryPoint","urlTemplate":"https:\/\/www.tpa-group.hu\/hu\/?s={search_term_string}"},"query-input":{"@type":"PropertyValueSpecification","valueRequired":true,"valueName":"search_term_string"}}],"inLanguage":"hu"},{"@type":"Organization","@id":"https:\/\/www.tpa-group.hu\/hu\/#organization","name":"www.tpa-group.hu","url":"https:\/\/www.tpa-group.hu\/hu\/","logo":{"@type":"ImageObject","inLanguage":"hu","@id":"https:\/\/www.tpa-group.hu\/hu\/#\/schema\/logo\/image\/","url":"https:\/\/www.tpa-group.hu\/app\/uploads\/sites\/6\/2024\/10\/tpa-logo-favicon.svg","contentUrl":"https:\/\/www.tpa-group.hu\/app\/uploads\/sites\/6\/2024\/10\/tpa-logo-favicon.svg","width":110,"height":93,"caption":"www.tpa-group.hu"},"image":{"@id":"https:\/\/www.tpa-group.hu\/hu\/#\/schema\/logo\/image\/"}}]}},"_links":{"self":[{"href":"https:\/\/www.tpa-group.hu\/hu\/wp-json\/wp\/v2\/pages\/2056","targetHints":{"allow":["GET"]}}],"collection":[{"href":"https:\/\/www.tpa-group.hu\/hu\/wp-json\/wp\/v2\/pages"}],"about":[{"href":"https:\/\/www.tpa-group.hu\/hu\/wp-json\/wp\/v2\/types\/page"}],"author":[{"embeddable":true,"href":"https:\/\/www.tpa-group.hu\/hu\/wp-json\/wp\/v2\/users\/21"}],"replies":[{"embeddable":true,"href":"https:\/\/www.tpa-group.hu\/hu\/wp-json\/wp\/v2\/comments?post=2056"}],"version-history":[{"count":5,"href":"https:\/\/www.tpa-group.hu\/hu\/wp-json\/wp\/v2\/pages\/2056\/revisions"}],"predecessor-version":[{"id":3411,"href":"https:\/\/www.tpa-group.hu\/hu\/wp-json\/wp\/v2\/pages\/2056\/revisions\/3411"}],"wp:attachment":[{"href":"https:\/\/www.tpa-group.hu\/hu\/wp-json\/wp\/v2\/media?parent=2056"}],"curies":[{"name":"wp","href":"https:\/\/api.w.org\/{rel}","templated":true}]}}