{"id":2212,"date":"2024-07-08T12:53:29","date_gmt":"2024-07-08T12:53:29","guid":{"rendered":"https:\/\/www.tpa-group.hu\/nemet-es-angol-nyelven-beszelo-munkatarsak\/"},"modified":"2024-09-19T12:09:11","modified_gmt":"2024-09-19T12:09:11","slug":"nemet-es-angol-nyelven-beszelo-munkatarsak","status":"publish","type":"page","link":"https:\/\/www.tpa-group.hu\/hu\/nemet-es-angol-nyelven-beszelo-munkatarsak\/","title":{"rendered":"N\u00e9met \u00e9s angol nyelven besz\u00e9l\u0151 munkat\u00e1rsak"},"content":{"rendered":"\t\t<div data-elementor-type=\"wp-page\" data-elementor-id=\"2212\" class=\"elementor elementor-2212 elementor-2183\" data-elementor-post-type=\"page\">\n\t\t\t\t\t\t<section class=\"elementor-section elementor-top-section elementor-element elementor-element-64a4d807 hero-banner elementor-section-boxed elementor-section-height-default elementor-section-height-default\" data-id=\"64a4d807\" data-element_type=\"section\" data-settings=\"{&quot;background_background&quot;:&quot;classic&quot;}\">\n\t\t\t\t\t\t\t<div class=\"elementor-background-overlay\"><\/div>\n\t\t\t\t\t\t\t<div class=\"elementor-container elementor-column-gap-default\">\n\t\t\t\t\t<div class=\"elementor-column elementor-col-50 elementor-top-column elementor-element elementor-element-18711776\" data-id=\"18711776\" data-element_type=\"column\">\n\t\t\t<div class=\"elementor-widget-wrap elementor-element-populated\">\n\t\t\t\t\t\t<section class=\"elementor-section elementor-inner-section elementor-element elementor-element-52eeaa2f hero-banner-breadcrumbs-container elementor-section-boxed elementor-section-height-default elementor-section-height-default\" data-id=\"52eeaa2f\" data-element_type=\"section\">\n\t\t\t\t\t\t<div class=\"elementor-container elementor-column-gap-default\">\n\t\t\t\t\t<div class=\"elementor-column elementor-col-100 elementor-inner-column elementor-element elementor-element-4165c8b2\" data-id=\"4165c8b2\" data-element_type=\"column\">\n\t\t\t<div class=\"elementor-widget-wrap elementor-element-populated\">\n\t\t\t\t\t\t<div class=\"elementor-element elementor-element-4df3461c elementor-widget elementor-widget-heading\" data-id=\"4df3461c\" data-element_type=\"widget\" data-widget_type=\"heading.default\">\n\t\t\t\t<div class=\"elementor-widget-container\">\n\t\t\t\t\t<p class=\"elementor-heading-title elementor-size-default\"><a href=\"\/\">Kezd\u0151oldal |&nbsp;<\/a><\/p>\t\t\t\t<\/div>\n\t\t\t\t<\/div>\n\t\t\t\t<div class=\"elementor-element elementor-element-1326a35f elementor-widget elementor-widget-heading\" data-id=\"1326a35f\" data-element_type=\"widget\" data-widget_type=\"heading.default\">\n\t\t\t\t<div class=\"elementor-widget-container\">\n\t\t\t\t\t<p class=\"elementor-heading-title elementor-size-default\">N\u00e9met \u00e9s angol nyelven besz\u00e9l\u0151 munkat\u00e1rsak<\/p>\t\t\t\t<\/div>\n\t\t\t\t<\/div>\n\t\t\t\t\t<\/div>\n\t\t<\/div>\n\t\t\t\t\t<\/div>\n\t\t<\/section>\n\t\t\t\t<div class=\"elementor-element elementor-element-657a0623 elementor-widget elementor-widget-heading\" data-id=\"657a0623\" data-element_type=\"widget\" data-widget_type=\"heading.default\">\n\t\t\t\t<div class=\"elementor-widget-container\">\n\t\t\t\t\t<h1 class=\"elementor-heading-title elementor-size-default\">N\u00e9met \u00e9s angol nyelven besz\u00e9l\u0151 munkat\u00e1rsak<\/h1>\t\t\t\t<\/div>\n\t\t\t\t<\/div>\n\t\t\t\t<div class=\"elementor-element elementor-element-668c79f0 elementor-widget elementor-widget-text-editor\" data-id=\"668c79f0\" data-element_type=\"widget\" data-widget_type=\"text-editor.default\">\n\t\t\t\t<div class=\"elementor-widget-container\">\n\t\t\t\t\t\t\t\t\t<p>A Face to face business modell\u00fcnk a sikeres tan\u00e1csad\u00e1sban, az eredm\u00e9nyorient\u00e1lt k\u00f6nyvvizsg\u00e1lati \u00e9s \u00fczleti tan\u00e1csad\u00e1sban mutatkozik meg. Szerint\u00fcnk az \u00d6n \u00e9s a tan\u00e1csad\u00f3ja k\u00f6z\u00f6tti szem\u00e9lyes kommunik\u00e1ci\u00f3nak d\u00f6nt\u0151 jelent\u0151s\u00e9ge van a tan\u00e1csad\u00e1s sikeress\u00e9g\u00e9re n\u00e9zve. <\/p>\n\t\t\t\t\t\t\t\t<\/div>\n\t\t\t\t<\/div>\n\t\t\t\t\t<\/div>\n\t\t<\/div>\n\t\t\t\t<div class=\"elementor-column elementor-col-50 elementor-top-column elementor-element elementor-element-5fb7725\" data-id=\"5fb7725\" data-element_type=\"column\">\n\t\t\t<div class=\"elementor-widget-wrap\">\n\t\t\t\t\t\t\t<\/div>\n\t\t<\/div>\n\t\t\t\t\t<\/div>\n\t\t<\/section>\n\t\t<div class=\"elementor-element elementor-element-652ce886 page-content-container e-flex e-con-boxed e-con e-parent\" data-id=\"652ce886\" data-element_type=\"container\" data-settings=\"{&quot;background_background&quot;:&quot;classic&quot;}\">\n\t\t\t\t\t<div class=\"e-con-inner\">\n\t\t\t\t<div class=\"elementor-element elementor-element-365c52cc elementor-widget elementor-widget-heading\" data-id=\"365c52cc\" data-element_type=\"widget\" data-widget_type=\"heading.default\">\n\t\t\t\t<div class=\"elementor-widget-container\">\n\t\t\t\t\t<h1 class=\"elementor-heading-title elementor-size-default\">N\u00e9met \u00e9s angol nyelven besz\u00e9l\u0151 munkat\u00e1rsak minden k\u00f6z\u00e9p- \u00e9s d\u00e9lkelet-eur\u00f3pai irod\u00e1nkban<\/h1>\t\t\t\t<\/div>\n\t\t\t\t<\/div>\n\t\t\t\t<div class=\"elementor-element elementor-element-6bd1f345 elementor-widget elementor-widget-text-editor\" data-id=\"6bd1f345\" data-element_type=\"widget\" data-widget_type=\"text-editor.default\">\n\t\t\t\t<div class=\"elementor-widget-container\">\n\t\t\t\t\t\t\t\t\t<p>Ennek megfelel\u0151en, partnereink \u00e9s alkalmazottaink K\u00f6z\u00e9p- \u00e9s Kelet-Eur\u00f3pa minden helysz\u00edn\u00e9n ny\u00fajthatnak tan\u00e1csot, nem csak a megfelel\u0151 nemzeti nyelven, de n\u00e9met\u00fcl \u00e9s\/vagy angolul is, ezzel kiz\u00e1rva a szaktan\u00e1csad\u00e1s adott ter\u00fclet\u00e9n felmer\u00fcl\u0151 meg\u00e9rt\u00e9ssel kapcsolatos neh\u00e9zs\u00e9geket, hibaforr\u00e1sokat. <\/p>\n\t\t\t\t\t\t\t\t<\/div>\n\t\t\t\t<\/div>\n\t\t\t\t<div class=\"elementor-element elementor-element-0949661 elementor-widget elementor-widget-spacer\" data-id=\"0949661\" data-element_type=\"widget\" data-widget_type=\"spacer.default\">\n\t\t\t\t<div class=\"elementor-widget-container\">\n\t\t\t\t\t\t\t<div class=\"elementor-spacer\">\n\t\t\t<div class=\"elementor-spacer-inner\"><\/div>\n\t\t<\/div>\n\t\t\t\t\t\t<\/div>\n\t\t\t\t<\/div>\n\t\t\t\t<div class=\"elementor-element elementor-element-6ceb9a6 elementor-widget elementor-widget-heading\" data-id=\"6ceb9a6\" data-element_type=\"widget\" data-widget_type=\"heading.default\">\n\t\t\t\t<div class=\"elementor-widget-container\">\n\t\t\t\t\t<h2 class=\"elementor-heading-title elementor-size-default\">Haszn\u00e1lja ki a k\u00f6z\u00e9p- \u00e9s kelet-eur\u00f3pai szak\u00e9rtelm\u00fcnket:<\/h2>\t\t\t\t<\/div>\n\t\t\t\t<\/div>\n\t\t<div class=\"elementor-element elementor-element-2cfe3de e-flex e-con-boxed e-con e-child\" data-id=\"2cfe3de\" data-element_type=\"container\">\n\t\t\t\t\t<div class=\"e-con-inner\">\n\t\t\t\t<div class=\"elementor-element elementor-element-76bc353e elementor-widget elementor-widget-text-editor\" data-id=\"76bc353e\" data-element_type=\"widget\" data-widget_type=\"text-editor.default\">\n\t\t\t\t<div class=\"elementor-widget-container\">\n\t\t\t\t\t\t\t\t\t<\/p>\n<ul>\n<li>\u00e9vek \u00f3ta jelen vagyunk ezekben az orsz\u00e1gokban.<\/li>\n<li>Helyi tapasztalataink sok l\u00e9p\u00e9st megk\u00f6nny\u00edtenek.<\/li>\n<li>Ismerj\u00fck a piacokat \u00e9s azok saj\u00e1toss\u00e1gait.<\/li>\n<li>Egy v\u00e1llalatcsoport el\u0151nyeit k\u00edn\u00e1ljuk \u00d6nnek.<\/li>\n<\/ul>\n\t\t\t\t\t\t\t\t<\/div>\n\t\t\t\t<\/div>\n\t\t\t\t<div class=\"elementor-element elementor-element-c81dbf1 elementor-widget elementor-widget-image\" data-id=\"c81dbf1\" data-element_type=\"widget\" data-widget_type=\"image.default\">\n\t\t\t\t<div class=\"elementor-widget-container\">\n\t\t\t\t\t\t\t\t\t\t\t\t\t\t\t<img fetchpriority=\"high\" decoding=\"async\" width=\"300\" height=\"253\" src=\"https:\/\/www.tpa-group.hu\/app\/uploads\/sites\/6\/2024\/08\/GE_Desk_Logo-300x253-1.png\" class=\"attachment-medium_large size-medium_large wp-image-2185\" alt=\"\" \/>\t\t\t\t\t\t\t\t\t\t\t\t\t\t\t<\/div>\n\t\t\t\t<\/div>\n\t\t\t\t\t<\/div>\n\t\t\t\t<\/div>\n\t\t\t\t<div class=\"elementor-element elementor-element-6b3e45e elementor-widget elementor-widget-spacer\" data-id=\"6b3e45e\" data-element_type=\"widget\" data-widget_type=\"spacer.default\">\n\t\t\t\t<div class=\"elementor-widget-container\">\n\t\t\t\t\t\t\t<div class=\"elementor-spacer\">\n\t\t\t<div class=\"elementor-spacer-inner\"><\/div>\n\t\t<\/div>\n\t\t\t\t\t\t<\/div>\n\t\t\t\t<\/div>\n\t\t\t\t<div class=\"elementor-element elementor-element-7f6a35f elementor-widget elementor-widget-heading\" data-id=\"7f6a35f\" data-element_type=\"widget\" data-widget_type=\"heading.default\">\n\t\t\t\t<div class=\"elementor-widget-container\">\n\t\t\t\t\t<h2 class=\"elementor-heading-title elementor-size-default\">Besz\u00e9lj\u00fck az \u00d6n nyelv\u00e9t<\/h2>\t\t\t\t<\/div>\n\t\t\t\t<\/div>\n\t\t<div class=\"elementor-element elementor-element-fbce680 e-flex e-con-boxed e-con e-child\" data-id=\"fbce680\" data-element_type=\"container\">\n\t\t\t\t\t<div class=\"e-con-inner\">\n\t\t\t\t<div class=\"elementor-element elementor-element-e94ad77 elementor-widget elementor-widget-text-editor\" data-id=\"e94ad77\" data-element_type=\"widget\" data-widget_type=\"text-editor.default\">\n\t\t\t\t<div class=\"elementor-widget-container\">\n\t\t\t\t\t\t\t\t\t<p>Azzal, hogy <strong>besz\u00e9lj\u00fck az \u00d6n nyelv\u00e9t<\/strong> \u00a0 cs\u00f6kken a f\u00e9lre\u00e9rt\u00e9sek kock\u00e1zata, \u00e9s n\u0151 a bizalom az \u00e9rintett \u00fczleti partnerek k\u00f6z\u00f6tt.<\/p><p><strong>A d\u00e9lkelet-eur\u00f3pai Tax Desk szolg\u00e1ltat\u00e1sunk is \u00e9rdekelheti \u00d6nt:<\/strong><\/p><p>A k\u00f6z\u00e9p-kelet \u00e9s d\u00e9lkelet eur\u00f3pai r\u00e9gi\u00f3 eg\u00e9sz ter\u00fclet\u00e9n ny\u00fajtott angol \u00e9s n\u00e9met nyelv\u0171 tan\u00e1csad\u00e1s mellett Tax Desk szolg\u00e1ltat\u00e1st is k\u00edn\u00e1lunk a d\u00e9lkelet eur\u00f3pai r\u00e9gi\u00f3ban:<\/p><ul style=\"font-size: 16px; background-color: #ecf3f4;\"><li style=\"font-size: 16px;\"><span style=\"text-decoration-line: underline;\"><a href=\"https:\/\/www.tpa-group.com\/en\/locations\/\" target=\"_blank\" rel=\"noopener\"><span style=\"font-weight: bolder;\">TPA irod\u00e1k K\u00f6z\u00e9p- \u00e9s D\u00e9lkelet-Eur\u00f3p\u00e1ban<\/span><\/a><\/span><\/li><li style=\"font-size: 16px;\"><span style=\"text-decoration-line: underline;\"><a href=\"https:\/\/www.tpa-group.com\/en\/groups\/partners\/\" target=\"_blank\" rel=\"noopener\"><span style=\"font-weight: bolder;\">A TPA Csoport kapcsolattart\u00f3 szak\u00e9rt\u0151i<\/span><\/a><\/span><\/li><\/ul>\t\t\t\t\t\t\t\t<\/div>\n\t\t\t\t<\/div>\n\t\t\t\t<div class=\"elementor-element elementor-element-0eae434 elementor-widget elementor-widget-image\" data-id=\"0eae434\" data-element_type=\"widget\" data-widget_type=\"image.default\">\n\t\t\t\t<div class=\"elementor-widget-container\">\n\t\t\t\t\t\t\t\t\t\t\t\t\t\t\t<img decoding=\"async\" width=\"300\" height=\"259\" src=\"https:\/\/www.tpa-group.hu\/app\/uploads\/sites\/6\/2024\/08\/See-Tax-Desk-TPA-Steuerberatung-300x259-1.png\" class=\"attachment-medium_large size-medium_large wp-image-2189\" alt=\"\" \/>\t\t\t\t\t\t\t\t\t\t\t\t\t\t\t<\/div>\n\t\t\t\t<\/div>\n\t\t\t\t\t<\/div>\n\t\t\t\t<\/div>\n\t\t\t\t\t<\/div>\n\t\t\t\t<\/div>\n\t\t\t\t<\/div>\n\t\t","protected":false},"excerpt":{"rendered":"<p>Kezd\u0151oldal |&nbsp; N\u00e9met \u00e9s angol nyelven besz\u00e9l\u0151 munkat\u00e1rsak N\u00e9met \u00e9s angol nyelven besz\u00e9l\u0151 munkat\u00e1rsak A Face to face business modell\u00fcnk a sikeres tan\u00e1csad\u00e1sban, az eredm\u00e9nyorient\u00e1lt k\u00f6nyvvizsg\u00e1lati \u00e9s \u00fczleti tan\u00e1csad\u00e1sban mutatkozik meg. Szerint\u00fcnk az \u00d6n \u00e9s a tan\u00e1csad\u00f3ja k\u00f6z\u00f6tti szem\u00e9lyes kommunik\u00e1ci\u00f3nak d\u00f6nt\u0151 jelent\u0151s\u00e9ge van a tan\u00e1csad\u00e1s sikeress\u00e9g\u00e9re n\u00e9zve. N\u00e9met \u00e9s angol nyelven besz\u00e9l\u0151 munkat\u00e1rsak minden k\u00f6z\u00e9p- [&hellip;]<\/p>\n","protected":false},"author":21,"featured_media":0,"parent":0,"menu_order":0,"comment_status":"closed","ping_status":"closed","template":"elementor_header_footer","meta":{"_acf_changed":false,"footnotes":""},"class_list":["post-2212","page","type-page","status-publish","hentry"],"acf":[],"yoast_head":"<!-- This site is optimized with the Yoast SEO plugin v26.0 - https:\/\/yoast.com\/wordpress\/plugins\/seo\/ -->\n<title>N\u00e9met \u00e9s angol nyelven besz\u00e9l\u0151 munkat\u00e1rsak - www.tpa-group.hu<\/title>\n<meta name=\"robots\" content=\"index, follow, max-snippet:-1, max-image-preview:large, max-video-preview:-1\" \/>\n<link rel=\"canonical\" href=\"https:\/\/www.tpa-group.hu\/hu\/nemet-es-angol-nyelven-beszelo-munkatarsak\/\" \/>\n<meta property=\"og:locale\" content=\"hu_HU\" \/>\n<meta property=\"og:type\" content=\"article\" \/>\n<meta property=\"og:title\" content=\"N\u00e9met \u00e9s angol nyelven besz\u00e9l\u0151 munkat\u00e1rsak - www.tpa-group.hu\" \/>\n<meta property=\"og:description\" content=\"Kezd\u0151oldal |&nbsp; N\u00e9met \u00e9s angol nyelven besz\u00e9l\u0151 munkat\u00e1rsak N\u00e9met \u00e9s angol nyelven besz\u00e9l\u0151 munkat\u00e1rsak A Face to face business modell\u00fcnk a sikeres tan\u00e1csad\u00e1sban, az eredm\u00e9nyorient\u00e1lt k\u00f6nyvvizsg\u00e1lati \u00e9s \u00fczleti tan\u00e1csad\u00e1sban mutatkozik meg. Szerint\u00fcnk az \u00d6n \u00e9s a tan\u00e1csad\u00f3ja k\u00f6z\u00f6tti szem\u00e9lyes kommunik\u00e1ci\u00f3nak d\u00f6nt\u0151 jelent\u0151s\u00e9ge van a tan\u00e1csad\u00e1s sikeress\u00e9g\u00e9re n\u00e9zve. N\u00e9met \u00e9s angol nyelven besz\u00e9l\u0151 munkat\u00e1rsak minden k\u00f6z\u00e9p- [&hellip;]\" \/>\n<meta property=\"og:url\" content=\"https:\/\/www.tpa-group.hu\/hu\/nemet-es-angol-nyelven-beszelo-munkatarsak\/\" \/>\n<meta property=\"og:site_name\" content=\"www.tpa-group.hu\" \/>\n<meta property=\"article:modified_time\" content=\"2024-09-19T12:09:11+00:00\" \/>\n<meta property=\"og:image\" content=\"https:\/\/www.tpa-group.hu\/app\/uploads\/sites\/6\/2024\/08\/GE_Desk_Logo-300x253-1.png\" \/>\n<meta name=\"twitter:card\" content=\"summary_large_image\" \/>\n<meta name=\"twitter:label1\" content=\"Est. reading time\" \/>\n\t<meta name=\"twitter:data1\" content=\"2 perc\" \/>\n<script type=\"application\/ld+json\" class=\"yoast-schema-graph\">{\"@context\":\"https:\/\/schema.org\",\"@graph\":[{\"@type\":\"WebPage\",\"@id\":\"https:\/\/www.tpa-group.hu\/hu\/nemet-es-angol-nyelven-beszelo-munkatarsak\/\",\"url\":\"https:\/\/www.tpa-group.hu\/hu\/nemet-es-angol-nyelven-beszelo-munkatarsak\/\",\"name\":\"N\u00e9met \u00e9s angol nyelven besz\u00e9l\u0151 munkat\u00e1rsak - www.tpa-group.hu\",\"isPartOf\":{\"@id\":\"https:\/\/www.tpa-group.hu\/hu\/#website\"},\"primaryImageOfPage\":{\"@id\":\"https:\/\/www.tpa-group.hu\/hu\/nemet-es-angol-nyelven-beszelo-munkatarsak\/#primaryimage\"},\"image\":{\"@id\":\"https:\/\/www.tpa-group.hu\/hu\/nemet-es-angol-nyelven-beszelo-munkatarsak\/#primaryimage\"},\"thumbnailUrl\":\"https:\/\/www.tpa-group.hu\/app\/uploads\/sites\/6\/2024\/08\/GE_Desk_Logo-300x253-1.png\",\"datePublished\":\"2024-07-08T12:53:29+00:00\",\"dateModified\":\"2024-09-19T12:09:11+00:00\",\"breadcrumb\":{\"@id\":\"https:\/\/www.tpa-group.hu\/hu\/nemet-es-angol-nyelven-beszelo-munkatarsak\/#breadcrumb\"},\"inLanguage\":\"hu\",\"potentialAction\":[{\"@type\":\"ReadAction\",\"target\":[\"https:\/\/www.tpa-group.hu\/hu\/nemet-es-angol-nyelven-beszelo-munkatarsak\/\"]}]},{\"@type\":\"ImageObject\",\"inLanguage\":\"hu\",\"@id\":\"https:\/\/www.tpa-group.hu\/hu\/nemet-es-angol-nyelven-beszelo-munkatarsak\/#primaryimage\",\"url\":\"https:\/\/www.tpa-group.hu\/app\/uploads\/sites\/6\/2024\/08\/GE_Desk_Logo-300x253-1.png\",\"contentUrl\":\"https:\/\/www.tpa-group.hu\/app\/uploads\/sites\/6\/2024\/08\/GE_Desk_Logo-300x253-1.png\"},{\"@type\":\"BreadcrumbList\",\"@id\":\"https:\/\/www.tpa-group.hu\/hu\/nemet-es-angol-nyelven-beszelo-munkatarsak\/#breadcrumb\",\"itemListElement\":[{\"@type\":\"ListItem\",\"position\":1,\"name\":\"Home\",\"item\":\"https:\/\/www.tpa-group.hu\/hu\/\"},{\"@type\":\"ListItem\",\"position\":2,\"name\":\"N\u00e9met \u00e9s angol nyelven besz\u00e9l\u0151 munkat\u00e1rsak\"}]},{\"@type\":\"WebSite\",\"@id\":\"https:\/\/www.tpa-group.hu\/hu\/#website\",\"url\":\"https:\/\/www.tpa-group.hu\/hu\/\",\"name\":\"www.tpa-group.hu\",\"description\":\"\",\"publisher\":{\"@id\":\"https:\/\/www.tpa-group.hu\/hu\/#organization\"},\"potentialAction\":[{\"@type\":\"SearchAction\",\"target\":{\"@type\":\"EntryPoint\",\"urlTemplate\":\"https:\/\/www.tpa-group.hu\/hu\/?s={search_term_string}\"},\"query-input\":{\"@type\":\"PropertyValueSpecification\",\"valueRequired\":true,\"valueName\":\"search_term_string\"}}],\"inLanguage\":\"hu\"},{\"@type\":\"Organization\",\"@id\":\"https:\/\/www.tpa-group.hu\/hu\/#organization\",\"name\":\"www.tpa-group.hu\",\"url\":\"https:\/\/www.tpa-group.hu\/hu\/\",\"logo\":{\"@type\":\"ImageObject\",\"inLanguage\":\"hu\",\"@id\":\"https:\/\/www.tpa-group.hu\/hu\/#\/schema\/logo\/image\/\",\"url\":\"https:\/\/www.tpa-group.hu\/app\/uploads\/sites\/6\/2024\/10\/tpa-logo-favicon.svg\",\"contentUrl\":\"https:\/\/www.tpa-group.hu\/app\/uploads\/sites\/6\/2024\/10\/tpa-logo-favicon.svg\",\"width\":110,\"height\":93,\"caption\":\"www.tpa-group.hu\"},\"image\":{\"@id\":\"https:\/\/www.tpa-group.hu\/hu\/#\/schema\/logo\/image\/\"}}]}<\/script>\n<!-- \/ Yoast SEO plugin. -->","yoast_head_json":{"title":"N\u00e9met \u00e9s angol nyelven besz\u00e9l\u0151 munkat\u00e1rsak - www.tpa-group.hu","robots":{"index":"index","follow":"follow","max-snippet":"max-snippet:-1","max-image-preview":"max-image-preview:large","max-video-preview":"max-video-preview:-1"},"canonical":"https:\/\/www.tpa-group.hu\/hu\/nemet-es-angol-nyelven-beszelo-munkatarsak\/","og_locale":"hu_HU","og_type":"article","og_title":"N\u00e9met \u00e9s angol nyelven besz\u00e9l\u0151 munkat\u00e1rsak - www.tpa-group.hu","og_description":"Kezd\u0151oldal |&nbsp; N\u00e9met \u00e9s angol nyelven besz\u00e9l\u0151 munkat\u00e1rsak N\u00e9met \u00e9s angol nyelven besz\u00e9l\u0151 munkat\u00e1rsak A Face to face business modell\u00fcnk a sikeres tan\u00e1csad\u00e1sban, az eredm\u00e9nyorient\u00e1lt k\u00f6nyvvizsg\u00e1lati \u00e9s \u00fczleti tan\u00e1csad\u00e1sban mutatkozik meg. Szerint\u00fcnk az \u00d6n \u00e9s a tan\u00e1csad\u00f3ja k\u00f6z\u00f6tti szem\u00e9lyes kommunik\u00e1ci\u00f3nak d\u00f6nt\u0151 jelent\u0151s\u00e9ge van a tan\u00e1csad\u00e1s sikeress\u00e9g\u00e9re n\u00e9zve. N\u00e9met \u00e9s angol nyelven besz\u00e9l\u0151 munkat\u00e1rsak minden k\u00f6z\u00e9p- [&hellip;]","og_url":"https:\/\/www.tpa-group.hu\/hu\/nemet-es-angol-nyelven-beszelo-munkatarsak\/","og_site_name":"www.tpa-group.hu","article_modified_time":"2024-09-19T12:09:11+00:00","og_image":[{"url":"https:\/\/www.tpa-group.hu\/app\/uploads\/sites\/6\/2024\/08\/GE_Desk_Logo-300x253-1.png","type":"","width":"","height":""}],"twitter_card":"summary_large_image","twitter_misc":{"Est. reading time":"2 perc"},"schema":{"@context":"https:\/\/schema.org","@graph":[{"@type":"WebPage","@id":"https:\/\/www.tpa-group.hu\/hu\/nemet-es-angol-nyelven-beszelo-munkatarsak\/","url":"https:\/\/www.tpa-group.hu\/hu\/nemet-es-angol-nyelven-beszelo-munkatarsak\/","name":"N\u00e9met \u00e9s angol nyelven besz\u00e9l\u0151 munkat\u00e1rsak - www.tpa-group.hu","isPartOf":{"@id":"https:\/\/www.tpa-group.hu\/hu\/#website"},"primaryImageOfPage":{"@id":"https:\/\/www.tpa-group.hu\/hu\/nemet-es-angol-nyelven-beszelo-munkatarsak\/#primaryimage"},"image":{"@id":"https:\/\/www.tpa-group.hu\/hu\/nemet-es-angol-nyelven-beszelo-munkatarsak\/#primaryimage"},"thumbnailUrl":"https:\/\/www.tpa-group.hu\/app\/uploads\/sites\/6\/2024\/08\/GE_Desk_Logo-300x253-1.png","datePublished":"2024-07-08T12:53:29+00:00","dateModified":"2024-09-19T12:09:11+00:00","breadcrumb":{"@id":"https:\/\/www.tpa-group.hu\/hu\/nemet-es-angol-nyelven-beszelo-munkatarsak\/#breadcrumb"},"inLanguage":"hu","potentialAction":[{"@type":"ReadAction","target":["https:\/\/www.tpa-group.hu\/hu\/nemet-es-angol-nyelven-beszelo-munkatarsak\/"]}]},{"@type":"ImageObject","inLanguage":"hu","@id":"https:\/\/www.tpa-group.hu\/hu\/nemet-es-angol-nyelven-beszelo-munkatarsak\/#primaryimage","url":"https:\/\/www.tpa-group.hu\/app\/uploads\/sites\/6\/2024\/08\/GE_Desk_Logo-300x253-1.png","contentUrl":"https:\/\/www.tpa-group.hu\/app\/uploads\/sites\/6\/2024\/08\/GE_Desk_Logo-300x253-1.png"},{"@type":"BreadcrumbList","@id":"https:\/\/www.tpa-group.hu\/hu\/nemet-es-angol-nyelven-beszelo-munkatarsak\/#breadcrumb","itemListElement":[{"@type":"ListItem","position":1,"name":"Home","item":"https:\/\/www.tpa-group.hu\/hu\/"},{"@type":"ListItem","position":2,"name":"N\u00e9met \u00e9s angol nyelven besz\u00e9l\u0151 munkat\u00e1rsak"}]},{"@type":"WebSite","@id":"https:\/\/www.tpa-group.hu\/hu\/#website","url":"https:\/\/www.tpa-group.hu\/hu\/","name":"www.tpa-group.hu","description":"","publisher":{"@id":"https:\/\/www.tpa-group.hu\/hu\/#organization"},"potentialAction":[{"@type":"SearchAction","target":{"@type":"EntryPoint","urlTemplate":"https:\/\/www.tpa-group.hu\/hu\/?s={search_term_string}"},"query-input":{"@type":"PropertyValueSpecification","valueRequired":true,"valueName":"search_term_string"}}],"inLanguage":"hu"},{"@type":"Organization","@id":"https:\/\/www.tpa-group.hu\/hu\/#organization","name":"www.tpa-group.hu","url":"https:\/\/www.tpa-group.hu\/hu\/","logo":{"@type":"ImageObject","inLanguage":"hu","@id":"https:\/\/www.tpa-group.hu\/hu\/#\/schema\/logo\/image\/","url":"https:\/\/www.tpa-group.hu\/app\/uploads\/sites\/6\/2024\/10\/tpa-logo-favicon.svg","contentUrl":"https:\/\/www.tpa-group.hu\/app\/uploads\/sites\/6\/2024\/10\/tpa-logo-favicon.svg","width":110,"height":93,"caption":"www.tpa-group.hu"},"image":{"@id":"https:\/\/www.tpa-group.hu\/hu\/#\/schema\/logo\/image\/"}}]}},"_links":{"self":[{"href":"https:\/\/www.tpa-group.hu\/hu\/wp-json\/wp\/v2\/pages\/2212","targetHints":{"allow":["GET"]}}],"collection":[{"href":"https:\/\/www.tpa-group.hu\/hu\/wp-json\/wp\/v2\/pages"}],"about":[{"href":"https:\/\/www.tpa-group.hu\/hu\/wp-json\/wp\/v2\/types\/page"}],"author":[{"embeddable":true,"href":"https:\/\/www.tpa-group.hu\/hu\/wp-json\/wp\/v2\/users\/21"}],"replies":[{"embeddable":true,"href":"https:\/\/www.tpa-group.hu\/hu\/wp-json\/wp\/v2\/comments?post=2212"}],"version-history":[{"count":5,"href":"https:\/\/www.tpa-group.hu\/hu\/wp-json\/wp\/v2\/pages\/2212\/revisions"}],"predecessor-version":[{"id":3279,"href":"https:\/\/www.tpa-group.hu\/hu\/wp-json\/wp\/v2\/pages\/2212\/revisions\/3279"}],"wp:attachment":[{"href":"https:\/\/www.tpa-group.hu\/hu\/wp-json\/wp\/v2\/media?parent=2212"}],"curies":[{"name":"wp","href":"https:\/\/api.w.org\/{rel}","templated":true}]}}