{"id":2828,"date":"2023-10-03T07:18:50","date_gmt":"2023-10-03T07:18:50","guid":{"rendered":"https:\/\/www.tpa-group.hu\/irodaink\/"},"modified":"2024-09-24T11:13:05","modified_gmt":"2024-09-24T11:13:05","slug":"irodaink","status":"publish","type":"page","link":"https:\/\/www.tpa-group.hu\/hu\/irodaink\/","title":{"rendered":"Irod\u00e1ink"},"content":{"rendered":"\t\t<div data-elementor-type=\"wp-page\" data-elementor-id=\"2828\" class=\"elementor elementor-2828 elementor-213\" data-elementor-post-type=\"page\">\n\t\t\t\t\t\t<section class=\"elementor-section elementor-top-section elementor-element elementor-element-6460c74c hero-banner elementor-section-boxed elementor-section-height-default elementor-section-height-default\" data-id=\"6460c74c\" data-element_type=\"section\">\n\t\t\t\t\t\t<div class=\"elementor-container elementor-column-gap-default\">\n\t\t\t\t\t<div class=\"elementor-column elementor-col-50 elementor-top-column elementor-element elementor-element-734d0f7b\" data-id=\"734d0f7b\" data-element_type=\"column\">\n\t\t\t<div class=\"elementor-widget-wrap elementor-element-populated\">\n\t\t\t\t\t\t<section class=\"elementor-section elementor-inner-section elementor-element elementor-element-2e9ca490 hero-banner-breadcrumbs-container elementor-section-boxed elementor-section-height-default elementor-section-height-default\" data-id=\"2e9ca490\" data-element_type=\"section\">\n\t\t\t\t\t\t<div class=\"elementor-container elementor-column-gap-default\">\n\t\t\t\t\t<div class=\"elementor-column elementor-col-100 elementor-inner-column elementor-element elementor-element-439d18d4\" data-id=\"439d18d4\" data-element_type=\"column\">\n\t\t\t<div class=\"elementor-widget-wrap elementor-element-populated\">\n\t\t\t\t\t\t<div class=\"elementor-element elementor-element-54dfe14b elementor-widget elementor-widget-heading\" data-id=\"54dfe14b\" data-element_type=\"widget\" data-widget_type=\"heading.default\">\n\t\t\t\t<div class=\"elementor-widget-container\">\n\t\t\t\t\t<p class=\"elementor-heading-title elementor-size-default\"><a href=\"\/\">Kezd\u0151oldal |&nbsp;<\/a><\/p>\t\t\t\t<\/div>\n\t\t\t\t<\/div>\n\t\t\t\t<div class=\"elementor-element elementor-element-42477d31 elementor-widget elementor-widget-heading\" data-id=\"42477d31\" data-element_type=\"widget\" data-widget_type=\"heading.default\">\n\t\t\t\t<div class=\"elementor-widget-container\">\n\t\t\t\t\t<p class=\"elementor-heading-title elementor-size-default\">Irod\u00e1ink<\/p>\t\t\t\t<\/div>\n\t\t\t\t<\/div>\n\t\t\t\t\t<\/div>\n\t\t<\/div>\n\t\t\t\t\t<\/div>\n\t\t<\/section>\n\t\t\t\t<div class=\"elementor-element elementor-element-61fc54eb elementor-widget elementor-widget-heading\" data-id=\"61fc54eb\" data-element_type=\"widget\" data-widget_type=\"heading.default\">\n\t\t\t\t<div class=\"elementor-widget-container\">\n\t\t\t\t\t<h1 class=\"elementor-heading-title elementor-size-default\">Irod\u00e1ink<\/h1>\t\t\t\t<\/div>\n\t\t\t\t<\/div>\n\t\t\t\t<div class=\"elementor-element elementor-element-453c6afe elementor-widget elementor-widget-text-editor\" data-id=\"453c6afe\" data-element_type=\"widget\" data-widget_type=\"text-editor.default\">\n\t\t\t\t<div class=\"elementor-widget-container\">\n\t\t\t\t\t\t\t\t\t<p>A TPA a tan\u00e1csad\u00e1si szolg\u00e1ltat\u00e1s\u00e1hoz minden nap a szem\u00e9lyes partneri kapcsolatot r\u00e9szes\u00edti el\u0151nyben. Az \u00d6nnel val\u00f3 vizu\u00e1lis kapcsolat ez\u00e9rt k\u00fcl\u00f6n\u00f6sen fontos sz\u00e1munkra. Ezt szeretn\u00e9nk \u00d6nnek is biztos\u00edtani, amikor csak lehets\u00e9ges. Hiszen a legt\u00f6bb \u00fczleti megbesz\u00e9l\u00e9s k\u00f6nnyebb \u00e9s hat\u00e9konyabb szemt\u0151l szemben. Ez\u00e9rt vagyunk el\u00e9rhet\u0151ek \u00d6nh\u00f6z k\u00f6zel.    <\/p>\n\t\t\t\t\t\t\t\t<\/div>\n\t\t\t\t<\/div>\n\t\t\t\t\t<\/div>\n\t\t<\/div>\n\t\t\t\t<div class=\"elementor-column elementor-col-50 elementor-top-column elementor-element elementor-element-7aa31e7b\" data-id=\"7aa31e7b\" data-element_type=\"column\">\n\t\t\t<div class=\"elementor-widget-wrap\">\n\t\t\t\t\t\t\t<\/div>\n\t\t<\/div>\n\t\t\t\t\t<\/div>\n\t\t<\/section>\n\t\t\t\t<section class=\"elementor-section elementor-top-section elementor-element elementor-element-28377152 elementor-section-boxed elementor-section-height-default elementor-section-height-default\" data-id=\"28377152\" data-element_type=\"section\" data-settings=\"{&quot;background_background&quot;:&quot;classic&quot;}\">\n\t\t\t\t\t\t<div class=\"elementor-container elementor-column-gap-default\">\n\t\t\t\t\t<div class=\"elementor-column elementor-col-100 elementor-top-column elementor-element elementor-element-6f7f5744\" data-id=\"6f7f5744\" data-element_type=\"column\">\n\t\t\t<div class=\"elementor-widget-wrap elementor-element-populated\">\n\t\t\t\t\t\t<div class=\"elementor-element elementor-element-343f9383 elementor-widget elementor-widget-locations-card-grid\" data-id=\"343f9383\" data-element_type=\"widget\" data-widget_type=\"locations-card-grid.default\">\n\t\t\t\t<div class=\"elementor-widget-container\">\n\t\t\t\t\t\t \t<div \n\t \t\tclass=\"locations-card-grid-container\" \n \t\t>   \n\n\t\t\t\t  <div class=\"locations-grid\" style=\"opacity: 0;\">\n\n\t\t  \t<div class=\"locations-grid-sizer\"><\/div>\n\t\t    \t\n\t\t        \t<div class=\"locations-grid-item\">\n\t        \t\t\t<a class=\"location-link\" href=\"https:\/\/www.tpa-group.hu\/hu\/locations\/budapest\/\">\n\t\t        \t\t\t        \t\t\t\t\t\t<p class=\"main-category\">Budapest<\/p>\n\t        \t\t\t\t\t\t\t        \t\t\t\t\t        \t\t<div class=\"img-container\">\n\t\t\t        \t\t\t<img decoding=\"async\" class=\"post-image\" src=\"https:\/\/www.tpa-group.hu\/app\/uploads\/sites\/6\/2023\/10\/tpa_bp_temp.jpg\" alt=\"Budapest\">\n\t\t\t        \t\t<\/div>\n\t\t        \t\t<\/a>\n\t        \t\t\t\t\t\t        \t\t\t\t<div class=\"post-content-wrapper\">\n\t\t\t\t\t        \t\t<div class=\"content-container\">\n\t\t\t\t\t        \t\t\t\n\t\t\t        \t\t\t\t\t\t<a href=\"https:\/\/www.tpa-group.hu\/hu\/locations\/budapest\/\">\n\t\t\t\t\t        \t\t\t\t\t<h5 class=\"post-title\">Budapest<\/h5>\n\t\t\t\t\t        \t\t\t\t<\/a>\n\t\t                    \t\t\t\t\t                    \t\t\t<div class=\"location-email-container\">\n                    \t\t\t\t\t\t<a href=\"mailto:office@tpa-group.hu\">\n\t\t\t                    \t\t\t\t<i aria-hidden=\"true\" class=\"fa6s fa6s-solid-envelope\"><\/i>\n\t\t\t                    \t\t\t\t<p>office@tpa-group.hu<\/p>\n\t\t                    \t\t\t\t<\/a>\n\t\t                    \t\t\t<\/div>\n\t\t\t\t\t\t\t\t\t\t\n\t\t                    \t\t\t<div class=\"location-telephone-container\">\n\t\t                    \t\t\t\t<a href=\"tel:+36 1 345 45 00\">\n\t\t\t                    \t\t\t\t<i aria-hidden=\"true\" class=\"fa6s fa6s-solid-phone\"><\/i>\n\t\t\t\t\t\t\t\t\t\t\t\t<p>+36 1 345 45 00<\/p>\n\t\t\t\t\t\t\t\t\t\t\t<\/a>\n\t\t                    \t\t\t<\/div>\n\t\t\t\t\t\t\t\t\t\t\n\t\t                    \t\t\t<div class=\"location-address-container\">\n\t\t                    \t\t\t\t<i aria-hidden=\"true\" class=\"fa6s fa6s-solid-location-dot\"><\/i>\n\t\t\t\t\t\t\t\t\t\t\t<p>Buday L\u00e1szl\u00f3 utca 12, 1024 Budapest<\/p>\n\t\t                    \t\t\t<\/div>\n\t\t\t\t\t\t\t\t\t\t<br>\n\t\t\t\t\t\t\t\t\t\t\t\t\t\t\t\t\t\t\t\t\t<div class=\"location-working-hours-container\">\n\t\t                    \t\t\t\t<i aria-hidden=\"true\" class=\"fa6s fa6s-solid-clock\"><\/i>\n\t\t\t\t\t\t\t\t\t\t\t\t\t\t\t\t\t\t\t\t\t        <div class=\"working-hours-row\">\n\t\t\t\t\t\t\t\t\t\t        \t<p class=\"working-days\">H\u00e9-Cs:<\/p>\n\t\t\t\t\t\t\t\t\t\t        \t<p class=\"working-hours\">08:00 - 17:30<\/p>\n\t\t\t\t\t\t\t\t\t\t        <\/div>\n\t\t\t\t\t\t\t\t\t        \t\t\t\t\t\t\t\t\t\t\t        <div class=\"working-hours-row\">\n\t\t\t\t\t\t\t\t\t\t        \t<p class=\"working-days\">P\u00e9:<\/p>\n\t\t\t\t\t\t\t\t\t\t        \t<p class=\"working-hours\">08:00 - 16:00<\/p>\n\t\t\t\t\t\t\t\t\t\t        <\/div>\n\t\t\t\t\t\t\t\t\t        \t\t\t\t\t\t\t\t\t\t\t\t<\/div>\n\t\t\t\t\t\t\t\t\t    \n\t        \t\t\t\t\t\t\t<a href=\"https:\/\/www.tpa-group.hu\/hu\/locations\/budapest\/\">\n\t\t\t        \t\t\t\t\t\t<div class=\"btn-arrow\" style=\"background-image: url('https:\/\/www.tpa-group.hu\/app\/plugins\/ovos-elementor-widgets\/widgets\/locations-card-grid-widget\/img\/button-arrow-right-long.svg')\"><\/div>\n\t\t\t        \t\t\t\t\t<\/a>\n\t\t\t\t\t        \t\t<\/div>\n\t\t\t\t        \t\t<\/div>\n\t        \t\t\t\t\t\t        \t<\/div>\n\t\t        \t\t  <\/div>\n\t\t  \t\t\t\t\n\t \t<\/div>\n\t\t\t\t\t\t<\/div>\n\t\t\t\t<\/div>\n\t\t\t\t<div class=\"elementor-element elementor-element-04b6f9b elementor-cta--skin-cover elementor-bg-transform elementor-bg-transform-zoom-out elementor-animated-content elementor-widget elementor-widget-call-to-action\" data-id=\"04b6f9b\" data-element_type=\"widget\" data-widget_type=\"call-to-action.default\">\n\t\t\t\t<div class=\"elementor-widget-container\">\n\t\t\t\t\t\t\t<div class=\"elementor-cta\">\n\t\t\t\t\t<div class=\"elementor-cta__bg-wrapper\">\n\t\t\t\t<div class=\"elementor-cta__bg elementor-bg\" style=\"background-image: url(https:\/\/www.tpa-group.hu\/app\/uploads\/sites\/6\/2024\/03\/aTPA-group-tax-audit-accouting-advisory-map-country-location-1024x683-1.webp);\" role=\"img\" aria-label=\"aTPA-group-tax-audit-accouting-advisory-map-country-location-1024x683\"><\/div>\n\t\t\t\t<div class=\"elementor-cta__bg-overlay\"><\/div>\n\t\t\t<\/div>\n\t\t\t\t\t\t\t<div class=\"elementor-cta__content\">\n\t\t\t\t\n\t\t\t\t\t\t\t\t\t<h2 class=\"elementor-cta__title elementor-cta__content-item elementor-content-item elementor-animated-item--grow\">\n\t\t\t\t\t\tA TPA tov\u00e1bbi irod\u00e1i\t\t\t\t\t<\/h2>\n\t\t\t\t\n\t\t\t\t\t\t\t\t\t<div class=\"elementor-cta__description elementor-cta__content-item elementor-content-item elementor-animated-item--grow\">\n\t\t\t\t\t\t<p>30 helysz\u00ednen, 12 orsz\u00e1gban tal\u00e1lhat minket<\/p>\n\t\t\t\t\t<\/div>\n\t\t\t\t\n\t\t\t\t\t\t\t\t\t<div class=\"elementor-cta__button-wrapper elementor-cta__content-item elementor-content-item elementor-animated-item--grow\">\n\t\t\t\t\t<a class=\"elementor-cta__button elementor-button elementor-size-\" href=\"https:\/\/tpa-group.com\/en\/locations\/\" target=\"_blank\">\n\t\t\t\t\t\tTov\u00e1bbi inform\u00e1ci\u00f3k\t\t\t\t\t<\/a>\n\t\t\t\t\t<\/div>\n\t\t\t\t\t\t\t<\/div>\n\t\t\t\t\t\t<\/div>\n\t\t\t\t\t\t<\/div>\n\t\t\t\t<\/div>\n\t\t\t\t\t<\/div>\n\t\t<\/div>\n\t\t\t\t\t<\/div>\n\t\t<\/section>\n\t\t\t\t<\/div>\n\t\t","protected":false},"excerpt":{"rendered":"<p>Kezd\u0151oldal |&nbsp; Irod\u00e1ink Irod\u00e1ink A TPA a tan\u00e1csad\u00e1si szolg\u00e1ltat\u00e1s\u00e1hoz minden nap a szem\u00e9lyes partneri kapcsolatot r\u00e9szes\u00edti el\u0151nyben. Az \u00d6nnel val\u00f3 vizu\u00e1lis kapcsolat ez\u00e9rt k\u00fcl\u00f6n\u00f6sen fontos sz\u00e1munkra. Ezt szeretn\u00e9nk \u00d6nnek is biztos\u00edtani, amikor csak lehets\u00e9ges. Hiszen a legt\u00f6bb \u00fczleti megbesz\u00e9l\u00e9s k\u00f6nnyebb \u00e9s hat\u00e9konyabb szemt\u0151l szemben. Ez\u00e9rt vagyunk el\u00e9rhet\u0151ek \u00d6nh\u00f6z k\u00f6zel. Budapest Budapest A TPA tov\u00e1bbi irod\u00e1i [&hellip;]<\/p>\n","protected":false},"author":1,"featured_media":0,"parent":0,"menu_order":0,"comment_status":"closed","ping_status":"closed","template":"elementor_header_footer","meta":{"_acf_changed":false,"footnotes":""},"class_list":["post-2828","page","type-page","status-publish","hentry"],"acf":[],"yoast_head":"<!-- This site is optimized with the Yoast SEO plugin v26.0 - https:\/\/yoast.com\/wordpress\/plugins\/seo\/ -->\n<title>Irod\u00e1ink - www.tpa-group.hu<\/title>\n<meta name=\"robots\" content=\"index, follow, max-snippet:-1, max-image-preview:large, max-video-preview:-1\" \/>\n<link rel=\"canonical\" href=\"https:\/\/www.tpa-group.hu\/hu\/irodaink\/\" \/>\n<meta property=\"og:locale\" content=\"hu_HU\" \/>\n<meta property=\"og:type\" content=\"article\" \/>\n<meta property=\"og:title\" content=\"Irod\u00e1ink - www.tpa-group.hu\" \/>\n<meta property=\"og:description\" content=\"Kezd\u0151oldal |&nbsp; Irod\u00e1ink Irod\u00e1ink A TPA a tan\u00e1csad\u00e1si szolg\u00e1ltat\u00e1s\u00e1hoz minden nap a szem\u00e9lyes partneri kapcsolatot r\u00e9szes\u00edti el\u0151nyben. Az \u00d6nnel val\u00f3 vizu\u00e1lis kapcsolat ez\u00e9rt k\u00fcl\u00f6n\u00f6sen fontos sz\u00e1munkra. Ezt szeretn\u00e9nk \u00d6nnek is biztos\u00edtani, amikor csak lehets\u00e9ges. Hiszen a legt\u00f6bb \u00fczleti megbesz\u00e9l\u00e9s k\u00f6nnyebb \u00e9s hat\u00e9konyabb szemt\u0151l szemben. Ez\u00e9rt vagyunk el\u00e9rhet\u0151ek \u00d6nh\u00f6z k\u00f6zel. Budapest Budapest A TPA tov\u00e1bbi irod\u00e1i [&hellip;]\" \/>\n<meta property=\"og:url\" content=\"https:\/\/www.tpa-group.hu\/hu\/irodaink\/\" \/>\n<meta property=\"og:site_name\" content=\"www.tpa-group.hu\" \/>\n<meta property=\"article:modified_time\" content=\"2024-09-24T11:13:05+00:00\" \/>\n<meta property=\"og:image\" content=\"https:\/\/www.tpa-group.hu\/app\/uploads\/sites\/6\/2023\/10\/tpa_bp_temp.jpg\" \/>\n<meta name=\"twitter:card\" content=\"summary_large_image\" \/>\n<meta name=\"twitter:label1\" content=\"Est. reading time\" \/>\n\t<meta name=\"twitter:data1\" content=\"1 perc\" \/>\n<script type=\"application\/ld+json\" class=\"yoast-schema-graph\">{\"@context\":\"https:\/\/schema.org\",\"@graph\":[{\"@type\":\"WebPage\",\"@id\":\"https:\/\/www.tpa-group.hu\/hu\/irodaink\/\",\"url\":\"https:\/\/www.tpa-group.hu\/hu\/irodaink\/\",\"name\":\"Irod\u00e1ink - www.tpa-group.hu\",\"isPartOf\":{\"@id\":\"https:\/\/www.tpa-group.hu\/hu\/#website\"},\"primaryImageOfPage\":{\"@id\":\"https:\/\/www.tpa-group.hu\/hu\/irodaink\/#primaryimage\"},\"image\":{\"@id\":\"https:\/\/www.tpa-group.hu\/hu\/irodaink\/#primaryimage\"},\"thumbnailUrl\":\"https:\/\/www.tpa-group.hu\/app\/uploads\/sites\/6\/2023\/10\/tpa_bp_temp.jpg\",\"datePublished\":\"2023-10-03T07:18:50+00:00\",\"dateModified\":\"2024-09-24T11:13:05+00:00\",\"breadcrumb\":{\"@id\":\"https:\/\/www.tpa-group.hu\/hu\/irodaink\/#breadcrumb\"},\"inLanguage\":\"hu\",\"potentialAction\":[{\"@type\":\"ReadAction\",\"target\":[\"https:\/\/www.tpa-group.hu\/hu\/irodaink\/\"]}]},{\"@type\":\"ImageObject\",\"inLanguage\":\"hu\",\"@id\":\"https:\/\/www.tpa-group.hu\/hu\/irodaink\/#primaryimage\",\"url\":\"https:\/\/www.tpa-group.hu\/app\/uploads\/sites\/6\/2023\/10\/tpa_bp_temp.jpg\",\"contentUrl\":\"https:\/\/www.tpa-group.hu\/app\/uploads\/sites\/6\/2023\/10\/tpa_bp_temp.jpg\"},{\"@type\":\"BreadcrumbList\",\"@id\":\"https:\/\/www.tpa-group.hu\/hu\/irodaink\/#breadcrumb\",\"itemListElement\":[{\"@type\":\"ListItem\",\"position\":1,\"name\":\"Home\",\"item\":\"https:\/\/www.tpa-group.hu\/hu\/\"},{\"@type\":\"ListItem\",\"position\":2,\"name\":\"Irod\u00e1ink\"}]},{\"@type\":\"WebSite\",\"@id\":\"https:\/\/www.tpa-group.hu\/hu\/#website\",\"url\":\"https:\/\/www.tpa-group.hu\/hu\/\",\"name\":\"www.tpa-group.hu\",\"description\":\"\",\"publisher\":{\"@id\":\"https:\/\/www.tpa-group.hu\/hu\/#organization\"},\"potentialAction\":[{\"@type\":\"SearchAction\",\"target\":{\"@type\":\"EntryPoint\",\"urlTemplate\":\"https:\/\/www.tpa-group.hu\/hu\/?s={search_term_string}\"},\"query-input\":{\"@type\":\"PropertyValueSpecification\",\"valueRequired\":true,\"valueName\":\"search_term_string\"}}],\"inLanguage\":\"hu\"},{\"@type\":\"Organization\",\"@id\":\"https:\/\/www.tpa-group.hu\/hu\/#organization\",\"name\":\"www.tpa-group.hu\",\"url\":\"https:\/\/www.tpa-group.hu\/hu\/\",\"logo\":{\"@type\":\"ImageObject\",\"inLanguage\":\"hu\",\"@id\":\"https:\/\/www.tpa-group.hu\/hu\/#\/schema\/logo\/image\/\",\"url\":\"https:\/\/www.tpa-group.hu\/app\/uploads\/sites\/6\/2024\/10\/tpa-logo-favicon.svg\",\"contentUrl\":\"https:\/\/www.tpa-group.hu\/app\/uploads\/sites\/6\/2024\/10\/tpa-logo-favicon.svg\",\"width\":110,\"height\":93,\"caption\":\"www.tpa-group.hu\"},\"image\":{\"@id\":\"https:\/\/www.tpa-group.hu\/hu\/#\/schema\/logo\/image\/\"}}]}<\/script>\n<!-- \/ Yoast SEO plugin. -->","yoast_head_json":{"title":"Irod\u00e1ink - www.tpa-group.hu","robots":{"index":"index","follow":"follow","max-snippet":"max-snippet:-1","max-image-preview":"max-image-preview:large","max-video-preview":"max-video-preview:-1"},"canonical":"https:\/\/www.tpa-group.hu\/hu\/irodaink\/","og_locale":"hu_HU","og_type":"article","og_title":"Irod\u00e1ink - www.tpa-group.hu","og_description":"Kezd\u0151oldal |&nbsp; Irod\u00e1ink Irod\u00e1ink A TPA a tan\u00e1csad\u00e1si szolg\u00e1ltat\u00e1s\u00e1hoz minden nap a szem\u00e9lyes partneri kapcsolatot r\u00e9szes\u00edti el\u0151nyben. Az \u00d6nnel val\u00f3 vizu\u00e1lis kapcsolat ez\u00e9rt k\u00fcl\u00f6n\u00f6sen fontos sz\u00e1munkra. Ezt szeretn\u00e9nk \u00d6nnek is biztos\u00edtani, amikor csak lehets\u00e9ges. Hiszen a legt\u00f6bb \u00fczleti megbesz\u00e9l\u00e9s k\u00f6nnyebb \u00e9s hat\u00e9konyabb szemt\u0151l szemben. Ez\u00e9rt vagyunk el\u00e9rhet\u0151ek \u00d6nh\u00f6z k\u00f6zel. Budapest Budapest A TPA tov\u00e1bbi irod\u00e1i [&hellip;]","og_url":"https:\/\/www.tpa-group.hu\/hu\/irodaink\/","og_site_name":"www.tpa-group.hu","article_modified_time":"2024-09-24T11:13:05+00:00","og_image":[{"url":"https:\/\/www.tpa-group.hu\/app\/uploads\/sites\/6\/2023\/10\/tpa_bp_temp.jpg","type":"","width":"","height":""}],"twitter_card":"summary_large_image","twitter_misc":{"Est. reading time":"1 perc"},"schema":{"@context":"https:\/\/schema.org","@graph":[{"@type":"WebPage","@id":"https:\/\/www.tpa-group.hu\/hu\/irodaink\/","url":"https:\/\/www.tpa-group.hu\/hu\/irodaink\/","name":"Irod\u00e1ink - www.tpa-group.hu","isPartOf":{"@id":"https:\/\/www.tpa-group.hu\/hu\/#website"},"primaryImageOfPage":{"@id":"https:\/\/www.tpa-group.hu\/hu\/irodaink\/#primaryimage"},"image":{"@id":"https:\/\/www.tpa-group.hu\/hu\/irodaink\/#primaryimage"},"thumbnailUrl":"https:\/\/www.tpa-group.hu\/app\/uploads\/sites\/6\/2023\/10\/tpa_bp_temp.jpg","datePublished":"2023-10-03T07:18:50+00:00","dateModified":"2024-09-24T11:13:05+00:00","breadcrumb":{"@id":"https:\/\/www.tpa-group.hu\/hu\/irodaink\/#breadcrumb"},"inLanguage":"hu","potentialAction":[{"@type":"ReadAction","target":["https:\/\/www.tpa-group.hu\/hu\/irodaink\/"]}]},{"@type":"ImageObject","inLanguage":"hu","@id":"https:\/\/www.tpa-group.hu\/hu\/irodaink\/#primaryimage","url":"https:\/\/www.tpa-group.hu\/app\/uploads\/sites\/6\/2023\/10\/tpa_bp_temp.jpg","contentUrl":"https:\/\/www.tpa-group.hu\/app\/uploads\/sites\/6\/2023\/10\/tpa_bp_temp.jpg"},{"@type":"BreadcrumbList","@id":"https:\/\/www.tpa-group.hu\/hu\/irodaink\/#breadcrumb","itemListElement":[{"@type":"ListItem","position":1,"name":"Home","item":"https:\/\/www.tpa-group.hu\/hu\/"},{"@type":"ListItem","position":2,"name":"Irod\u00e1ink"}]},{"@type":"WebSite","@id":"https:\/\/www.tpa-group.hu\/hu\/#website","url":"https:\/\/www.tpa-group.hu\/hu\/","name":"www.tpa-group.hu","description":"","publisher":{"@id":"https:\/\/www.tpa-group.hu\/hu\/#organization"},"potentialAction":[{"@type":"SearchAction","target":{"@type":"EntryPoint","urlTemplate":"https:\/\/www.tpa-group.hu\/hu\/?s={search_term_string}"},"query-input":{"@type":"PropertyValueSpecification","valueRequired":true,"valueName":"search_term_string"}}],"inLanguage":"hu"},{"@type":"Organization","@id":"https:\/\/www.tpa-group.hu\/hu\/#organization","name":"www.tpa-group.hu","url":"https:\/\/www.tpa-group.hu\/hu\/","logo":{"@type":"ImageObject","inLanguage":"hu","@id":"https:\/\/www.tpa-group.hu\/hu\/#\/schema\/logo\/image\/","url":"https:\/\/www.tpa-group.hu\/app\/uploads\/sites\/6\/2024\/10\/tpa-logo-favicon.svg","contentUrl":"https:\/\/www.tpa-group.hu\/app\/uploads\/sites\/6\/2024\/10\/tpa-logo-favicon.svg","width":110,"height":93,"caption":"www.tpa-group.hu"},"image":{"@id":"https:\/\/www.tpa-group.hu\/hu\/#\/schema\/logo\/image\/"}}]}},"_links":{"self":[{"href":"https:\/\/www.tpa-group.hu\/hu\/wp-json\/wp\/v2\/pages\/2828","targetHints":{"allow":["GET"]}}],"collection":[{"href":"https:\/\/www.tpa-group.hu\/hu\/wp-json\/wp\/v2\/pages"}],"about":[{"href":"https:\/\/www.tpa-group.hu\/hu\/wp-json\/wp\/v2\/types\/page"}],"author":[{"embeddable":true,"href":"https:\/\/www.tpa-group.hu\/hu\/wp-json\/wp\/v2\/users\/1"}],"replies":[{"embeddable":true,"href":"https:\/\/www.tpa-group.hu\/hu\/wp-json\/wp\/v2\/comments?post=2828"}],"version-history":[{"count":5,"href":"https:\/\/www.tpa-group.hu\/hu\/wp-json\/wp\/v2\/pages\/2828\/revisions"}],"predecessor-version":[{"id":3450,"href":"https:\/\/www.tpa-group.hu\/hu\/wp-json\/wp\/v2\/pages\/2828\/revisions\/3450"}],"wp:attachment":[{"href":"https:\/\/www.tpa-group.hu\/hu\/wp-json\/wp\/v2\/media?parent=2828"}],"curies":[{"name":"wp","href":"https:\/\/api.w.org\/{rel}","templated":true}]}}