{"id":3309,"date":"2024-09-18T12:13:17","date_gmt":"2024-09-18T12:13:17","guid":{"rendered":"https:\/\/www.tpa-group.hu\/a-tpa-suti-nyilatkozata\/"},"modified":"2024-10-11T11:13:59","modified_gmt":"2024-10-11T11:13:59","slug":"a-tpa-suti-nyilatkozata","status":"publish","type":"page","link":"https:\/\/www.tpa-group.hu\/hu\/a-tpa-suti-nyilatkozata\/","title":{"rendered":"A TPA s\u00fcti nyilatkozata"},"content":{"rendered":"\t\t<div data-elementor-type=\"wp-page\" data-elementor-id=\"3309\" class=\"elementor elementor-3309 elementor-3142\" data-elementor-post-type=\"page\">\n\t\t\t\t\t\t<section class=\"elementor-section elementor-top-section elementor-element elementor-element-7b1180b9 hero-banner elementor-section-boxed elementor-section-height-default elementor-section-height-default\" data-id=\"7b1180b9\" data-element_type=\"section\" data-settings=\"{&quot;background_background&quot;:&quot;classic&quot;}\">\n\t\t\t\t\t\t\t<div class=\"elementor-background-overlay\"><\/div>\n\t\t\t\t\t\t\t<div class=\"elementor-container elementor-column-gap-default\">\n\t\t\t\t\t<div class=\"elementor-column elementor-col-50 elementor-top-column elementor-element elementor-element-520b7685\" data-id=\"520b7685\" data-element_type=\"column\">\n\t\t\t<div class=\"elementor-widget-wrap elementor-element-populated\">\n\t\t\t\t\t\t<section class=\"elementor-section elementor-inner-section elementor-element elementor-element-625e46d7 hero-banner-breadcrumbs-container elementor-section-boxed elementor-section-height-default elementor-section-height-default\" data-id=\"625e46d7\" data-element_type=\"section\">\n\t\t\t\t\t\t<div class=\"elementor-container elementor-column-gap-default\">\n\t\t\t\t\t<div class=\"elementor-column elementor-col-100 elementor-inner-column elementor-element elementor-element-d52bda2\" data-id=\"d52bda2\" data-element_type=\"column\">\n\t\t\t<div class=\"elementor-widget-wrap elementor-element-populated\">\n\t\t\t\t\t\t<div class=\"elementor-element elementor-element-264992e4 elementor-widget elementor-widget-heading\" data-id=\"264992e4\" data-element_type=\"widget\" data-widget_type=\"heading.default\">\n\t\t\t\t<div class=\"elementor-widget-container\">\n\t\t\t\t\t<p class=\"elementor-heading-title elementor-size-default\"><a href=\"\/\">Kezd\u0151oldal |&nbsp;<\/a><\/p>\t\t\t\t<\/div>\n\t\t\t\t<\/div>\n\t\t\t\t<div class=\"elementor-element elementor-element-6878ec11 elementor-widget elementor-widget-heading\" data-id=\"6878ec11\" data-element_type=\"widget\" data-widget_type=\"heading.default\">\n\t\t\t\t<div class=\"elementor-widget-container\">\n\t\t\t\t\t<p class=\"elementor-heading-title elementor-size-default\">A TPA s\u00fcti nyilatkozata<\/p>\t\t\t\t<\/div>\n\t\t\t\t<\/div>\n\t\t\t\t\t<\/div>\n\t\t<\/div>\n\t\t\t\t\t<\/div>\n\t\t<\/section>\n\t\t\t\t<div class=\"elementor-element elementor-element-3eb43a9e elementor-widget elementor-widget-heading\" data-id=\"3eb43a9e\" data-element_type=\"widget\" data-widget_type=\"heading.default\">\n\t\t\t\t<div class=\"elementor-widget-container\">\n\t\t\t\t\t<h1 class=\"elementor-heading-title elementor-size-default\">A TPA s\u00fcti nyilatkozata<\/h1>\t\t\t\t<\/div>\n\t\t\t\t<\/div>\n\t\t\t\t\t<\/div>\n\t\t<\/div>\n\t\t\t\t<div class=\"elementor-column elementor-col-50 elementor-top-column elementor-element elementor-element-3e4f8537\" data-id=\"3e4f8537\" data-element_type=\"column\">\n\t\t\t<div class=\"elementor-widget-wrap\">\n\t\t\t\t\t\t\t<\/div>\n\t\t<\/div>\n\t\t\t\t\t<\/div>\n\t\t<\/section>\n\t\t<div class=\"elementor-element elementor-element-179f67e8 page-content-container e-flex e-con-boxed e-con e-parent\" data-id=\"179f67e8\" data-element_type=\"container\" data-settings=\"{&quot;background_background&quot;:&quot;classic&quot;}\">\n\t\t\t\t\t<div class=\"e-con-inner\">\n\t\t\t\t<div class=\"elementor-element elementor-element-62aa170 elementor-widget elementor-widget-html\" data-id=\"62aa170\" data-element_type=\"widget\" data-widget_type=\"html.default\">\n\t\t\t\t<div class=\"elementor-widget-container\">\n\t\t\t\t\t<script id=\"CookieDeclaration\" data-culture=\"HU\" src=\"https:\/\/consent.cookiebot.com\/33612044-9735-464c-8678-465f6cd68074\/cd.js\" type=\"text\/javascript\" async><\/script>\t\t\t\t<\/div>\n\t\t\t\t<\/div>\n\t\t\t\t\t<\/div>\n\t\t\t\t<\/div>\n\t\t\t\t<\/div>\n\t\t","protected":false},"excerpt":{"rendered":"<p>Kezd\u0151oldal |&nbsp; A TPA s\u00fcti nyilatkozata A TPA s\u00fcti nyilatkozata<\/p>\n","protected":false},"author":21,"featured_media":0,"parent":0,"menu_order":0,"comment_status":"closed","ping_status":"closed","template":"elementor_header_footer","meta":{"_acf_changed":false,"footnotes":""},"class_list":["post-3309","page","type-page","status-publish","hentry"],"acf":[],"yoast_head":"<!-- This site is optimized with the Yoast SEO plugin v26.0 - https:\/\/yoast.com\/wordpress\/plugins\/seo\/ -->\n<title>A TPA s\u00fcti nyilatkozata - www.tpa-group.hu<\/title>\n<meta name=\"robots\" content=\"index, follow, max-snippet:-1, max-image-preview:large, max-video-preview:-1\" \/>\n<link rel=\"canonical\" href=\"https:\/\/www.tpa-group.hu\/hu\/a-tpa-suti-nyilatkozata\/\" \/>\n<meta property=\"og:locale\" content=\"hu_HU\" \/>\n<meta property=\"og:type\" content=\"article\" \/>\n<meta property=\"og:title\" content=\"A TPA s\u00fcti nyilatkozata - www.tpa-group.hu\" \/>\n<meta property=\"og:description\" content=\"Kezd\u0151oldal |&nbsp; A TPA s\u00fcti nyilatkozata A TPA s\u00fcti nyilatkozata\" \/>\n<meta property=\"og:url\" content=\"https:\/\/www.tpa-group.hu\/hu\/a-tpa-suti-nyilatkozata\/\" \/>\n<meta property=\"og:site_name\" content=\"www.tpa-group.hu\" \/>\n<meta property=\"article:modified_time\" content=\"2024-10-11T11:13:59+00:00\" \/>\n<meta property=\"og:image\" content=\"https:\/\/www.tpa-group.hu\/app\/uploads\/sites\/6\/2024\/10\/TPA-Logo.jpg\" \/>\n\t<meta property=\"og:image:width\" content=\"256\" \/>\n\t<meta property=\"og:image:height\" content=\"172\" \/>\n\t<meta property=\"og:image:type\" content=\"image\/jpeg\" \/>\n<meta name=\"twitter:card\" content=\"summary_large_image\" \/>\n<meta name=\"twitter:label1\" content=\"Est. reading time\" \/>\n\t<meta name=\"twitter:data1\" content=\"1 perc\" \/>\n<script type=\"application\/ld+json\" class=\"yoast-schema-graph\">{\"@context\":\"https:\/\/schema.org\",\"@graph\":[{\"@type\":\"WebPage\",\"@id\":\"https:\/\/www.tpa-group.hu\/hu\/a-tpa-suti-nyilatkozata\/\",\"url\":\"https:\/\/www.tpa-group.hu\/hu\/a-tpa-suti-nyilatkozata\/\",\"name\":\"A TPA s\u00fcti nyilatkozata - www.tpa-group.hu\",\"isPartOf\":{\"@id\":\"https:\/\/www.tpa-group.hu\/hu\/#website\"},\"datePublished\":\"2024-09-18T12:13:17+00:00\",\"dateModified\":\"2024-10-11T11:13:59+00:00\",\"breadcrumb\":{\"@id\":\"https:\/\/www.tpa-group.hu\/hu\/a-tpa-suti-nyilatkozata\/#breadcrumb\"},\"inLanguage\":\"hu\",\"potentialAction\":[{\"@type\":\"ReadAction\",\"target\":[\"https:\/\/www.tpa-group.hu\/hu\/a-tpa-suti-nyilatkozata\/\"]}]},{\"@type\":\"BreadcrumbList\",\"@id\":\"https:\/\/www.tpa-group.hu\/hu\/a-tpa-suti-nyilatkozata\/#breadcrumb\",\"itemListElement\":[{\"@type\":\"ListItem\",\"position\":1,\"name\":\"Home\",\"item\":\"https:\/\/www.tpa-group.hu\/hu\/\"},{\"@type\":\"ListItem\",\"position\":2,\"name\":\"A TPA s\u00fcti nyilatkozata\"}]},{\"@type\":\"WebSite\",\"@id\":\"https:\/\/www.tpa-group.hu\/hu\/#website\",\"url\":\"https:\/\/www.tpa-group.hu\/hu\/\",\"name\":\"www.tpa-group.hu\",\"description\":\"\",\"publisher\":{\"@id\":\"https:\/\/www.tpa-group.hu\/hu\/#organization\"},\"potentialAction\":[{\"@type\":\"SearchAction\",\"target\":{\"@type\":\"EntryPoint\",\"urlTemplate\":\"https:\/\/www.tpa-group.hu\/hu\/?s={search_term_string}\"},\"query-input\":{\"@type\":\"PropertyValueSpecification\",\"valueRequired\":true,\"valueName\":\"search_term_string\"}}],\"inLanguage\":\"hu\"},{\"@type\":\"Organization\",\"@id\":\"https:\/\/www.tpa-group.hu\/hu\/#organization\",\"name\":\"www.tpa-group.hu\",\"url\":\"https:\/\/www.tpa-group.hu\/hu\/\",\"logo\":{\"@type\":\"ImageObject\",\"inLanguage\":\"hu\",\"@id\":\"https:\/\/www.tpa-group.hu\/hu\/#\/schema\/logo\/image\/\",\"url\":\"https:\/\/www.tpa-group.hu\/app\/uploads\/sites\/6\/2024\/10\/tpa-logo-favicon.svg\",\"contentUrl\":\"https:\/\/www.tpa-group.hu\/app\/uploads\/sites\/6\/2024\/10\/tpa-logo-favicon.svg\",\"width\":110,\"height\":93,\"caption\":\"www.tpa-group.hu\"},\"image\":{\"@id\":\"https:\/\/www.tpa-group.hu\/hu\/#\/schema\/logo\/image\/\"}}]}<\/script>\n<!-- \/ Yoast SEO plugin. -->","yoast_head_json":{"title":"A TPA s\u00fcti nyilatkozata - www.tpa-group.hu","robots":{"index":"index","follow":"follow","max-snippet":"max-snippet:-1","max-image-preview":"max-image-preview:large","max-video-preview":"max-video-preview:-1"},"canonical":"https:\/\/www.tpa-group.hu\/hu\/a-tpa-suti-nyilatkozata\/","og_locale":"hu_HU","og_type":"article","og_title":"A TPA s\u00fcti nyilatkozata - www.tpa-group.hu","og_description":"Kezd\u0151oldal |&nbsp; A TPA s\u00fcti nyilatkozata A TPA s\u00fcti nyilatkozata","og_url":"https:\/\/www.tpa-group.hu\/hu\/a-tpa-suti-nyilatkozata\/","og_site_name":"www.tpa-group.hu","article_modified_time":"2024-10-11T11:13:59+00:00","og_image":[{"width":256,"height":172,"url":"https:\/\/www.tpa-group.hu\/app\/uploads\/sites\/6\/2024\/10\/TPA-Logo.jpg","type":"image\/jpeg"}],"twitter_card":"summary_large_image","twitter_misc":{"Est. reading time":"1 perc"},"schema":{"@context":"https:\/\/schema.org","@graph":[{"@type":"WebPage","@id":"https:\/\/www.tpa-group.hu\/hu\/a-tpa-suti-nyilatkozata\/","url":"https:\/\/www.tpa-group.hu\/hu\/a-tpa-suti-nyilatkozata\/","name":"A TPA s\u00fcti nyilatkozata - www.tpa-group.hu","isPartOf":{"@id":"https:\/\/www.tpa-group.hu\/hu\/#website"},"datePublished":"2024-09-18T12:13:17+00:00","dateModified":"2024-10-11T11:13:59+00:00","breadcrumb":{"@id":"https:\/\/www.tpa-group.hu\/hu\/a-tpa-suti-nyilatkozata\/#breadcrumb"},"inLanguage":"hu","potentialAction":[{"@type":"ReadAction","target":["https:\/\/www.tpa-group.hu\/hu\/a-tpa-suti-nyilatkozata\/"]}]},{"@type":"BreadcrumbList","@id":"https:\/\/www.tpa-group.hu\/hu\/a-tpa-suti-nyilatkozata\/#breadcrumb","itemListElement":[{"@type":"ListItem","position":1,"name":"Home","item":"https:\/\/www.tpa-group.hu\/hu\/"},{"@type":"ListItem","position":2,"name":"A TPA s\u00fcti nyilatkozata"}]},{"@type":"WebSite","@id":"https:\/\/www.tpa-group.hu\/hu\/#website","url":"https:\/\/www.tpa-group.hu\/hu\/","name":"www.tpa-group.hu","description":"","publisher":{"@id":"https:\/\/www.tpa-group.hu\/hu\/#organization"},"potentialAction":[{"@type":"SearchAction","target":{"@type":"EntryPoint","urlTemplate":"https:\/\/www.tpa-group.hu\/hu\/?s={search_term_string}"},"query-input":{"@type":"PropertyValueSpecification","valueRequired":true,"valueName":"search_term_string"}}],"inLanguage":"hu"},{"@type":"Organization","@id":"https:\/\/www.tpa-group.hu\/hu\/#organization","name":"www.tpa-group.hu","url":"https:\/\/www.tpa-group.hu\/hu\/","logo":{"@type":"ImageObject","inLanguage":"hu","@id":"https:\/\/www.tpa-group.hu\/hu\/#\/schema\/logo\/image\/","url":"https:\/\/www.tpa-group.hu\/app\/uploads\/sites\/6\/2024\/10\/tpa-logo-favicon.svg","contentUrl":"https:\/\/www.tpa-group.hu\/app\/uploads\/sites\/6\/2024\/10\/tpa-logo-favicon.svg","width":110,"height":93,"caption":"www.tpa-group.hu"},"image":{"@id":"https:\/\/www.tpa-group.hu\/hu\/#\/schema\/logo\/image\/"}}]}},"_links":{"self":[{"href":"https:\/\/www.tpa-group.hu\/hu\/wp-json\/wp\/v2\/pages\/3309","targetHints":{"allow":["GET"]}}],"collection":[{"href":"https:\/\/www.tpa-group.hu\/hu\/wp-json\/wp\/v2\/pages"}],"about":[{"href":"https:\/\/www.tpa-group.hu\/hu\/wp-json\/wp\/v2\/types\/page"}],"author":[{"embeddable":true,"href":"https:\/\/www.tpa-group.hu\/hu\/wp-json\/wp\/v2\/users\/21"}],"replies":[{"embeddable":true,"href":"https:\/\/www.tpa-group.hu\/hu\/wp-json\/wp\/v2\/comments?post=3309"}],"version-history":[{"count":17,"href":"https:\/\/www.tpa-group.hu\/hu\/wp-json\/wp\/v2\/pages\/3309\/revisions"}],"predecessor-version":[{"id":3573,"href":"https:\/\/www.tpa-group.hu\/hu\/wp-json\/wp\/v2\/pages\/3309\/revisions\/3573"}],"wp:attachment":[{"href":"https:\/\/www.tpa-group.hu\/hu\/wp-json\/wp\/v2\/media?parent=3309"}],"curies":[{"name":"wp","href":"https:\/\/api.w.org\/{rel}","templated":true}]}}